{"id":1084,"date":"2019-07-04T14:23:19","date_gmt":"2019-07-04T12:23:19","guid":{"rendered":"https:\/\/frifri.be\/?page_id=1084"},"modified":"2019-10-23T12:37:14","modified_gmt":"2019-10-23T10:37:14","slug":"shop-locator","status":"publish","type":"page","link":"https:\/\/frifri.be\/fr\/shop-locator\/","title":{"rendered":"Shop locator"},"content":{"rendered":"\n<p>Indiquez votre code postal ou le nom du magasin recherch\u00e9 ci-dessous et n&rsquo;oubliez pas, appelez-les pour vous assurer que le produit vous int\u00e9ressant y est bien en stock.<\/p>\n\n\n\t\t<div id=\"maps-marker-pro-0bc1f487\" class=\"maps-marker-pro mmp-list-below\" style=\"width: 100%;\">\r\n\t\t\t<div id=\"mmp-map-wrap-0bc1f487\" class=\"mmp-map-wrap\">\r\n\t\t\t\t\t\t\t\t\t<div id=\"mmp-panel-0bc1f487\" class=\"mmp-panel\"><\/div>\r\n\t\t\t\t\t\t\t\t<div id=\"mmp-map-0bc1f487\" class=\"mmp-map\" style=\"height: 600px;\"><\/div>\r\n\t\t\t\t\t\t\t<\/div>\r\n\t\t\t\t\t\t\t<div id=\"mmp-list-0bc1f487\" class=\"mmp-list\" style=\"flex-basis: 400px;\"><\/div>\r\n\t\t\t\t\t<\/div>\r\n\t\t\n\n\n\n<p><\/p>\n","protected":false},"excerpt":{"rendered":"<p>Indiquez votre code postal ou le nom du magasin recherch\u00e9 ci-dessous et n&rsquo;oubliez pas, appelez-les pour&#8230; <span class=\"moreLink\"><a href=\"https:\/\/frifri.be\/fr\/shop-locator\/\">+<\/a><\/span><\/p>\n","protected":false},"author":1,"featured_media":0,"parent":0,"menu_order":0,"comment_status":"closed","ping_status":"closed","template":"","meta":{"_acf_changed":false,"footnotes":""},"categories":[],"tags":[],"class_list":["post-1084","page","type-page","status-publish","hentry"],"acf":[],"yoast_head":"<!-- This site is optimized with the Yoast SEO plugin v27.3 - https:\/\/yoast.com\/product\/yoast-seo-wordpress\/ -->\n<title>Shop locator - Tous les points de vente Frifri - Frifri Belgium<\/title>\n<meta name=\"description\" content=\"Trouvez rapidement un magasin o\u00f9 acheter nos produits Frifri gr\u00e2ce \u00e0 notre carte interactive o\u00f9 sont indiqu\u00e9s vos magasins \u00e0 proximit\u00e9!\" \/>\n<meta name=\"robots\" content=\"index, follow, max-snippet:-1, max-image-preview:large, max-video-preview:-1\" \/>\n<link rel=\"canonical\" href=\"https:\/\/frifri.be\/fr\/shop-locator\/\" \/>\n<meta property=\"og:locale\" content=\"fr_FR\" \/>\n<meta property=\"og:type\" content=\"article\" \/>\n<meta property=\"og:title\" content=\"Shop locator - Tous les points de vente Frifri - Frifri Belgium\" \/>\n<meta property=\"og:description\" content=\"Trouvez rapidement un magasin o\u00f9 acheter nos produits Frifri gr\u00e2ce \u00e0 notre carte interactive o\u00f9 sont indiqu\u00e9s vos magasins \u00e0 proximit\u00e9!\" \/>\n<meta property=\"og:url\" content=\"https:\/\/frifri.be\/fr\/shop-locator\/\" \/>\n<meta property=\"og:site_name\" content=\"Frifri Belgium\" \/>\n<meta property=\"article:modified_time\" content=\"2019-10-23T10:37:14+00:00\" \/>\n<meta name=\"twitter:card\" content=\"summary_large_image\" \/>\n<script type=\"application\/ld+json\" class=\"yoast-schema-graph\">{\"@context\":\"https:\\\/\\\/schema.org\",\"@graph\":[{\"@type\":\"WebPage\",\"@id\":\"https:\\\/\\\/frifri.be\\\/fr\\\/shop-locator\\\/\",\"url\":\"https:\\\/\\\/frifri.be\\\/fr\\\/shop-locator\\\/\",\"name\":\"Shop locator - Tous les points de vente Frifri - Frifri Belgium\",\"isPartOf\":{\"@id\":\"https:\\\/\\\/frifri.be\\\/fr\\\/#website\"},\"datePublished\":\"2019-07-04T12:23:19+00:00\",\"dateModified\":\"2019-10-23T10:37:14+00:00\",\"description\":\"Trouvez rapidement un magasin o\u00f9 acheter nos produits Frifri gr\u00e2ce \u00e0 notre carte interactive o\u00f9 sont indiqu\u00e9s vos magasins \u00e0 proximit\u00e9!\",\"breadcrumb\":{\"@id\":\"https:\\\/\\\/frifri.be\\\/fr\\\/shop-locator\\\/#breadcrumb\"},\"inLanguage\":\"fr-FR\",\"potentialAction\":[{\"@type\":\"ReadAction\",\"target\":[\"https:\\\/\\\/frifri.be\\\/fr\\\/shop-locator\\\/\"]}]},{\"@type\":\"BreadcrumbList\",\"@id\":\"https:\\\/\\\/frifri.be\\\/fr\\\/shop-locator\\\/#breadcrumb\",\"itemListElement\":[{\"@type\":\"ListItem\",\"position\":1,\"name\":\"Home\",\"item\":\"https:\\\/\\\/frifri.be\\\/fr\\\/frifri\\\/\"},{\"@type\":\"ListItem\",\"position\":2,\"name\":\"Shop locator\"}]},{\"@type\":\"WebSite\",\"@id\":\"https:\\\/\\\/frifri.be\\\/fr\\\/#website\",\"url\":\"https:\\\/\\\/frifri.be\\\/fr\\\/\",\"name\":\"Frifri Belgium\",\"description\":\"frifri Shop Belgium\",\"potentialAction\":[{\"@type\":\"SearchAction\",\"target\":{\"@type\":\"EntryPoint\",\"urlTemplate\":\"https:\\\/\\\/frifri.be\\\/fr\\\/?s={search_term_string}\"},\"query-input\":{\"@type\":\"PropertyValueSpecification\",\"valueRequired\":true,\"valueName\":\"search_term_string\"}}],\"inLanguage\":\"fr-FR\"}]}<\/script>\n<!-- \/ Yoast SEO plugin. -->","yoast_head_json":{"title":"Shop locator - Tous les points de vente Frifri - Frifri Belgium","description":"Trouvez rapidement un magasin o\u00f9 acheter nos produits Frifri gr\u00e2ce \u00e0 notre carte interactive o\u00f9 sont indiqu\u00e9s vos magasins \u00e0 proximit\u00e9!","robots":{"index":"index","follow":"follow","max-snippet":"max-snippet:-1","max-image-preview":"max-image-preview:large","max-video-preview":"max-video-preview:-1"},"canonical":"https:\/\/frifri.be\/fr\/shop-locator\/","og_locale":"fr_FR","og_type":"article","og_title":"Shop locator - Tous les points de vente Frifri - Frifri Belgium","og_description":"Trouvez rapidement un magasin o\u00f9 acheter nos produits Frifri gr\u00e2ce \u00e0 notre carte interactive o\u00f9 sont indiqu\u00e9s vos magasins \u00e0 proximit\u00e9!","og_url":"https:\/\/frifri.be\/fr\/shop-locator\/","og_site_name":"Frifri Belgium","article_modified_time":"2019-10-23T10:37:14+00:00","twitter_card":"summary_large_image","schema":{"@context":"https:\/\/schema.org","@graph":[{"@type":"WebPage","@id":"https:\/\/frifri.be\/fr\/shop-locator\/","url":"https:\/\/frifri.be\/fr\/shop-locator\/","name":"Shop locator - Tous les points de vente Frifri - Frifri Belgium","isPartOf":{"@id":"https:\/\/frifri.be\/fr\/#website"},"datePublished":"2019-07-04T12:23:19+00:00","dateModified":"2019-10-23T10:37:14+00:00","description":"Trouvez rapidement un magasin o\u00f9 acheter nos produits Frifri gr\u00e2ce \u00e0 notre carte interactive o\u00f9 sont indiqu\u00e9s vos magasins \u00e0 proximit\u00e9!","breadcrumb":{"@id":"https:\/\/frifri.be\/fr\/shop-locator\/#breadcrumb"},"inLanguage":"fr-FR","potentialAction":[{"@type":"ReadAction","target":["https:\/\/frifri.be\/fr\/shop-locator\/"]}]},{"@type":"BreadcrumbList","@id":"https:\/\/frifri.be\/fr\/shop-locator\/#breadcrumb","itemListElement":[{"@type":"ListItem","position":1,"name":"Home","item":"https:\/\/frifri.be\/fr\/frifri\/"},{"@type":"ListItem","position":2,"name":"Shop locator"}]},{"@type":"WebSite","@id":"https:\/\/frifri.be\/fr\/#website","url":"https:\/\/frifri.be\/fr\/","name":"Frifri Belgium","description":"frifri Shop Belgium","potentialAction":[{"@type":"SearchAction","target":{"@type":"EntryPoint","urlTemplate":"https:\/\/frifri.be\/fr\/?s={search_term_string}"},"query-input":{"@type":"PropertyValueSpecification","valueRequired":true,"valueName":"search_term_string"}}],"inLanguage":"fr-FR"}]}},"_links":{"self":[{"href":"https:\/\/frifri.be\/fr\/wp-json\/wp\/v2\/pages\/1084","targetHints":{"allow":["GET"]}}],"collection":[{"href":"https:\/\/frifri.be\/fr\/wp-json\/wp\/v2\/pages"}],"about":[{"href":"https:\/\/frifri.be\/fr\/wp-json\/wp\/v2\/types\/page"}],"author":[{"embeddable":true,"href":"https:\/\/frifri.be\/fr\/wp-json\/wp\/v2\/users\/1"}],"replies":[{"embeddable":true,"href":"https:\/\/frifri.be\/fr\/wp-json\/wp\/v2\/comments?post=1084"}],"version-history":[{"count":0,"href":"https:\/\/frifri.be\/fr\/wp-json\/wp\/v2\/pages\/1084\/revisions"}],"wp:attachment":[{"href":"https:\/\/frifri.be\/fr\/wp-json\/wp\/v2\/media?parent=1084"}],"wp:term":[{"taxonomy":"category","embeddable":true,"href":"https:\/\/frifri.be\/fr\/wp-json\/wp\/v2\/categories?post=1084"},{"taxonomy":"post_tag","embeddable":true,"href":"https:\/\/frifri.be\/fr\/wp-json\/wp\/v2\/tags?post=1084"}],"curies":[{"name":"wp","href":"https:\/\/api.w.org\/{rel}","templated":true}]}}