{"id":11939,"date":"2020-01-20T10:03:30","date_gmt":"2020-01-20T09:03:30","guid":{"rendered":"https:\/\/frifri.be\/?page_id=11939"},"modified":"2020-01-29T13:41:18","modified_gmt":"2020-01-29T12:41:18","slug":"configurateur-de-friteuse","status":"publish","type":"page","link":"https:\/\/frifri.be\/fr\/configurateur-de-friteuse\/","title":{"rendered":"Trouvez la friteuse qui vous convient"},"content":{"rendered":"\n<p class=\"has-text-align-center\"><strong>Si nous sommes la r\u00e9f\u00e9rence sur le march\u00e9 des friteuses, c\u2019est aussi parce que nous avons d\u00e9velopp\u00e9 au fil du temps une gamme compl\u00e8te qui permet de r\u00e9pondre \u00e0 chaque situation. <\/strong><\/p>\n\n\n\n<p class=\"has-text-align-center\"><strong>Pour trouver votre friteuse id\u00e9ale, r\u00e9pondez \u00e0 quelques questions simples et laissez-vous guider. <\/strong><\/p>\n\n\n\n<p class=\"has-text-align-center\"><strong>Quelle que soit votre mani\u00e8re de faire, des fritures croustillantes et dor\u00e9es \u00e0 souhait vous attendent \u00e0 l\u2019arriv\u00e9e.&nbsp;<\/strong><\/p>\n\n\n    <form id=\"it_meal_fritConfig_allSelections\">\n        <input type=\"text\" id=\"fritConfigLg\" value=\"fr_FR\" style=\"display: none;\"\/>\n\t\t            <div class=\"fritConfig_selection\" id=\"fritConfig_selection_1\">\n                <label>\n\n\t\t\t\t\t                    <h4>Votre friteuse, vous l\u2019utilisez :<\/h4>\n                    <div id=\"inputs1\">\n\t\t\t\t\t\t                            <input type=\"radio\" class=\"fritConfig_selection_select\" value=\"Double cuve\" refi=\"1\" name=\"clef1\">&nbsp;pour des cuissons multiples qui vous permettent de frire 2 aliments diff\u00e9rents en m\u00eame temps ou une super grande quantit\u00e9 d\u20191 seul aliment.<br\/>\n\t\t\t\t\t\t\t                            <input type=\"radio\" class=\"fritConfig_selection_select\" value=\"Simple cuve\" refi=\"1\" name=\"clef1\">&nbsp;pour cuire (surtout) des frites et (parfois) d\u2019autres aliments. Mais en tout cas, une seule chose a\u0300 la fois.<br\/>\n\t\t\t\t\t\t\t\n                    <\/div>\n                <\/label>\n            <\/div>\n\t\t\t            <div class=\"fritConfig_selection\" id=\"fritConfig_selection_2\">\n                <label>\n\n\t\t\t\t\t                    <h4> Vous pre\u0301parez ge\u0301ne\u0301ralement vos fritures pour :<\/h4>\n                    <div id=\"inputs2\">\n\t\t\t\t\t\t                            <input type=\"radio\" class=\"fritConfig_selection_select\" value=\"Double cuve\" refi=\"2\" name=\"clef2\">&nbsp;pour des cuissons multiples qui vous permettent de frire 2 aliments diff\u00e9rents en m\u00eame temps ou une super grande quantit\u00e9 d\u20191 seul aliment.<br\/>\n\t\t\t\t\t\t\t                            <input type=\"radio\" class=\"fritConfig_selection_select\" value=\"Simple cuve\" refi=\"2\" name=\"clef2\">&nbsp;pour cuire (surtout) des frites et (parfois) d\u2019autres aliments. Mais en tout cas, une seule chose a\u0300 la fois.<br\/>\n\t\t\t\t\t\t\t\n                    <\/div>\n                <\/label>\n            <\/div>\n\t\t\t            <div class=\"fritConfig_selection\" id=\"fritConfig_selection_3\">\n                <label>\n\n\t\t\t\t\t                    <h4> En matie\u0300re de cuisson, vous e\u0302tes pluto\u0302t du genre :<\/h4>\n                    <div id=\"inputs3\">\n\t\t\t\t\t\t                            <input type=\"radio\" class=\"fritConfig_selection_select\" value=\"Double cuve\" refi=\"3\" name=\"clef3\">&nbsp;pour des cuissons multiples qui vous permettent de frire 2 aliments diff\u00e9rents en m\u00eame temps ou une super grande quantit\u00e9 d\u20191 seul aliment.<br\/>\n\t\t\t\t\t\t\t                            <input type=\"radio\" class=\"fritConfig_selection_select\" value=\"Simple cuve\" refi=\"3\" name=\"clef3\">&nbsp;pour cuire (surtout) des frites et (parfois) d\u2019autres aliments. Mais en tout cas, une seule chose a\u0300 la fois.<br\/>\n\t\t\t\t\t\t\t\n                    <\/div>\n                <\/label>\n            <\/div>\n\t\t\t            <div class=\"fritConfig_selection\" id=\"fritConfig_selection_4\">\n                <label>\n\n\t\t\t\t\t                    <h4> Pour s\u2019accorder parfaitement a\u0300 votre inte\u0301rieur, votre friteuse sera :<\/h4>\n                    <div id=\"inputs4\">\n\t\t\t\t\t\t                            <input type=\"radio\" class=\"fritConfig_selection_select\" value=\"Double cuve\" refi=\"4\" name=\"clef4\">&nbsp;pour des cuissons multiples qui vous permettent de frire 2 aliments diff\u00e9rents en m\u00eame temps ou une super grande quantit\u00e9 d\u20191 seul aliment.<br\/>\n\t\t\t\t\t\t\t                            <input type=\"radio\" class=\"fritConfig_selection_select\" value=\"Simple cuve\" refi=\"4\" name=\"clef4\">&nbsp;pour cuire (surtout) des frites et (parfois) d\u2019autres aliments. Mais en tout cas, une seule chose a\u0300 la fois.<br\/>\n\t\t\t\t\t\t\t\n                    <\/div>\n                <\/label>\n            <\/div>\n\t\t\t            <div class=\"fritConfig_selection\" id=\"fritConfig_selection_5\">\n                <label>\n\n\t\t\t\t\t                    <h4> En matie\u0300re de cuisson, vous e\u0302tes pluto\u0302t du genre :<\/h4>\n                    <div id=\"inputs5\">\n\t\t\t\t\t\t                            <input type=\"radio\" class=\"fritConfig_selection_select\" value=\"Double cuve\" refi=\"5\" name=\"clef5\">&nbsp;pour des cuissons multiples qui vous permettent de frire 2 aliments diff\u00e9rents en m\u00eame temps ou une super grande quantit\u00e9 d\u20191 seul aliment.<br\/>\n\t\t\t\t\t\t\t                            <input type=\"radio\" class=\"fritConfig_selection_select\" value=\"Simple cuve\" refi=\"5\" name=\"clef5\">&nbsp;pour cuire (surtout) des frites et (parfois) d\u2019autres aliments. Mais en tout cas, une seule chose a\u0300 la fois.<br\/>\n\t\t\t\t\t\t\t\n                    <\/div>\n                <\/label>\n            <\/div>\n\t\t\t            <div class=\"fritConfig_selection\" id=\"fritConfig_selection_6\">\n                <label>\n\n\t\t\t\t\t                    <h4>Votre friteuse sera utilise\u0301e :<\/h4>\n                    <div id=\"inputs6\">\n\t\t\t\t\t\t                            <input type=\"radio\" class=\"fritConfig_selection_select\" value=\"Double cuve\" refi=\"6\" name=\"clef6\">&nbsp;pour des cuissons multiples qui vous permettent de frire 2 aliments diff\u00e9rents en m\u00eame temps ou une super grande quantit\u00e9 d\u20191 seul aliment.<br\/>\n\t\t\t\t\t\t\t                            <input type=\"radio\" class=\"fritConfig_selection_select\" value=\"Simple cuve\" refi=\"6\" name=\"clef6\">&nbsp;pour cuire (surtout) des frites et (parfois) d\u2019autres aliments. Mais en tout cas, une seule chose a\u0300 la fois.<br\/>\n\t\t\t\t\t\t\t\n                    <\/div>\n                <\/label>\n            <\/div>\n\t\t\t            <div class=\"fritConfig_selection\" id=\"fritConfig_selection_7\">\n                <label>\n\n\t\t\t\t\t                    <h4><\/h4>\n                    <div id=\"inputs7\">\n\t\t\t\t\t\t                            <input type=\"radio\" class=\"fritConfig_selection_select\" value=\"Double cuve\" refi=\"7\" name=\"clef7\">&nbsp;pour des cuissons multiples qui vous permettent de frire 2 aliments diff\u00e9rents en m\u00eame temps ou une super grande quantit\u00e9 d\u20191 seul aliment.<br\/>\n\t\t\t\t\t\t\t                            <input type=\"radio\" class=\"fritConfig_selection_select\" value=\"Simple cuve\" refi=\"7\" name=\"clef7\">&nbsp;pour cuire (surtout) des frites et (parfois) d\u2019autres aliments. Mais en tout cas, une seule chose a\u0300 la fois.<br\/>\n\t\t\t\t\t\t\t\n                    <\/div>\n                <\/label>\n            <\/div>\n\t\t\t            <div class=\"fritConfig_selection\" id=\"fritConfig_selection_8\">\n                <label>\n\n\t\t\t\t\t                    <h4><\/h4>\n                    <div id=\"inputs8\">\n\t\t\t\t\t\t                            <input type=\"radio\" class=\"fritConfig_selection_select\" value=\"Double cuve\" refi=\"8\" name=\"clef8\">&nbsp;pour des cuissons multiples qui vous permettent de frire 2 aliments diff\u00e9rents en m\u00eame temps ou une super grande quantit\u00e9 d\u20191 seul aliment.<br\/>\n\t\t\t\t\t\t\t                            <input type=\"radio\" class=\"fritConfig_selection_select\" value=\"Simple cuve\" refi=\"8\" name=\"clef8\">&nbsp;pour cuire (surtout) des frites et (parfois) d\u2019autres aliments. Mais en tout cas, une seule chose a\u0300 la fois.<br\/>\n\t\t\t\t\t\t\t\n                    <\/div>\n                <\/label>\n            <\/div>\n\t\t\t            <div class=\"fritConfig_selection\" id=\"fritConfig_selection_9\">\n                <label>\n\n\t\t\t\t\t                    <h4><\/h4>\n                    <div id=\"inputs9\">\n\t\t\t\t\t\t                            <input type=\"radio\" class=\"fritConfig_selection_select\" value=\"Double cuve\" refi=\"9\" name=\"clef9\">&nbsp;pour des cuissons multiples qui vous permettent de frire 2 aliments diff\u00e9rents en m\u00eame temps ou une super grande quantit\u00e9 d\u20191 seul aliment.<br\/>\n\t\t\t\t\t\t\t                            <input type=\"radio\" class=\"fritConfig_selection_select\" value=\"Simple cuve\" refi=\"9\" name=\"clef9\">&nbsp;pour cuire (surtout) des frites et (parfois) d\u2019autres aliments. Mais en tout cas, une seule chose a\u0300 la fois.<br\/>\n\t\t\t\t\t\t\t\n                    <\/div>\n                <\/label>\n            <\/div>\n\t\t\t    <\/form>\n    <div id=\"resultatFriteuses\">\n\n    <\/div>\n    <script>\n        jQuery(function($){\n            fritConfig.init();\n        })\n    <\/script>\n\n","protected":false},"excerpt":{"rendered":"<p>Si nous sommes la r\u00e9f\u00e9rence sur le march\u00e9 des friteuses, c\u2019est aussi parce que nous avons&#8230; <span class=\"moreLink\"><a href=\"https:\/\/frifri.be\/fr\/configurateur-de-friteuse\/\">+<\/a><\/span><\/p>\n","protected":false},"author":2,"featured_media":0,"parent":0,"menu_order":0,"comment_status":"closed","ping_status":"closed","template":"","meta":{"_acf_changed":false,"footnotes":""},"categories":[],"tags":[],"class_list":["post-11939","page","type-page","status-publish","hentry"],"acf":[],"yoast_head":"<!-- This site is optimized with the Yoast SEO plugin v27.1.1 - https:\/\/yoast.com\/product\/yoast-seo-wordpress\/ -->\n<title>Trouvez la friteuse qui vous convient - Frifri Belgium<\/title>\n<meta name=\"description\" content=\"Trouvez votre friteuse id\u00e9ale parmi notre large choix de friteuses en r\u00e9pondant aux quelques questions suivantes ! La Friteuse Frifri est LA R\u00c9F\u00c9RENCE sur le march\u00e9 des friteuses et la seule produite en Belgique.\" \/>\n<meta name=\"robots\" content=\"index, follow, max-snippet:-1, max-image-preview:large, max-video-preview:-1\" \/>\n<link rel=\"canonical\" href=\"https:\/\/frifri.be\/fr\/configurateur-de-friteuse\/\" \/>\n<meta property=\"og:locale\" content=\"fr_FR\" \/>\n<meta property=\"og:type\" content=\"article\" \/>\n<meta property=\"og:title\" content=\"Trouvez la friteuse qui vous convient - Frifri Belgium\" \/>\n<meta property=\"og:description\" content=\"Trouvez votre friteuse id\u00e9ale parmi notre large choix de friteuses en r\u00e9pondant aux quelques questions suivantes ! La Friteuse Frifri est LA R\u00c9F\u00c9RENCE sur le march\u00e9 des friteuses et la seule produite en Belgique.\" \/>\n<meta property=\"og:url\" content=\"https:\/\/frifri.be\/fr\/configurateur-de-friteuse\/\" \/>\n<meta property=\"og:site_name\" content=\"Frifri Belgium\" \/>\n<meta property=\"article:modified_time\" content=\"2020-01-29T12:41:18+00:00\" \/>\n<meta name=\"twitter:card\" content=\"summary_large_image\" \/>\n<script type=\"application\/ld+json\" class=\"yoast-schema-graph\">{\"@context\":\"https:\/\/schema.org\",\"@graph\":[{\"@type\":\"WebPage\",\"@id\":\"https:\/\/frifri.be\/fr\/configurateur-de-friteuse\/\",\"url\":\"https:\/\/frifri.be\/fr\/configurateur-de-friteuse\/\",\"name\":\"Trouvez la friteuse qui vous convient - Frifri Belgium\",\"isPartOf\":{\"@id\":\"https:\/\/frifri.be\/fr\/#website\"},\"datePublished\":\"2020-01-20T09:03:30+00:00\",\"dateModified\":\"2020-01-29T12:41:18+00:00\",\"description\":\"Trouvez votre friteuse id\u00e9ale parmi notre large choix de friteuses en r\u00e9pondant aux quelques questions suivantes ! La Friteuse Frifri est LA R\u00c9F\u00c9RENCE sur le march\u00e9 des friteuses et la seule produite en Belgique.\",\"breadcrumb\":{\"@id\":\"https:\/\/frifri.be\/fr\/configurateur-de-friteuse\/#breadcrumb\"},\"inLanguage\":\"fr-FR\",\"potentialAction\":[{\"@type\":\"ReadAction\",\"target\":[\"https:\/\/frifri.be\/fr\/configurateur-de-friteuse\/\"]}]},{\"@type\":\"BreadcrumbList\",\"@id\":\"https:\/\/frifri.be\/fr\/configurateur-de-friteuse\/#breadcrumb\",\"itemListElement\":[{\"@type\":\"ListItem\",\"position\":1,\"name\":\"Home\",\"item\":\"https:\/\/frifri.be\/fr\/frifri\/\"},{\"@type\":\"ListItem\",\"position\":2,\"name\":\"Trouvez la friteuse qui vous convient\"}]},{\"@type\":\"WebSite\",\"@id\":\"https:\/\/frifri.be\/fr\/#website\",\"url\":\"https:\/\/frifri.be\/fr\/\",\"name\":\"Frifri Belgium\",\"description\":\"frifri Shop Belgium\",\"potentialAction\":[{\"@type\":\"SearchAction\",\"target\":{\"@type\":\"EntryPoint\",\"urlTemplate\":\"https:\/\/frifri.be\/fr\/?s={search_term_string}\"},\"query-input\":{\"@type\":\"PropertyValueSpecification\",\"valueRequired\":true,\"valueName\":\"search_term_string\"}}],\"inLanguage\":\"fr-FR\"}]}<\/script>\n<!-- \/ Yoast SEO plugin. -->","yoast_head_json":{"title":"Trouvez la friteuse qui vous convient - Frifri Belgium","description":"Trouvez votre friteuse id\u00e9ale parmi notre large choix de friteuses en r\u00e9pondant aux quelques questions suivantes ! La Friteuse Frifri est LA R\u00c9F\u00c9RENCE sur le march\u00e9 des friteuses et la seule produite en Belgique.","robots":{"index":"index","follow":"follow","max-snippet":"max-snippet:-1","max-image-preview":"max-image-preview:large","max-video-preview":"max-video-preview:-1"},"canonical":"https:\/\/frifri.be\/fr\/configurateur-de-friteuse\/","og_locale":"fr_FR","og_type":"article","og_title":"Trouvez la friteuse qui vous convient - Frifri Belgium","og_description":"Trouvez votre friteuse id\u00e9ale parmi notre large choix de friteuses en r\u00e9pondant aux quelques questions suivantes ! La Friteuse Frifri est LA R\u00c9F\u00c9RENCE sur le march\u00e9 des friteuses et la seule produite en Belgique.","og_url":"https:\/\/frifri.be\/fr\/configurateur-de-friteuse\/","og_site_name":"Frifri Belgium","article_modified_time":"2020-01-29T12:41:18+00:00","twitter_card":"summary_large_image","schema":{"@context":"https:\/\/schema.org","@graph":[{"@type":"WebPage","@id":"https:\/\/frifri.be\/fr\/configurateur-de-friteuse\/","url":"https:\/\/frifri.be\/fr\/configurateur-de-friteuse\/","name":"Trouvez la friteuse qui vous convient - Frifri Belgium","isPartOf":{"@id":"https:\/\/frifri.be\/fr\/#website"},"datePublished":"2020-01-20T09:03:30+00:00","dateModified":"2020-01-29T12:41:18+00:00","description":"Trouvez votre friteuse id\u00e9ale parmi notre large choix de friteuses en r\u00e9pondant aux quelques questions suivantes ! La Friteuse Frifri est LA R\u00c9F\u00c9RENCE sur le march\u00e9 des friteuses et la seule produite en Belgique.","breadcrumb":{"@id":"https:\/\/frifri.be\/fr\/configurateur-de-friteuse\/#breadcrumb"},"inLanguage":"fr-FR","potentialAction":[{"@type":"ReadAction","target":["https:\/\/frifri.be\/fr\/configurateur-de-friteuse\/"]}]},{"@type":"BreadcrumbList","@id":"https:\/\/frifri.be\/fr\/configurateur-de-friteuse\/#breadcrumb","itemListElement":[{"@type":"ListItem","position":1,"name":"Home","item":"https:\/\/frifri.be\/fr\/frifri\/"},{"@type":"ListItem","position":2,"name":"Trouvez la friteuse qui vous convient"}]},{"@type":"WebSite","@id":"https:\/\/frifri.be\/fr\/#website","url":"https:\/\/frifri.be\/fr\/","name":"Frifri Belgium","description":"frifri Shop Belgium","potentialAction":[{"@type":"SearchAction","target":{"@type":"EntryPoint","urlTemplate":"https:\/\/frifri.be\/fr\/?s={search_term_string}"},"query-input":{"@type":"PropertyValueSpecification","valueRequired":true,"valueName":"search_term_string"}}],"inLanguage":"fr-FR"}]}},"_links":{"self":[{"href":"https:\/\/frifri.be\/fr\/wp-json\/wp\/v2\/pages\/11939","targetHints":{"allow":["GET"]}}],"collection":[{"href":"https:\/\/frifri.be\/fr\/wp-json\/wp\/v2\/pages"}],"about":[{"href":"https:\/\/frifri.be\/fr\/wp-json\/wp\/v2\/types\/page"}],"author":[{"embeddable":true,"href":"https:\/\/frifri.be\/fr\/wp-json\/wp\/v2\/users\/2"}],"replies":[{"embeddable":true,"href":"https:\/\/frifri.be\/fr\/wp-json\/wp\/v2\/comments?post=11939"}],"version-history":[{"count":0,"href":"https:\/\/frifri.be\/fr\/wp-json\/wp\/v2\/pages\/11939\/revisions"}],"wp:attachment":[{"href":"https:\/\/frifri.be\/fr\/wp-json\/wp\/v2\/media?parent=11939"}],"wp:term":[{"taxonomy":"category","embeddable":true,"href":"https:\/\/frifri.be\/fr\/wp-json\/wp\/v2\/categories?post=11939"},{"taxonomy":"post_tag","embeddable":true,"href":"https:\/\/frifri.be\/fr\/wp-json\/wp\/v2\/tags?post=11939"}],"curies":[{"name":"wp","href":"https:\/\/api.w.org\/{rel}","templated":true}]}}