{"id":2199,"date":"2019-07-10T17:22:59","date_gmt":"2019-07-10T15:22:59","guid":{"rendered":"https:\/\/frifri.be\/?page_id=2199"},"modified":"2019-12-09T10:10:40","modified_gmt":"2019-12-09T09:10:40","slug":"modes-demploi","status":"publish","type":"page","link":"https:\/\/frifri.be\/fr\/modes-demploi\/","title":{"rendered":"Modes d&#8217;emploi"},"content":{"rendered":"\n<p>Vous ne retrouvez plus votre mode d&#8217;emploi?<\/p>\n\n\n\n<p><br>Pas de soucis, vous trouverez ci-dessous les modes d&#8217;emploi de tous vos produits Frifri <strong>\u00e0 t\u00e9l\u00e9charger<\/strong>.<\/p>\n\n\n\n<!-- G\u00e9n\u00e9ration r\u00e9alis\u00e9e avec Document Gallery. Obtenez votre version ici :http:\/\/wordpress.org\/extend\/plugins\/document-gallery -->\n<div id=\"document-gallery-1\" class=\"document-gallery\" data-shortcode='{\"id\":2199,\"include\":\"9063,5163,5165,4272,4292,4288,4270,4294,4296,4282,4280,4298,4274,6290,5184,4278,4290,7620\",\"exclude\":\"\",\"columns\":3,\"fancy\":true,\"order\":\"ASC\",\"orderby\":\"post__in\",\"relation\":\"AND\",\"limit\":-1,\"mime_types\":\"application,video,text,audio,image\",\"paginate\":true,\"post_status\":\"any\",\"post_type\":\"attachment\",\"attachment_pg\":false,\"descriptions\":false,\"new_window\":false,\"skip\":0}' style='--dg-icon-width: 32%'>\n<div class='document-icon-row'>\n   <div class=\"document-icon\">\n      <a href=\"https:\/\/frifri.be\/wp-content\/uploads\/2019\/11\/Frifri_Friteuse_Mode-Emploi_Instructies-Gebruik_fr-nl.pdf\" target=\"_self\">\n         <img decoding=\"async\" src=\"https:\/\/frifri.be\/wp-content\/uploads\/2019\/11\/Frifri_Friteuse_Mode-Emploi_Instructies-Gebruik_fr-nl-thumb.png\" title=\"Frifri La Friteuse &#8211; Mode d&#8217;emploi\" alt=\"Frifri La Friteuse &#8211; Mode d&#8217;emploi\" data-ext=\"pdf\"\/>\n         <span class=\"title\">Frifri La Friteuse &#8211; Mode d&#8217;emploi<\/span>\n      <\/a>\n   <\/div>\n   <div class=\"document-icon\">\n      <a href=\"https:\/\/frifri.be\/wp-content\/uploads\/2019\/07\/Frifri_Gaufrier_Wafelijzer_Mode-Emploi_Instructies-Gebruik_fr-nl-1.pdf\" target=\"_self\">\n         <img decoding=\"async\" src=\"https:\/\/frifri.be\/wp-content\/uploads\/2019\/07\/Frifri_Gaufrier_Wafelijzer_Mode-Emploi_Instructies-Gebruik_fr-nl-1-thumb-1.png\" title=\"Frifri Le Gaufrier &#8211; Mode d&#8217;emploi\" alt=\"Frifri Le Gaufrier &#8211; Mode d&#8217;emploi\" data-ext=\"pdf\"\/>\n         <span class=\"title\">Frifri Le Gaufrier &#8211; Mode d&#8217;emploi<\/span>\n      <\/a>\n   <\/div>\n   <div class=\"document-icon\">\n      <a href=\"https:\/\/frifri.be\/wp-content\/uploads\/2019\/07\/Frifri_Gaufrier_Wafelijzer_Mode-Emploi_Instructies-Gebruik_TWINS_fr-nl.pdf\" target=\"_self\">\n         <img decoding=\"async\" src=\"https:\/\/frifri.be\/wp-content\/uploads\/2019\/07\/Frifri_Gaufrier_Wafelijzer_Mode-Emploi_Instructies-Gebruik_TWINS_fr-nl-thumb-1.png\" title=\"Frifri Le Gaufrier TWINS &#8211; Mode d&#8217;emploi\" alt=\"Frifri Le Gaufrier TWINS &#8211; Mode d&#8217;emploi\" data-ext=\"pdf\"\/>\n         <span class=\"title\">Frifri Le Gaufrier TWINS &#8211; Mode d&#8217;emploi<\/span>\n      <\/a>\n   <\/div>\n\n<\/div>\n<div class='document-icon-row'>\n   <div class=\"document-icon\">\n      <a href=\"https:\/\/frifri.be\/wp-content\/uploads\/2019\/07\/Frifri_Airfryer_Vintage_Mode-Emploi_Instructies-Gebruik_fr-nl.pdf\" target=\"_self\">\n         <img decoding=\"async\" src=\"https:\/\/frifri.be\/wp-content\/uploads\/2019\/07\/Frifri_Airfryer_Vintage_Mode-Emploi_Instructies-Gebruik_fr-nl-thumb.png\" title=\"Frifri La Friteuse Sans Huile VINTAGE- Mode d&#8217;emploi\" alt=\"Frifri La Friteuse Sans Huile VINTAGE- Mode d&#8217;emploi\" data-ext=\"pdf\"\/>\n         <span class=\"title\">Frifri La Friteuse Sans Huile VINTAGE- Mode d&#8217;emploi<\/span>\n      <\/a>\n   <\/div>\n   <div class=\"document-icon\">\n      <a href=\"https:\/\/frifri.be\/wp-content\/uploads\/2019\/07\/Frifri_Plancha_Reverso_Mode-Emploi_Instructies-Gebruik_fr-nl.pdf\" target=\"_self\">\n         <img decoding=\"async\" src=\"https:\/\/frifri.be\/wp-content\/uploads\/2019\/07\/Frifri_Plancha_Reverso_Mode-Emploi_Instructies-Gebruik_fr-nl-thumb.png\" title=\"Frifri La Plancha REVERSO &#8211; Mode d&#8217;emploi\" alt=\"Frifri La Plancha REVERSO &#8211; Mode d&#8217;emploi\" data-ext=\"pdf\"\/>\n         <span class=\"title\">Frifri La Plancha REVERSO &#8211; Mode d&#8217;emploi<\/span>\n      <\/a>\n   <\/div>\n   <div class=\"document-icon\">\n      <a href=\"https:\/\/frifri.be\/wp-content\/uploads\/2019\/07\/Frifri_Grill_Mode-Emploi_Instructies-Gebruik_fr-nl.pdf\" target=\"_self\">\n         <img decoding=\"async\" src=\"https:\/\/frifri.be\/wp-content\/uploads\/2019\/07\/Frifri_Grill_Mode-Emploi_Instructies-Gebruik_fr-nl-thumb.png\" title=\"Frifri Le Grill DUO SAVOR &#8211; Mode d&#8217;emploi\" alt=\"Frifri Le Grill DUO SAVOR &#8211; Mode d&#8217;emploi\" data-ext=\"pdf\"\/>\n         <span class=\"title\">Frifri Le Grill DUO SAVOR &#8211; Mode d&#8217;emploi<\/span>\n      <\/a>\n   <\/div>\n\n<\/div>\n<div class='document-icon-row'>\n   <div class=\"document-icon\">\n      <a href=\"https:\/\/frifri.be\/wp-content\/uploads\/2019\/07\/Frifri_Airfryer_Retro_Mode-Emploi_Instructies-Gebruik_fr-nl.pdf\" target=\"_self\">\n         <img decoding=\"async\" src=\"https:\/\/frifri.be\/wp-content\/uploads\/2019\/07\/Frifri_Airfryer_Retro_Mode-Emploi_Instructies-Gebruik_fr-nl-thumb.png\" title=\"Frifri La Friteuse Sans Huile RETRO &#8211; Mode d&#8217;emploi\" alt=\"Frifri La Friteuse Sans Huile RETRO &#8211; Mode d&#8217;emploi\" data-ext=\"pdf\"\/>\n         <span class=\"title\">Frifri La Friteuse Sans Huile RETRO &#8211; Mode d&#8217;emploi<\/span>\n      <\/a>\n   <\/div>\n   <div class=\"document-icon\">\n      <a href=\"https:\/\/frifri.be\/wp-content\/uploads\/2019\/07\/Frifri_Raclette_Mode-Emploi_Instructies-Gebruik_fr-nl.pdf\" target=\"_self\">\n         <img decoding=\"async\" src=\"https:\/\/frifri.be\/wp-content\/uploads\/2019\/07\/Frifri_Raclette_Mode-Emploi_Instructies-Gebruik_fr-nl-thumb.png\" title=\"Frifri La Raclette &#8211; Mode d&#8217;emploi\" alt=\"Frifri La Raclette &#8211; Mode d&#8217;emploi\" data-ext=\"pdf\"\/>\n         <span class=\"title\">Frifri La Raclette &#8211; Mode d&#8217;emploi<\/span>\n      <\/a>\n   <\/div>\n   <div class=\"document-icon\">\n      <a href=\"https:\/\/frifri.be\/wp-content\/uploads\/2019\/07\/Frifri_SimplyFry_FSF34C_Mode-Emploi_Instructies-Gebruik_fr-nl.pdf\" target=\"_self\">\n         <img decoding=\"async\" src=\"https:\/\/frifri.be\/wp-content\/uploads\/2019\/07\/Frifri_SimplyFry_FSF34C_Mode-Emploi_Instructies-Gebruik_fr-nl-thumb.png\" title=\"Frifri La Friteuse Sans Huile  SIMPLYFRY 34- Mode d&#8217;emploi\" alt=\"Frifri La Friteuse Sans Huile  SIMPLYFRY 34- Mode d&#8217;emploi\" data-ext=\"pdf\"\/>\n         <span class=\"title\">Frifri La Friteuse Sans Huile  SIMPLYFRY 34- Mode d&#8217;emploi<\/span>\n      <\/a>\n   <\/div>\n\n<\/div>\n<div class='document-icon-row'>\n   <div class=\"document-icon\">\n      <a href=\"https:\/\/frifri.be\/wp-content\/uploads\/2019\/07\/Frifri_Croque_Quatuor-Dwich-XL_Mode-Emploi_Instructies-Gebruik_fr-nl.pdf\" target=\"_self\">\n         <img decoding=\"async\" src=\"https:\/\/frifri.be\/wp-content\/uploads\/2019\/07\/Frifri_Croque_Quatuor-Dwich-XL_Mode-Emploi_Instructies-Gebruik_fr-nl-thumb.png\" title=\"Frifri Le Croque Monsieur QUATUOR&rsquo;DWICH XL &#8211; Mode d&#8217;emploi\" alt=\"Frifri Le Croque Monsieur QUATUOR&rsquo;DWICH XL &#8211; Mode d&#8217;emploi\" data-ext=\"pdf\"\/>\n         <span class=\"title\">Frifri Le Croque Monsieur QUATUOR&rsquo;DWICH XL &#8211; Mode d&#8217;emploi<\/span>\n      <\/a>\n   <\/div>\n   <div class=\"document-icon\">\n      <a href=\"https:\/\/frifri.be\/wp-content\/uploads\/2019\/07\/Frifri_Croque_Duo-Dwich-XXL_Mode-Emploi_Instructies-Gebruik_fr-nl.pdf\" target=\"_self\">\n         <img decoding=\"async\" src=\"https:\/\/frifri.be\/wp-content\/uploads\/2019\/07\/Frifri_Croque_Duo-Dwich-XXL_Mode-Emploi_Instructies-Gebruik_fr-nl-thumb.png\" title=\"Frifri Le Croque Monsieur DUO D&rsquo;WICH XXL &#8211; Mode d&#8217;emploi\" alt=\"Frifri Le Croque Monsieur DUO D&rsquo;WICH XXL &#8211; Mode d&#8217;emploi\" data-ext=\"pdf\"\/>\n         <span class=\"title\">Frifri Le Croque Monsieur DUO D&rsquo;WICH XXL &#8211; Mode d&#8217;emploi<\/span>\n      <\/a>\n   <\/div>\n   <div class=\"document-icon\">\n      <a href=\"https:\/\/frifri.be\/wp-content\/uploads\/2019\/07\/Frifri_SimplyFry_FSF55P_Mode-Emploi_Instructies-Gebruik_fr-nl.pdf\" target=\"_self\">\n         <img decoding=\"async\" src=\"https:\/\/frifri.be\/wp-content\/uploads\/2019\/07\/Frifri_SimplyFry_FSF55P_Mode-Emploi_Instructies-Gebruik_fr-nl-thumb.png\" title=\"Frifri La Friteuse Sans Huile SIMPLYFRY 55 &#8211; Mode d&#8217;emploi\" alt=\"Frifri La Friteuse Sans Huile SIMPLYFRY 55 &#8211; Mode d&#8217;emploi\" data-ext=\"pdf\"\/>\n         <span class=\"title\">Frifri La Friteuse Sans Huile SIMPLYFRY 55 &#8211; Mode d&#8217;emploi<\/span>\n      <\/a>\n   <\/div>\n\n<\/div>\n<div class='document-icon-row'>\n   <div class=\"document-icon\">\n      <a href=\"https:\/\/frifri.be\/wp-content\/uploads\/2019\/07\/Frifri_Blender_DailyMix_Mode-Emploi_Instructies-Gebruik_fr-nl.pdf\" target=\"_self\">\n         <img decoding=\"async\" src=\"https:\/\/frifri.be\/wp-content\/uploads\/2019\/07\/Frifri_Blender_DailyMix_Mode-Emploi_Instructies-Gebruik_fr-nl-thumb.png\" title=\"Frifri Le Blender DAILY MIX &#8211; Mode d&#8217;emploi\" alt=\"Frifri Le Blender DAILY MIX &#8211; Mode d&#8217;emploi\" data-ext=\"pdf\"\/>\n         <span class=\"title\">Frifri Le Blender DAILY MIX &#8211; Mode d&#8217;emploi<\/span>\n      <\/a>\n   <\/div>\n   <div class=\"document-icon\">\n      <a href=\"https:\/\/frifri.be\/wp-content\/uploads\/2019\/07\/Frifri_Sorbetiere_Ijsmachine_Mode-Emploi_Instructies-Gebruik_XXL_fr-nl.pdf.pdf\" target=\"_self\">\n         <img decoding=\"async\" src=\"https:\/\/frifri.be\/wp-content\/uploads\/2019\/07\/Frifri_Sorbetiere_Ijsmachine_Mode-Emploi_Instructies-Gebruik_XXL_fr-nl-pdf-thumb.png\" title=\"Frifri La Sorbeti\u00e8re XXL 1,8L  &#8211; Mode d&#8217;emploi\" alt=\"Frifri La Sorbeti\u00e8re XXL 1,8L  &#8211; Mode d&#8217;emploi\" data-ext=\"pdf\"\/>\n         <span class=\"title\">Frifri La Sorbeti\u00e8re XXL 1,8L  &#8211; Mode d&#8217;emploi<\/span>\n      <\/a>\n   <\/div>\n   <div class=\"document-icon\">\n      <a href=\"https:\/\/frifri.be\/wp-content\/uploads\/2019\/07\/Frifri_Sorbetiere_Ijsmachine_Mode-Emploi_Instructies-Gebruik_XL_fr-nl.pdf\" target=\"_self\">\n         <img decoding=\"async\" src=\"https:\/\/frifri.be\/wp-content\/uploads\/2019\/07\/Frifri_Sorbetiere_Ijsmachine_Mode-Emploi_Instructies-Gebruik_XL_fr-nl-thumb-1.png\" title=\"Frifri La Sorbeti\u00e8re XL 1,5L  &#8211; Mode d&#8217;emploi\" alt=\"Frifri La Sorbeti\u00e8re XL 1,5L  &#8211; Mode d&#8217;emploi\" data-ext=\"pdf\"\/>\n         <span class=\"title\">Frifri La Sorbeti\u00e8re XL 1,5L  &#8211; Mode d&#8217;emploi<\/span>\n      <\/a>\n   <\/div>\n\n<\/div>\n<div class='document-icon-row'>\n   <div class=\"document-icon\">\n      <a href=\"https:\/\/frifri.be\/wp-content\/uploads\/2019\/07\/Frifri_CookAll_Mode-Emploi_Instructies-Gebruik_fr-nl.pdf\" target=\"_self\">\n         <img decoding=\"async\" src=\"https:\/\/frifri.be\/wp-content\/uploads\/2019\/07\/Frifri_CookAll_Mode-Emploi_Instructies-Gebruik_fr-nl-thumb.png\" title=\"Frifri Le CookAll &#8211; Mode d&#8217;emploi\" alt=\"Frifri Le CookAll &#8211; Mode d&#8217;emploi\" data-ext=\"pdf\"\/>\n         <span class=\"title\">Frifri Le CookAll &#8211; Mode d&#8217;emploi<\/span>\n      <\/a>\n   <\/div>\n   <div class=\"document-icon\">\n      <a href=\"https:\/\/frifri.be\/wp-content\/uploads\/2019\/07\/Frifri_Mixer_MixSaver_Mode-Emploi_Instructies-Gebruik_fr-nl.pdf\" target=\"_self\">\n         <img decoding=\"async\" src=\"https:\/\/frifri.be\/wp-content\/uploads\/2019\/07\/Frifri_Mixer_MixSaver_Mode-Emploi_Instructies-Gebruik_fr-nl-thumb.png\" title=\"Frifri Le Mixeur MIX SAVER &#8211; Mode d&#8217;emploi\" alt=\"Frifri Le Mixeur MIX SAVER &#8211; Mode d&#8217;emploi\" data-ext=\"pdf\"\/>\n         <span class=\"title\">Frifri Le Mixeur MIX SAVER &#8211; Mode d&#8217;emploi<\/span>\n      <\/a>\n   <\/div>\n   <div class=\"document-icon\">\n      <a href=\"https:\/\/frifri.be\/wp-content\/uploads\/2019\/09\/Frifri_Chocolatiere_Mode-Emploi_Instructies-Gebruik_fr-nl.pdf\" target=\"_self\">\n         <img decoding=\"async\" src=\"https:\/\/frifri.be\/wp-content\/uploads\/2019\/09\/Frifri_Chocolatiere_Mode-Emploi_Instructies-Gebruik_fr-nl-thumb.png\" title=\"Frifri La Chocolatiere &#8211; Mode d&#8217;emploi\" alt=\"Frifri La Chocolatiere &#8211; Mode d&#8217;emploi\" data-ext=\"pdf\"\/>\n         <span class=\"title\">Frifri La Chocolatiere &#8211; Mode d&#8217;emploi<\/span>\n      <\/a>\n   <\/div>\n\n<\/div>\n<\/div>\n\n\n<p><\/p>\n","protected":false},"excerpt":{"rendered":"<p>Vous ne retrouvez plus votre mode d&#8217;emploi? Pas de soucis, vous trouverez ci-dessous les modes d&#8217;emploi&#8230; <span class=\"moreLink\"><a href=\"https:\/\/frifri.be\/fr\/modes-demploi\/\">+<\/a><\/span><\/p>\n","protected":false},"author":2,"featured_media":0,"parent":0,"menu_order":0,"comment_status":"closed","ping_status":"closed","template":"","meta":{"_acf_changed":false,"footnotes":""},"categories":[],"tags":[],"class_list":["post-2199","page","type-page","status-publish","hentry"],"acf":[],"yoast_head":"<!-- This site is optimized with the Yoast SEO plugin v27.3 - https:\/\/yoast.com\/product\/yoast-seo-wordpress\/ -->\n<title>Modes d&#039;emploi de tous vos appareils Frifri - Frifri Belgium<\/title>\n<meta name=\"description\" content=\"Vous ne retrouvez plus votre mode d&#039;emploi ? Pas de soucis, vous trouverez ici les modes d&#039;emploi de tous vos produits Frifri \u00e0 t\u00e9l\u00e9charger\" \/>\n<meta name=\"robots\" content=\"index, follow, max-snippet:-1, max-image-preview:large, max-video-preview:-1\" \/>\n<link rel=\"canonical\" href=\"https:\/\/frifri.be\/fr\/modes-demploi\/\" \/>\n<meta property=\"og:locale\" content=\"fr_FR\" \/>\n<meta property=\"og:type\" content=\"article\" \/>\n<meta property=\"og:title\" content=\"Modes d&#039;emploi de tous vos appareils Frifri - Frifri Belgium\" \/>\n<meta property=\"og:description\" content=\"Vous ne retrouvez plus votre mode d&#039;emploi ? Pas de soucis, vous trouverez ici les modes d&#039;emploi de tous vos produits Frifri \u00e0 t\u00e9l\u00e9charger\" \/>\n<meta property=\"og:url\" content=\"https:\/\/frifri.be\/fr\/modes-demploi\/\" \/>\n<meta property=\"og:site_name\" content=\"Frifri Belgium\" \/>\n<meta property=\"article:modified_time\" content=\"2019-12-09T09:10:40+00:00\" \/>\n<meta name=\"twitter:card\" content=\"summary_large_image\" \/>\n<script type=\"application\/ld+json\" class=\"yoast-schema-graph\">{\"@context\":\"https:\\\/\\\/schema.org\",\"@graph\":[{\"@type\":\"WebPage\",\"@id\":\"https:\\\/\\\/frifri.be\\\/fr\\\/modes-demploi\\\/\",\"url\":\"https:\\\/\\\/frifri.be\\\/fr\\\/modes-demploi\\\/\",\"name\":\"Modes d'emploi de tous vos appareils Frifri - Frifri Belgium\",\"isPartOf\":{\"@id\":\"https:\\\/\\\/frifri.be\\\/fr\\\/#website\"},\"datePublished\":\"2019-07-10T15:22:59+00:00\",\"dateModified\":\"2019-12-09T09:10:40+00:00\",\"description\":\"Vous ne retrouvez plus votre mode d'emploi ? Pas de soucis, vous trouverez ici les modes d'emploi de tous vos produits Frifri \u00e0 t\u00e9l\u00e9charger\",\"breadcrumb\":{\"@id\":\"https:\\\/\\\/frifri.be\\\/fr\\\/modes-demploi\\\/#breadcrumb\"},\"inLanguage\":\"fr-FR\",\"potentialAction\":[{\"@type\":\"ReadAction\",\"target\":[\"https:\\\/\\\/frifri.be\\\/fr\\\/modes-demploi\\\/\"]}]},{\"@type\":\"BreadcrumbList\",\"@id\":\"https:\\\/\\\/frifri.be\\\/fr\\\/modes-demploi\\\/#breadcrumb\",\"itemListElement\":[{\"@type\":\"ListItem\",\"position\":1,\"name\":\"Home\",\"item\":\"https:\\\/\\\/frifri.be\\\/fr\\\/frifri\\\/\"},{\"@type\":\"ListItem\",\"position\":2,\"name\":\"Modes d&#8217;emploi\"}]},{\"@type\":\"WebSite\",\"@id\":\"https:\\\/\\\/frifri.be\\\/fr\\\/#website\",\"url\":\"https:\\\/\\\/frifri.be\\\/fr\\\/\",\"name\":\"Frifri Belgium\",\"description\":\"frifri Shop Belgium\",\"potentialAction\":[{\"@type\":\"SearchAction\",\"target\":{\"@type\":\"EntryPoint\",\"urlTemplate\":\"https:\\\/\\\/frifri.be\\\/fr\\\/?s={search_term_string}\"},\"query-input\":{\"@type\":\"PropertyValueSpecification\",\"valueRequired\":true,\"valueName\":\"search_term_string\"}}],\"inLanguage\":\"fr-FR\"}]}<\/script>\n<!-- \/ Yoast SEO plugin. -->","yoast_head_json":{"title":"Modes d'emploi de tous vos appareils Frifri - Frifri Belgium","description":"Vous ne retrouvez plus votre mode d'emploi ? Pas de soucis, vous trouverez ici les modes d'emploi de tous vos produits Frifri \u00e0 t\u00e9l\u00e9charger","robots":{"index":"index","follow":"follow","max-snippet":"max-snippet:-1","max-image-preview":"max-image-preview:large","max-video-preview":"max-video-preview:-1"},"canonical":"https:\/\/frifri.be\/fr\/modes-demploi\/","og_locale":"fr_FR","og_type":"article","og_title":"Modes d'emploi de tous vos appareils Frifri - Frifri Belgium","og_description":"Vous ne retrouvez plus votre mode d'emploi ? Pas de soucis, vous trouverez ici les modes d'emploi de tous vos produits Frifri \u00e0 t\u00e9l\u00e9charger","og_url":"https:\/\/frifri.be\/fr\/modes-demploi\/","og_site_name":"Frifri Belgium","article_modified_time":"2019-12-09T09:10:40+00:00","twitter_card":"summary_large_image","schema":{"@context":"https:\/\/schema.org","@graph":[{"@type":"WebPage","@id":"https:\/\/frifri.be\/fr\/modes-demploi\/","url":"https:\/\/frifri.be\/fr\/modes-demploi\/","name":"Modes d'emploi de tous vos appareils Frifri - Frifri Belgium","isPartOf":{"@id":"https:\/\/frifri.be\/fr\/#website"},"datePublished":"2019-07-10T15:22:59+00:00","dateModified":"2019-12-09T09:10:40+00:00","description":"Vous ne retrouvez plus votre mode d'emploi ? Pas de soucis, vous trouverez ici les modes d'emploi de tous vos produits Frifri \u00e0 t\u00e9l\u00e9charger","breadcrumb":{"@id":"https:\/\/frifri.be\/fr\/modes-demploi\/#breadcrumb"},"inLanguage":"fr-FR","potentialAction":[{"@type":"ReadAction","target":["https:\/\/frifri.be\/fr\/modes-demploi\/"]}]},{"@type":"BreadcrumbList","@id":"https:\/\/frifri.be\/fr\/modes-demploi\/#breadcrumb","itemListElement":[{"@type":"ListItem","position":1,"name":"Home","item":"https:\/\/frifri.be\/fr\/frifri\/"},{"@type":"ListItem","position":2,"name":"Modes d&#8217;emploi"}]},{"@type":"WebSite","@id":"https:\/\/frifri.be\/fr\/#website","url":"https:\/\/frifri.be\/fr\/","name":"Frifri Belgium","description":"frifri Shop Belgium","potentialAction":[{"@type":"SearchAction","target":{"@type":"EntryPoint","urlTemplate":"https:\/\/frifri.be\/fr\/?s={search_term_string}"},"query-input":{"@type":"PropertyValueSpecification","valueRequired":true,"valueName":"search_term_string"}}],"inLanguage":"fr-FR"}]}},"_links":{"self":[{"href":"https:\/\/frifri.be\/fr\/wp-json\/wp\/v2\/pages\/2199","targetHints":{"allow":["GET"]}}],"collection":[{"href":"https:\/\/frifri.be\/fr\/wp-json\/wp\/v2\/pages"}],"about":[{"href":"https:\/\/frifri.be\/fr\/wp-json\/wp\/v2\/types\/page"}],"author":[{"embeddable":true,"href":"https:\/\/frifri.be\/fr\/wp-json\/wp\/v2\/users\/2"}],"replies":[{"embeddable":true,"href":"https:\/\/frifri.be\/fr\/wp-json\/wp\/v2\/comments?post=2199"}],"version-history":[{"count":0,"href":"https:\/\/frifri.be\/fr\/wp-json\/wp\/v2\/pages\/2199\/revisions"}],"wp:attachment":[{"href":"https:\/\/frifri.be\/fr\/wp-json\/wp\/v2\/media?parent=2199"}],"wp:term":[{"taxonomy":"category","embeddable":true,"href":"https:\/\/frifri.be\/fr\/wp-json\/wp\/v2\/categories?post=2199"},{"taxonomy":"post_tag","embeddable":true,"href":"https:\/\/frifri.be\/fr\/wp-json\/wp\/v2\/tags?post=2199"}],"curies":[{"name":"wp","href":"https:\/\/api.w.org\/{rel}","templated":true}]}}