{"id":7824,"date":"2019-09-29T15:21:41","date_gmt":"2019-09-29T13:21:41","guid":{"rendered":"https:\/\/frifri.be\/?page_id=7824"},"modified":"2019-11-13T17:29:36","modified_gmt":"2019-11-13T16:29:36","slug":"la-cuisine-a-table","status":"publish","type":"page","link":"https:\/\/frifri.be\/fr\/la-cuisine-a-table\/","title":{"rendered":"La cuisine \u00e0 table"},"content":{"rendered":"","protected":false},"excerpt":{"rendered":"","protected":false},"author":4,"featured_media":7777,"parent":0,"menu_order":30,"comment_status":"closed","ping_status":"closed","template":"page-landing.php","meta":{"_acf_changed":false,"footnotes":""},"categories":[744],"tags":[],"class_list":["post-7824","page","type-page","status-publish","has-post-thumbnail","hentry","category-univers"],"acf":[],"yoast_head":"<!-- This site is optimized with the Yoast SEO plugin v27.1.1 - https:\/\/yoast.com\/product\/yoast-seo-wordpress\/ -->\n<title>La cuisine \u00e0 table -La Plancha et La Raclette Frifri - Frifri Belgium<\/title>\n<meta name=\"description\" content=\"Des repas o\u00f9 tout le monde se r\u00e9galent avec un minimum de pr\u00e9paration en cuisine ? Optez pour la cuisine \u00e0 table avec Frifri !\" \/>\n<meta name=\"robots\" content=\"index, follow, max-snippet:-1, max-image-preview:large, max-video-preview:-1\" \/>\n<link rel=\"canonical\" href=\"https:\/\/frifri.be\/fr\/la-cuisine-a-table\/\" \/>\n<meta property=\"og:locale\" content=\"fr_FR\" \/>\n<meta property=\"og:type\" content=\"article\" \/>\n<meta property=\"og:title\" content=\"La cuisine \u00e0 table -La Plancha et La Raclette Frifri - Frifri Belgium\" \/>\n<meta property=\"og:description\" content=\"Des repas o\u00f9 tout le monde se r\u00e9galent avec un minimum de pr\u00e9paration en cuisine ? Optez pour la cuisine \u00e0 table avec Frifri !\" \/>\n<meta property=\"og:url\" content=\"https:\/\/frifri.be\/fr\/la-cuisine-a-table\/\" \/>\n<meta property=\"og:site_name\" content=\"Frifri Belgium\" \/>\n<meta property=\"article:modified_time\" content=\"2019-11-13T16:29:36+00:00\" \/>\n<meta property=\"og:image\" content=\"https:\/\/frifri.be\/wp-content\/uploads\/2019\/09\/Frifri_THEM_tafel_table.jpg\" \/>\n\t<meta property=\"og:image:width\" content=\"1600\" \/>\n\t<meta property=\"og:image:height\" content=\"1067\" \/>\n\t<meta property=\"og:image:type\" content=\"image\/jpeg\" \/>\n<meta name=\"twitter:card\" content=\"summary_large_image\" \/>\n<script type=\"application\/ld+json\" class=\"yoast-schema-graph\">{\"@context\":\"https:\/\/schema.org\",\"@graph\":[{\"@type\":\"WebPage\",\"@id\":\"https:\/\/frifri.be\/fr\/la-cuisine-a-table\/\",\"url\":\"https:\/\/frifri.be\/fr\/la-cuisine-a-table\/\",\"name\":\"La cuisine \u00e0 table -La Plancha et La Raclette Frifri - Frifri Belgium\",\"isPartOf\":{\"@id\":\"https:\/\/frifri.be\/fr\/#website\"},\"primaryImageOfPage\":{\"@id\":\"https:\/\/frifri.be\/fr\/la-cuisine-a-table\/#primaryimage\"},\"image\":{\"@id\":\"https:\/\/frifri.be\/fr\/la-cuisine-a-table\/#primaryimage\"},\"thumbnailUrl\":\"https:\/\/frifri.be\/wp-content\/uploads\/2019\/09\/Frifri_THEM_tafel_table.jpg\",\"datePublished\":\"2019-09-29T13:21:41+00:00\",\"dateModified\":\"2019-11-13T16:29:36+00:00\",\"description\":\"Des repas o\u00f9 tout le monde se r\u00e9galent avec un minimum de pr\u00e9paration en cuisine ? Optez pour la cuisine \u00e0 table avec Frifri !\",\"breadcrumb\":{\"@id\":\"https:\/\/frifri.be\/fr\/la-cuisine-a-table\/#breadcrumb\"},\"inLanguage\":\"fr-FR\",\"potentialAction\":[{\"@type\":\"ReadAction\",\"target\":[\"https:\/\/frifri.be\/fr\/la-cuisine-a-table\/\"]}]},{\"@type\":\"ImageObject\",\"inLanguage\":\"fr-FR\",\"@id\":\"https:\/\/frifri.be\/fr\/la-cuisine-a-table\/#primaryimage\",\"url\":\"https:\/\/frifri.be\/wp-content\/uploads\/2019\/09\/Frifri_THEM_tafel_table.jpg\",\"contentUrl\":\"https:\/\/frifri.be\/wp-content\/uploads\/2019\/09\/Frifri_THEM_tafel_table.jpg\",\"width\":1600,\"height\":1067},{\"@type\":\"BreadcrumbList\",\"@id\":\"https:\/\/frifri.be\/fr\/la-cuisine-a-table\/#breadcrumb\",\"itemListElement\":[{\"@type\":\"ListItem\",\"position\":1,\"name\":\"Home\",\"item\":\"https:\/\/frifri.be\/fr\/frifri\/\"},{\"@type\":\"ListItem\",\"position\":2,\"name\":\"La cuisine \u00e0 table\"}]},{\"@type\":\"WebSite\",\"@id\":\"https:\/\/frifri.be\/fr\/#website\",\"url\":\"https:\/\/frifri.be\/fr\/\",\"name\":\"Frifri Belgium\",\"description\":\"frifri Shop Belgium\",\"potentialAction\":[{\"@type\":\"SearchAction\",\"target\":{\"@type\":\"EntryPoint\",\"urlTemplate\":\"https:\/\/frifri.be\/fr\/?s={search_term_string}\"},\"query-input\":{\"@type\":\"PropertyValueSpecification\",\"valueRequired\":true,\"valueName\":\"search_term_string\"}}],\"inLanguage\":\"fr-FR\"}]}<\/script>\n<!-- \/ Yoast SEO plugin. -->","yoast_head_json":{"title":"La cuisine \u00e0 table -La Plancha et La Raclette Frifri - Frifri Belgium","description":"Des repas o\u00f9 tout le monde se r\u00e9galent avec un minimum de pr\u00e9paration en cuisine ? Optez pour la cuisine \u00e0 table avec Frifri !","robots":{"index":"index","follow":"follow","max-snippet":"max-snippet:-1","max-image-preview":"max-image-preview:large","max-video-preview":"max-video-preview:-1"},"canonical":"https:\/\/frifri.be\/fr\/la-cuisine-a-table\/","og_locale":"fr_FR","og_type":"article","og_title":"La cuisine \u00e0 table -La Plancha et La Raclette Frifri - Frifri Belgium","og_description":"Des repas o\u00f9 tout le monde se r\u00e9galent avec un minimum de pr\u00e9paration en cuisine ? Optez pour la cuisine \u00e0 table avec Frifri !","og_url":"https:\/\/frifri.be\/fr\/la-cuisine-a-table\/","og_site_name":"Frifri Belgium","article_modified_time":"2019-11-13T16:29:36+00:00","og_image":[{"width":1600,"height":1067,"url":"https:\/\/frifri.be\/wp-content\/uploads\/2019\/09\/Frifri_THEM_tafel_table.jpg","type":"image\/jpeg"}],"twitter_card":"summary_large_image","schema":{"@context":"https:\/\/schema.org","@graph":[{"@type":"WebPage","@id":"https:\/\/frifri.be\/fr\/la-cuisine-a-table\/","url":"https:\/\/frifri.be\/fr\/la-cuisine-a-table\/","name":"La cuisine \u00e0 table -La Plancha et La Raclette Frifri - Frifri Belgium","isPartOf":{"@id":"https:\/\/frifri.be\/fr\/#website"},"primaryImageOfPage":{"@id":"https:\/\/frifri.be\/fr\/la-cuisine-a-table\/#primaryimage"},"image":{"@id":"https:\/\/frifri.be\/fr\/la-cuisine-a-table\/#primaryimage"},"thumbnailUrl":"https:\/\/frifri.be\/wp-content\/uploads\/2019\/09\/Frifri_THEM_tafel_table.jpg","datePublished":"2019-09-29T13:21:41+00:00","dateModified":"2019-11-13T16:29:36+00:00","description":"Des repas o\u00f9 tout le monde se r\u00e9galent avec un minimum de pr\u00e9paration en cuisine ? Optez pour la cuisine \u00e0 table avec Frifri !","breadcrumb":{"@id":"https:\/\/frifri.be\/fr\/la-cuisine-a-table\/#breadcrumb"},"inLanguage":"fr-FR","potentialAction":[{"@type":"ReadAction","target":["https:\/\/frifri.be\/fr\/la-cuisine-a-table\/"]}]},{"@type":"ImageObject","inLanguage":"fr-FR","@id":"https:\/\/frifri.be\/fr\/la-cuisine-a-table\/#primaryimage","url":"https:\/\/frifri.be\/wp-content\/uploads\/2019\/09\/Frifri_THEM_tafel_table.jpg","contentUrl":"https:\/\/frifri.be\/wp-content\/uploads\/2019\/09\/Frifri_THEM_tafel_table.jpg","width":1600,"height":1067},{"@type":"BreadcrumbList","@id":"https:\/\/frifri.be\/fr\/la-cuisine-a-table\/#breadcrumb","itemListElement":[{"@type":"ListItem","position":1,"name":"Home","item":"https:\/\/frifri.be\/fr\/frifri\/"},{"@type":"ListItem","position":2,"name":"La cuisine \u00e0 table"}]},{"@type":"WebSite","@id":"https:\/\/frifri.be\/fr\/#website","url":"https:\/\/frifri.be\/fr\/","name":"Frifri Belgium","description":"frifri Shop Belgium","potentialAction":[{"@type":"SearchAction","target":{"@type":"EntryPoint","urlTemplate":"https:\/\/frifri.be\/fr\/?s={search_term_string}"},"query-input":{"@type":"PropertyValueSpecification","valueRequired":true,"valueName":"search_term_string"}}],"inLanguage":"fr-FR"}]}},"_links":{"self":[{"href":"https:\/\/frifri.be\/fr\/wp-json\/wp\/v2\/pages\/7824","targetHints":{"allow":["GET"]}}],"collection":[{"href":"https:\/\/frifri.be\/fr\/wp-json\/wp\/v2\/pages"}],"about":[{"href":"https:\/\/frifri.be\/fr\/wp-json\/wp\/v2\/types\/page"}],"author":[{"embeddable":true,"href":"https:\/\/frifri.be\/fr\/wp-json\/wp\/v2\/users\/4"}],"replies":[{"embeddable":true,"href":"https:\/\/frifri.be\/fr\/wp-json\/wp\/v2\/comments?post=7824"}],"version-history":[{"count":0,"href":"https:\/\/frifri.be\/fr\/wp-json\/wp\/v2\/pages\/7824\/revisions"}],"wp:featuredmedia":[{"embeddable":true,"href":"https:\/\/frifri.be\/fr\/wp-json\/wp\/v2\/media\/7777"}],"wp:attachment":[{"href":"https:\/\/frifri.be\/fr\/wp-json\/wp\/v2\/media?parent=7824"}],"wp:term":[{"taxonomy":"category","embeddable":true,"href":"https:\/\/frifri.be\/fr\/wp-json\/wp\/v2\/categories?post=7824"},{"taxonomy":"post_tag","embeddable":true,"href":"https:\/\/frifri.be\/fr\/wp-json\/wp\/v2\/tags?post=7824"}],"curies":[{"name":"wp","href":"https:\/\/api.w.org\/{rel}","templated":true}]}}