{"id":7967,"date":"2019-10-02T13:56:07","date_gmt":"2019-10-02T11:56:07","guid":{"rendered":"https:\/\/frifri.be\/?page_id=7967"},"modified":"2024-04-23T10:17:55","modified_gmt":"2024-04-23T08:17:55","slug":"conditions-generales-de-vente","status":"publish","type":"page","link":"https:\/\/frifri.be\/fr\/conditions-generales-de-vente\/","title":{"rendered":"Conditions g\u00e9n\u00e9rales de vente"},"content":{"rendered":"\n<h3 class=\"wp-block-heading\">SITE R\u00c9SERV\u00c9 AUX PARTICULIERS<\/h3>\n\n\n\n<p><\/p>\n\n\n\n<h2 class=\"wp-block-heading\">1. Introduction<\/h2>\n\n\n\n<p>Les conditions g\u00e9n\u00e9rales de vente d\u00e9taill\u00e9es ci-dessous (ci-apr\u00e8s d\u00e9sign\u00e9es les \u00a0\u00bb Conditions G\u00e9n\u00e9rales \u00ab\u00a0), r\u00e9gissent exclusivement les relations contractuelles entre tout utilisateur du site www.frifri.be, www.frifri-shop.fr (ci-apr\u00e8s d\u00e9sign\u00e9 un \u00ab\u00a0Utilisateur\u00a0\u00bb ou \u00ab\u00a0Vous\u00a0\u00bb) et le marchand Frifri appartenant \u00e0 la soci\u00e9t\u00e9 Becook s.a, dont le si\u00e8ge est situ\u00e9 55, Val Fleuri, \u00e0 L-1526 Luxembourg et immatricul\u00e9e au registre de commerce et des soci\u00e9t\u00e9s de Luxembourg sous le num\u00e9ro B 166824; num\u00e9ro de TVA Intra-communautaire LU 25762054 (ci-apr\u00e8s d\u00e9sign\u00e9e \u00ab\u00a0Frifri\u00a0\u00bb).<\/p>\n\n\n\n<p>Ces conditions g\u00e9n\u00e9rales de vente sont les seules applicables et remplacent toutes autres conditions, sauf d\u00e9rogation pr\u00e9alable, expresse et \u00e9crite. Frifri peut \u00eatre ponctuellement amen\u00e9 \u00e0 modifier certaines des dispositions de ses conditions g\u00e9n\u00e9rales, aussi il est n\u00e9cessaire que celles-ci soient relues avant chaque visite du site frifri.be ou frifri-shop.fr (ci-apr\u00e8s d\u00e9sign\u00e9 le \u00a0\u00bb Site \u00ab\u00a0).<\/p>\n\n\n\n<p>Ces modifications sont opposables \u00e0 compter de leurs mises en ligne et ne peuvent s\u2019appliquer aux contrats conclus ant\u00e9rieurement. Chaque achat sur le Site est r\u00e9gi par les conditions g\u00e9n\u00e9rales applicables \u00e0 la date de la commande. Nous consid\u00e9rons qu&rsquo;en validant votre commande, vous acceptez sans r\u00e9serve nos conditions g\u00e9n\u00e9rales de vente apr\u00e8s les avoir lues. En acc\u00e9dant au Site, vous vous engagez \u00e0 respecter les Conditions G\u00e9n\u00e9rales ainsi que les Conditions d&rsquo;Utilisation y figurant.<\/p>\n\n\n\n<h2 class=\"wp-block-heading\">2. Passer une commande<\/h2>\n\n\n\n<p>Pour passer votre commande, nous mettons \u00e0 votre disposition notre site : www.frifri.be ou www.frifri-shop.fr 24\/24h et 7\/7j (hors op\u00e9ration de maintenance du site).<\/p>\n\n\n\n<h2 class=\"wp-block-heading\">3. Informations produits<\/h2>\n\n\n\n<p>Frifri apporte le plus grand soin \u00e0 la mise en ligne d&rsquo;informations relatives aux caract\u00e9ristiques essentielles des produits au moyen notamment de descriptifs techniques \u00e9manant de ses partenaires et fournisseurs et de photographies illustrant les produits et ce, dans la limite de la technique et dans le respect des meilleurs standards du march\u00e9.<\/p>\n\n\n\n<h2 class=\"wp-block-heading\">4. Prix<\/h2>\n\n\n\n<p>Pour les pays de l\u2019union europ\u00e9enne, les prix de vente indiqu\u00e9s sur le site sont en euros et toutes taxes comprises mais hors frais de livraison. Les \u00e9ventuels frais de livraison sont indiqu\u00e9s \u00e0 l&rsquo;Utilisateur au fur et \u00e0 mesure de ses choix de produits et lui sont factur\u00e9s \u00e0 la fin de la commande en suppl\u00e9ment du prix des produits s\u00e9lectionn\u00e9s.<\/p>\n\n\n\n<p>Les commandes \u00e0 livrer hors de l\u2019union europ\u00e9enne sont factur\u00e9es hors taxes. Les taxes locales, taxes d\u2019importation et frais de douane seront \u00e0 payer au transporteur par le client (Ex : Suisse, Norv\u00e8ge,\u2026).<\/p>\n\n\n\n<p>A titre indicatif, le taux de TVA suisse s&rsquo;\u00e9l\u00e8ve \u00e0 8% (information non contractuelle) du prix hors taxes. Cette TVA doit \u00eatre acquitt\u00e9e aupr\u00e8s du transporteur en plus des frais d\u2019importation qui peuvent \u00eatre appliqu\u00e9s sur le colis.<\/p>\n\n\n\n<p>Nous nous r\u00e9servons le droit de modifier nos prix \u00e0 tout moment mais nous nous engageons \u00e0 appliquer les tarifs en vigueur qui vous auront \u00e9t\u00e9 indiqu\u00e9s sur le Site au moment de votre commande. Nous vous informons qu\u2019en cas d\u2019affichage d\u2019un prix erron\u00e9, manifestement d\u00e9risoire (vil prix), quelle qu\u2019en soit la raison (bug informatique, erreur manuelle, erreur technique\u2026), la commande sera annul\u00e9e, m\u00eame en cas de validation initiale.<\/p>\n\n\n\n<h2 class=\"wp-block-heading\">5. Disponibilit\u00e9<\/h2>\n\n\n\n<p>Vous noterez que nous honorerons votre commande dans la limite de nos stocks disponibles. Dans l&rsquo;hypoth\u00e8se o\u00f9 l&rsquo;un des produits command\u00e9s ne serait pas disponible dans nos stocks, nous nous engageons \u00e0 vous contacter par courrier \u00e9lectronique dans un d\u00e9lai de 15 jours \u00e0 compter de la date de votre commande afin de vous en informer et de vous indiquer dans quels d\u00e9lais, ce produit pourrait, le cas \u00e9ch\u00e9ant, vous \u00eatre livr\u00e9.<\/p>\n\n\n\n<p>Si parmi les produits command\u00e9s, certains sont temporairement indisponibles, nous vous proposerons de vous adresser en remplacement, un article d&rsquo;une qualit\u00e9 et d&rsquo;un prix \u00e9quivalent. En cas de refus de votre part, nous proc\u00e9derons au remboursement dudit produit. Si vous souhaitez nous le retourner dans les conditions pr\u00e9vues \u00e0 l&rsquo;article 9 (d\u00e9lai de r\u00e9tractation &#8211; satisfait ou rembours\u00e9), les frais seront alors \u00e0 notre charge.<\/p>\n\n\n\n<h2 class=\"wp-block-heading\">6. Mode de livraison<\/h2>\n\n\n\n<p>Les produits achet\u00e9s sur le Site sont livr\u00e9s dans le pays de votre choix si les produits sont certifi\u00e9s dans ces pays. Frifri n\u2019assure pas la livraison dans les bo\u00eetes postales. Votre commande vous sera livr\u00e9e \u00e0 l&rsquo;adresse que vous nous avez indiqu\u00e9e lors de votre commande.<\/p>\n\n\n\n<p>Lorsque l&rsquo;article est indiqu\u00e9 \u00ab\u00a0En Stock\u00a0\u00bb lors de votre commande, le d\u00e9lai entre le passage de commande et la date de premi\u00e8re pr\u00e9sentation du transporteur au lieu d\u00e9termin\u00e9 est la somme de 2 \u00e9l\u00e9ments :<\/p>\n\n\n\n<ol class=\"wp-block-list\">\n<li>Le d\u00e9lai d&rsquo;exp\u00e9dition (24 \u00e0 48 h) = validation de votre paiement + pr\u00e9paration de votre commande + prise en charge du ou des colis par le transporteur<\/li>\n\n\n\n<li>Le d\u00e9lai de livraison de votre colis par le transporteur de votre choix parmi les options qu\u2019offre notre site. Vous \u00eates inform\u00e9 du d\u00e9but de ce d\u00e9lai \u00e0 partir de la r\u00e9ception de l&rsquo;E-mail \u00ab\u00a0Envoi de commande\u00a0\u00bb.<\/li>\n<\/ol>\n\n\n\n<p>Ces d\u00e9lais sont indiqu\u00e9s en jours ouvrables.<\/p>\n\n\n\n<p>Frifri met tout en \u0153uvre pour respecter les d\u00e9lais de livraison mentionn\u00e9s sur le Site. N\u00e9anmoins nous ne pourrons \u00eatre tenus responsable des cons\u00e9quences dues \u00e0 un retard de livraison ou \u00e0 une perte de colis caus\u00e9s par un tiers au contrat ou par votre fait ou en raison d&rsquo;une cause impr\u00e9visible et insurmontable constitutive d&rsquo;un cas de force majeure. En cas de non r\u00e9ception d&rsquo;un colis dans les d\u00e9lais indiqu\u00e9s, une enqu\u00eate est men\u00e9e aupr\u00e8s du transporteur et peut prendre plusieurs jours (ex : 15 jours sur Chronopost). Durant cette p\u00e9riode, aucun remboursement ou renvoi ne pourra \u00eatre effectu\u00e9. A r\u00e9ception de votre commande, nous vous recommandons de v\u00e9rifier la conformit\u00e9 des produits livr\u00e9s avec votre commande et d&rsquo;indiquer, le cas \u00e9ch\u00e9ant, sur le bon de livraison et sous forme de r\u00e9serves manuscrites accompagn\u00e9es de votre signature, toute anomalie les concernant. Sans pr\u00e9judice des garanties l\u00e9gales applicables, nous vous recommandons d&rsquo;adresser toute r\u00e9serve quant aux d\u00e9fauts de conformit\u00e9 des produits existant \u00e0 la date de livraison dans vos meilleurs d\u00e9lais par courrier \u00e0 Frifri, Service Client, 1, Boulevard de la foire L-1428 Luxembourg ou courrier \u00e9lectronique : serviceclient@becook.lu.<\/p>\n\n\n\n<h2 class=\"wp-block-heading\">7. Paiement s\u00e9curis\u00e9<\/h2>\n\n\n\n<p>Frifri s\u2019est associ\u00e9e \u00e0 des partenaires mon\u00e9tiques pour garantir la s\u00e9curit\u00e9 de vos paiements.<\/p>\n\n\n\n<p>Frifri met \u00e0 votre disposition 4 modes de paiement:<\/p>\n\n\n\n<ul class=\"wp-block-list\">\n<li>Carte de cr\u00e9dit:\n<ul class=\"wp-block-list\">\n<li> Carte bancaire<\/li>\n\n\n\n<li> Visa<\/li>\n\n\n\n<li> Mastercard<\/li>\n<\/ul>\n<\/li>\n\n\n\n<li> PayPal<\/li>\n<\/ul>\n\n\n\n<p>Pour le r\u00e8glement par carte de cr\u00e9dit, le d\u00e9bit est effectu\u00e9 lors de l&rsquo;exp\u00e9dition de votre commande \u00e0 la condition d&rsquo;avoir obtenu pr\u00e9alablement l&rsquo;autorisation de d\u00e9bit de votre compte aupr\u00e8s des centres de paiement comp\u00e9tents, faute de quoi votre commande ne pourrait \u00eatre prise en compte. Le paiement en ligne par carte de cr\u00e9dit est r\u00e9alis\u00e9 via le syst\u00e8me de s\u00e9curit\u00e9 \u00a0\u00bb Secure Socket Layer \u00a0\u00bb qui permet le cryptage de vos coordonn\u00e9es bancaires lors de leur transmission sur le r\u00e9seau. Le nom Atos peut appara\u00eetre sur votre relev\u00e9 de compte bancaire.<\/p>\n\n\n\n<p>Nous vous informons par ailleurs que Frifri a mis en place un dispositif visant \u00e0 lutter contre les fraudes aux modes de paiement sur internet et prot\u00e9ger ainsi l\u2019ensemble des consommateurs.<\/p>\n\n\n\n<p>Dans ce cadre, Frifri v\u00e9rifie la fiabilit\u00e9 des informations saisies par vos soins lors de l&rsquo;enregistrement d&rsquo;une commande.<\/p>\n\n\n\n<p>En cas d\u2019alerte automatique d\u00e9clench\u00e9e par les informations relatives \u00e0 votre commande, notre service de pr\u00e9vention des fraudes pourra vous demander des informations compl\u00e9mentaires et certaines pi\u00e8ces justificatives (telles que : copie de pi\u00e8ce d&rsquo;identit\u00e9, justificatif de domicile,\u2026) sur la base desquelles Frifri&nbsp;pourra valider ou annuler votre commande.<\/p>\n\n\n\n<p>Dans ce cas, afin d&rsquo;assurer l&rsquo;exp\u00e9dition de votre commande dans les d\u00e9lais pr\u00e9vus, nous vous recommandons d&rsquo;indiquer un num\u00e9ro de t\u00e9l\u00e9phone o\u00f9 vous serez facilement joignable, et de confirmer les informations saisies ou renvoyer les documents demand\u00e9s dans les meilleurs d\u00e9lais.<\/p>\n\n\n\n<h2 class=\"wp-block-heading\">8. Droit de r\u00e9tractation \/ Satisfait ou rembours\u00e9<\/h2>\n\n\n\n<p>Si vous n\u2019\u00eates pas pleinement satisfait de votre achat vous disposez de 14 jours francs \u00e0 dater de la r\u00e9ception de votre commande pour vous r\u00e9tracter. Tout retour devra faire l\u2019objet d\u2019une demande via le <a href=\"https:\/\/frifri.be\/fr\/contact\/\">formulaire disponible ici <\/a>; afin de recevoir un num\u00e9ro de retour \u00e0 indiquer sur le paquet.<\/p>\n\n\n\n<h2 class=\"wp-block-heading\">9. Retour<\/h2>\n\n\n\n<p>Le produit devra \u00eatre restitu\u00e9 dans son \u00e9tat d\u2019origine ; donc non utilis\u00e9 ; ainsi que dans son emballage d\u2019origine. Le transport et les risques li\u00e9s \u00e0 ce transport, seront \u00e0 supporter par l\u2019acheteur.<\/p>\n\n\n\n<p>Nous vous informons que les produits doivent \u00eatre retourn\u00e9s en Belgique. Le retour pourra se faire via le transporteur de votre choix. Il est cependant fortement recommand\u00e9 de nous retourner la marchandise en recommand\u00e9 ou en suivi poste et de souscrire, le cas \u00e9ch\u00e9ant, une assurance aupr\u00e8s du transporteur de la valeur marchande des produits afin de vous pr\u00e9munir contre toute perte ou avarie de ceux-ci.<\/p>\n\n\n\n<p>D\u00e8s r\u00e9ception des produits retourn\u00e9s, nous vous le rembourserons int\u00e9gralement (hors frais de port).<\/p>\n\n\n\n<h2 class=\"wp-block-heading\">10. Politique de SAV<\/h2>\n\n\n\n<p>Tous nos produits sont couverts par une garantie constructeur de 1 an minimum (cfr garantie). En cas de probl\u00e8me avec votre appareil, nous vous proposons de prendre contact avec nous&nbsp;via le formulaire pr\u00e9vu&nbsp;\u00e0 cet effet.<\/p>\n\n\n\n<ul class=\"wp-block-list\">\n<li>Si le probl\u00e8me ne peut \u00eatre solutionn\u00e9 \u00e0 distance ; nous vous proposons de renvoyer votre appareil dans un de nos centres de r\u00e9paration agr\u00e9\u00e9.<\/li>\n\n\n\n<li>Si la panne est li\u00e9e \u00e0 un usage conforme de l\u2019appareil, l\u2019appareil sera r\u00e9par\u00e9 et vous sera retourn\u00e9 sans aucun frais.<\/li>\n\n\n\n<li>Si la panne est li\u00e9e \u00e0 une des clauses d\u2019exclusion de la garantie (cfr plus bas), un devis sera \u00e9mis et le choix de la r\u00e9paration sera laiss\u00e9 \u00e0 l\u2019appr\u00e9ciation de l\u2019acheteur.<\/li>\n<\/ul>\n\n\n\n<h2 class=\"wp-block-heading\">11. Garantie<\/h2>\n\n\n\n<h4 class=\"wp-block-heading\">a) P\u00e9riode de garantie<\/h4>\n\n\n\n<p>Les p\u00e9riodes de garantie sont les suivantes:<\/p>\n\n\n\n<ul class=\"wp-block-list\">\n<li> 10 ans pour les friteuses en m\u00e9tal<\/li>\n\n\n\n<li> 3 ans pour les friteuses en plastique<\/li>\n\n\n\n<li>3 ans pour la chocolati\u00e8re<\/li>\n\n\n\n<li> 2 ans pour les gaufriers et autres produits<\/li>\n<\/ul>\n\n\n\n<p>La garantie couvre, dans le cadre de l&rsquo;utilisation pr\u00e9conis\u00e9e par le mode d&#8217;emploi:<\/p>\n\n\n\n<ul class=\"wp-block-list\">\n<li> Tout d\u00e9faut li\u00e9 \u00e0 la structure de votre appareil<\/li>\n\n\n\n<li> Toute d\u00e9gradation pr\u00e9matur\u00e9e des mat\u00e9riaux de base<\/li>\n\n\n\n<li> Toute panne de l\u2019appareil<\/li>\n<\/ul>\n\n\n\n<p>Cette garantie contractuelle sera acquise sur pr\u00e9sentation d&rsquo;un justificatif de garantie (ticket de caisse ou facture justifiant de cette date d&rsquo;achat).<\/p>\n\n\n\n<p>La garantie couvre la r\u00e9paration de l\u2019appareil, pi\u00e8ces et main d\u2019\u0153uvre incluses.<\/p>\n\n\n\n<h4 class=\"wp-block-heading\"> b) Exclusion du cadre la garantie<\/h4>\n\n\n\n<p>Frifri ne peut \u00eatre tenu responsable au titre de la garantie pour les exceptions suivantes:<\/p>\n\n\n\n<ul class=\"wp-block-list\">\n<li> Usage non conforme du produit (cfr mode d\u2019emploi)<\/li>\n\n\n\n<li> Usage professionnel du produit<\/li>\n\n\n\n<li> Intervention par un service non agr\u00e9\u00e9 sur l\u2019appareil<\/li>\n\n\n\n<li> Entreposage de l\u2019appareil dans un lieu inappropri\u00e9<\/li>\n\n\n\n<li> Modifications des caract\u00e9ristiques de l\u2019appareil<\/li>\n\n\n\n<li> Chutes et chocs que le produit aurait subi<\/li>\n<\/ul>\n\n\n\n<p>Les dispositions de cette garantie ne sont pas exclusives du b\u00e9n\u00e9fice au profit de l&rsquo;acheteur de la garantie l\u00e9gale pour d\u00e9fauts et vices cach\u00e9s.<\/p>\n\n\n\n<h4 class=\"wp-block-heading\">c) Pi\u00e8ces d\u00e9tach\u00e9es<\/h4>\n\n\n\n<p>Conform\u00e9ment \u00e0 l&rsquo;article L 111-2 du code de la consommation, la disponibilit\u00e9 des pi\u00e8ces de rechange que nous pr\u00e9voyons pour un produit r\u00e9parable est de 10 ans \u00e0 partir de sa date de fabrication (information mentionn\u00e9e sur la plaque d&rsquo;identification). Toutefois, cette disponibilit\u00e9 n&rsquo;est garantie que dans le pays o\u00f9 le produit a \u00e9t\u00e9 achet\u00e9.<\/p>\n\n\n\n<h2 class=\"wp-block-heading\">12. Commentaire, critique, communication<\/h2>\n\n\n\n<p>Tous les avis d\u00e9pos\u00e9s par les Utilisateurs de Frifri sont surveill\u00e9s et mod\u00e9r\u00e9s par l&rsquo;\u00e9quipe marketing. D\u00e8s lors que les propos enfreignent la loi et l&rsquo;\u00e9thique (publicit\u00e9 abusive, propos diffamatoires, insultes, commentaires hors contexte\u2026) Frifri se r\u00e9serve le droit de refuser ou de modifier l&rsquo;avis concern\u00e9.<\/p>\n\n\n\n<h2 class=\"wp-block-heading\">13. Protection des donn\u00e9es personnelles<\/h2>\n\n\n\n<p>Les informations que vous nous communiquez \u00e9tant indispensables pour le traitement et l&rsquo;acheminement des commandes, l&rsquo;\u00e9tablissement des factures et des contrats de garantie, leur absence entra\u00eenent l&rsquo;annulation de votre commande. En vous inscrivant sur le Site, vous vous engagez \u00e0 nous fournir des informations sinc\u00e8res et v\u00e9ritables vous concernant. La communication de fausses informations est contraire aux pr\u00e9sentes conditions g\u00e9n\u00e9rales ainsi qu&rsquo;aux conditions d&rsquo;utilisation figurant sur le Site. Conform\u00e9ment aux lois luxembourgeoises, le traitement de vos informations est fait dans le respect de la loi. Tous les d\u00e9tails quant au traitement des donn\u00e9es sont disponibles sur notre site, sous l\u2019appellation<a href=\"https:\/\/frifri.be\/fr\/politique-de-confidentialite-et-de-gestion-des-cookies\/\"> \u2018Politique de confidentialit\u00e9\u2019<\/a>.<\/p>\n\n\n\n<h2 class=\"wp-block-heading\">14. Propri\u00e9t\u00e9 intellectuelle<\/h2>\n\n\n\n<p>L&rsquo;ensemble du contenu du Site Frifri (illustrations, textes, libell\u00e9s, marques, images, vid\u00e9os,\u2026) est la propri\u00e9t\u00e9 de Frifri, de ses co-contractants ou partenaires. Toute reproduction partielle ou totale du contenu par quelque proc\u00e9d\u00e9 que ce soit et sur n\u2019importe quel support est sujette \u00e0 une autorisation pr\u00e9alable et expresse de Frifri. Toutes les informations, les contenus, les dossiers et les logiciels offerts par nos services sont prot\u00e9g\u00e9s par les lois luxembourgeoises et internationales concernant la propri\u00e9t\u00e9 intellectuelle et le copyright.<\/p>\n\n\n\n<p>Frifri ne peut vous donner la permission de copier, afficher ou distribuer tout contenu pour lequel vous ne poss\u00e9dez pas de droits de propri\u00e9t\u00e9 intellectuelle. Toute utilisation de ces contenus en fraude des droits d\u00e9tenus par des tiers sur ceux-ci est constitutive du d\u00e9lit de contrefa\u00e7on, s\u00e9v\u00e8rement sanctionn\u00e9 par le Code de la Propri\u00e9t\u00e9 Intellectuelle. Frifri ne saurait en aucun cas \u00eatre tenue pour responsable de la violation par un utilisateur de droits d\u00e9tenus par des tiers et perp\u00e9tr\u00e9e \u00e0 raison des activit\u00e9s de ce dernier sur le Site.<\/p>\n","protected":false},"excerpt":{"rendered":"<p>SITE R\u00c9SERV\u00c9 AUX PARTICULIERS 1. Introduction Les conditions g\u00e9n\u00e9rales de vente d\u00e9taill\u00e9es ci-dessous (ci-apr\u00e8s d\u00e9sign\u00e9es les&#8230; <span class=\"moreLink\"><a href=\"https:\/\/frifri.be\/fr\/conditions-generales-de-vente\/\">+<\/a><\/span><\/p>\n","protected":false},"author":4,"featured_media":0,"parent":0,"menu_order":0,"comment_status":"closed","ping_status":"closed","template":"","meta":{"_acf_changed":false,"footnotes":""},"categories":[],"tags":[],"class_list":["post-7967","page","type-page","status-publish","hentry"],"acf":[],"yoast_head":"<!-- This site is optimized with the Yoast SEO plugin v27.1.1 - https:\/\/yoast.com\/product\/yoast-seo-wordpress\/ -->\n<title>Conditions g\u00e9n\u00e9rales de vente - Frifri Belgium<\/title>\n<meta name=\"robots\" content=\"index, follow, max-snippet:-1, max-image-preview:large, max-video-preview:-1\" \/>\n<link rel=\"canonical\" href=\"https:\/\/frifri.be\/fr\/conditions-generales-de-vente\/\" \/>\n<meta property=\"og:locale\" content=\"fr_FR\" \/>\n<meta property=\"og:type\" content=\"article\" \/>\n<meta property=\"og:title\" content=\"Conditions g\u00e9n\u00e9rales de vente - Frifri Belgium\" \/>\n<meta property=\"og:description\" content=\"SITE R\u00c9SERV\u00c9 AUX PARTICULIERS 1. Introduction Les conditions g\u00e9n\u00e9rales de vente d\u00e9taill\u00e9es ci-dessous (ci-apr\u00e8s d\u00e9sign\u00e9es les... +\" \/>\n<meta property=\"og:url\" content=\"https:\/\/frifri.be\/fr\/conditions-generales-de-vente\/\" \/>\n<meta property=\"og:site_name\" content=\"Frifri Belgium\" \/>\n<meta property=\"article:modified_time\" content=\"2024-04-23T08:17:55+00:00\" \/>\n<meta name=\"twitter:card\" content=\"summary_large_image\" \/>\n<meta name=\"twitter:label1\" content=\"Dur\u00e9e de lecture estim\u00e9e\" \/>\n\t<meta name=\"twitter:data1\" content=\"11 minutes\" \/>\n<script type=\"application\/ld+json\" class=\"yoast-schema-graph\">{\"@context\":\"https:\/\/schema.org\",\"@graph\":[{\"@type\":\"WebPage\",\"@id\":\"https:\/\/frifri.be\/fr\/conditions-generales-de-vente\/\",\"url\":\"https:\/\/frifri.be\/fr\/conditions-generales-de-vente\/\",\"name\":\"Conditions g\u00e9n\u00e9rales de vente - Frifri Belgium\",\"isPartOf\":{\"@id\":\"https:\/\/frifri.be\/fr\/#website\"},\"datePublished\":\"2019-10-02T11:56:07+00:00\",\"dateModified\":\"2024-04-23T08:17:55+00:00\",\"breadcrumb\":{\"@id\":\"https:\/\/frifri.be\/fr\/conditions-generales-de-vente\/#breadcrumb\"},\"inLanguage\":\"fr-FR\",\"potentialAction\":[{\"@type\":\"ReadAction\",\"target\":[\"https:\/\/frifri.be\/fr\/conditions-generales-de-vente\/\"]}]},{\"@type\":\"BreadcrumbList\",\"@id\":\"https:\/\/frifri.be\/fr\/conditions-generales-de-vente\/#breadcrumb\",\"itemListElement\":[{\"@type\":\"ListItem\",\"position\":1,\"name\":\"Home\",\"item\":\"https:\/\/frifri.be\/fr\/frifri\/\"},{\"@type\":\"ListItem\",\"position\":2,\"name\":\"Conditions g\u00e9n\u00e9rales de vente\"}]},{\"@type\":\"WebSite\",\"@id\":\"https:\/\/frifri.be\/fr\/#website\",\"url\":\"https:\/\/frifri.be\/fr\/\",\"name\":\"Frifri Belgium\",\"description\":\"frifri Shop Belgium\",\"potentialAction\":[{\"@type\":\"SearchAction\",\"target\":{\"@type\":\"EntryPoint\",\"urlTemplate\":\"https:\/\/frifri.be\/fr\/?s={search_term_string}\"},\"query-input\":{\"@type\":\"PropertyValueSpecification\",\"valueRequired\":true,\"valueName\":\"search_term_string\"}}],\"inLanguage\":\"fr-FR\"}]}<\/script>\n<!-- \/ Yoast SEO plugin. -->","yoast_head_json":{"title":"Conditions g\u00e9n\u00e9rales de vente - Frifri Belgium","robots":{"index":"index","follow":"follow","max-snippet":"max-snippet:-1","max-image-preview":"max-image-preview:large","max-video-preview":"max-video-preview:-1"},"canonical":"https:\/\/frifri.be\/fr\/conditions-generales-de-vente\/","og_locale":"fr_FR","og_type":"article","og_title":"Conditions g\u00e9n\u00e9rales de vente - Frifri Belgium","og_description":"SITE R\u00c9SERV\u00c9 AUX PARTICULIERS 1. Introduction Les conditions g\u00e9n\u00e9rales de vente d\u00e9taill\u00e9es ci-dessous (ci-apr\u00e8s d\u00e9sign\u00e9es les... +","og_url":"https:\/\/frifri.be\/fr\/conditions-generales-de-vente\/","og_site_name":"Frifri Belgium","article_modified_time":"2024-04-23T08:17:55+00:00","twitter_card":"summary_large_image","twitter_misc":{"Dur\u00e9e de lecture estim\u00e9e":"11 minutes"},"schema":{"@context":"https:\/\/schema.org","@graph":[{"@type":"WebPage","@id":"https:\/\/frifri.be\/fr\/conditions-generales-de-vente\/","url":"https:\/\/frifri.be\/fr\/conditions-generales-de-vente\/","name":"Conditions g\u00e9n\u00e9rales de vente - Frifri Belgium","isPartOf":{"@id":"https:\/\/frifri.be\/fr\/#website"},"datePublished":"2019-10-02T11:56:07+00:00","dateModified":"2024-04-23T08:17:55+00:00","breadcrumb":{"@id":"https:\/\/frifri.be\/fr\/conditions-generales-de-vente\/#breadcrumb"},"inLanguage":"fr-FR","potentialAction":[{"@type":"ReadAction","target":["https:\/\/frifri.be\/fr\/conditions-generales-de-vente\/"]}]},{"@type":"BreadcrumbList","@id":"https:\/\/frifri.be\/fr\/conditions-generales-de-vente\/#breadcrumb","itemListElement":[{"@type":"ListItem","position":1,"name":"Home","item":"https:\/\/frifri.be\/fr\/frifri\/"},{"@type":"ListItem","position":2,"name":"Conditions g\u00e9n\u00e9rales de vente"}]},{"@type":"WebSite","@id":"https:\/\/frifri.be\/fr\/#website","url":"https:\/\/frifri.be\/fr\/","name":"Frifri Belgium","description":"frifri Shop Belgium","potentialAction":[{"@type":"SearchAction","target":{"@type":"EntryPoint","urlTemplate":"https:\/\/frifri.be\/fr\/?s={search_term_string}"},"query-input":{"@type":"PropertyValueSpecification","valueRequired":true,"valueName":"search_term_string"}}],"inLanguage":"fr-FR"}]}},"_links":{"self":[{"href":"https:\/\/frifri.be\/fr\/wp-json\/wp\/v2\/pages\/7967","targetHints":{"allow":["GET"]}}],"collection":[{"href":"https:\/\/frifri.be\/fr\/wp-json\/wp\/v2\/pages"}],"about":[{"href":"https:\/\/frifri.be\/fr\/wp-json\/wp\/v2\/types\/page"}],"author":[{"embeddable":true,"href":"https:\/\/frifri.be\/fr\/wp-json\/wp\/v2\/users\/4"}],"replies":[{"embeddable":true,"href":"https:\/\/frifri.be\/fr\/wp-json\/wp\/v2\/comments?post=7967"}],"version-history":[{"count":1,"href":"https:\/\/frifri.be\/fr\/wp-json\/wp\/v2\/pages\/7967\/revisions"}],"predecessor-version":[{"id":60023,"href":"https:\/\/frifri.be\/fr\/wp-json\/wp\/v2\/pages\/7967\/revisions\/60023"}],"wp:attachment":[{"href":"https:\/\/frifri.be\/fr\/wp-json\/wp\/v2\/media?parent=7967"}],"wp:term":[{"taxonomy":"category","embeddable":true,"href":"https:\/\/frifri.be\/fr\/wp-json\/wp\/v2\/categories?post=7967"},{"taxonomy":"post_tag","embeddable":true,"href":"https:\/\/frifri.be\/fr\/wp-json\/wp\/v2\/tags?post=7967"}],"curies":[{"name":"wp","href":"https:\/\/api.w.org\/{rel}","templated":true}]}}