{"id":1003,"date":"2019-07-03T16:15:52","date_gmt":"2019-07-03T14:15:52","guid":{"rendered":"https:\/\/frifri.be\/?post_type=product&#038;p=1003"},"modified":"2025-12-02T14:24:58","modified_gmt":"2025-12-02T13:24:58","slug":"electro-menager-raclette-avec-plaque-de-cuisson-reversible","status":"publish","type":"product","link":"https:\/\/frifri.be\/fr\/produit\/electro-menager-raclette-avec-plaque-de-cuisson-reversible\/","title":{"rendered":"La Raclette"},"content":{"rendered":"<h2>Avec l&rsquo;appareil \u00e0 Raclette profitez de votre appareil de l\u2019entr\u00e9e au dessert<\/h2>\n<ul>\n<li>Convivial avec ses <strong>8 po\u00ealons antiadh\u00e9sifs<\/strong>, tout le monde profite de la machine \u00e0 raclette : quelle que soit la place que l\u2019on occupe autour de la table.<\/li>\n<li>Des <strong>spatules en bois<\/strong> fournies avec votre appareil \u00e0 raclette pour r\u00e9cup\u00e9rer en douceur toutes les pr\u00e9parations dans le fond des po\u00ealons.<\/li>\n<li>Une <strong>plaque de cuisson r\u00e9versible<\/strong> pour agr\u00e9menter le repas avec des cuissons sur le grill ou des cr\u00eapes, avec rebord et rev\u00eatement antiadh\u00e9sif.<\/li>\n<li><strong>Puissant<\/strong> pour une cuisson rapide et uniforme dans les po\u00ealons et sur la plaque de cuisson r\u00e9versible.<\/li>\n<li>S\u00e9curit\u00e9 garantie avec son <strong>interrupteur marche\/arr\u00eat<\/strong> et ses <strong>pieds antid\u00e9rapants<\/strong>.<\/li>\n<li><strong>Facile \u00e0 nettoyer<\/strong>, les po\u00ealons et la plaque de cuisson <strong>amovible<\/strong> passent au lave-vaisselle.<\/li>\n<\/ul>\n","protected":false},"excerpt":{"rendered":"<p>Avec l&rsquo;appareil \u00e0 Raclette profitez de votre appareil de l\u2019entr\u00e9e au dessert Convivial avec ses 8&#8230; <span class=\"moreLink\"><a href=\"https:\/\/frifri.be\/fr\/produit\/electro-menager-raclette-avec-plaque-de-cuisson-reversible\/\">+<\/a><\/span><\/p>\n","protected":false},"featured_media":4816,"comment_status":"closed","ping_status":"closed","template":"","meta":{"_acf_changed":false},"product_brand":[],"product_cat":[175],"product_tag":[],"class_list":{"0":"post-1003","1":"product","2":"type-product","3":"status-publish","4":"has-post-thumbnail","6":"product_cat-la-raclette","8":"first","9":"outofstock","10":"taxable","11":"shipping-taxable","12":"purchasable","13":"product-type-simple"},"acf":[],"yoast_head":"<!-- This site is optimized with the Yoast SEO plugin v27.3 - https:\/\/yoast.com\/product\/yoast-seo-wordpress\/ -->\n<title>La Raclette - Pratique avec sa plaque de cuisson r\u00e9versible - Frifri Belgium<\/title>\n<meta name=\"description\" content=\"Avec La Raclette profitez de votre appareil de l\u2019entr\u00e9e au dessert. 8 po\u00ealons antiadh\u00e9sifs et 8 spatules en bois sont inclus\" \/>\n<meta name=\"robots\" content=\"index, follow, max-snippet:-1, max-image-preview:large, max-video-preview:-1\" \/>\n<link rel=\"canonical\" href=\"https:\/\/frifri.be\/fr\/produit\/electro-menager-raclette-avec-plaque-de-cuisson-reversible\/\" \/>\n<meta property=\"og:locale\" content=\"fr_FR\" \/>\n<meta property=\"og:type\" content=\"article\" \/>\n<meta property=\"og:title\" content=\"La Raclette - Pratique avec sa plaque de cuisson r\u00e9versible - Frifri Belgium\" \/>\n<meta property=\"og:description\" content=\"Avec La Raclette profitez de votre appareil de l\u2019entr\u00e9e au dessert. 8 po\u00ealons antiadh\u00e9sifs et 8 spatules en bois sont inclus\" \/>\n<meta property=\"og:url\" content=\"https:\/\/frifri.be\/fr\/produit\/electro-menager-raclette-avec-plaque-de-cuisson-reversible\/\" \/>\n<meta property=\"og:site_name\" content=\"Frifri Belgium\" \/>\n<meta property=\"article:modified_time\" content=\"2025-12-02T13:24:58+00:00\" \/>\n<meta property=\"og:image\" content=\"https:\/\/frifri.be\/wp-content\/uploads\/2019\/07\/Frifri_Raclette_Prod_0_thumb.jpg\" \/>\n\t<meta property=\"og:image:width\" content=\"1600\" \/>\n\t<meta property=\"og:image:height\" content=\"1600\" \/>\n\t<meta property=\"og:image:type\" content=\"image\/jpeg\" \/>\n<meta name=\"twitter:card\" content=\"summary_large_image\" \/>\n<meta name=\"twitter:label1\" content=\"Dur\u00e9e de lecture estim\u00e9e\" \/>\n\t<meta name=\"twitter:data1\" content=\"2 minutes\" \/>\n<script type=\"application\/ld+json\" class=\"yoast-schema-graph\">{\"@context\":\"https:\\\/\\\/schema.org\",\"@graph\":[{\"@type\":\"WebPage\",\"@id\":\"https:\\\/\\\/frifri.be\\\/fr\\\/produit\\\/electro-menager-raclette-avec-plaque-de-cuisson-reversible\\\/\",\"url\":\"https:\\\/\\\/frifri.be\\\/fr\\\/produit\\\/electro-menager-raclette-avec-plaque-de-cuisson-reversible\\\/\",\"name\":\"La Raclette - Pratique avec sa plaque de cuisson r\u00e9versible - Frifri Belgium\",\"isPartOf\":{\"@id\":\"https:\\\/\\\/frifri.be\\\/fr\\\/#website\"},\"primaryImageOfPage\":{\"@id\":\"https:\\\/\\\/frifri.be\\\/fr\\\/produit\\\/electro-menager-raclette-avec-plaque-de-cuisson-reversible\\\/#primaryimage\"},\"image\":{\"@id\":\"https:\\\/\\\/frifri.be\\\/fr\\\/produit\\\/electro-menager-raclette-avec-plaque-de-cuisson-reversible\\\/#primaryimage\"},\"thumbnailUrl\":\"https:\\\/\\\/frifri.be\\\/wp-content\\\/uploads\\\/2019\\\/07\\\/Frifri_Raclette_Prod_0_thumb.jpg\",\"datePublished\":\"2019-07-03T14:15:52+00:00\",\"dateModified\":\"2025-12-02T13:24:58+00:00\",\"description\":\"Avec La Raclette profitez de votre appareil de l\u2019entr\u00e9e au dessert. 8 po\u00ealons antiadh\u00e9sifs et 8 spatules en bois sont inclus\",\"breadcrumb\":{\"@id\":\"https:\\\/\\\/frifri.be\\\/fr\\\/produit\\\/electro-menager-raclette-avec-plaque-de-cuisson-reversible\\\/#breadcrumb\"},\"inLanguage\":\"fr-FR\",\"potentialAction\":[{\"@type\":\"ReadAction\",\"target\":[\"https:\\\/\\\/frifri.be\\\/fr\\\/produit\\\/electro-menager-raclette-avec-plaque-de-cuisson-reversible\\\/\"]}]},{\"@type\":\"ImageObject\",\"inLanguage\":\"fr-FR\",\"@id\":\"https:\\\/\\\/frifri.be\\\/fr\\\/produit\\\/electro-menager-raclette-avec-plaque-de-cuisson-reversible\\\/#primaryimage\",\"url\":\"https:\\\/\\\/frifri.be\\\/wp-content\\\/uploads\\\/2019\\\/07\\\/Frifri_Raclette_Prod_0_thumb.jpg\",\"contentUrl\":\"https:\\\/\\\/frifri.be\\\/wp-content\\\/uploads\\\/2019\\\/07\\\/Frifri_Raclette_Prod_0_thumb.jpg\",\"width\":1600,\"height\":1600},{\"@type\":\"BreadcrumbList\",\"@id\":\"https:\\\/\\\/frifri.be\\\/fr\\\/produit\\\/electro-menager-raclette-avec-plaque-de-cuisson-reversible\\\/#breadcrumb\",\"itemListElement\":[{\"@type\":\"ListItem\",\"position\":1,\"name\":\"Home\",\"item\":\"https:\\\/\\\/frifri.be\\\/fr\\\/frifri\\\/\"},{\"@type\":\"ListItem\",\"position\":2,\"name\":\"Nos produits\",\"item\":\"https:\\\/\\\/frifri.be\\\/fr\\\/boutique\\\/\"},{\"@type\":\"ListItem\",\"position\":3,\"name\":\"Appareil \u00e0 raclette\",\"item\":\"https:\\\/\\\/frifri.be\\\/fr\\\/categorie-produit\\\/la-raclette\\\/\"},{\"@type\":\"ListItem\",\"position\":4,\"name\":\"La Raclette\"}]},{\"@type\":\"WebSite\",\"@id\":\"https:\\\/\\\/frifri.be\\\/fr\\\/#website\",\"url\":\"https:\\\/\\\/frifri.be\\\/fr\\\/\",\"name\":\"Frifri Belgium\",\"description\":\"frifri Shop Belgium\",\"potentialAction\":[{\"@type\":\"SearchAction\",\"target\":{\"@type\":\"EntryPoint\",\"urlTemplate\":\"https:\\\/\\\/frifri.be\\\/fr\\\/?s={search_term_string}\"},\"query-input\":{\"@type\":\"PropertyValueSpecification\",\"valueRequired\":true,\"valueName\":\"search_term_string\"}}],\"inLanguage\":\"fr-FR\"}]}<\/script>\n<!-- \/ Yoast SEO plugin. -->","yoast_head_json":{"title":"La Raclette - Pratique avec sa plaque de cuisson r\u00e9versible - Frifri Belgium","description":"Avec La Raclette profitez de votre appareil de l\u2019entr\u00e9e au dessert. 8 po\u00ealons antiadh\u00e9sifs et 8 spatules en bois sont inclus","robots":{"index":"index","follow":"follow","max-snippet":"max-snippet:-1","max-image-preview":"max-image-preview:large","max-video-preview":"max-video-preview:-1"},"canonical":"https:\/\/frifri.be\/fr\/produit\/electro-menager-raclette-avec-plaque-de-cuisson-reversible\/","og_locale":"fr_FR","og_type":"article","og_title":"La Raclette - Pratique avec sa plaque de cuisson r\u00e9versible - Frifri Belgium","og_description":"Avec La Raclette profitez de votre appareil de l\u2019entr\u00e9e au dessert. 8 po\u00ealons antiadh\u00e9sifs et 8 spatules en bois sont inclus","og_url":"https:\/\/frifri.be\/fr\/produit\/electro-menager-raclette-avec-plaque-de-cuisson-reversible\/","og_site_name":"Frifri Belgium","article_modified_time":"2025-12-02T13:24:58+00:00","og_image":[{"width":1600,"height":1600,"url":"https:\/\/frifri.be\/wp-content\/uploads\/2019\/07\/Frifri_Raclette_Prod_0_thumb.jpg","type":"image\/jpeg"}],"twitter_card":"summary_large_image","twitter_misc":{"Dur\u00e9e de lecture estim\u00e9e":"2 minutes"},"schema":{"@context":"https:\/\/schema.org","@graph":[{"@type":"WebPage","@id":"https:\/\/frifri.be\/fr\/produit\/electro-menager-raclette-avec-plaque-de-cuisson-reversible\/","url":"https:\/\/frifri.be\/fr\/produit\/electro-menager-raclette-avec-plaque-de-cuisson-reversible\/","name":"La Raclette - Pratique avec sa plaque de cuisson r\u00e9versible - Frifri Belgium","isPartOf":{"@id":"https:\/\/frifri.be\/fr\/#website"},"primaryImageOfPage":{"@id":"https:\/\/frifri.be\/fr\/produit\/electro-menager-raclette-avec-plaque-de-cuisson-reversible\/#primaryimage"},"image":{"@id":"https:\/\/frifri.be\/fr\/produit\/electro-menager-raclette-avec-plaque-de-cuisson-reversible\/#primaryimage"},"thumbnailUrl":"https:\/\/frifri.be\/wp-content\/uploads\/2019\/07\/Frifri_Raclette_Prod_0_thumb.jpg","datePublished":"2019-07-03T14:15:52+00:00","dateModified":"2025-12-02T13:24:58+00:00","description":"Avec La Raclette profitez de votre appareil de l\u2019entr\u00e9e au dessert. 8 po\u00ealons antiadh\u00e9sifs et 8 spatules en bois sont inclus","breadcrumb":{"@id":"https:\/\/frifri.be\/fr\/produit\/electro-menager-raclette-avec-plaque-de-cuisson-reversible\/#breadcrumb"},"inLanguage":"fr-FR","potentialAction":[{"@type":"ReadAction","target":["https:\/\/frifri.be\/fr\/produit\/electro-menager-raclette-avec-plaque-de-cuisson-reversible\/"]}]},{"@type":"ImageObject","inLanguage":"fr-FR","@id":"https:\/\/frifri.be\/fr\/produit\/electro-menager-raclette-avec-plaque-de-cuisson-reversible\/#primaryimage","url":"https:\/\/frifri.be\/wp-content\/uploads\/2019\/07\/Frifri_Raclette_Prod_0_thumb.jpg","contentUrl":"https:\/\/frifri.be\/wp-content\/uploads\/2019\/07\/Frifri_Raclette_Prod_0_thumb.jpg","width":1600,"height":1600},{"@type":"BreadcrumbList","@id":"https:\/\/frifri.be\/fr\/produit\/electro-menager-raclette-avec-plaque-de-cuisson-reversible\/#breadcrumb","itemListElement":[{"@type":"ListItem","position":1,"name":"Home","item":"https:\/\/frifri.be\/fr\/frifri\/"},{"@type":"ListItem","position":2,"name":"Nos produits","item":"https:\/\/frifri.be\/fr\/boutique\/"},{"@type":"ListItem","position":3,"name":"Appareil \u00e0 raclette","item":"https:\/\/frifri.be\/fr\/categorie-produit\/la-raclette\/"},{"@type":"ListItem","position":4,"name":"La Raclette"}]},{"@type":"WebSite","@id":"https:\/\/frifri.be\/fr\/#website","url":"https:\/\/frifri.be\/fr\/","name":"Frifri Belgium","description":"frifri Shop Belgium","potentialAction":[{"@type":"SearchAction","target":{"@type":"EntryPoint","urlTemplate":"https:\/\/frifri.be\/fr\/?s={search_term_string}"},"query-input":{"@type":"PropertyValueSpecification","valueRequired":true,"valueName":"search_term_string"}}],"inLanguage":"fr-FR"}]}},"_links":{"self":[{"href":"https:\/\/frifri.be\/fr\/wp-json\/wp\/v2\/product\/1003","targetHints":{"allow":["GET"]}}],"collection":[{"href":"https:\/\/frifri.be\/fr\/wp-json\/wp\/v2\/product"}],"about":[{"href":"https:\/\/frifri.be\/fr\/wp-json\/wp\/v2\/types\/product"}],"replies":[{"embeddable":true,"href":"https:\/\/frifri.be\/fr\/wp-json\/wp\/v2\/comments?post=1003"}],"wp:featuredmedia":[{"embeddable":true,"href":"https:\/\/frifri.be\/fr\/wp-json\/wp\/v2\/media\/4816"}],"wp:attachment":[{"href":"https:\/\/frifri.be\/fr\/wp-json\/wp\/v2\/media?parent=1003"}],"wp:term":[{"taxonomy":"product_brand","embeddable":true,"href":"https:\/\/frifri.be\/fr\/wp-json\/wp\/v2\/product_brand?post=1003"},{"taxonomy":"product_cat","embeddable":true,"href":"https:\/\/frifri.be\/fr\/wp-json\/wp\/v2\/product_cat?post=1003"},{"taxonomy":"product_tag","embeddable":true,"href":"https:\/\/frifri.be\/fr\/wp-json\/wp\/v2\/product_tag?post=1003"}],"curies":[{"name":"wp","href":"https:\/\/api.w.org\/{rel}","templated":true}]}}