{"id":1049,"date":"2019-07-04T12:15:38","date_gmt":"2019-07-04T10:15:38","guid":{"rendered":"https:\/\/frifri.be\/?post_type=product&#038;p=1049"},"modified":"2026-03-18T12:44:08","modified_gmt":"2026-03-18T11:44:08","slug":"electro-menager-tempereuse-a-chocolat","status":"publish","type":"product","link":"https:\/\/frifri.be\/fr\/produit\/electro-menager-tempereuse-a-chocolat\/","title":{"rendered":"La Chocolati\u00e8re"},"content":{"rendered":"<h2>La cuisine belge avec la temp\u00e9reuse \u00e0 chocolat La Chocolati\u00e8re<\/h2>\n<p>Le seul appareil pour travailler le chocolat comme un professionnel, \u00e0 la maison et en toute simplicit\u00e9. Pour pr\u00e9parer le chocolat et amener le beurre de cacao dans sa forme cristalline la plus stable.<\/p>\n<ul>\n<li><strong>Temp\u00e8re<\/strong> le chocolat avec pr\u00e9cision pour un r\u00e9sultat brillant, croquant et facilement d\u00e9moulable.<\/li>\n<li><strong>Thermom\u00e8tre digital<\/strong> pour contr\u00f4ler la temp\u00e9rature avec la plus grande pr\u00e9cision.<\/li>\n<li><strong>Temp\u00e9rature parfaite<\/strong> pour confectionner des pralines, \u0153ufs de P\u00e2ques, gla\u00e7ages&#8230; parfaitement r\u00e9ussis.<\/li>\n<li>Un <strong>moule \u00e0 praline<\/strong> pour confectionner jusqu\u2019\u00e0 21 pralines de 7 formes diff\u00e9rentes.<\/li>\n<li>Une <strong>spatule en inox<\/strong> pour r\u00e9cup\u00e9rer le surplus de chocolat du moule \u00e0 pralines.<\/li>\n<li>Des <strong>poches \u00e0 douille<\/strong> qui facilitent le fourrage des pralines.<\/li>\n<li>Un <strong>livre de recettes<\/strong> de Laurent Gerbaud, Ma\u00eetre chocolatier belge.<\/li>\n<\/ul>\n<h2>Promo de P\u00e2ques : un Kit de P\u00e2ques comprenant 5 moules vous est offert (valeur : \u20ac55)<\/h2>\n","protected":false},"excerpt":{"rendered":"<p>La cuisine belge avec la temp\u00e9reuse \u00e0 chocolat La Chocolati\u00e8re Le seul appareil pour travailler le&#8230; <span class=\"moreLink\"><a href=\"https:\/\/frifri.be\/fr\/produit\/electro-menager-tempereuse-a-chocolat\/\">+<\/a><\/span><\/p>\n","protected":false},"featured_media":35136,"comment_status":"closed","ping_status":"closed","template":"","meta":{"_acf_changed":false},"product_brand":[],"product_cat":[185],"product_tag":[],"class_list":{"0":"post-1049","1":"product","2":"type-product","3":"status-publish","4":"has-post-thumbnail","6":"product_cat-la-chocolatiere","8":"first","9":"instock","10":"taxable","11":"shipping-taxable","12":"purchasable","13":"product-type-simple"},"acf":[],"yoast_head":"<!-- This site is optimized with the Yoast SEO plugin v27.3 - https:\/\/yoast.com\/product\/yoast-seo-wordpress\/ -->\n<title>La Chocolati\u00e8re - Ma\u00eetrisez l\u2019art du chocolat - Frifri Belgium<\/title>\n<meta name=\"description\" content=\"La cuisine belge avec la temp\u00e9reuse \u00e0 chocolat La Chocolati\u00e8re, le seul appareil pour travailler le chocolat comme un professionnel.\" \/>\n<meta name=\"robots\" content=\"index, follow, max-snippet:-1, max-image-preview:large, max-video-preview:-1\" \/>\n<link rel=\"canonical\" href=\"https:\/\/frifri.be\/fr\/produit\/electro-menager-tempereuse-a-chocolat\/\" \/>\n<meta property=\"og:locale\" content=\"fr_FR\" \/>\n<meta property=\"og:type\" content=\"article\" \/>\n<meta property=\"og:title\" content=\"La Chocolati\u00e8re - Ma\u00eetrisez l\u2019art du chocolat - Frifri Belgium\" \/>\n<meta property=\"og:description\" content=\"La cuisine belge avec la temp\u00e9reuse \u00e0 chocolat La Chocolati\u00e8re, le seul appareil pour travailler le chocolat comme un professionnel.\" \/>\n<meta property=\"og:url\" content=\"https:\/\/frifri.be\/fr\/produit\/electro-menager-tempereuse-a-chocolat\/\" \/>\n<meta property=\"og:site_name\" content=\"Frifri Belgium\" \/>\n<meta property=\"article:modified_time\" content=\"2026-03-18T11:44:08+00:00\" \/>\n<meta property=\"og:image\" content=\"https:\/\/frifri.be\/wp-content\/uploads\/2019\/07\/Chocolatiere-300-dpi-vuaucinema.jpg\" \/>\n\t<meta property=\"og:image:width\" content=\"1600\" \/>\n\t<meta property=\"og:image:height\" content=\"1600\" \/>\n\t<meta property=\"og:image:type\" content=\"image\/jpeg\" \/>\n<meta name=\"twitter:card\" content=\"summary_large_image\" \/>\n<meta name=\"twitter:label1\" content=\"Dur\u00e9e de lecture estim\u00e9e\" \/>\n\t<meta name=\"twitter:data1\" content=\"2 minutes\" \/>\n<script type=\"application\/ld+json\" class=\"yoast-schema-graph\">{\"@context\":\"https:\\\/\\\/schema.org\",\"@graph\":[{\"@type\":\"WebPage\",\"@id\":\"https:\\\/\\\/frifri.be\\\/fr\\\/produit\\\/electro-menager-tempereuse-a-chocolat\\\/\",\"url\":\"https:\\\/\\\/frifri.be\\\/fr\\\/produit\\\/electro-menager-tempereuse-a-chocolat\\\/\",\"name\":\"La Chocolati\u00e8re - Ma\u00eetrisez l\u2019art du chocolat - Frifri Belgium\",\"isPartOf\":{\"@id\":\"https:\\\/\\\/frifri.be\\\/fr\\\/#website\"},\"primaryImageOfPage\":{\"@id\":\"https:\\\/\\\/frifri.be\\\/fr\\\/produit\\\/electro-menager-tempereuse-a-chocolat\\\/#primaryimage\"},\"image\":{\"@id\":\"https:\\\/\\\/frifri.be\\\/fr\\\/produit\\\/electro-menager-tempereuse-a-chocolat\\\/#primaryimage\"},\"thumbnailUrl\":\"https:\\\/\\\/frifri.be\\\/wp-content\\\/uploads\\\/2019\\\/07\\\/Chocolatiere-300-dpi-vuaucinema.jpg\",\"datePublished\":\"2019-07-04T10:15:38+00:00\",\"dateModified\":\"2026-03-18T11:44:08+00:00\",\"description\":\"La cuisine belge avec la temp\u00e9reuse \u00e0 chocolat La Chocolati\u00e8re, le seul appareil pour travailler le chocolat comme un professionnel.\",\"breadcrumb\":{\"@id\":\"https:\\\/\\\/frifri.be\\\/fr\\\/produit\\\/electro-menager-tempereuse-a-chocolat\\\/#breadcrumb\"},\"inLanguage\":\"fr-FR\",\"potentialAction\":[{\"@type\":\"ReadAction\",\"target\":[\"https:\\\/\\\/frifri.be\\\/fr\\\/produit\\\/electro-menager-tempereuse-a-chocolat\\\/\"]}]},{\"@type\":\"ImageObject\",\"inLanguage\":\"fr-FR\",\"@id\":\"https:\\\/\\\/frifri.be\\\/fr\\\/produit\\\/electro-menager-tempereuse-a-chocolat\\\/#primaryimage\",\"url\":\"https:\\\/\\\/frifri.be\\\/wp-content\\\/uploads\\\/2019\\\/07\\\/Chocolatiere-300-dpi-vuaucinema.jpg\",\"contentUrl\":\"https:\\\/\\\/frifri.be\\\/wp-content\\\/uploads\\\/2019\\\/07\\\/Chocolatiere-300-dpi-vuaucinema.jpg\",\"width\":1600,\"height\":1600},{\"@type\":\"BreadcrumbList\",\"@id\":\"https:\\\/\\\/frifri.be\\\/fr\\\/produit\\\/electro-menager-tempereuse-a-chocolat\\\/#breadcrumb\",\"itemListElement\":[{\"@type\":\"ListItem\",\"position\":1,\"name\":\"Home\",\"item\":\"https:\\\/\\\/frifri.be\\\/fr\\\/frifri\\\/\"},{\"@type\":\"ListItem\",\"position\":2,\"name\":\"Nos produits\",\"item\":\"https:\\\/\\\/frifri.be\\\/fr\\\/boutique\\\/\"},{\"@type\":\"ListItem\",\"position\":3,\"name\":\"La Chocolati\u00e8re\",\"item\":\"https:\\\/\\\/frifri.be\\\/fr\\\/categorie-produit\\\/la-chocolatiere\\\/\"},{\"@type\":\"ListItem\",\"position\":4,\"name\":\"La Chocolati\u00e8re\"}]},{\"@type\":\"WebSite\",\"@id\":\"https:\\\/\\\/frifri.be\\\/fr\\\/#website\",\"url\":\"https:\\\/\\\/frifri.be\\\/fr\\\/\",\"name\":\"Frifri Belgium\",\"description\":\"frifri Shop Belgium\",\"potentialAction\":[{\"@type\":\"SearchAction\",\"target\":{\"@type\":\"EntryPoint\",\"urlTemplate\":\"https:\\\/\\\/frifri.be\\\/fr\\\/?s={search_term_string}\"},\"query-input\":{\"@type\":\"PropertyValueSpecification\",\"valueRequired\":true,\"valueName\":\"search_term_string\"}}],\"inLanguage\":\"fr-FR\"}]}<\/script>\n<!-- \/ Yoast SEO plugin. -->","yoast_head_json":{"title":"La Chocolati\u00e8re - Ma\u00eetrisez l\u2019art du chocolat - Frifri Belgium","description":"La cuisine belge avec la temp\u00e9reuse \u00e0 chocolat La Chocolati\u00e8re, le seul appareil pour travailler le chocolat comme un professionnel.","robots":{"index":"index","follow":"follow","max-snippet":"max-snippet:-1","max-image-preview":"max-image-preview:large","max-video-preview":"max-video-preview:-1"},"canonical":"https:\/\/frifri.be\/fr\/produit\/electro-menager-tempereuse-a-chocolat\/","og_locale":"fr_FR","og_type":"article","og_title":"La Chocolati\u00e8re - Ma\u00eetrisez l\u2019art du chocolat - Frifri Belgium","og_description":"La cuisine belge avec la temp\u00e9reuse \u00e0 chocolat La Chocolati\u00e8re, le seul appareil pour travailler le chocolat comme un professionnel.","og_url":"https:\/\/frifri.be\/fr\/produit\/electro-menager-tempereuse-a-chocolat\/","og_site_name":"Frifri Belgium","article_modified_time":"2026-03-18T11:44:08+00:00","og_image":[{"width":1600,"height":1600,"url":"https:\/\/frifri.be\/wp-content\/uploads\/2019\/07\/Chocolatiere-300-dpi-vuaucinema.jpg","type":"image\/jpeg"}],"twitter_card":"summary_large_image","twitter_misc":{"Dur\u00e9e de lecture estim\u00e9e":"2 minutes"},"schema":{"@context":"https:\/\/schema.org","@graph":[{"@type":"WebPage","@id":"https:\/\/frifri.be\/fr\/produit\/electro-menager-tempereuse-a-chocolat\/","url":"https:\/\/frifri.be\/fr\/produit\/electro-menager-tempereuse-a-chocolat\/","name":"La Chocolati\u00e8re - Ma\u00eetrisez l\u2019art du chocolat - Frifri Belgium","isPartOf":{"@id":"https:\/\/frifri.be\/fr\/#website"},"primaryImageOfPage":{"@id":"https:\/\/frifri.be\/fr\/produit\/electro-menager-tempereuse-a-chocolat\/#primaryimage"},"image":{"@id":"https:\/\/frifri.be\/fr\/produit\/electro-menager-tempereuse-a-chocolat\/#primaryimage"},"thumbnailUrl":"https:\/\/frifri.be\/wp-content\/uploads\/2019\/07\/Chocolatiere-300-dpi-vuaucinema.jpg","datePublished":"2019-07-04T10:15:38+00:00","dateModified":"2026-03-18T11:44:08+00:00","description":"La cuisine belge avec la temp\u00e9reuse \u00e0 chocolat La Chocolati\u00e8re, le seul appareil pour travailler le chocolat comme un professionnel.","breadcrumb":{"@id":"https:\/\/frifri.be\/fr\/produit\/electro-menager-tempereuse-a-chocolat\/#breadcrumb"},"inLanguage":"fr-FR","potentialAction":[{"@type":"ReadAction","target":["https:\/\/frifri.be\/fr\/produit\/electro-menager-tempereuse-a-chocolat\/"]}]},{"@type":"ImageObject","inLanguage":"fr-FR","@id":"https:\/\/frifri.be\/fr\/produit\/electro-menager-tempereuse-a-chocolat\/#primaryimage","url":"https:\/\/frifri.be\/wp-content\/uploads\/2019\/07\/Chocolatiere-300-dpi-vuaucinema.jpg","contentUrl":"https:\/\/frifri.be\/wp-content\/uploads\/2019\/07\/Chocolatiere-300-dpi-vuaucinema.jpg","width":1600,"height":1600},{"@type":"BreadcrumbList","@id":"https:\/\/frifri.be\/fr\/produit\/electro-menager-tempereuse-a-chocolat\/#breadcrumb","itemListElement":[{"@type":"ListItem","position":1,"name":"Home","item":"https:\/\/frifri.be\/fr\/frifri\/"},{"@type":"ListItem","position":2,"name":"Nos produits","item":"https:\/\/frifri.be\/fr\/boutique\/"},{"@type":"ListItem","position":3,"name":"La Chocolati\u00e8re","item":"https:\/\/frifri.be\/fr\/categorie-produit\/la-chocolatiere\/"},{"@type":"ListItem","position":4,"name":"La Chocolati\u00e8re"}]},{"@type":"WebSite","@id":"https:\/\/frifri.be\/fr\/#website","url":"https:\/\/frifri.be\/fr\/","name":"Frifri Belgium","description":"frifri Shop Belgium","potentialAction":[{"@type":"SearchAction","target":{"@type":"EntryPoint","urlTemplate":"https:\/\/frifri.be\/fr\/?s={search_term_string}"},"query-input":{"@type":"PropertyValueSpecification","valueRequired":true,"valueName":"search_term_string"}}],"inLanguage":"fr-FR"}]}},"_links":{"self":[{"href":"https:\/\/frifri.be\/fr\/wp-json\/wp\/v2\/product\/1049","targetHints":{"allow":["GET"]}}],"collection":[{"href":"https:\/\/frifri.be\/fr\/wp-json\/wp\/v2\/product"}],"about":[{"href":"https:\/\/frifri.be\/fr\/wp-json\/wp\/v2\/types\/product"}],"replies":[{"embeddable":true,"href":"https:\/\/frifri.be\/fr\/wp-json\/wp\/v2\/comments?post=1049"}],"wp:featuredmedia":[{"embeddable":true,"href":"https:\/\/frifri.be\/fr\/wp-json\/wp\/v2\/media\/35136"}],"wp:attachment":[{"href":"https:\/\/frifri.be\/fr\/wp-json\/wp\/v2\/media?parent=1049"}],"wp:term":[{"taxonomy":"product_brand","embeddable":true,"href":"https:\/\/frifri.be\/fr\/wp-json\/wp\/v2\/product_brand?post=1049"},{"taxonomy":"product_cat","embeddable":true,"href":"https:\/\/frifri.be\/fr\/wp-json\/wp\/v2\/product_cat?post=1049"},{"taxonomy":"product_tag","embeddable":true,"href":"https:\/\/frifri.be\/fr\/wp-json\/wp\/v2\/product_tag?post=1049"}],"curies":[{"name":"wp","href":"https:\/\/api.w.org\/{rel}","templated":true}]}}