{"id":1292,"date":"2019-07-08T14:13:24","date_gmt":"2019-07-08T12:13:24","guid":{"rendered":"https:\/\/frifri.be\/?post_type=product&#038;p=1292"},"modified":"2026-03-03T11:13:46","modified_gmt":"2026-03-03T10:13:46","slug":"friteuse-initiation","status":"publish","type":"product","link":"https:\/\/frifri.be\/fr\/produit\/friteuse-initiation\/","title":{"rendered":"La Friteuse Initiation"},"content":{"rendered":"<p><strong>Initiation<\/strong>, Les Friteuses rondes en plastique avec couvercle de rangement. Trois coloris &#8211; blanc, gris ou noir \u2013 capacit\u00e9 de 3 \u00e0 4 L avec une puissance de 3.200 Watts.<\/p>\n<ul>\n<li>La <strong>s\u00e9curit\u00e9<\/strong> avant tout, avec une <strong>t\u00eate de chauffe brevet\u00e9e<\/strong> pour \u00e9viter \u00e9claboussures et vapeur d\u2019huile gr\u00e2ce \u00e0 la molette de r\u00e9glage situ\u00e9e \u00e0 l\u2019arri\u00e8re de la friteuse.<\/li>\n<li>Technologie de la cuisson \u00e0 <strong>zone froide<\/strong>.<\/li>\n<li>Facile \u00e0 ranger avec sa <strong>poign\u00e9e repliable<\/strong> et son <strong>range-cordon<\/strong>.<\/li>\n<li>Facile \u00e0 nettoyer, la friteuse <strong>se d\u00e9monte en 30 secondes<\/strong> pour nettoyer chaque \u00e9l\u00e9ment avec une eau savonneuse, au lave-vaisselle ou, encore plus simple, avec le <a href=\"https:\/\/frifri.be\/fr\/produit\/accessoire-friteuse-degraissant\/\">d\u00e9graissant Frifri<\/a><strong><em>. <\/em><\/strong><\/li>\n<li>Manteau en plastique, \u00e0 la fois l\u00e9ger et robuste.<\/li>\n<li>Forme ronde, comme les <strong>friteuses d\u2019antan<\/strong> !<\/li>\n<\/ul>\n","protected":false},"excerpt":{"rendered":"<p>&nbsp;<\/p>\n<p>&nbsp;<\/p>\n","protected":false},"featured_media":12992,"comment_status":"open","ping_status":"closed","template":"","meta":{"_acf_changed":false},"product_brand":[],"product_cat":[22,845],"product_tag":[868],"class_list":{"0":"post-1292","1":"product","2":"type-product","3":"status-publish","4":"has-post-thumbnail","6":"product_cat-electro-menager-friteuse-avec-zone-froide","7":"product_cat-promo","8":"product_tag-soldes","10":"first","11":"instock","12":"sale","13":"taxable","14":"shipping-taxable","15":"purchasable","16":"product-type-variable","17":"has-default-attributes"},"acf":[],"yoast_head":"<!-- This site is optimized with the Yoast SEO plugin v27.1.1 - https:\/\/yoast.com\/product\/yoast-seo-wordpress\/ -->\n<title>La Friteuse Initiation - Une friteuse Frifri pour chaque occasion - Frifri Belgium<\/title>\n<meta name=\"description\" content=\"Initiation, Les Friteuses rondes en plastique avec couvercle de rangement. 3 coloris - blanc, gris, noir \u2013 capacit\u00e9 de 3 \u00e0 4L &amp; 2 puissances.\" \/>\n<meta name=\"robots\" content=\"index, follow, max-snippet:-1, max-image-preview:large, max-video-preview:-1\" \/>\n<link rel=\"canonical\" href=\"https:\/\/frifri.be\/fr\/produit\/friteuse-initiation\/\" \/>\n<meta property=\"og:locale\" content=\"fr_FR\" \/>\n<meta property=\"og:type\" content=\"article\" \/>\n<meta property=\"og:title\" content=\"La Friteuse Initiation - Une friteuse Frifri pour chaque occasion - Frifri Belgium\" \/>\n<meta property=\"og:description\" content=\"Initiation, Les Friteuses rondes en plastique avec couvercle de rangement. 3 coloris - blanc, gris, noir \u2013 capacit\u00e9 de 3 \u00e0 4L &amp; 2 puissances.\" \/>\n<meta property=\"og:url\" content=\"https:\/\/frifri.be\/fr\/produit\/friteuse-initiation\/\" \/>\n<meta property=\"og:site_name\" content=\"Frifri Belgium\" \/>\n<meta property=\"article:modified_time\" content=\"2026-03-03T10:13:46+00:00\" \/>\n<meta property=\"og:image\" content=\"https:\/\/frifri.be\/wp-content\/uploads\/2019\/07\/Frifri_Friteuse_Prod__910ED_910TR_3032KR_3028CL_918RR-avec-frites-800x800_03.jpg.jpg\" \/>\n\t<meta property=\"og:image:width\" content=\"1600\" \/>\n\t<meta property=\"og:image:height\" content=\"1565\" \/>\n\t<meta property=\"og:image:type\" content=\"image\/jpeg\" \/>\n<meta name=\"twitter:card\" content=\"summary_large_image\" \/>\n<meta name=\"twitter:label1\" content=\"Dur\u00e9e de lecture estim\u00e9e\" \/>\n\t<meta name=\"twitter:data1\" content=\"2 minutes\" \/>\n<script type=\"application\/ld+json\" class=\"yoast-schema-graph\">{\"@context\":\"https:\/\/schema.org\",\"@graph\":[{\"@type\":\"WebPage\",\"@id\":\"https:\/\/frifri.be\/fr\/produit\/friteuse-initiation\/\",\"url\":\"https:\/\/frifri.be\/fr\/produit\/friteuse-initiation\/\",\"name\":\"La Friteuse Initiation - Une friteuse Frifri pour chaque occasion - Frifri Belgium\",\"isPartOf\":{\"@id\":\"https:\/\/frifri.be\/fr\/#website\"},\"primaryImageOfPage\":{\"@id\":\"https:\/\/frifri.be\/fr\/produit\/friteuse-initiation\/#primaryimage\"},\"image\":{\"@id\":\"https:\/\/frifri.be\/fr\/produit\/friteuse-initiation\/#primaryimage\"},\"thumbnailUrl\":\"https:\/\/frifri.be\/wp-content\/uploads\/2019\/07\/Frifri_Friteuse_Prod__910ED_910TR_3032KR_3028CL_918RR-avec-frites-800x800_03.jpg.jpg\",\"datePublished\":\"2019-07-08T12:13:24+00:00\",\"dateModified\":\"2026-03-03T10:13:46+00:00\",\"description\":\"Initiation, Les Friteuses rondes en plastique avec couvercle de rangement. 3 coloris - blanc, gris, noir \u2013 capacit\u00e9 de 3 \u00e0 4L & 2 puissances.\",\"breadcrumb\":{\"@id\":\"https:\/\/frifri.be\/fr\/produit\/friteuse-initiation\/#breadcrumb\"},\"inLanguage\":\"fr-FR\",\"potentialAction\":[{\"@type\":\"ReadAction\",\"target\":[\"https:\/\/frifri.be\/fr\/produit\/friteuse-initiation\/\"]}]},{\"@type\":\"ImageObject\",\"inLanguage\":\"fr-FR\",\"@id\":\"https:\/\/frifri.be\/fr\/produit\/friteuse-initiation\/#primaryimage\",\"url\":\"https:\/\/frifri.be\/wp-content\/uploads\/2019\/07\/Frifri_Friteuse_Prod__910ED_910TR_3032KR_3028CL_918RR-avec-frites-800x800_03.jpg.jpg\",\"contentUrl\":\"https:\/\/frifri.be\/wp-content\/uploads\/2019\/07\/Frifri_Friteuse_Prod__910ED_910TR_3032KR_3028CL_918RR-avec-frites-800x800_03.jpg.jpg\",\"width\":1600,\"height\":1565},{\"@type\":\"BreadcrumbList\",\"@id\":\"https:\/\/frifri.be\/fr\/produit\/friteuse-initiation\/#breadcrumb\",\"itemListElement\":[{\"@type\":\"ListItem\",\"position\":1,\"name\":\"Home\",\"item\":\"https:\/\/frifri.be\/fr\/frifri\/\"},{\"@type\":\"ListItem\",\"position\":2,\"name\":\"Nos produits\",\"item\":\"https:\/\/frifri.be\/fr\/boutique\/\"},{\"@type\":\"ListItem\",\"position\":3,\"name\":\"Les Friteuses\",\"item\":\"https:\/\/frifri.be\/fr\/categorie-produit\/electro-menager-friteuse-avec-zone-froide\/\"},{\"@type\":\"ListItem\",\"position\":4,\"name\":\"La Friteuse Initiation\"}]},{\"@type\":\"WebSite\",\"@id\":\"https:\/\/frifri.be\/fr\/#website\",\"url\":\"https:\/\/frifri.be\/fr\/\",\"name\":\"Frifri Belgium\",\"description\":\"frifri Shop Belgium\",\"potentialAction\":[{\"@type\":\"SearchAction\",\"target\":{\"@type\":\"EntryPoint\",\"urlTemplate\":\"https:\/\/frifri.be\/fr\/?s={search_term_string}\"},\"query-input\":{\"@type\":\"PropertyValueSpecification\",\"valueRequired\":true,\"valueName\":\"search_term_string\"}}],\"inLanguage\":\"fr-FR\"}]}<\/script>\n<!-- \/ Yoast SEO plugin. -->","yoast_head_json":{"title":"La Friteuse Initiation - Une friteuse Frifri pour chaque occasion - Frifri Belgium","description":"Initiation, Les Friteuses rondes en plastique avec couvercle de rangement. 3 coloris - blanc, gris, noir \u2013 capacit\u00e9 de 3 \u00e0 4L & 2 puissances.","robots":{"index":"index","follow":"follow","max-snippet":"max-snippet:-1","max-image-preview":"max-image-preview:large","max-video-preview":"max-video-preview:-1"},"canonical":"https:\/\/frifri.be\/fr\/produit\/friteuse-initiation\/","og_locale":"fr_FR","og_type":"article","og_title":"La Friteuse Initiation - Une friteuse Frifri pour chaque occasion - Frifri Belgium","og_description":"Initiation, Les Friteuses rondes en plastique avec couvercle de rangement. 3 coloris - blanc, gris, noir \u2013 capacit\u00e9 de 3 \u00e0 4L & 2 puissances.","og_url":"https:\/\/frifri.be\/fr\/produit\/friteuse-initiation\/","og_site_name":"Frifri Belgium","article_modified_time":"2026-03-03T10:13:46+00:00","og_image":[{"width":1600,"height":1565,"url":"https:\/\/frifri.be\/wp-content\/uploads\/2019\/07\/Frifri_Friteuse_Prod__910ED_910TR_3032KR_3028CL_918RR-avec-frites-800x800_03.jpg.jpg","type":"image\/jpeg"}],"twitter_card":"summary_large_image","twitter_misc":{"Dur\u00e9e de lecture estim\u00e9e":"2 minutes"},"schema":{"@context":"https:\/\/schema.org","@graph":[{"@type":"WebPage","@id":"https:\/\/frifri.be\/fr\/produit\/friteuse-initiation\/","url":"https:\/\/frifri.be\/fr\/produit\/friteuse-initiation\/","name":"La Friteuse Initiation - Une friteuse Frifri pour chaque occasion - Frifri Belgium","isPartOf":{"@id":"https:\/\/frifri.be\/fr\/#website"},"primaryImageOfPage":{"@id":"https:\/\/frifri.be\/fr\/produit\/friteuse-initiation\/#primaryimage"},"image":{"@id":"https:\/\/frifri.be\/fr\/produit\/friteuse-initiation\/#primaryimage"},"thumbnailUrl":"https:\/\/frifri.be\/wp-content\/uploads\/2019\/07\/Frifri_Friteuse_Prod__910ED_910TR_3032KR_3028CL_918RR-avec-frites-800x800_03.jpg.jpg","datePublished":"2019-07-08T12:13:24+00:00","dateModified":"2026-03-03T10:13:46+00:00","description":"Initiation, Les Friteuses rondes en plastique avec couvercle de rangement. 3 coloris - blanc, gris, noir \u2013 capacit\u00e9 de 3 \u00e0 4L & 2 puissances.","breadcrumb":{"@id":"https:\/\/frifri.be\/fr\/produit\/friteuse-initiation\/#breadcrumb"},"inLanguage":"fr-FR","potentialAction":[{"@type":"ReadAction","target":["https:\/\/frifri.be\/fr\/produit\/friteuse-initiation\/"]}]},{"@type":"ImageObject","inLanguage":"fr-FR","@id":"https:\/\/frifri.be\/fr\/produit\/friteuse-initiation\/#primaryimage","url":"https:\/\/frifri.be\/wp-content\/uploads\/2019\/07\/Frifri_Friteuse_Prod__910ED_910TR_3032KR_3028CL_918RR-avec-frites-800x800_03.jpg.jpg","contentUrl":"https:\/\/frifri.be\/wp-content\/uploads\/2019\/07\/Frifri_Friteuse_Prod__910ED_910TR_3032KR_3028CL_918RR-avec-frites-800x800_03.jpg.jpg","width":1600,"height":1565},{"@type":"BreadcrumbList","@id":"https:\/\/frifri.be\/fr\/produit\/friteuse-initiation\/#breadcrumb","itemListElement":[{"@type":"ListItem","position":1,"name":"Home","item":"https:\/\/frifri.be\/fr\/frifri\/"},{"@type":"ListItem","position":2,"name":"Nos produits","item":"https:\/\/frifri.be\/fr\/boutique\/"},{"@type":"ListItem","position":3,"name":"Les Friteuses","item":"https:\/\/frifri.be\/fr\/categorie-produit\/electro-menager-friteuse-avec-zone-froide\/"},{"@type":"ListItem","position":4,"name":"La Friteuse Initiation"}]},{"@type":"WebSite","@id":"https:\/\/frifri.be\/fr\/#website","url":"https:\/\/frifri.be\/fr\/","name":"Frifri Belgium","description":"frifri Shop Belgium","potentialAction":[{"@type":"SearchAction","target":{"@type":"EntryPoint","urlTemplate":"https:\/\/frifri.be\/fr\/?s={search_term_string}"},"query-input":{"@type":"PropertyValueSpecification","valueRequired":true,"valueName":"search_term_string"}}],"inLanguage":"fr-FR"}]}},"_links":{"self":[{"href":"https:\/\/frifri.be\/fr\/wp-json\/wp\/v2\/product\/1292","targetHints":{"allow":["GET"]}}],"collection":[{"href":"https:\/\/frifri.be\/fr\/wp-json\/wp\/v2\/product"}],"about":[{"href":"https:\/\/frifri.be\/fr\/wp-json\/wp\/v2\/types\/product"}],"replies":[{"embeddable":true,"href":"https:\/\/frifri.be\/fr\/wp-json\/wp\/v2\/comments?post=1292"}],"wp:featuredmedia":[{"embeddable":true,"href":"https:\/\/frifri.be\/fr\/wp-json\/wp\/v2\/media\/12992"}],"wp:attachment":[{"href":"https:\/\/frifri.be\/fr\/wp-json\/wp\/v2\/media?parent=1292"}],"wp:term":[{"taxonomy":"product_brand","embeddable":true,"href":"https:\/\/frifri.be\/fr\/wp-json\/wp\/v2\/product_brand?post=1292"},{"taxonomy":"product_cat","embeddable":true,"href":"https:\/\/frifri.be\/fr\/wp-json\/wp\/v2\/product_cat?post=1292"},{"taxonomy":"product_tag","embeddable":true,"href":"https:\/\/frifri.be\/fr\/wp-json\/wp\/v2\/product_tag?post=1292"}],"curies":[{"name":"wp","href":"https:\/\/api.w.org\/{rel}","templated":true}]}}