{"id":1419,"date":"2019-07-08T15:46:41","date_gmt":"2019-07-08T13:46:41","guid":{"rendered":"https:\/\/frifri.be\/?post_type=product&#038;p=1419"},"modified":"2026-02-01T00:07:47","modified_gmt":"2026-01-31T23:07:47","slug":"friteuse-double-cuve","status":"publish","type":"product","link":"https:\/\/frifri.be\/fr\/produit\/friteuse-double-cuve\/","title":{"rendered":"La Friteuse Double Cuve"},"content":{"rendered":"<p><strong>Double Cuve<\/strong>, Les Friteuses rectangulaires en m\u00e9tal. Coloris gris. Capacit\u00e9 de 3,5 ou 4,5 L. Couvercle de rangement ou couvercle DUOFIL (nouveaut\u00e9 !)<\/p>\n<ul>\n<li>La s\u00e9curit\u00e9 avant tout, avec une <strong>t\u00eate de chauffe brevet\u00e9e<\/strong> pour \u00e9viter \u00e9claboussures et vapeur d\u2019huile gr\u00e2ce \u00e0 la molette de r\u00e9glage situ\u00e9e \u00e0 l\u2019arri\u00e8re de la friteuse.<\/li>\n<li>Technologie de la cuisson \u00e0 <strong>zone froide<\/strong>.<\/li>\n<li>Facile \u00e0 ranger avec sa <strong>poign\u00e9e repliable<\/strong> et son<strong> range-cordon<\/strong>.<\/li>\n<li>Facile \u00e0 nettoyer, la friteuse <strong>se d\u00e9monte en 30 secondes<\/strong> pour nettoyer chaque \u00e9l\u00e9ment avec une eau savonneuse, au lave-vaisselle ou, encore plus simple, avec le <a href=\"https:\/\/frifri.be\/fr\/produit\/accessoire-friteuse-degraissant\/\"><strong>d\u00e9graissant Frifri<\/strong><\/a><em><strong>.<\/strong> <\/em><\/li>\n<li><strong>Deux cuves distinctes<\/strong> pour cuire diff\u00e9rents aliments en m\u00eame temps.*<\/li>\n<li><strong>Manteau en m\u00e9tal<\/strong> \u00e0 la fois \u00e9l\u00e9gant, solide et durable<\/li>\n<li>Forme <strong>rectangulaire<\/strong>, pour un look authentique et compact.<\/li>\n<\/ul>\n<p>&nbsp;<\/p>\n<h6><em>*Veuillez noter que certaines installations \u00e9lectriques ne supportent pas le branchement et l\u2019utilisation des deux friteuses en simultan\u00e9. Si tel devait \u00eatre le cas, veillez \u00e0 brancher chaque friteuse sur une prise diff\u00e9rente, en vous assurant que chaque prise ne fasse pas partie du m\u00eame circuit \u00e9lectrique.<\/em><\/h6>\n","protected":false},"excerpt":{"rendered":"<p>Double Cuve, Les Friteuses rectangulaires en m\u00e9tal. Coloris gris. Capacit\u00e9 de 3,5 ou 4,5 L. Couvercle&#8230; <span class=\"moreLink\"><a href=\"https:\/\/frifri.be\/fr\/produit\/friteuse-double-cuve\/\">+<\/a><\/span><\/p>\n","protected":false},"featured_media":35147,"comment_status":"open","ping_status":"closed","template":"","meta":{"_acf_changed":false},"product_brand":[],"product_cat":[22],"product_tag":[868],"class_list":{"0":"post-1419","1":"product","2":"type-product","3":"status-publish","4":"has-post-thumbnail","6":"product_cat-electro-menager-friteuse-avec-zone-froide","7":"product_tag-soldes","9":"first","10":"instock","11":"taxable","12":"shipping-taxable","13":"purchasable","14":"product-type-variable","15":"has-default-attributes"},"acf":[],"yoast_head":"<!-- This site is optimized with the Yoast SEO plugin v27.3 - https:\/\/yoast.com\/product\/yoast-seo-wordpress\/ -->\n<title>La Friteuse Double Cuve - Une friteuse Frifri pour chaque occasion- Frifri Belgium<\/title>\n<meta name=\"description\" content=\"Double Cuve, Les Friteuses rectangulaires en m\u00e9tal avec couvercle de rangement. Coloris gris, capacit\u00e9s de 3,5 ou 4,5L et 2 puissances.\" \/>\n<meta name=\"robots\" content=\"index, follow, max-snippet:-1, max-image-preview:large, max-video-preview:-1\" \/>\n<link rel=\"canonical\" href=\"https:\/\/frifri.be\/fr\/produit\/friteuse-double-cuve\/\" \/>\n<meta property=\"og:locale\" content=\"fr_FR\" \/>\n<meta property=\"og:type\" content=\"article\" \/>\n<meta property=\"og:title\" content=\"La Friteuse Double Cuve - Une friteuse Frifri pour chaque occasion- Frifri Belgium\" \/>\n<meta property=\"og:description\" content=\"Double Cuve, Les Friteuses rectangulaires en m\u00e9tal avec couvercle de rangement. Coloris gris, capacit\u00e9s de 3,5 ou 4,5L et 2 puissances.\" \/>\n<meta property=\"og:url\" content=\"https:\/\/frifri.be\/fr\/produit\/friteuse-double-cuve\/\" \/>\n<meta property=\"og:site_name\" content=\"Frifri Belgium\" \/>\n<meta property=\"article:modified_time\" content=\"2026-01-31T23:07:47+00:00\" \/>\n<meta property=\"og:image\" content=\"https:\/\/frifri.be\/wp-content\/uploads\/2019\/07\/Frifri_Friteuse_Prod__1998Garantie-LD-vuaucinema.jpg\" \/>\n\t<meta property=\"og:image:width\" content=\"1600\" \/>\n\t<meta property=\"og:image:height\" content=\"1600\" \/>\n\t<meta property=\"og:image:type\" content=\"image\/jpeg\" \/>\n<meta name=\"twitter:card\" content=\"summary_large_image\" \/>\n<meta name=\"twitter:label1\" content=\"Dur\u00e9e de lecture estim\u00e9e\" \/>\n\t<meta name=\"twitter:data1\" content=\"2 minutes\" \/>\n<script type=\"application\/ld+json\" class=\"yoast-schema-graph\">{\"@context\":\"https:\\\/\\\/schema.org\",\"@graph\":[{\"@type\":\"WebPage\",\"@id\":\"https:\\\/\\\/frifri.be\\\/fr\\\/produit\\\/friteuse-double-cuve\\\/\",\"url\":\"https:\\\/\\\/frifri.be\\\/fr\\\/produit\\\/friteuse-double-cuve\\\/\",\"name\":\"La Friteuse Double Cuve - Une friteuse Frifri pour chaque occasion- Frifri Belgium\",\"isPartOf\":{\"@id\":\"https:\\\/\\\/frifri.be\\\/fr\\\/#website\"},\"primaryImageOfPage\":{\"@id\":\"https:\\\/\\\/frifri.be\\\/fr\\\/produit\\\/friteuse-double-cuve\\\/#primaryimage\"},\"image\":{\"@id\":\"https:\\\/\\\/frifri.be\\\/fr\\\/produit\\\/friteuse-double-cuve\\\/#primaryimage\"},\"thumbnailUrl\":\"https:\\\/\\\/frifri.be\\\/wp-content\\\/uploads\\\/2019\\\/07\\\/Frifri_Friteuse_Prod__1998Garantie-LD-vuaucinema.jpg\",\"datePublished\":\"2019-07-08T13:46:41+00:00\",\"dateModified\":\"2026-01-31T23:07:47+00:00\",\"description\":\"Double Cuve, Les Friteuses rectangulaires en m\u00e9tal avec couvercle de rangement. Coloris gris, capacit\u00e9s de 3,5 ou 4,5L et 2 puissances.\",\"breadcrumb\":{\"@id\":\"https:\\\/\\\/frifri.be\\\/fr\\\/produit\\\/friteuse-double-cuve\\\/#breadcrumb\"},\"inLanguage\":\"fr-FR\",\"potentialAction\":[{\"@type\":\"ReadAction\",\"target\":[\"https:\\\/\\\/frifri.be\\\/fr\\\/produit\\\/friteuse-double-cuve\\\/\"]}]},{\"@type\":\"ImageObject\",\"inLanguage\":\"fr-FR\",\"@id\":\"https:\\\/\\\/frifri.be\\\/fr\\\/produit\\\/friteuse-double-cuve\\\/#primaryimage\",\"url\":\"https:\\\/\\\/frifri.be\\\/wp-content\\\/uploads\\\/2019\\\/07\\\/Frifri_Friteuse_Prod__1998Garantie-LD-vuaucinema.jpg\",\"contentUrl\":\"https:\\\/\\\/frifri.be\\\/wp-content\\\/uploads\\\/2019\\\/07\\\/Frifri_Friteuse_Prod__1998Garantie-LD-vuaucinema.jpg\",\"width\":1600,\"height\":1600},{\"@type\":\"BreadcrumbList\",\"@id\":\"https:\\\/\\\/frifri.be\\\/fr\\\/produit\\\/friteuse-double-cuve\\\/#breadcrumb\",\"itemListElement\":[{\"@type\":\"ListItem\",\"position\":1,\"name\":\"Home\",\"item\":\"https:\\\/\\\/frifri.be\\\/fr\\\/frifri\\\/\"},{\"@type\":\"ListItem\",\"position\":2,\"name\":\"Nos produits\",\"item\":\"https:\\\/\\\/frifri.be\\\/fr\\\/boutique\\\/\"},{\"@type\":\"ListItem\",\"position\":3,\"name\":\"Les Friteuses\",\"item\":\"https:\\\/\\\/frifri.be\\\/fr\\\/categorie-produit\\\/electro-menager-friteuse-avec-zone-froide\\\/\"},{\"@type\":\"ListItem\",\"position\":4,\"name\":\"La Friteuse Double Cuve\"}]},{\"@type\":\"WebSite\",\"@id\":\"https:\\\/\\\/frifri.be\\\/fr\\\/#website\",\"url\":\"https:\\\/\\\/frifri.be\\\/fr\\\/\",\"name\":\"Frifri Belgium\",\"description\":\"frifri Shop Belgium\",\"potentialAction\":[{\"@type\":\"SearchAction\",\"target\":{\"@type\":\"EntryPoint\",\"urlTemplate\":\"https:\\\/\\\/frifri.be\\\/fr\\\/?s={search_term_string}\"},\"query-input\":{\"@type\":\"PropertyValueSpecification\",\"valueRequired\":true,\"valueName\":\"search_term_string\"}}],\"inLanguage\":\"fr-FR\"}]}<\/script>\n<!-- \/ Yoast SEO plugin. -->","yoast_head_json":{"title":"La Friteuse Double Cuve - Une friteuse Frifri pour chaque occasion- Frifri Belgium","description":"Double Cuve, Les Friteuses rectangulaires en m\u00e9tal avec couvercle de rangement. Coloris gris, capacit\u00e9s de 3,5 ou 4,5L et 2 puissances.","robots":{"index":"index","follow":"follow","max-snippet":"max-snippet:-1","max-image-preview":"max-image-preview:large","max-video-preview":"max-video-preview:-1"},"canonical":"https:\/\/frifri.be\/fr\/produit\/friteuse-double-cuve\/","og_locale":"fr_FR","og_type":"article","og_title":"La Friteuse Double Cuve - Une friteuse Frifri pour chaque occasion- Frifri Belgium","og_description":"Double Cuve, Les Friteuses rectangulaires en m\u00e9tal avec couvercle de rangement. Coloris gris, capacit\u00e9s de 3,5 ou 4,5L et 2 puissances.","og_url":"https:\/\/frifri.be\/fr\/produit\/friteuse-double-cuve\/","og_site_name":"Frifri Belgium","article_modified_time":"2026-01-31T23:07:47+00:00","og_image":[{"width":1600,"height":1600,"url":"https:\/\/frifri.be\/wp-content\/uploads\/2019\/07\/Frifri_Friteuse_Prod__1998Garantie-LD-vuaucinema.jpg","type":"image\/jpeg"}],"twitter_card":"summary_large_image","twitter_misc":{"Dur\u00e9e de lecture estim\u00e9e":"2 minutes"},"schema":{"@context":"https:\/\/schema.org","@graph":[{"@type":"WebPage","@id":"https:\/\/frifri.be\/fr\/produit\/friteuse-double-cuve\/","url":"https:\/\/frifri.be\/fr\/produit\/friteuse-double-cuve\/","name":"La Friteuse Double Cuve - Une friteuse Frifri pour chaque occasion- Frifri Belgium","isPartOf":{"@id":"https:\/\/frifri.be\/fr\/#website"},"primaryImageOfPage":{"@id":"https:\/\/frifri.be\/fr\/produit\/friteuse-double-cuve\/#primaryimage"},"image":{"@id":"https:\/\/frifri.be\/fr\/produit\/friteuse-double-cuve\/#primaryimage"},"thumbnailUrl":"https:\/\/frifri.be\/wp-content\/uploads\/2019\/07\/Frifri_Friteuse_Prod__1998Garantie-LD-vuaucinema.jpg","datePublished":"2019-07-08T13:46:41+00:00","dateModified":"2026-01-31T23:07:47+00:00","description":"Double Cuve, Les Friteuses rectangulaires en m\u00e9tal avec couvercle de rangement. Coloris gris, capacit\u00e9s de 3,5 ou 4,5L et 2 puissances.","breadcrumb":{"@id":"https:\/\/frifri.be\/fr\/produit\/friteuse-double-cuve\/#breadcrumb"},"inLanguage":"fr-FR","potentialAction":[{"@type":"ReadAction","target":["https:\/\/frifri.be\/fr\/produit\/friteuse-double-cuve\/"]}]},{"@type":"ImageObject","inLanguage":"fr-FR","@id":"https:\/\/frifri.be\/fr\/produit\/friteuse-double-cuve\/#primaryimage","url":"https:\/\/frifri.be\/wp-content\/uploads\/2019\/07\/Frifri_Friteuse_Prod__1998Garantie-LD-vuaucinema.jpg","contentUrl":"https:\/\/frifri.be\/wp-content\/uploads\/2019\/07\/Frifri_Friteuse_Prod__1998Garantie-LD-vuaucinema.jpg","width":1600,"height":1600},{"@type":"BreadcrumbList","@id":"https:\/\/frifri.be\/fr\/produit\/friteuse-double-cuve\/#breadcrumb","itemListElement":[{"@type":"ListItem","position":1,"name":"Home","item":"https:\/\/frifri.be\/fr\/frifri\/"},{"@type":"ListItem","position":2,"name":"Nos produits","item":"https:\/\/frifri.be\/fr\/boutique\/"},{"@type":"ListItem","position":3,"name":"Les Friteuses","item":"https:\/\/frifri.be\/fr\/categorie-produit\/electro-menager-friteuse-avec-zone-froide\/"},{"@type":"ListItem","position":4,"name":"La Friteuse Double Cuve"}]},{"@type":"WebSite","@id":"https:\/\/frifri.be\/fr\/#website","url":"https:\/\/frifri.be\/fr\/","name":"Frifri Belgium","description":"frifri Shop Belgium","potentialAction":[{"@type":"SearchAction","target":{"@type":"EntryPoint","urlTemplate":"https:\/\/frifri.be\/fr\/?s={search_term_string}"},"query-input":{"@type":"PropertyValueSpecification","valueRequired":true,"valueName":"search_term_string"}}],"inLanguage":"fr-FR"}]}},"_links":{"self":[{"href":"https:\/\/frifri.be\/fr\/wp-json\/wp\/v2\/product\/1419","targetHints":{"allow":["GET"]}}],"collection":[{"href":"https:\/\/frifri.be\/fr\/wp-json\/wp\/v2\/product"}],"about":[{"href":"https:\/\/frifri.be\/fr\/wp-json\/wp\/v2\/types\/product"}],"replies":[{"embeddable":true,"href":"https:\/\/frifri.be\/fr\/wp-json\/wp\/v2\/comments?post=1419"}],"wp:featuredmedia":[{"embeddable":true,"href":"https:\/\/frifri.be\/fr\/wp-json\/wp\/v2\/media\/35147"}],"wp:attachment":[{"href":"https:\/\/frifri.be\/fr\/wp-json\/wp\/v2\/media?parent=1419"}],"wp:term":[{"taxonomy":"product_brand","embeddable":true,"href":"https:\/\/frifri.be\/fr\/wp-json\/wp\/v2\/product_brand?post=1419"},{"taxonomy":"product_cat","embeddable":true,"href":"https:\/\/frifri.be\/fr\/wp-json\/wp\/v2\/product_cat?post=1419"},{"taxonomy":"product_tag","embeddable":true,"href":"https:\/\/frifri.be\/fr\/wp-json\/wp\/v2\/product_tag?post=1419"}],"curies":[{"name":"wp","href":"https:\/\/api.w.org\/{rel}","templated":true}]}}