{"id":1785,"date":"2019-07-09T13:44:13","date_gmt":"2019-07-09T11:44:13","guid":{"rendered":"https:\/\/frifri.be\/?post_type=product&#038;p=1785"},"modified":"2025-12-02T23:45:05","modified_gmt":"2025-12-02T22:45:05","slug":"accessoire-tempereuse-moule-kit-de-paques-poule","status":"publish","type":"product","link":"https:\/\/frifri.be\/fr\/produit\/accessoire-tempereuse-moule-kit-de-paques-poule\/","title":{"rendered":"Les Poules en chocolat"},"content":{"rendered":"<p>Le moule de P\u00e2ques de Frifri en forme de Poule permet aux petits comme aux grands de confectionner des chocolats de P\u00e2ques maison. Utilisez le moule en forme de Poule pour obtenir facilement une poule de 7 cm de haut en 3D, \u00e0 d\u00e9corer ou \u00e0 d\u00e9vorer tout de suite !<\/p>\n<ul>\n<li><strong>Explications pas \u00e0 pas<\/strong> fournies pour un moment ludique et gourmand.<\/li>\n<li><strong>Moule en PETG<\/strong> (garanti sans BPA) fabriqu\u00e9 en Belgique, le pays o\u00f9 le chocolat est roi.\n<ul>\n<li>D\u00e9moulage facile<\/li>\n<li>Brillance extr\u00eame de la surface du chocolat<\/li>\n<li>Entretien facile \u00e0 l\u2019eau chaude ou au lave-vaisselle \u00e0 moins de 50\u00b0C.<\/li>\n<\/ul>\n<\/li>\n<li>1 moule deux faces <strong>poule (7 cm)<\/strong> + clips de serrage.<\/li>\n<\/ul>\n","protected":false},"excerpt":{"rendered":"<p>Le moule de P\u00e2ques de Frifri en forme de Poule permet aux petits comme aux grands&#8230; <span class=\"moreLink\"><a href=\"https:\/\/frifri.be\/fr\/produit\/accessoire-tempereuse-moule-kit-de-paques-poule\/\">+<\/a><\/span><\/p>\n","protected":false},"featured_media":2193,"comment_status":"closed","ping_status":"closed","template":"","meta":{"_acf_changed":false},"product_brand":[],"product_cat":[185,270],"product_tag":[],"class_list":{"0":"post-1785","1":"product","2":"type-product","3":"status-publish","4":"has-post-thumbnail","6":"product_cat-la-chocolatiere","7":"product_cat-accessoire-tempereuse-moules-a-chocolat","9":"first","10":"instock","11":"taxable","12":"shipping-taxable","13":"purchasable","14":"product-type-simple"},"acf":[],"yoast_head":"<!-- This site is optimized with the Yoast SEO plugin v27.3 - https:\/\/yoast.com\/product\/yoast-seo-wordpress\/ -->\n<title>Les Poules en chocolat - Fait-maison pour c\u00e9l\u00e9brer P\u00e2ques - Frifri Belgium<\/title>\n<meta name=\"description\" content=\"Le moule de P\u00e2ques de Frifri en forme de Poule permet aux petits comme aux grands de confectionner des chocolats de P\u00e2ques maison.\" \/>\n<meta name=\"robots\" content=\"index, follow, max-snippet:-1, max-image-preview:large, max-video-preview:-1\" \/>\n<link rel=\"canonical\" href=\"https:\/\/frifri.be\/fr\/produit\/accessoire-tempereuse-moule-kit-de-paques-poule\/\" \/>\n<meta property=\"og:locale\" content=\"fr_FR\" \/>\n<meta property=\"og:type\" content=\"article\" \/>\n<meta property=\"og:title\" content=\"Les Poules en chocolat - Fait-maison pour c\u00e9l\u00e9brer P\u00e2ques - Frifri Belgium\" \/>\n<meta property=\"og:description\" content=\"Le moule de P\u00e2ques de Frifri en forme de Poule permet aux petits comme aux grands de confectionner des chocolats de P\u00e2ques maison.\" \/>\n<meta property=\"og:url\" content=\"https:\/\/frifri.be\/fr\/produit\/accessoire-tempereuse-moule-kit-de-paques-poule\/\" \/>\n<meta property=\"og:site_name\" content=\"Frifri Belgium\" \/>\n<meta property=\"article:modified_time\" content=\"2025-12-02T22:45:05+00:00\" \/>\n<meta property=\"og:image\" content=\"https:\/\/frifri.be\/wp-content\/uploads\/2019\/07\/Frifri_Chocolatiere_Moule_Poule_ZCMOUL5_Acce_72dpi_1.jpg\" \/>\n\t<meta property=\"og:image:width\" content=\"1600\" \/>\n\t<meta property=\"og:image:height\" content=\"1600\" \/>\n\t<meta property=\"og:image:type\" content=\"image\/jpeg\" \/>\n<meta name=\"twitter:card\" content=\"summary_large_image\" \/>\n<meta name=\"twitter:label1\" content=\"Dur\u00e9e de lecture estim\u00e9e\" \/>\n\t<meta name=\"twitter:data1\" content=\"2 minutes\" \/>\n<script type=\"application\/ld+json\" class=\"yoast-schema-graph\">{\"@context\":\"https:\\\/\\\/schema.org\",\"@graph\":[{\"@type\":\"WebPage\",\"@id\":\"https:\\\/\\\/frifri.be\\\/fr\\\/produit\\\/accessoire-tempereuse-moule-kit-de-paques-poule\\\/\",\"url\":\"https:\\\/\\\/frifri.be\\\/fr\\\/produit\\\/accessoire-tempereuse-moule-kit-de-paques-poule\\\/\",\"name\":\"Les Poules en chocolat - Fait-maison pour c\u00e9l\u00e9brer P\u00e2ques - Frifri Belgium\",\"isPartOf\":{\"@id\":\"https:\\\/\\\/frifri.be\\\/fr\\\/#website\"},\"primaryImageOfPage\":{\"@id\":\"https:\\\/\\\/frifri.be\\\/fr\\\/produit\\\/accessoire-tempereuse-moule-kit-de-paques-poule\\\/#primaryimage\"},\"image\":{\"@id\":\"https:\\\/\\\/frifri.be\\\/fr\\\/produit\\\/accessoire-tempereuse-moule-kit-de-paques-poule\\\/#primaryimage\"},\"thumbnailUrl\":\"https:\\\/\\\/frifri.be\\\/wp-content\\\/uploads\\\/2019\\\/07\\\/Frifri_Chocolatiere_Moule_Poule_ZCMOUL5_Acce_72dpi_1.jpg\",\"datePublished\":\"2019-07-09T11:44:13+00:00\",\"dateModified\":\"2025-12-02T22:45:05+00:00\",\"description\":\"Le moule de P\u00e2ques de Frifri en forme de Poule permet aux petits comme aux grands de confectionner des chocolats de P\u00e2ques maison.\",\"breadcrumb\":{\"@id\":\"https:\\\/\\\/frifri.be\\\/fr\\\/produit\\\/accessoire-tempereuse-moule-kit-de-paques-poule\\\/#breadcrumb\"},\"inLanguage\":\"fr-FR\",\"potentialAction\":[{\"@type\":\"ReadAction\",\"target\":[\"https:\\\/\\\/frifri.be\\\/fr\\\/produit\\\/accessoire-tempereuse-moule-kit-de-paques-poule\\\/\"]}]},{\"@type\":\"ImageObject\",\"inLanguage\":\"fr-FR\",\"@id\":\"https:\\\/\\\/frifri.be\\\/fr\\\/produit\\\/accessoire-tempereuse-moule-kit-de-paques-poule\\\/#primaryimage\",\"url\":\"https:\\\/\\\/frifri.be\\\/wp-content\\\/uploads\\\/2019\\\/07\\\/Frifri_Chocolatiere_Moule_Poule_ZCMOUL5_Acce_72dpi_1.jpg\",\"contentUrl\":\"https:\\\/\\\/frifri.be\\\/wp-content\\\/uploads\\\/2019\\\/07\\\/Frifri_Chocolatiere_Moule_Poule_ZCMOUL5_Acce_72dpi_1.jpg\",\"width\":1600,\"height\":1600},{\"@type\":\"BreadcrumbList\",\"@id\":\"https:\\\/\\\/frifri.be\\\/fr\\\/produit\\\/accessoire-tempereuse-moule-kit-de-paques-poule\\\/#breadcrumb\",\"itemListElement\":[{\"@type\":\"ListItem\",\"position\":1,\"name\":\"Home\",\"item\":\"https:\\\/\\\/frifri.be\\\/fr\\\/frifri\\\/\"},{\"@type\":\"ListItem\",\"position\":2,\"name\":\"Nos produits\",\"item\":\"https:\\\/\\\/frifri.be\\\/fr\\\/boutique\\\/\"},{\"@type\":\"ListItem\",\"position\":3,\"name\":\"Les Pi\u00e8ces D\u00e9tach\u00e9es et Accessoires\",\"item\":\"https:\\\/\\\/frifri.be\\\/fr\\\/categorie-produit\\\/les-pieces-detachees-electromenager\\\/\"},{\"@type\":\"ListItem\",\"position\":4,\"name\":\"La Chocolati\u00e8re\",\"item\":\"https:\\\/\\\/frifri.be\\\/fr\\\/categorie-produit\\\/les-pieces-detachees-electromenager\\\/accessoire-tempereuse-moules-a-chocolat\\\/\"},{\"@type\":\"ListItem\",\"position\":5,\"name\":\"Les Poules en chocolat\"}]},{\"@type\":\"WebSite\",\"@id\":\"https:\\\/\\\/frifri.be\\\/fr\\\/#website\",\"url\":\"https:\\\/\\\/frifri.be\\\/fr\\\/\",\"name\":\"Frifri Belgium\",\"description\":\"frifri Shop Belgium\",\"potentialAction\":[{\"@type\":\"SearchAction\",\"target\":{\"@type\":\"EntryPoint\",\"urlTemplate\":\"https:\\\/\\\/frifri.be\\\/fr\\\/?s={search_term_string}\"},\"query-input\":{\"@type\":\"PropertyValueSpecification\",\"valueRequired\":true,\"valueName\":\"search_term_string\"}}],\"inLanguage\":\"fr-FR\"}]}<\/script>\n<!-- \/ Yoast SEO plugin. -->","yoast_head_json":{"title":"Les Poules en chocolat - Fait-maison pour c\u00e9l\u00e9brer P\u00e2ques - Frifri Belgium","description":"Le moule de P\u00e2ques de Frifri en forme de Poule permet aux petits comme aux grands de confectionner des chocolats de P\u00e2ques maison.","robots":{"index":"index","follow":"follow","max-snippet":"max-snippet:-1","max-image-preview":"max-image-preview:large","max-video-preview":"max-video-preview:-1"},"canonical":"https:\/\/frifri.be\/fr\/produit\/accessoire-tempereuse-moule-kit-de-paques-poule\/","og_locale":"fr_FR","og_type":"article","og_title":"Les Poules en chocolat - Fait-maison pour c\u00e9l\u00e9brer P\u00e2ques - Frifri Belgium","og_description":"Le moule de P\u00e2ques de Frifri en forme de Poule permet aux petits comme aux grands de confectionner des chocolats de P\u00e2ques maison.","og_url":"https:\/\/frifri.be\/fr\/produit\/accessoire-tempereuse-moule-kit-de-paques-poule\/","og_site_name":"Frifri Belgium","article_modified_time":"2025-12-02T22:45:05+00:00","og_image":[{"width":1600,"height":1600,"url":"https:\/\/frifri.be\/wp-content\/uploads\/2019\/07\/Frifri_Chocolatiere_Moule_Poule_ZCMOUL5_Acce_72dpi_1.jpg","type":"image\/jpeg"}],"twitter_card":"summary_large_image","twitter_misc":{"Dur\u00e9e de lecture estim\u00e9e":"2 minutes"},"schema":{"@context":"https:\/\/schema.org","@graph":[{"@type":"WebPage","@id":"https:\/\/frifri.be\/fr\/produit\/accessoire-tempereuse-moule-kit-de-paques-poule\/","url":"https:\/\/frifri.be\/fr\/produit\/accessoire-tempereuse-moule-kit-de-paques-poule\/","name":"Les Poules en chocolat - Fait-maison pour c\u00e9l\u00e9brer P\u00e2ques - Frifri Belgium","isPartOf":{"@id":"https:\/\/frifri.be\/fr\/#website"},"primaryImageOfPage":{"@id":"https:\/\/frifri.be\/fr\/produit\/accessoire-tempereuse-moule-kit-de-paques-poule\/#primaryimage"},"image":{"@id":"https:\/\/frifri.be\/fr\/produit\/accessoire-tempereuse-moule-kit-de-paques-poule\/#primaryimage"},"thumbnailUrl":"https:\/\/frifri.be\/wp-content\/uploads\/2019\/07\/Frifri_Chocolatiere_Moule_Poule_ZCMOUL5_Acce_72dpi_1.jpg","datePublished":"2019-07-09T11:44:13+00:00","dateModified":"2025-12-02T22:45:05+00:00","description":"Le moule de P\u00e2ques de Frifri en forme de Poule permet aux petits comme aux grands de confectionner des chocolats de P\u00e2ques maison.","breadcrumb":{"@id":"https:\/\/frifri.be\/fr\/produit\/accessoire-tempereuse-moule-kit-de-paques-poule\/#breadcrumb"},"inLanguage":"fr-FR","potentialAction":[{"@type":"ReadAction","target":["https:\/\/frifri.be\/fr\/produit\/accessoire-tempereuse-moule-kit-de-paques-poule\/"]}]},{"@type":"ImageObject","inLanguage":"fr-FR","@id":"https:\/\/frifri.be\/fr\/produit\/accessoire-tempereuse-moule-kit-de-paques-poule\/#primaryimage","url":"https:\/\/frifri.be\/wp-content\/uploads\/2019\/07\/Frifri_Chocolatiere_Moule_Poule_ZCMOUL5_Acce_72dpi_1.jpg","contentUrl":"https:\/\/frifri.be\/wp-content\/uploads\/2019\/07\/Frifri_Chocolatiere_Moule_Poule_ZCMOUL5_Acce_72dpi_1.jpg","width":1600,"height":1600},{"@type":"BreadcrumbList","@id":"https:\/\/frifri.be\/fr\/produit\/accessoire-tempereuse-moule-kit-de-paques-poule\/#breadcrumb","itemListElement":[{"@type":"ListItem","position":1,"name":"Home","item":"https:\/\/frifri.be\/fr\/frifri\/"},{"@type":"ListItem","position":2,"name":"Nos produits","item":"https:\/\/frifri.be\/fr\/boutique\/"},{"@type":"ListItem","position":3,"name":"Les Pi\u00e8ces D\u00e9tach\u00e9es et Accessoires","item":"https:\/\/frifri.be\/fr\/categorie-produit\/les-pieces-detachees-electromenager\/"},{"@type":"ListItem","position":4,"name":"La Chocolati\u00e8re","item":"https:\/\/frifri.be\/fr\/categorie-produit\/les-pieces-detachees-electromenager\/accessoire-tempereuse-moules-a-chocolat\/"},{"@type":"ListItem","position":5,"name":"Les Poules en chocolat"}]},{"@type":"WebSite","@id":"https:\/\/frifri.be\/fr\/#website","url":"https:\/\/frifri.be\/fr\/","name":"Frifri Belgium","description":"frifri Shop Belgium","potentialAction":[{"@type":"SearchAction","target":{"@type":"EntryPoint","urlTemplate":"https:\/\/frifri.be\/fr\/?s={search_term_string}"},"query-input":{"@type":"PropertyValueSpecification","valueRequired":true,"valueName":"search_term_string"}}],"inLanguage":"fr-FR"}]}},"_links":{"self":[{"href":"https:\/\/frifri.be\/fr\/wp-json\/wp\/v2\/product\/1785","targetHints":{"allow":["GET"]}}],"collection":[{"href":"https:\/\/frifri.be\/fr\/wp-json\/wp\/v2\/product"}],"about":[{"href":"https:\/\/frifri.be\/fr\/wp-json\/wp\/v2\/types\/product"}],"replies":[{"embeddable":true,"href":"https:\/\/frifri.be\/fr\/wp-json\/wp\/v2\/comments?post=1785"}],"wp:featuredmedia":[{"embeddable":true,"href":"https:\/\/frifri.be\/fr\/wp-json\/wp\/v2\/media\/2193"}],"wp:attachment":[{"href":"https:\/\/frifri.be\/fr\/wp-json\/wp\/v2\/media?parent=1785"}],"wp:term":[{"taxonomy":"product_brand","embeddable":true,"href":"https:\/\/frifri.be\/fr\/wp-json\/wp\/v2\/product_brand?post=1785"},{"taxonomy":"product_cat","embeddable":true,"href":"https:\/\/frifri.be\/fr\/wp-json\/wp\/v2\/product_cat?post=1785"},{"taxonomy":"product_tag","embeddable":true,"href":"https:\/\/frifri.be\/fr\/wp-json\/wp\/v2\/product_tag?post=1785"}],"curies":[{"name":"wp","href":"https:\/\/api.w.org\/{rel}","templated":true}]}}