{"id":1788,"date":"2019-07-09T13:49:29","date_gmt":"2019-07-09T11:49:29","guid":{"rendered":"https:\/\/frifri.be\/?post_type=product&#038;p=1788"},"modified":"2025-12-02T14:25:00","modified_gmt":"2025-12-02T13:25:00","slug":"accessoire-tempereuse-moule-kit-de-paques-oeufs","status":"publish","type":"product","link":"https:\/\/frifri.be\/fr\/produit\/accessoire-tempereuse-moule-kit-de-paques-oeufs\/","title":{"rendered":"Les Oeufs en chocolat"},"content":{"rendered":"<p>Le pack moules de P\u00e2ques de Frifri en forme d\u2019\u0152ufs permet aux petits comme aux grands de confectionner des chocolats de P\u00e2ques maison. Utilisez les moules en forme d\u2019\u0152ufs pour obtenir facilement des mini \u0153ufs et un \u0153uf g\u00e9ant de 7 cm de haut.<\/p>\n<ul>\n<li><strong>Explications pas \u00e0 pas<\/strong> fournies pour un moment ludique et gourmand.<\/li>\n<li><strong>2 moule en PETG<\/strong> (garanti sans BPA) fabriqu\u00e9 en Belgique, le pays o\u00f9 le chocolat est roi.\n<ul>\n<li>D\u00e9moulage facile<\/li>\n<li>Brillance extr\u00eame de la surface du chocolat<\/li>\n<li>Entretien facile \u00e0 l\u2019eau chaude ou au lave-vaisselle \u00e0 moins de 50\u00b0C.<\/li>\n<\/ul>\n<\/li>\n<li>1 moule simple <strong>\u0153uf XXL<\/strong> (7 cm).<\/li>\n<li>1 moule simple <strong>4 demi-\u0153ufs<\/strong> (4 x 2 cm) \u00e0 fourrer.<\/li>\n<\/ul>\n<p>Pour r\u00e9aliser des \u0153ufs entiers \u00e0 partir des demi-\u0153ufs, proc\u00e9dez en deux \u00e9tapes. Commencez par r\u00e9aliser vos demi-\u0153ufs en remplissant les moules de chocolat. Vous avez le choix, soit vous remplissez compl\u00e8tement les moules pour de jolis \u0153ufs pleins, soit vous optez pour des \u0153ufs creux en couvrant uniquement la forme du moule d\u2019une couche de votre chocolat pr\u00e9f\u00e9r\u00e9.<br \/>\nLorsque la pr\u00e9paration est bien refroidie, d\u00e9moulez et passez \u00e0 la deuxi\u00e8me \u00e9tape : coller ensemble les demi-\u0153ufs. Pour cette \u00e9tape, chauffez l\u00e9g\u00e8rement une po\u00eale. Passez d\u00e9licatement les bords des demi-\u0153ufs sur la po\u00eale chaude pour les faire fondre. Collez les deux demi-\u0153ufs et le tour est jou\u00e9 !<\/p>\n","protected":false},"excerpt":{"rendered":"<p>Le pack moules de P\u00e2ques de Frifri en forme d\u2019\u0152ufs permet aux petits comme aux grands&#8230; <span class=\"moreLink\"><a href=\"https:\/\/frifri.be\/fr\/produit\/accessoire-tempereuse-moule-kit-de-paques-oeufs\/\">+<\/a><\/span><\/p>\n","protected":false},"featured_media":2191,"comment_status":"closed","ping_status":"closed","template":"","meta":{"_acf_changed":false},"product_brand":[],"product_cat":[185,270],"product_tag":[],"class_list":{"0":"post-1788","1":"product","2":"type-product","3":"status-publish","4":"has-post-thumbnail","6":"product_cat-la-chocolatiere","7":"product_cat-accessoire-tempereuse-moules-a-chocolat","9":"first","10":"instock","11":"taxable","12":"shipping-taxable","13":"purchasable","14":"product-type-simple"},"acf":[],"yoast_head":"<!-- This site is optimized with the Yoast SEO plugin v27.3 - https:\/\/yoast.com\/product\/yoast-seo-wordpress\/ -->\n<title>Les Oeufs en chocolat - Parfait pour c\u00e9l\u00e9brer P\u00e2ques - Frifri Belgium<\/title>\n<meta name=\"description\" content=\"Le pack moules de P\u00e2ques de Frifri en forme d\u2019\u0152ufs permet aux petits comme aux grands de confectionner des chocolats de P\u00e2ques maison.\" \/>\n<meta name=\"robots\" content=\"index, follow, max-snippet:-1, max-image-preview:large, max-video-preview:-1\" \/>\n<link rel=\"canonical\" href=\"https:\/\/frifri.be\/fr\/produit\/accessoire-tempereuse-moule-kit-de-paques-oeufs\/\" \/>\n<meta property=\"og:locale\" content=\"fr_FR\" \/>\n<meta property=\"og:type\" content=\"article\" \/>\n<meta property=\"og:title\" content=\"Les Oeufs en chocolat - Parfait pour c\u00e9l\u00e9brer P\u00e2ques - Frifri Belgium\" \/>\n<meta property=\"og:description\" content=\"Le pack moules de P\u00e2ques de Frifri en forme d\u2019\u0152ufs permet aux petits comme aux grands de confectionner des chocolats de P\u00e2ques maison.\" \/>\n<meta property=\"og:url\" content=\"https:\/\/frifri.be\/fr\/produit\/accessoire-tempereuse-moule-kit-de-paques-oeufs\/\" \/>\n<meta property=\"og:site_name\" content=\"Frifri Belgium\" \/>\n<meta property=\"article:modified_time\" content=\"2025-12-02T13:25:00+00:00\" \/>\n<meta property=\"og:image\" content=\"https:\/\/frifri.be\/wp-content\/uploads\/2019\/07\/Frifri_Chocolatiere_Moule_Oeufs_ZCMOUL2_Acce_72dpi_1.jpg\" \/>\n\t<meta property=\"og:image:width\" content=\"1600\" \/>\n\t<meta property=\"og:image:height\" content=\"1600\" \/>\n\t<meta property=\"og:image:type\" content=\"image\/jpeg\" \/>\n<meta name=\"twitter:card\" content=\"summary_large_image\" \/>\n<meta name=\"twitter:label1\" content=\"Dur\u00e9e de lecture estim\u00e9e\" \/>\n\t<meta name=\"twitter:data1\" content=\"2 minutes\" \/>\n<script type=\"application\/ld+json\" class=\"yoast-schema-graph\">{\"@context\":\"https:\\\/\\\/schema.org\",\"@graph\":[{\"@type\":\"WebPage\",\"@id\":\"https:\\\/\\\/frifri.be\\\/fr\\\/produit\\\/accessoire-tempereuse-moule-kit-de-paques-oeufs\\\/\",\"url\":\"https:\\\/\\\/frifri.be\\\/fr\\\/produit\\\/accessoire-tempereuse-moule-kit-de-paques-oeufs\\\/\",\"name\":\"Les Oeufs en chocolat - Parfait pour c\u00e9l\u00e9brer P\u00e2ques - Frifri Belgium\",\"isPartOf\":{\"@id\":\"https:\\\/\\\/frifri.be\\\/fr\\\/#website\"},\"primaryImageOfPage\":{\"@id\":\"https:\\\/\\\/frifri.be\\\/fr\\\/produit\\\/accessoire-tempereuse-moule-kit-de-paques-oeufs\\\/#primaryimage\"},\"image\":{\"@id\":\"https:\\\/\\\/frifri.be\\\/fr\\\/produit\\\/accessoire-tempereuse-moule-kit-de-paques-oeufs\\\/#primaryimage\"},\"thumbnailUrl\":\"https:\\\/\\\/frifri.be\\\/wp-content\\\/uploads\\\/2019\\\/07\\\/Frifri_Chocolatiere_Moule_Oeufs_ZCMOUL2_Acce_72dpi_1.jpg\",\"datePublished\":\"2019-07-09T11:49:29+00:00\",\"dateModified\":\"2025-12-02T13:25:00+00:00\",\"description\":\"Le pack moules de P\u00e2ques de Frifri en forme d\u2019\u0152ufs permet aux petits comme aux grands de confectionner des chocolats de P\u00e2ques maison.\",\"breadcrumb\":{\"@id\":\"https:\\\/\\\/frifri.be\\\/fr\\\/produit\\\/accessoire-tempereuse-moule-kit-de-paques-oeufs\\\/#breadcrumb\"},\"inLanguage\":\"fr-FR\",\"potentialAction\":[{\"@type\":\"ReadAction\",\"target\":[\"https:\\\/\\\/frifri.be\\\/fr\\\/produit\\\/accessoire-tempereuse-moule-kit-de-paques-oeufs\\\/\"]}]},{\"@type\":\"ImageObject\",\"inLanguage\":\"fr-FR\",\"@id\":\"https:\\\/\\\/frifri.be\\\/fr\\\/produit\\\/accessoire-tempereuse-moule-kit-de-paques-oeufs\\\/#primaryimage\",\"url\":\"https:\\\/\\\/frifri.be\\\/wp-content\\\/uploads\\\/2019\\\/07\\\/Frifri_Chocolatiere_Moule_Oeufs_ZCMOUL2_Acce_72dpi_1.jpg\",\"contentUrl\":\"https:\\\/\\\/frifri.be\\\/wp-content\\\/uploads\\\/2019\\\/07\\\/Frifri_Chocolatiere_Moule_Oeufs_ZCMOUL2_Acce_72dpi_1.jpg\",\"width\":1600,\"height\":1600},{\"@type\":\"BreadcrumbList\",\"@id\":\"https:\\\/\\\/frifri.be\\\/fr\\\/produit\\\/accessoire-tempereuse-moule-kit-de-paques-oeufs\\\/#breadcrumb\",\"itemListElement\":[{\"@type\":\"ListItem\",\"position\":1,\"name\":\"Home\",\"item\":\"https:\\\/\\\/frifri.be\\\/fr\\\/frifri\\\/\"},{\"@type\":\"ListItem\",\"position\":2,\"name\":\"Nos produits\",\"item\":\"https:\\\/\\\/frifri.be\\\/fr\\\/boutique\\\/\"},{\"@type\":\"ListItem\",\"position\":3,\"name\":\"Les Pi\u00e8ces D\u00e9tach\u00e9es et Accessoires\",\"item\":\"https:\\\/\\\/frifri.be\\\/fr\\\/categorie-produit\\\/les-pieces-detachees-electromenager\\\/\"},{\"@type\":\"ListItem\",\"position\":4,\"name\":\"La Chocolati\u00e8re\",\"item\":\"https:\\\/\\\/frifri.be\\\/fr\\\/categorie-produit\\\/les-pieces-detachees-electromenager\\\/accessoire-tempereuse-moules-a-chocolat\\\/\"},{\"@type\":\"ListItem\",\"position\":5,\"name\":\"Les Oeufs en chocolat\"}]},{\"@type\":\"WebSite\",\"@id\":\"https:\\\/\\\/frifri.be\\\/fr\\\/#website\",\"url\":\"https:\\\/\\\/frifri.be\\\/fr\\\/\",\"name\":\"Frifri Belgium\",\"description\":\"frifri Shop Belgium\",\"potentialAction\":[{\"@type\":\"SearchAction\",\"target\":{\"@type\":\"EntryPoint\",\"urlTemplate\":\"https:\\\/\\\/frifri.be\\\/fr\\\/?s={search_term_string}\"},\"query-input\":{\"@type\":\"PropertyValueSpecification\",\"valueRequired\":true,\"valueName\":\"search_term_string\"}}],\"inLanguage\":\"fr-FR\"}]}<\/script>\n<!-- \/ Yoast SEO plugin. -->","yoast_head_json":{"title":"Les Oeufs en chocolat - Parfait pour c\u00e9l\u00e9brer P\u00e2ques - Frifri Belgium","description":"Le pack moules de P\u00e2ques de Frifri en forme d\u2019\u0152ufs permet aux petits comme aux grands de confectionner des chocolats de P\u00e2ques maison.","robots":{"index":"index","follow":"follow","max-snippet":"max-snippet:-1","max-image-preview":"max-image-preview:large","max-video-preview":"max-video-preview:-1"},"canonical":"https:\/\/frifri.be\/fr\/produit\/accessoire-tempereuse-moule-kit-de-paques-oeufs\/","og_locale":"fr_FR","og_type":"article","og_title":"Les Oeufs en chocolat - Parfait pour c\u00e9l\u00e9brer P\u00e2ques - Frifri Belgium","og_description":"Le pack moules de P\u00e2ques de Frifri en forme d\u2019\u0152ufs permet aux petits comme aux grands de confectionner des chocolats de P\u00e2ques maison.","og_url":"https:\/\/frifri.be\/fr\/produit\/accessoire-tempereuse-moule-kit-de-paques-oeufs\/","og_site_name":"Frifri Belgium","article_modified_time":"2025-12-02T13:25:00+00:00","og_image":[{"width":1600,"height":1600,"url":"https:\/\/frifri.be\/wp-content\/uploads\/2019\/07\/Frifri_Chocolatiere_Moule_Oeufs_ZCMOUL2_Acce_72dpi_1.jpg","type":"image\/jpeg"}],"twitter_card":"summary_large_image","twitter_misc":{"Dur\u00e9e de lecture estim\u00e9e":"2 minutes"},"schema":{"@context":"https:\/\/schema.org","@graph":[{"@type":"WebPage","@id":"https:\/\/frifri.be\/fr\/produit\/accessoire-tempereuse-moule-kit-de-paques-oeufs\/","url":"https:\/\/frifri.be\/fr\/produit\/accessoire-tempereuse-moule-kit-de-paques-oeufs\/","name":"Les Oeufs en chocolat - Parfait pour c\u00e9l\u00e9brer P\u00e2ques - Frifri Belgium","isPartOf":{"@id":"https:\/\/frifri.be\/fr\/#website"},"primaryImageOfPage":{"@id":"https:\/\/frifri.be\/fr\/produit\/accessoire-tempereuse-moule-kit-de-paques-oeufs\/#primaryimage"},"image":{"@id":"https:\/\/frifri.be\/fr\/produit\/accessoire-tempereuse-moule-kit-de-paques-oeufs\/#primaryimage"},"thumbnailUrl":"https:\/\/frifri.be\/wp-content\/uploads\/2019\/07\/Frifri_Chocolatiere_Moule_Oeufs_ZCMOUL2_Acce_72dpi_1.jpg","datePublished":"2019-07-09T11:49:29+00:00","dateModified":"2025-12-02T13:25:00+00:00","description":"Le pack moules de P\u00e2ques de Frifri en forme d\u2019\u0152ufs permet aux petits comme aux grands de confectionner des chocolats de P\u00e2ques maison.","breadcrumb":{"@id":"https:\/\/frifri.be\/fr\/produit\/accessoire-tempereuse-moule-kit-de-paques-oeufs\/#breadcrumb"},"inLanguage":"fr-FR","potentialAction":[{"@type":"ReadAction","target":["https:\/\/frifri.be\/fr\/produit\/accessoire-tempereuse-moule-kit-de-paques-oeufs\/"]}]},{"@type":"ImageObject","inLanguage":"fr-FR","@id":"https:\/\/frifri.be\/fr\/produit\/accessoire-tempereuse-moule-kit-de-paques-oeufs\/#primaryimage","url":"https:\/\/frifri.be\/wp-content\/uploads\/2019\/07\/Frifri_Chocolatiere_Moule_Oeufs_ZCMOUL2_Acce_72dpi_1.jpg","contentUrl":"https:\/\/frifri.be\/wp-content\/uploads\/2019\/07\/Frifri_Chocolatiere_Moule_Oeufs_ZCMOUL2_Acce_72dpi_1.jpg","width":1600,"height":1600},{"@type":"BreadcrumbList","@id":"https:\/\/frifri.be\/fr\/produit\/accessoire-tempereuse-moule-kit-de-paques-oeufs\/#breadcrumb","itemListElement":[{"@type":"ListItem","position":1,"name":"Home","item":"https:\/\/frifri.be\/fr\/frifri\/"},{"@type":"ListItem","position":2,"name":"Nos produits","item":"https:\/\/frifri.be\/fr\/boutique\/"},{"@type":"ListItem","position":3,"name":"Les Pi\u00e8ces D\u00e9tach\u00e9es et Accessoires","item":"https:\/\/frifri.be\/fr\/categorie-produit\/les-pieces-detachees-electromenager\/"},{"@type":"ListItem","position":4,"name":"La Chocolati\u00e8re","item":"https:\/\/frifri.be\/fr\/categorie-produit\/les-pieces-detachees-electromenager\/accessoire-tempereuse-moules-a-chocolat\/"},{"@type":"ListItem","position":5,"name":"Les Oeufs en chocolat"}]},{"@type":"WebSite","@id":"https:\/\/frifri.be\/fr\/#website","url":"https:\/\/frifri.be\/fr\/","name":"Frifri Belgium","description":"frifri Shop Belgium","potentialAction":[{"@type":"SearchAction","target":{"@type":"EntryPoint","urlTemplate":"https:\/\/frifri.be\/fr\/?s={search_term_string}"},"query-input":{"@type":"PropertyValueSpecification","valueRequired":true,"valueName":"search_term_string"}}],"inLanguage":"fr-FR"}]}},"_links":{"self":[{"href":"https:\/\/frifri.be\/fr\/wp-json\/wp\/v2\/product\/1788","targetHints":{"allow":["GET"]}}],"collection":[{"href":"https:\/\/frifri.be\/fr\/wp-json\/wp\/v2\/product"}],"about":[{"href":"https:\/\/frifri.be\/fr\/wp-json\/wp\/v2\/types\/product"}],"replies":[{"embeddable":true,"href":"https:\/\/frifri.be\/fr\/wp-json\/wp\/v2\/comments?post=1788"}],"wp:featuredmedia":[{"embeddable":true,"href":"https:\/\/frifri.be\/fr\/wp-json\/wp\/v2\/media\/2191"}],"wp:attachment":[{"href":"https:\/\/frifri.be\/fr\/wp-json\/wp\/v2\/media?parent=1788"}],"wp:term":[{"taxonomy":"product_brand","embeddable":true,"href":"https:\/\/frifri.be\/fr\/wp-json\/wp\/v2\/product_brand?post=1788"},{"taxonomy":"product_cat","embeddable":true,"href":"https:\/\/frifri.be\/fr\/wp-json\/wp\/v2\/product_cat?post=1788"},{"taxonomy":"product_tag","embeddable":true,"href":"https:\/\/frifri.be\/fr\/wp-json\/wp\/v2\/product_tag?post=1788"}],"curies":[{"name":"wp","href":"https:\/\/api.w.org\/{rel}","templated":true}]}}