{"id":1792,"date":"2019-07-09T13:59:14","date_gmt":"2019-07-09T11:59:14","guid":{"rendered":"https:\/\/frifri.be\/?post_type=product&#038;p=1792"},"modified":"2025-12-02T23:45:05","modified_gmt":"2025-12-02T22:45:05","slug":"accessoire-tempereuse-moule-a-pralines","status":"publish","type":"product","link":"https:\/\/frifri.be\/fr\/produit\/accessoire-tempereuse-moule-a-pralines\/","title":{"rendered":"Le Moule \u00e0 Pralines"},"content":{"rendered":"<p>Brillante, craquante, fondante ou croustillante, la praline est un concentr\u00e9 de plaisir. Et c\u2019est encore meilleur quand vous la confectionnez vous-m\u00eame. Inventez et associez tous vos go\u00fbts pr\u00e9f\u00e9r\u00e9s.<\/p>\n<ul>\n<li>1 <strong>moule professionnel<\/strong>\n<ul>\n<li>D\u00e9moulage facile<\/li>\n<li>Brillance extr\u00eame de la surface du chocolat<\/li>\n<li>Entretien facile \u00e0 l\u2019eau chaude ou au lave-vaisselle \u00e0 moins de 50\u00b0C<\/li>\n<\/ul>\n<\/li>\n<li><strong>Prise en main ais\u00e9e<\/strong> : votre moule ne glisse pas et vous \u00e9vitez de chauffer le chocolat temp\u00e9r\u00e9<\/li>\n<li><strong>7 formes diff\u00e9rentes en 3 exemplaires<\/strong> pour 21 pralines modernes et raffin\u00e9es \u00e0 d\u00e9guster et partager<\/li>\n<\/ul>\n","protected":false},"excerpt":{"rendered":"<p>Brillante, craquante, fondante ou croustillante, la praline est un concentr\u00e9 de plaisir. Et c\u2019est encore meilleur&#8230; <span class=\"moreLink\"><a href=\"https:\/\/frifri.be\/fr\/produit\/accessoire-tempereuse-moule-a-pralines\/\">+<\/a><\/span><\/p>\n","protected":false},"featured_media":2164,"comment_status":"closed","ping_status":"closed","template":"","meta":{"_acf_changed":false},"product_brand":[],"product_cat":[185,270],"product_tag":[],"class_list":{"0":"post-1792","1":"product","2":"type-product","3":"status-publish","4":"has-post-thumbnail","6":"product_cat-la-chocolatiere","7":"product_cat-accessoire-tempereuse-moules-a-chocolat","9":"first","10":"instock","11":"taxable","12":"shipping-taxable","13":"purchasable","14":"product-type-simple"},"acf":[],"yoast_head":"<!-- This site is optimized with the Yoast SEO plugin v27.1.1 - https:\/\/yoast.com\/product\/yoast-seo-wordpress\/ -->\n<title>Le Moule \u00e0 Pralines - Des pralines maison de toutes les formes - Frifri Belgium<\/title>\n<meta name=\"description\" content=\"Brillante, fondante ou croustillante, la praline est un concentr\u00e9 de plaisir. C\u2019est encore meilleur quand vous la confectionnez vous-m\u00eame\" \/>\n<meta name=\"robots\" content=\"index, follow, max-snippet:-1, max-image-preview:large, max-video-preview:-1\" \/>\n<link rel=\"canonical\" href=\"https:\/\/frifri.be\/fr\/produit\/accessoire-tempereuse-moule-a-pralines\/\" \/>\n<meta property=\"og:locale\" content=\"fr_FR\" \/>\n<meta property=\"og:type\" content=\"article\" \/>\n<meta property=\"og:title\" content=\"Le Moule \u00e0 Pralines - Des pralines maison de toutes les formes - Frifri Belgium\" \/>\n<meta property=\"og:description\" content=\"Brillante, fondante ou croustillante, la praline est un concentr\u00e9 de plaisir. C\u2019est encore meilleur quand vous la confectionnez vous-m\u00eame\" \/>\n<meta property=\"og:url\" content=\"https:\/\/frifri.be\/fr\/produit\/accessoire-tempereuse-moule-a-pralines\/\" \/>\n<meta property=\"og:site_name\" content=\"Frifri Belgium\" \/>\n<meta property=\"article:modified_time\" content=\"2025-12-02T22:45:05+00:00\" \/>\n<meta property=\"og:image\" content=\"https:\/\/frifri.be\/wp-content\/uploads\/2019\/07\/Frifri_Chocolatiere_Acc_72dpi_3.jpg\" \/>\n\t<meta property=\"og:image:width\" content=\"1280\" \/>\n\t<meta property=\"og:image:height\" content=\"800\" \/>\n\t<meta property=\"og:image:type\" content=\"image\/jpeg\" \/>\n<meta name=\"twitter:card\" content=\"summary_large_image\" \/>\n<meta name=\"twitter:label1\" content=\"Dur\u00e9e de lecture estim\u00e9e\" \/>\n\t<meta name=\"twitter:data1\" content=\"2 minutes\" \/>\n<script type=\"application\/ld+json\" class=\"yoast-schema-graph\">{\"@context\":\"https:\/\/schema.org\",\"@graph\":[{\"@type\":\"WebPage\",\"@id\":\"https:\/\/frifri.be\/fr\/produit\/accessoire-tempereuse-moule-a-pralines\/\",\"url\":\"https:\/\/frifri.be\/fr\/produit\/accessoire-tempereuse-moule-a-pralines\/\",\"name\":\"Le Moule \u00e0 Pralines - Des pralines maison de toutes les formes - Frifri Belgium\",\"isPartOf\":{\"@id\":\"https:\/\/frifri.be\/fr\/#website\"},\"primaryImageOfPage\":{\"@id\":\"https:\/\/frifri.be\/fr\/produit\/accessoire-tempereuse-moule-a-pralines\/#primaryimage\"},\"image\":{\"@id\":\"https:\/\/frifri.be\/fr\/produit\/accessoire-tempereuse-moule-a-pralines\/#primaryimage\"},\"thumbnailUrl\":\"https:\/\/frifri.be\/wp-content\/uploads\/2019\/07\/Frifri_Chocolatiere_Acc_72dpi_3.jpg\",\"datePublished\":\"2019-07-09T11:59:14+00:00\",\"dateModified\":\"2025-12-02T22:45:05+00:00\",\"description\":\"Brillante, fondante ou croustillante, la praline est un concentr\u00e9 de plaisir. C\u2019est encore meilleur quand vous la confectionnez vous-m\u00eame\",\"breadcrumb\":{\"@id\":\"https:\/\/frifri.be\/fr\/produit\/accessoire-tempereuse-moule-a-pralines\/#breadcrumb\"},\"inLanguage\":\"fr-FR\",\"potentialAction\":[{\"@type\":\"ReadAction\",\"target\":[\"https:\/\/frifri.be\/fr\/produit\/accessoire-tempereuse-moule-a-pralines\/\"]}]},{\"@type\":\"ImageObject\",\"inLanguage\":\"fr-FR\",\"@id\":\"https:\/\/frifri.be\/fr\/produit\/accessoire-tempereuse-moule-a-pralines\/#primaryimage\",\"url\":\"https:\/\/frifri.be\/wp-content\/uploads\/2019\/07\/Frifri_Chocolatiere_Acc_72dpi_3.jpg\",\"contentUrl\":\"https:\/\/frifri.be\/wp-content\/uploads\/2019\/07\/Frifri_Chocolatiere_Acc_72dpi_3.jpg\",\"width\":1280,\"height\":800},{\"@type\":\"BreadcrumbList\",\"@id\":\"https:\/\/frifri.be\/fr\/produit\/accessoire-tempereuse-moule-a-pralines\/#breadcrumb\",\"itemListElement\":[{\"@type\":\"ListItem\",\"position\":1,\"name\":\"Home\",\"item\":\"https:\/\/frifri.be\/fr\/frifri\/\"},{\"@type\":\"ListItem\",\"position\":2,\"name\":\"Nos produits\",\"item\":\"https:\/\/frifri.be\/fr\/boutique\/\"},{\"@type\":\"ListItem\",\"position\":3,\"name\":\"Les Pi\u00e8ces D\u00e9tach\u00e9es et Accessoires\",\"item\":\"https:\/\/frifri.be\/fr\/categorie-produit\/les-pieces-detachees-electromenager\/\"},{\"@type\":\"ListItem\",\"position\":4,\"name\":\"La Chocolati\u00e8re\",\"item\":\"https:\/\/frifri.be\/fr\/categorie-produit\/les-pieces-detachees-electromenager\/accessoire-tempereuse-moules-a-chocolat\/\"},{\"@type\":\"ListItem\",\"position\":5,\"name\":\"Le Moule \u00e0 Pralines\"}]},{\"@type\":\"WebSite\",\"@id\":\"https:\/\/frifri.be\/fr\/#website\",\"url\":\"https:\/\/frifri.be\/fr\/\",\"name\":\"Frifri Belgium\",\"description\":\"frifri Shop Belgium\",\"potentialAction\":[{\"@type\":\"SearchAction\",\"target\":{\"@type\":\"EntryPoint\",\"urlTemplate\":\"https:\/\/frifri.be\/fr\/?s={search_term_string}\"},\"query-input\":{\"@type\":\"PropertyValueSpecification\",\"valueRequired\":true,\"valueName\":\"search_term_string\"}}],\"inLanguage\":\"fr-FR\"}]}<\/script>\n<!-- \/ Yoast SEO plugin. -->","yoast_head_json":{"title":"Le Moule \u00e0 Pralines - Des pralines maison de toutes les formes - Frifri Belgium","description":"Brillante, fondante ou croustillante, la praline est un concentr\u00e9 de plaisir. C\u2019est encore meilleur quand vous la confectionnez vous-m\u00eame","robots":{"index":"index","follow":"follow","max-snippet":"max-snippet:-1","max-image-preview":"max-image-preview:large","max-video-preview":"max-video-preview:-1"},"canonical":"https:\/\/frifri.be\/fr\/produit\/accessoire-tempereuse-moule-a-pralines\/","og_locale":"fr_FR","og_type":"article","og_title":"Le Moule \u00e0 Pralines - Des pralines maison de toutes les formes - Frifri Belgium","og_description":"Brillante, fondante ou croustillante, la praline est un concentr\u00e9 de plaisir. C\u2019est encore meilleur quand vous la confectionnez vous-m\u00eame","og_url":"https:\/\/frifri.be\/fr\/produit\/accessoire-tempereuse-moule-a-pralines\/","og_site_name":"Frifri Belgium","article_modified_time":"2025-12-02T22:45:05+00:00","og_image":[{"width":1280,"height":800,"url":"https:\/\/frifri.be\/wp-content\/uploads\/2019\/07\/Frifri_Chocolatiere_Acc_72dpi_3.jpg","type":"image\/jpeg"}],"twitter_card":"summary_large_image","twitter_misc":{"Dur\u00e9e de lecture estim\u00e9e":"2 minutes"},"schema":{"@context":"https:\/\/schema.org","@graph":[{"@type":"WebPage","@id":"https:\/\/frifri.be\/fr\/produit\/accessoire-tempereuse-moule-a-pralines\/","url":"https:\/\/frifri.be\/fr\/produit\/accessoire-tempereuse-moule-a-pralines\/","name":"Le Moule \u00e0 Pralines - Des pralines maison de toutes les formes - Frifri Belgium","isPartOf":{"@id":"https:\/\/frifri.be\/fr\/#website"},"primaryImageOfPage":{"@id":"https:\/\/frifri.be\/fr\/produit\/accessoire-tempereuse-moule-a-pralines\/#primaryimage"},"image":{"@id":"https:\/\/frifri.be\/fr\/produit\/accessoire-tempereuse-moule-a-pralines\/#primaryimage"},"thumbnailUrl":"https:\/\/frifri.be\/wp-content\/uploads\/2019\/07\/Frifri_Chocolatiere_Acc_72dpi_3.jpg","datePublished":"2019-07-09T11:59:14+00:00","dateModified":"2025-12-02T22:45:05+00:00","description":"Brillante, fondante ou croustillante, la praline est un concentr\u00e9 de plaisir. C\u2019est encore meilleur quand vous la confectionnez vous-m\u00eame","breadcrumb":{"@id":"https:\/\/frifri.be\/fr\/produit\/accessoire-tempereuse-moule-a-pralines\/#breadcrumb"},"inLanguage":"fr-FR","potentialAction":[{"@type":"ReadAction","target":["https:\/\/frifri.be\/fr\/produit\/accessoire-tempereuse-moule-a-pralines\/"]}]},{"@type":"ImageObject","inLanguage":"fr-FR","@id":"https:\/\/frifri.be\/fr\/produit\/accessoire-tempereuse-moule-a-pralines\/#primaryimage","url":"https:\/\/frifri.be\/wp-content\/uploads\/2019\/07\/Frifri_Chocolatiere_Acc_72dpi_3.jpg","contentUrl":"https:\/\/frifri.be\/wp-content\/uploads\/2019\/07\/Frifri_Chocolatiere_Acc_72dpi_3.jpg","width":1280,"height":800},{"@type":"BreadcrumbList","@id":"https:\/\/frifri.be\/fr\/produit\/accessoire-tempereuse-moule-a-pralines\/#breadcrumb","itemListElement":[{"@type":"ListItem","position":1,"name":"Home","item":"https:\/\/frifri.be\/fr\/frifri\/"},{"@type":"ListItem","position":2,"name":"Nos produits","item":"https:\/\/frifri.be\/fr\/boutique\/"},{"@type":"ListItem","position":3,"name":"Les Pi\u00e8ces D\u00e9tach\u00e9es et Accessoires","item":"https:\/\/frifri.be\/fr\/categorie-produit\/les-pieces-detachees-electromenager\/"},{"@type":"ListItem","position":4,"name":"La Chocolati\u00e8re","item":"https:\/\/frifri.be\/fr\/categorie-produit\/les-pieces-detachees-electromenager\/accessoire-tempereuse-moules-a-chocolat\/"},{"@type":"ListItem","position":5,"name":"Le Moule \u00e0 Pralines"}]},{"@type":"WebSite","@id":"https:\/\/frifri.be\/fr\/#website","url":"https:\/\/frifri.be\/fr\/","name":"Frifri Belgium","description":"frifri Shop Belgium","potentialAction":[{"@type":"SearchAction","target":{"@type":"EntryPoint","urlTemplate":"https:\/\/frifri.be\/fr\/?s={search_term_string}"},"query-input":{"@type":"PropertyValueSpecification","valueRequired":true,"valueName":"search_term_string"}}],"inLanguage":"fr-FR"}]}},"_links":{"self":[{"href":"https:\/\/frifri.be\/fr\/wp-json\/wp\/v2\/product\/1792","targetHints":{"allow":["GET"]}}],"collection":[{"href":"https:\/\/frifri.be\/fr\/wp-json\/wp\/v2\/product"}],"about":[{"href":"https:\/\/frifri.be\/fr\/wp-json\/wp\/v2\/types\/product"}],"replies":[{"embeddable":true,"href":"https:\/\/frifri.be\/fr\/wp-json\/wp\/v2\/comments?post=1792"}],"wp:featuredmedia":[{"embeddable":true,"href":"https:\/\/frifri.be\/fr\/wp-json\/wp\/v2\/media\/2164"}],"wp:attachment":[{"href":"https:\/\/frifri.be\/fr\/wp-json\/wp\/v2\/media?parent=1792"}],"wp:term":[{"taxonomy":"product_brand","embeddable":true,"href":"https:\/\/frifri.be\/fr\/wp-json\/wp\/v2\/product_brand?post=1792"},{"taxonomy":"product_cat","embeddable":true,"href":"https:\/\/frifri.be\/fr\/wp-json\/wp\/v2\/product_cat?post=1792"},{"taxonomy":"product_tag","embeddable":true,"href":"https:\/\/frifri.be\/fr\/wp-json\/wp\/v2\/product_tag?post=1792"}],"curies":[{"name":"wp","href":"https:\/\/api.w.org\/{rel}","templated":true}]}}