{"id":1795,"date":"2019-07-09T14:05:02","date_gmt":"2019-07-09T12:05:02","guid":{"rendered":"https:\/\/frifri.be\/?post_type=product&#038;p=1795"},"modified":"2025-12-02T14:25:01","modified_gmt":"2025-12-02T13:25:01","slug":"accessoire-tempereuse-spatule","status":"publish","type":"product","link":"https:\/\/frifri.be\/fr\/produit\/accessoire-tempereuse-spatule\/","title":{"rendered":"La Spatule"},"content":{"rendered":"<p>Pour faire vos pr\u00e9parations au chocolat <strong>sans en perdre la moindre goutte<\/strong>, utilisez une spatule adapt\u00e9e et de <strong>qualit\u00e9 professionnelle<\/strong>.<\/p>\n<p>Frifri, le sp\u00e9cialiste de la cuisine belge, vous propose un couteau \u00e0 palette<strong> en inox<\/strong> adapt\u00e9 au moule \u00e0 pralines. Racler le surplus de chocolat d\u2019un simple geste n\u2019a jamais \u00e9t\u00e9 aussi facile.<\/p>\n","protected":false},"excerpt":{"rendered":"<p>Pour faire vos pr\u00e9parations au chocolat sans en perdre la moindre goutte, utilisez une spatule adapt\u00e9e&#8230; <span class=\"moreLink\"><a href=\"https:\/\/frifri.be\/fr\/produit\/accessoire-tempereuse-spatule\/\">+<\/a><\/span><\/p>\n","protected":false},"featured_media":2158,"comment_status":"closed","ping_status":"closed","template":"","meta":{"_acf_changed":false},"product_brand":[],"product_cat":[185,270],"product_tag":[],"class_list":{"0":"post-1795","1":"product","2":"type-product","3":"status-publish","4":"has-post-thumbnail","6":"product_cat-la-chocolatiere","7":"product_cat-accessoire-tempereuse-moules-a-chocolat","9":"first","10":"instock","11":"taxable","12":"shipping-taxable","13":"purchasable","14":"product-type-simple"},"acf":[],"yoast_head":"<!-- This site is optimized with the Yoast SEO plugin v27.1.1 - https:\/\/yoast.com\/product\/yoast-seo-wordpress\/ -->\n<title>La Spatule - Une spatule pour r\u00e9cup\u00e9rer tout votre chocolat - Frifri Belgium<\/title>\n<meta name=\"description\" content=\"Pour faire vos pr\u00e9parations au chocolat sans en perdre la moindre goutte, utilisez une spatule adapt\u00e9e et de qualit\u00e9 professionnelle.\" \/>\n<meta name=\"robots\" content=\"index, follow, max-snippet:-1, max-image-preview:large, max-video-preview:-1\" \/>\n<link rel=\"canonical\" href=\"https:\/\/frifri.be\/fr\/produit\/accessoire-tempereuse-spatule\/\" \/>\n<meta property=\"og:locale\" content=\"fr_FR\" \/>\n<meta property=\"og:type\" content=\"article\" \/>\n<meta property=\"og:title\" content=\"La Spatule - Une spatule pour r\u00e9cup\u00e9rer tout votre chocolat - Frifri Belgium\" \/>\n<meta property=\"og:description\" content=\"Pour faire vos pr\u00e9parations au chocolat sans en perdre la moindre goutte, utilisez une spatule adapt\u00e9e et de qualit\u00e9 professionnelle.\" \/>\n<meta property=\"og:url\" content=\"https:\/\/frifri.be\/fr\/produit\/accessoire-tempereuse-spatule\/\" \/>\n<meta property=\"og:site_name\" content=\"Frifri Belgium\" \/>\n<meta property=\"article:modified_time\" content=\"2025-12-02T13:25:01+00:00\" \/>\n<meta property=\"og:image\" content=\"https:\/\/frifri.be\/wp-content\/uploads\/2019\/07\/Frifri_Chocolatiere_Spatule_ZCSPATL_Acc_72dpi.jpg\" \/>\n\t<meta property=\"og:image:width\" content=\"1280\" \/>\n\t<meta property=\"og:image:height\" content=\"1280\" \/>\n\t<meta property=\"og:image:type\" content=\"image\/jpeg\" \/>\n<meta name=\"twitter:card\" content=\"summary_large_image\" \/>\n<meta name=\"twitter:label1\" content=\"Dur\u00e9e de lecture estim\u00e9e\" \/>\n\t<meta name=\"twitter:data1\" content=\"1 minute\" \/>\n<script type=\"application\/ld+json\" class=\"yoast-schema-graph\">{\"@context\":\"https:\/\/schema.org\",\"@graph\":[{\"@type\":\"WebPage\",\"@id\":\"https:\/\/frifri.be\/fr\/produit\/accessoire-tempereuse-spatule\/\",\"url\":\"https:\/\/frifri.be\/fr\/produit\/accessoire-tempereuse-spatule\/\",\"name\":\"La Spatule - Une spatule pour r\u00e9cup\u00e9rer tout votre chocolat - Frifri Belgium\",\"isPartOf\":{\"@id\":\"https:\/\/frifri.be\/fr\/#website\"},\"primaryImageOfPage\":{\"@id\":\"https:\/\/frifri.be\/fr\/produit\/accessoire-tempereuse-spatule\/#primaryimage\"},\"image\":{\"@id\":\"https:\/\/frifri.be\/fr\/produit\/accessoire-tempereuse-spatule\/#primaryimage\"},\"thumbnailUrl\":\"https:\/\/frifri.be\/wp-content\/uploads\/2019\/07\/Frifri_Chocolatiere_Spatule_ZCSPATL_Acc_72dpi.jpg\",\"datePublished\":\"2019-07-09T12:05:02+00:00\",\"dateModified\":\"2025-12-02T13:25:01+00:00\",\"description\":\"Pour faire vos pr\u00e9parations au chocolat sans en perdre la moindre goutte, utilisez une spatule adapt\u00e9e et de qualit\u00e9 professionnelle.\",\"breadcrumb\":{\"@id\":\"https:\/\/frifri.be\/fr\/produit\/accessoire-tempereuse-spatule\/#breadcrumb\"},\"inLanguage\":\"fr-FR\",\"potentialAction\":[{\"@type\":\"ReadAction\",\"target\":[\"https:\/\/frifri.be\/fr\/produit\/accessoire-tempereuse-spatule\/\"]}]},{\"@type\":\"ImageObject\",\"inLanguage\":\"fr-FR\",\"@id\":\"https:\/\/frifri.be\/fr\/produit\/accessoire-tempereuse-spatule\/#primaryimage\",\"url\":\"https:\/\/frifri.be\/wp-content\/uploads\/2019\/07\/Frifri_Chocolatiere_Spatule_ZCSPATL_Acc_72dpi.jpg\",\"contentUrl\":\"https:\/\/frifri.be\/wp-content\/uploads\/2019\/07\/Frifri_Chocolatiere_Spatule_ZCSPATL_Acc_72dpi.jpg\",\"width\":1280,\"height\":1280},{\"@type\":\"BreadcrumbList\",\"@id\":\"https:\/\/frifri.be\/fr\/produit\/accessoire-tempereuse-spatule\/#breadcrumb\",\"itemListElement\":[{\"@type\":\"ListItem\",\"position\":1,\"name\":\"Home\",\"item\":\"https:\/\/frifri.be\/fr\/frifri\/\"},{\"@type\":\"ListItem\",\"position\":2,\"name\":\"Nos produits\",\"item\":\"https:\/\/frifri.be\/fr\/boutique\/\"},{\"@type\":\"ListItem\",\"position\":3,\"name\":\"Les Pi\u00e8ces D\u00e9tach\u00e9es et Accessoires\",\"item\":\"https:\/\/frifri.be\/fr\/categorie-produit\/les-pieces-detachees-electromenager\/\"},{\"@type\":\"ListItem\",\"position\":4,\"name\":\"La Chocolati\u00e8re\",\"item\":\"https:\/\/frifri.be\/fr\/categorie-produit\/les-pieces-detachees-electromenager\/accessoire-tempereuse-moules-a-chocolat\/\"},{\"@type\":\"ListItem\",\"position\":5,\"name\":\"La Spatule\"}]},{\"@type\":\"WebSite\",\"@id\":\"https:\/\/frifri.be\/fr\/#website\",\"url\":\"https:\/\/frifri.be\/fr\/\",\"name\":\"Frifri Belgium\",\"description\":\"frifri Shop Belgium\",\"potentialAction\":[{\"@type\":\"SearchAction\",\"target\":{\"@type\":\"EntryPoint\",\"urlTemplate\":\"https:\/\/frifri.be\/fr\/?s={search_term_string}\"},\"query-input\":{\"@type\":\"PropertyValueSpecification\",\"valueRequired\":true,\"valueName\":\"search_term_string\"}}],\"inLanguage\":\"fr-FR\"}]}<\/script>\n<!-- \/ Yoast SEO plugin. -->","yoast_head_json":{"title":"La Spatule - Une spatule pour r\u00e9cup\u00e9rer tout votre chocolat - Frifri Belgium","description":"Pour faire vos pr\u00e9parations au chocolat sans en perdre la moindre goutte, utilisez une spatule adapt\u00e9e et de qualit\u00e9 professionnelle.","robots":{"index":"index","follow":"follow","max-snippet":"max-snippet:-1","max-image-preview":"max-image-preview:large","max-video-preview":"max-video-preview:-1"},"canonical":"https:\/\/frifri.be\/fr\/produit\/accessoire-tempereuse-spatule\/","og_locale":"fr_FR","og_type":"article","og_title":"La Spatule - Une spatule pour r\u00e9cup\u00e9rer tout votre chocolat - Frifri Belgium","og_description":"Pour faire vos pr\u00e9parations au chocolat sans en perdre la moindre goutte, utilisez une spatule adapt\u00e9e et de qualit\u00e9 professionnelle.","og_url":"https:\/\/frifri.be\/fr\/produit\/accessoire-tempereuse-spatule\/","og_site_name":"Frifri Belgium","article_modified_time":"2025-12-02T13:25:01+00:00","og_image":[{"width":1280,"height":1280,"url":"https:\/\/frifri.be\/wp-content\/uploads\/2019\/07\/Frifri_Chocolatiere_Spatule_ZCSPATL_Acc_72dpi.jpg","type":"image\/jpeg"}],"twitter_card":"summary_large_image","twitter_misc":{"Dur\u00e9e de lecture estim\u00e9e":"1 minute"},"schema":{"@context":"https:\/\/schema.org","@graph":[{"@type":"WebPage","@id":"https:\/\/frifri.be\/fr\/produit\/accessoire-tempereuse-spatule\/","url":"https:\/\/frifri.be\/fr\/produit\/accessoire-tempereuse-spatule\/","name":"La Spatule - Une spatule pour r\u00e9cup\u00e9rer tout votre chocolat - Frifri Belgium","isPartOf":{"@id":"https:\/\/frifri.be\/fr\/#website"},"primaryImageOfPage":{"@id":"https:\/\/frifri.be\/fr\/produit\/accessoire-tempereuse-spatule\/#primaryimage"},"image":{"@id":"https:\/\/frifri.be\/fr\/produit\/accessoire-tempereuse-spatule\/#primaryimage"},"thumbnailUrl":"https:\/\/frifri.be\/wp-content\/uploads\/2019\/07\/Frifri_Chocolatiere_Spatule_ZCSPATL_Acc_72dpi.jpg","datePublished":"2019-07-09T12:05:02+00:00","dateModified":"2025-12-02T13:25:01+00:00","description":"Pour faire vos pr\u00e9parations au chocolat sans en perdre la moindre goutte, utilisez une spatule adapt\u00e9e et de qualit\u00e9 professionnelle.","breadcrumb":{"@id":"https:\/\/frifri.be\/fr\/produit\/accessoire-tempereuse-spatule\/#breadcrumb"},"inLanguage":"fr-FR","potentialAction":[{"@type":"ReadAction","target":["https:\/\/frifri.be\/fr\/produit\/accessoire-tempereuse-spatule\/"]}]},{"@type":"ImageObject","inLanguage":"fr-FR","@id":"https:\/\/frifri.be\/fr\/produit\/accessoire-tempereuse-spatule\/#primaryimage","url":"https:\/\/frifri.be\/wp-content\/uploads\/2019\/07\/Frifri_Chocolatiere_Spatule_ZCSPATL_Acc_72dpi.jpg","contentUrl":"https:\/\/frifri.be\/wp-content\/uploads\/2019\/07\/Frifri_Chocolatiere_Spatule_ZCSPATL_Acc_72dpi.jpg","width":1280,"height":1280},{"@type":"BreadcrumbList","@id":"https:\/\/frifri.be\/fr\/produit\/accessoire-tempereuse-spatule\/#breadcrumb","itemListElement":[{"@type":"ListItem","position":1,"name":"Home","item":"https:\/\/frifri.be\/fr\/frifri\/"},{"@type":"ListItem","position":2,"name":"Nos produits","item":"https:\/\/frifri.be\/fr\/boutique\/"},{"@type":"ListItem","position":3,"name":"Les Pi\u00e8ces D\u00e9tach\u00e9es et Accessoires","item":"https:\/\/frifri.be\/fr\/categorie-produit\/les-pieces-detachees-electromenager\/"},{"@type":"ListItem","position":4,"name":"La Chocolati\u00e8re","item":"https:\/\/frifri.be\/fr\/categorie-produit\/les-pieces-detachees-electromenager\/accessoire-tempereuse-moules-a-chocolat\/"},{"@type":"ListItem","position":5,"name":"La Spatule"}]},{"@type":"WebSite","@id":"https:\/\/frifri.be\/fr\/#website","url":"https:\/\/frifri.be\/fr\/","name":"Frifri Belgium","description":"frifri Shop Belgium","potentialAction":[{"@type":"SearchAction","target":{"@type":"EntryPoint","urlTemplate":"https:\/\/frifri.be\/fr\/?s={search_term_string}"},"query-input":{"@type":"PropertyValueSpecification","valueRequired":true,"valueName":"search_term_string"}}],"inLanguage":"fr-FR"}]}},"_links":{"self":[{"href":"https:\/\/frifri.be\/fr\/wp-json\/wp\/v2\/product\/1795","targetHints":{"allow":["GET"]}}],"collection":[{"href":"https:\/\/frifri.be\/fr\/wp-json\/wp\/v2\/product"}],"about":[{"href":"https:\/\/frifri.be\/fr\/wp-json\/wp\/v2\/types\/product"}],"replies":[{"embeddable":true,"href":"https:\/\/frifri.be\/fr\/wp-json\/wp\/v2\/comments?post=1795"}],"wp:featuredmedia":[{"embeddable":true,"href":"https:\/\/frifri.be\/fr\/wp-json\/wp\/v2\/media\/2158"}],"wp:attachment":[{"href":"https:\/\/frifri.be\/fr\/wp-json\/wp\/v2\/media?parent=1795"}],"wp:term":[{"taxonomy":"product_brand","embeddable":true,"href":"https:\/\/frifri.be\/fr\/wp-json\/wp\/v2\/product_brand?post=1795"},{"taxonomy":"product_cat","embeddable":true,"href":"https:\/\/frifri.be\/fr\/wp-json\/wp\/v2\/product_cat?post=1795"},{"taxonomy":"product_tag","embeddable":true,"href":"https:\/\/frifri.be\/fr\/wp-json\/wp\/v2\/product_tag?post=1795"}],"curies":[{"name":"wp","href":"https:\/\/api.w.org\/{rel}","templated":true}]}}