{"id":1796,"date":"2019-07-09T14:14:49","date_gmt":"2019-07-09T12:14:49","guid":{"rendered":"https:\/\/frifri.be\/?post_type=product&#038;p=1796"},"modified":"2025-12-02T14:25:01","modified_gmt":"2025-12-02T13:25:01","slug":"accessoire-friteuse-degraissant","status":"publish","type":"product","link":"https:\/\/frifri.be\/fr\/produit\/accessoire-friteuse-degraissant\/","title":{"rendered":"Le D\u00e9graissant PRO CLEANER"},"content":{"rendered":"<p>Une friteuse <strong>impeccable<\/strong> m\u00eame si vous l\u2019utilisez souvent ?<\/p>\n<p>Rien de plus simple avec le d\u00e9graissant <strong>PRO CLEANER<\/strong>.<\/p>\n<p>Videz l\u2019huile de votre friteuse, remplissez la cuve de votre friteuse d\u2019eau chaude (+\/- 50\u00b0C) et versez-y le contenu d\u2019un sachet de PRO CLEANER. Remuez doucement pour dissoudre la poudre et laissez agir pendant 1 heure. Frottez si n\u00e9cessaire, rincez et s\u00e9chez. Votre friteuse est pr\u00eate \u00e0 l\u2019emploi.<\/p>\n<ul>\n<li><strong>Efficace<\/strong>, pour nettoyer votre friteuse sans effort et supprimer toutes les odeurs.<\/li>\n<li><strong>Biod\u00e9gradable<\/strong> \u00e0 95% pour mieux respecter l\u2019environnement.<\/li>\n<li>Sans phtalates ou autres conservateurs, le d\u00e9graissant est <strong>tout doux pour vos mains<\/strong> et votre appareil.<\/li>\n<li><strong>5 sachets par bo\u00eete<\/strong> pour profiter longtemps d\u2019une friteuse impeccable.<\/li>\n<li><strong>Multifonction<\/strong>, le d\u00e9graissant peut aussi \u00eatre utilis\u00e9 pour vos barbecues, grill, grille de hotte&#8230;<\/li>\n<\/ul>\n<h2>Trucs et astuces pour une friteuse en pleine forme<\/h2>\n<p>Il est recommand\u00e9 d\u2019utiliser votre d\u00e9graissant <strong>4 fois par an<\/strong> pour un entretien optimal.<\/p>\n<p>En plus du d\u00e9graissant, chouchoutez votre friteuse en suivant ces quelques r\u00e8gles toute simples :<\/p>\n<ul>\n<li>changez l\u2019huile environ toutes les<strong> 10 fritures<\/strong>,<\/li>\n<li>ne <strong>m\u00e9langez pas<\/strong> huile neuve et huile us\u00e9e,<\/li>\n<li><strong>couvrez<\/strong> l\u2019huile d\u00e8s qu\u2019elle n\u2019est plus utilis\u00e9e.<\/li>\n<\/ul>\n","protected":false},"excerpt":{"rendered":"<p>Une friteuse impeccable m\u00eame si vous l\u2019utilisez souvent ? Rien de plus simple avec le d\u00e9graissant&#8230; <span class=\"moreLink\"><a href=\"https:\/\/frifri.be\/fr\/produit\/accessoire-friteuse-degraissant\/\">+<\/a><\/span><\/p>\n","protected":false},"featured_media":2052,"comment_status":"closed","ping_status":"closed","template":"","meta":{"_acf_changed":false},"product_brand":[],"product_cat":[22,277],"product_tag":[],"class_list":{"0":"post-1796","1":"product","2":"type-product","3":"status-publish","4":"has-post-thumbnail","6":"product_cat-electro-menager-friteuse-avec-zone-froide","7":"product_cat-la-friteuse-2","9":"first","10":"instock","11":"taxable","12":"shipping-taxable","13":"purchasable","14":"product-type-simple"},"acf":[],"yoast_head":"<!-- This site is optimized with the Yoast SEO plugin v27.5 - https:\/\/yoast.com\/product\/yoast-seo-wordpress\/ -->\n<title>Le D\u00e9graissant PRO CLEANER - Une friteuse impeccable - Frifri Belgium<\/title>\n<meta name=\"description\" content=\"Une friteuse impeccable m\u00eame en l&#039;utilisant souvent ? Rien de plus simple avec Le D\u00e9graissant PRO CLEANER: efficace, biod\u00e9gradable et sans phtalates.\" \/>\n<meta name=\"robots\" content=\"index, follow, max-snippet:-1, max-image-preview:large, max-video-preview:-1\" \/>\n<link rel=\"canonical\" href=\"https:\/\/frifri.be\/fr\/produit\/accessoire-friteuse-degraissant\/\" \/>\n<meta property=\"og:locale\" content=\"fr_FR\" \/>\n<meta property=\"og:type\" content=\"article\" \/>\n<meta property=\"og:title\" content=\"Le D\u00e9graissant PRO CLEANER - Une friteuse impeccable - Frifri Belgium\" \/>\n<meta property=\"og:description\" content=\"Une friteuse impeccable m\u00eame en l&#039;utilisant souvent ? Rien de plus simple avec Le D\u00e9graissant PRO CLEANER: efficace, biod\u00e9gradable et sans phtalates.\" \/>\n<meta property=\"og:url\" content=\"https:\/\/frifri.be\/fr\/produit\/accessoire-friteuse-degraissant\/\" \/>\n<meta property=\"og:site_name\" content=\"Frifri Belgium\" \/>\n<meta property=\"article:modified_time\" content=\"2025-12-02T13:25:01+00:00\" \/>\n<meta property=\"og:image\" content=\"https:\/\/frifri.be\/wp-content\/uploads\/2019\/07\/Frifri_Friteuse_Degraissant_Ontvetter_Acce_72dpi.jpg\" \/>\n\t<meta property=\"og:image:width\" content=\"1600\" \/>\n\t<meta property=\"og:image:height\" content=\"1131\" \/>\n\t<meta property=\"og:image:type\" content=\"image\/jpeg\" \/>\n<meta name=\"twitter:card\" content=\"summary_large_image\" \/>\n<meta name=\"twitter:label1\" content=\"Dur\u00e9e de lecture estim\u00e9e\" \/>\n\t<meta name=\"twitter:data1\" content=\"2 minutes\" \/>\n<script type=\"application\/ld+json\" class=\"yoast-schema-graph\">{\"@context\":\"https:\\\/\\\/schema.org\",\"@graph\":[{\"@type\":\"WebPage\",\"@id\":\"https:\\\/\\\/frifri.be\\\/fr\\\/produit\\\/accessoire-friteuse-degraissant\\\/\",\"url\":\"https:\\\/\\\/frifri.be\\\/fr\\\/produit\\\/accessoire-friteuse-degraissant\\\/\",\"name\":\"Le D\u00e9graissant PRO CLEANER - Une friteuse impeccable - Frifri Belgium\",\"isPartOf\":{\"@id\":\"https:\\\/\\\/frifri.be\\\/fr\\\/#website\"},\"primaryImageOfPage\":{\"@id\":\"https:\\\/\\\/frifri.be\\\/fr\\\/produit\\\/accessoire-friteuse-degraissant\\\/#primaryimage\"},\"image\":{\"@id\":\"https:\\\/\\\/frifri.be\\\/fr\\\/produit\\\/accessoire-friteuse-degraissant\\\/#primaryimage\"},\"thumbnailUrl\":\"https:\\\/\\\/frifri.be\\\/wp-content\\\/uploads\\\/2019\\\/07\\\/Frifri_Friteuse_Degraissant_Ontvetter_Acce_72dpi.jpg\",\"datePublished\":\"2019-07-09T12:14:49+00:00\",\"dateModified\":\"2025-12-02T13:25:01+00:00\",\"description\":\"Une friteuse impeccable m\u00eame en l'utilisant souvent ? Rien de plus simple avec Le D\u00e9graissant PRO CLEANER: efficace, biod\u00e9gradable et sans phtalates.\",\"breadcrumb\":{\"@id\":\"https:\\\/\\\/frifri.be\\\/fr\\\/produit\\\/accessoire-friteuse-degraissant\\\/#breadcrumb\"},\"inLanguage\":\"fr-FR\",\"potentialAction\":[{\"@type\":\"ReadAction\",\"target\":[\"https:\\\/\\\/frifri.be\\\/fr\\\/produit\\\/accessoire-friteuse-degraissant\\\/\"]}]},{\"@type\":\"ImageObject\",\"inLanguage\":\"fr-FR\",\"@id\":\"https:\\\/\\\/frifri.be\\\/fr\\\/produit\\\/accessoire-friteuse-degraissant\\\/#primaryimage\",\"url\":\"https:\\\/\\\/frifri.be\\\/wp-content\\\/uploads\\\/2019\\\/07\\\/Frifri_Friteuse_Degraissant_Ontvetter_Acce_72dpi.jpg\",\"contentUrl\":\"https:\\\/\\\/frifri.be\\\/wp-content\\\/uploads\\\/2019\\\/07\\\/Frifri_Friteuse_Degraissant_Ontvetter_Acce_72dpi.jpg\",\"width\":1600,\"height\":1131},{\"@type\":\"BreadcrumbList\",\"@id\":\"https:\\\/\\\/frifri.be\\\/fr\\\/produit\\\/accessoire-friteuse-degraissant\\\/#breadcrumb\",\"itemListElement\":[{\"@type\":\"ListItem\",\"position\":1,\"name\":\"Home\",\"item\":\"https:\\\/\\\/frifri.be\\\/fr\\\/frifri\\\/\"},{\"@type\":\"ListItem\",\"position\":2,\"name\":\"Nos produits\",\"item\":\"https:\\\/\\\/frifri.be\\\/fr\\\/boutique\\\/\"},{\"@type\":\"ListItem\",\"position\":3,\"name\":\"Les Pi\u00e8ces D\u00e9tach\u00e9es et Accessoires\",\"item\":\"https:\\\/\\\/frifri.be\\\/fr\\\/categorie-produit\\\/les-pieces-detachees-electromenager\\\/\"},{\"@type\":\"ListItem\",\"position\":4,\"name\":\"Les Friteuses\",\"item\":\"https:\\\/\\\/frifri.be\\\/fr\\\/categorie-produit\\\/les-pieces-detachees-electromenager\\\/la-friteuse-2\\\/\"},{\"@type\":\"ListItem\",\"position\":5,\"name\":\"Le D\u00e9graissant PRO CLEANER\"}]},{\"@type\":\"WebSite\",\"@id\":\"https:\\\/\\\/frifri.be\\\/fr\\\/#website\",\"url\":\"https:\\\/\\\/frifri.be\\\/fr\\\/\",\"name\":\"Frifri Belgium\",\"description\":\"frifri Shop Belgium\",\"potentialAction\":[{\"@type\":\"SearchAction\",\"target\":{\"@type\":\"EntryPoint\",\"urlTemplate\":\"https:\\\/\\\/frifri.be\\\/fr\\\/?s={search_term_string}\"},\"query-input\":{\"@type\":\"PropertyValueSpecification\",\"valueRequired\":true,\"valueName\":\"search_term_string\"}}],\"inLanguage\":\"fr-FR\"}]}<\/script>\n<!-- \/ Yoast SEO plugin. -->","yoast_head_json":{"title":"Le D\u00e9graissant PRO CLEANER - Une friteuse impeccable - Frifri Belgium","description":"Une friteuse impeccable m\u00eame en l'utilisant souvent ? Rien de plus simple avec Le D\u00e9graissant PRO CLEANER: efficace, biod\u00e9gradable et sans phtalates.","robots":{"index":"index","follow":"follow","max-snippet":"max-snippet:-1","max-image-preview":"max-image-preview:large","max-video-preview":"max-video-preview:-1"},"canonical":"https:\/\/frifri.be\/fr\/produit\/accessoire-friteuse-degraissant\/","og_locale":"fr_FR","og_type":"article","og_title":"Le D\u00e9graissant PRO CLEANER - Une friteuse impeccable - Frifri Belgium","og_description":"Une friteuse impeccable m\u00eame en l'utilisant souvent ? Rien de plus simple avec Le D\u00e9graissant PRO CLEANER: efficace, biod\u00e9gradable et sans phtalates.","og_url":"https:\/\/frifri.be\/fr\/produit\/accessoire-friteuse-degraissant\/","og_site_name":"Frifri Belgium","article_modified_time":"2025-12-02T13:25:01+00:00","og_image":[{"width":1600,"height":1131,"url":"https:\/\/frifri.be\/wp-content\/uploads\/2019\/07\/Frifri_Friteuse_Degraissant_Ontvetter_Acce_72dpi.jpg","type":"image\/jpeg"}],"twitter_card":"summary_large_image","twitter_misc":{"Dur\u00e9e de lecture estim\u00e9e":"2 minutes"},"schema":{"@context":"https:\/\/schema.org","@graph":[{"@type":"WebPage","@id":"https:\/\/frifri.be\/fr\/produit\/accessoire-friteuse-degraissant\/","url":"https:\/\/frifri.be\/fr\/produit\/accessoire-friteuse-degraissant\/","name":"Le D\u00e9graissant PRO CLEANER - Une friteuse impeccable - Frifri Belgium","isPartOf":{"@id":"https:\/\/frifri.be\/fr\/#website"},"primaryImageOfPage":{"@id":"https:\/\/frifri.be\/fr\/produit\/accessoire-friteuse-degraissant\/#primaryimage"},"image":{"@id":"https:\/\/frifri.be\/fr\/produit\/accessoire-friteuse-degraissant\/#primaryimage"},"thumbnailUrl":"https:\/\/frifri.be\/wp-content\/uploads\/2019\/07\/Frifri_Friteuse_Degraissant_Ontvetter_Acce_72dpi.jpg","datePublished":"2019-07-09T12:14:49+00:00","dateModified":"2025-12-02T13:25:01+00:00","description":"Une friteuse impeccable m\u00eame en l'utilisant souvent ? Rien de plus simple avec Le D\u00e9graissant PRO CLEANER: efficace, biod\u00e9gradable et sans phtalates.","breadcrumb":{"@id":"https:\/\/frifri.be\/fr\/produit\/accessoire-friteuse-degraissant\/#breadcrumb"},"inLanguage":"fr-FR","potentialAction":[{"@type":"ReadAction","target":["https:\/\/frifri.be\/fr\/produit\/accessoire-friteuse-degraissant\/"]}]},{"@type":"ImageObject","inLanguage":"fr-FR","@id":"https:\/\/frifri.be\/fr\/produit\/accessoire-friteuse-degraissant\/#primaryimage","url":"https:\/\/frifri.be\/wp-content\/uploads\/2019\/07\/Frifri_Friteuse_Degraissant_Ontvetter_Acce_72dpi.jpg","contentUrl":"https:\/\/frifri.be\/wp-content\/uploads\/2019\/07\/Frifri_Friteuse_Degraissant_Ontvetter_Acce_72dpi.jpg","width":1600,"height":1131},{"@type":"BreadcrumbList","@id":"https:\/\/frifri.be\/fr\/produit\/accessoire-friteuse-degraissant\/#breadcrumb","itemListElement":[{"@type":"ListItem","position":1,"name":"Home","item":"https:\/\/frifri.be\/fr\/frifri\/"},{"@type":"ListItem","position":2,"name":"Nos produits","item":"https:\/\/frifri.be\/fr\/boutique\/"},{"@type":"ListItem","position":3,"name":"Les Pi\u00e8ces D\u00e9tach\u00e9es et Accessoires","item":"https:\/\/frifri.be\/fr\/categorie-produit\/les-pieces-detachees-electromenager\/"},{"@type":"ListItem","position":4,"name":"Les Friteuses","item":"https:\/\/frifri.be\/fr\/categorie-produit\/les-pieces-detachees-electromenager\/la-friteuse-2\/"},{"@type":"ListItem","position":5,"name":"Le D\u00e9graissant PRO CLEANER"}]},{"@type":"WebSite","@id":"https:\/\/frifri.be\/fr\/#website","url":"https:\/\/frifri.be\/fr\/","name":"Frifri Belgium","description":"frifri Shop Belgium","potentialAction":[{"@type":"SearchAction","target":{"@type":"EntryPoint","urlTemplate":"https:\/\/frifri.be\/fr\/?s={search_term_string}"},"query-input":{"@type":"PropertyValueSpecification","valueRequired":true,"valueName":"search_term_string"}}],"inLanguage":"fr-FR"}]}},"_links":{"self":[{"href":"https:\/\/frifri.be\/fr\/wp-json\/wp\/v2\/product\/1796","targetHints":{"allow":["GET"]}}],"collection":[{"href":"https:\/\/frifri.be\/fr\/wp-json\/wp\/v2\/product"}],"about":[{"href":"https:\/\/frifri.be\/fr\/wp-json\/wp\/v2\/types\/product"}],"replies":[{"embeddable":true,"href":"https:\/\/frifri.be\/fr\/wp-json\/wp\/v2\/comments?post=1796"}],"wp:featuredmedia":[{"embeddable":true,"href":"https:\/\/frifri.be\/fr\/wp-json\/wp\/v2\/media\/2052"}],"wp:attachment":[{"href":"https:\/\/frifri.be\/fr\/wp-json\/wp\/v2\/media?parent=1796"}],"wp:term":[{"taxonomy":"product_brand","embeddable":true,"href":"https:\/\/frifri.be\/fr\/wp-json\/wp\/v2\/product_brand?post=1796"},{"taxonomy":"product_cat","embeddable":true,"href":"https:\/\/frifri.be\/fr\/wp-json\/wp\/v2\/product_cat?post=1796"},{"taxonomy":"product_tag","embeddable":true,"href":"https:\/\/frifri.be\/fr\/wp-json\/wp\/v2\/product_tag?post=1796"}],"curies":[{"name":"wp","href":"https:\/\/api.w.org\/{rel}","templated":true}]}}