{"id":1797,"date":"2019-07-09T14:23:33","date_gmt":"2019-07-09T12:23:33","guid":{"rendered":"https:\/\/frifri.be\/?post_type=product&#038;p=1797"},"modified":"2025-12-02T14:25:12","modified_gmt":"2025-12-02T13:25:12","slug":"accessoire-friteuse-couvercle-duofil","status":"publish","type":"product","link":"https:\/\/frifri.be\/fr\/produit\/accessoire-friteuse-couvercle-duofil\/","title":{"rendered":"Le Couvercle DUOFIL"},"content":{"rendered":"<p>Profitez pleinement de vos fritures <strong>sans odeurs et vapeur d\u2019huile<\/strong> lors de la cuisson.<\/p>\n<p>Le Couvercle DUOFIL est un <strong>syst\u00e8me unique brevet\u00e9<\/strong> qui combine deux filtres :<\/p>\n<ul>\n<li>un filtre <strong>anti-odeurs<\/strong> qui capture les odeurs de friture gr\u00e2ce \u00e0 l\u2019action du charbon actif<\/li>\n<li>un filtre <strong>anti-graisse<\/strong> pour \u00e9viter les d\u00e9p\u00f4ts de graisse dans votre cuisine<\/li>\n<\/ul>\n<p>&nbsp;<\/p>\n<p>Il s\u2019utilise <strong>pendant la cuisson<\/strong>, contrairement au couvercle de rangement.<\/p>\n<p>Votre couvercle DUOFIL <strong>s\u2019adapte \u00e0 toutes les friteuses<\/strong> de la famille <strong><a href=\"https:\/\/frifri.be\/fr\/produit\/friteuse-expert\/\">Expert<\/a> <\/strong>(sauf la F2860).<\/p>\n<p><em>Notez que le couvercle DUOFIL convient uniquement pour les friteuses fabriqu\u00e9es apr\u00e8s 2014. <\/em><em>Veuillez v\u00e9rifier la date de fabrication de votre friteuse au dos de celle-ci sur l&rsquo;\u00e9tiquette argent\u00e9e qui se trouve pr\u00e8s du cordon d&rsquo;alimentation. <\/em><\/p>\n<p><a href=\"https:\/\/frifri.be\/fr\/faq\/comment-trouver-le-numero-de-modele-de-ma-friteuse\/\">D\u00e9couvrez-ici<\/a> comment trouver le num\u00e9ro de mod\u00e8le de votre friteuse.<\/p>\n","protected":false},"excerpt":{"rendered":"<p>Profitez pleinement de vos fritures sans odeurs et vapeur d\u2019huile lors de la cuisson. Le Couvercle&#8230; <span class=\"moreLink\"><a href=\"https:\/\/frifri.be\/fr\/produit\/accessoire-friteuse-couvercle-duofil\/\">+<\/a><\/span><\/p>\n","protected":false},"featured_media":57285,"comment_status":"closed","ping_status":"closed","template":"","meta":{"_acf_changed":false},"product_brand":[],"product_cat":[22,277],"product_tag":[],"class_list":{"0":"post-1797","1":"product","2":"type-product","3":"status-publish","4":"has-post-thumbnail","6":"product_cat-electro-menager-friteuse-avec-zone-froide","7":"product_cat-la-friteuse-2","9":"first","10":"instock","11":"taxable","12":"shipping-taxable","13":"purchasable","14":"product-type-variable","15":"has-default-attributes"},"acf":[],"yoast_head":"<!-- This site is optimized with the Yoast SEO plugin v27.1.1 - https:\/\/yoast.com\/product\/yoast-seo-wordpress\/ -->\n<title>Le Couvercle DUOFIL - Un couvercle anti-odeur et anti-graisse - Frifri Belgium<\/title>\n<meta name=\"description\" content=\"Profitez pleinement de vos fritures sans odeurs et vapeur d\u2019huile lors de la cuisson. Le couvercle DUOFIL est un syst\u00e8me unique brevet\u00e9.\" \/>\n<meta name=\"robots\" content=\"index, follow, max-snippet:-1, max-image-preview:large, max-video-preview:-1\" \/>\n<link rel=\"canonical\" href=\"https:\/\/frifri.be\/fr\/produit\/accessoire-friteuse-couvercle-duofil\/\" \/>\n<meta property=\"og:locale\" content=\"fr_FR\" \/>\n<meta property=\"og:type\" content=\"article\" \/>\n<meta property=\"og:title\" content=\"Le Couvercle DUOFIL - Un couvercle anti-odeur et anti-graisse - Frifri Belgium\" \/>\n<meta property=\"og:description\" content=\"Profitez pleinement de vos fritures sans odeurs et vapeur d\u2019huile lors de la cuisson. Le couvercle DUOFIL est un syst\u00e8me unique brevet\u00e9.\" \/>\n<meta property=\"og:url\" content=\"https:\/\/frifri.be\/fr\/produit\/accessoire-friteuse-couvercle-duofil\/\" \/>\n<meta property=\"og:site_name\" content=\"Frifri Belgium\" \/>\n<meta property=\"article:modified_time\" content=\"2025-12-02T13:25:12+00:00\" \/>\n<meta property=\"og:image\" content=\"https:\/\/frifri.be\/wp-content\/uploads\/2019\/07\/Couvercle-DuoFil_ferme.jpg\" \/>\n\t<meta property=\"og:image:width\" content=\"1600\" \/>\n\t<meta property=\"og:image:height\" content=\"1079\" \/>\n\t<meta property=\"og:image:type\" content=\"image\/jpeg\" \/>\n<meta name=\"twitter:card\" content=\"summary_large_image\" \/>\n<meta name=\"twitter:label1\" content=\"Dur\u00e9e de lecture estim\u00e9e\" \/>\n\t<meta name=\"twitter:data1\" content=\"2 minutes\" \/>\n<script type=\"application\/ld+json\" class=\"yoast-schema-graph\">{\"@context\":\"https:\/\/schema.org\",\"@graph\":[{\"@type\":\"WebPage\",\"@id\":\"https:\/\/frifri.be\/fr\/produit\/accessoire-friteuse-couvercle-duofil\/\",\"url\":\"https:\/\/frifri.be\/fr\/produit\/accessoire-friteuse-couvercle-duofil\/\",\"name\":\"Le Couvercle DUOFIL - Un couvercle anti-odeur et anti-graisse - Frifri Belgium\",\"isPartOf\":{\"@id\":\"https:\/\/frifri.be\/fr\/#website\"},\"primaryImageOfPage\":{\"@id\":\"https:\/\/frifri.be\/fr\/produit\/accessoire-friteuse-couvercle-duofil\/#primaryimage\"},\"image\":{\"@id\":\"https:\/\/frifri.be\/fr\/produit\/accessoire-friteuse-couvercle-duofil\/#primaryimage\"},\"thumbnailUrl\":\"https:\/\/frifri.be\/wp-content\/uploads\/2019\/07\/Couvercle-DuoFil_ferme.jpg\",\"datePublished\":\"2019-07-09T12:23:33+00:00\",\"dateModified\":\"2025-12-02T13:25:12+00:00\",\"description\":\"Profitez pleinement de vos fritures sans odeurs et vapeur d\u2019huile lors de la cuisson. Le couvercle DUOFIL est un syst\u00e8me unique brevet\u00e9.\",\"breadcrumb\":{\"@id\":\"https:\/\/frifri.be\/fr\/produit\/accessoire-friteuse-couvercle-duofil\/#breadcrumb\"},\"inLanguage\":\"fr-FR\",\"potentialAction\":[{\"@type\":\"ReadAction\",\"target\":[\"https:\/\/frifri.be\/fr\/produit\/accessoire-friteuse-couvercle-duofil\/\"]}]},{\"@type\":\"ImageObject\",\"inLanguage\":\"fr-FR\",\"@id\":\"https:\/\/frifri.be\/fr\/produit\/accessoire-friteuse-couvercle-duofil\/#primaryimage\",\"url\":\"https:\/\/frifri.be\/wp-content\/uploads\/2019\/07\/Couvercle-DuoFil_ferme.jpg\",\"contentUrl\":\"https:\/\/frifri.be\/wp-content\/uploads\/2019\/07\/Couvercle-DuoFil_ferme.jpg\",\"width\":1600,\"height\":1079},{\"@type\":\"BreadcrumbList\",\"@id\":\"https:\/\/frifri.be\/fr\/produit\/accessoire-friteuse-couvercle-duofil\/#breadcrumb\",\"itemListElement\":[{\"@type\":\"ListItem\",\"position\":1,\"name\":\"Home\",\"item\":\"https:\/\/frifri.be\/fr\/frifri\/\"},{\"@type\":\"ListItem\",\"position\":2,\"name\":\"Nos produits\",\"item\":\"https:\/\/frifri.be\/fr\/boutique\/\"},{\"@type\":\"ListItem\",\"position\":3,\"name\":\"Les Pi\u00e8ces D\u00e9tach\u00e9es et Accessoires\",\"item\":\"https:\/\/frifri.be\/fr\/categorie-produit\/les-pieces-detachees-electromenager\/\"},{\"@type\":\"ListItem\",\"position\":4,\"name\":\"Les Friteuses\",\"item\":\"https:\/\/frifri.be\/fr\/categorie-produit\/les-pieces-detachees-electromenager\/la-friteuse-2\/\"},{\"@type\":\"ListItem\",\"position\":5,\"name\":\"Le Couvercle DUOFIL\"}]},{\"@type\":\"WebSite\",\"@id\":\"https:\/\/frifri.be\/fr\/#website\",\"url\":\"https:\/\/frifri.be\/fr\/\",\"name\":\"Frifri Belgium\",\"description\":\"frifri Shop Belgium\",\"potentialAction\":[{\"@type\":\"SearchAction\",\"target\":{\"@type\":\"EntryPoint\",\"urlTemplate\":\"https:\/\/frifri.be\/fr\/?s={search_term_string}\"},\"query-input\":{\"@type\":\"PropertyValueSpecification\",\"valueRequired\":true,\"valueName\":\"search_term_string\"}}],\"inLanguage\":\"fr-FR\"}]}<\/script>\n<!-- \/ Yoast SEO plugin. -->","yoast_head_json":{"title":"Le Couvercle DUOFIL - Un couvercle anti-odeur et anti-graisse - Frifri Belgium","description":"Profitez pleinement de vos fritures sans odeurs et vapeur d\u2019huile lors de la cuisson. Le couvercle DUOFIL est un syst\u00e8me unique brevet\u00e9.","robots":{"index":"index","follow":"follow","max-snippet":"max-snippet:-1","max-image-preview":"max-image-preview:large","max-video-preview":"max-video-preview:-1"},"canonical":"https:\/\/frifri.be\/fr\/produit\/accessoire-friteuse-couvercle-duofil\/","og_locale":"fr_FR","og_type":"article","og_title":"Le Couvercle DUOFIL - Un couvercle anti-odeur et anti-graisse - Frifri Belgium","og_description":"Profitez pleinement de vos fritures sans odeurs et vapeur d\u2019huile lors de la cuisson. Le couvercle DUOFIL est un syst\u00e8me unique brevet\u00e9.","og_url":"https:\/\/frifri.be\/fr\/produit\/accessoire-friteuse-couvercle-duofil\/","og_site_name":"Frifri Belgium","article_modified_time":"2025-12-02T13:25:12+00:00","og_image":[{"width":1600,"height":1079,"url":"https:\/\/frifri.be\/wp-content\/uploads\/2019\/07\/Couvercle-DuoFil_ferme.jpg","type":"image\/jpeg"}],"twitter_card":"summary_large_image","twitter_misc":{"Dur\u00e9e de lecture estim\u00e9e":"2 minutes"},"schema":{"@context":"https:\/\/schema.org","@graph":[{"@type":"WebPage","@id":"https:\/\/frifri.be\/fr\/produit\/accessoire-friteuse-couvercle-duofil\/","url":"https:\/\/frifri.be\/fr\/produit\/accessoire-friteuse-couvercle-duofil\/","name":"Le Couvercle DUOFIL - Un couvercle anti-odeur et anti-graisse - Frifri Belgium","isPartOf":{"@id":"https:\/\/frifri.be\/fr\/#website"},"primaryImageOfPage":{"@id":"https:\/\/frifri.be\/fr\/produit\/accessoire-friteuse-couvercle-duofil\/#primaryimage"},"image":{"@id":"https:\/\/frifri.be\/fr\/produit\/accessoire-friteuse-couvercle-duofil\/#primaryimage"},"thumbnailUrl":"https:\/\/frifri.be\/wp-content\/uploads\/2019\/07\/Couvercle-DuoFil_ferme.jpg","datePublished":"2019-07-09T12:23:33+00:00","dateModified":"2025-12-02T13:25:12+00:00","description":"Profitez pleinement de vos fritures sans odeurs et vapeur d\u2019huile lors de la cuisson. Le couvercle DUOFIL est un syst\u00e8me unique brevet\u00e9.","breadcrumb":{"@id":"https:\/\/frifri.be\/fr\/produit\/accessoire-friteuse-couvercle-duofil\/#breadcrumb"},"inLanguage":"fr-FR","potentialAction":[{"@type":"ReadAction","target":["https:\/\/frifri.be\/fr\/produit\/accessoire-friteuse-couvercle-duofil\/"]}]},{"@type":"ImageObject","inLanguage":"fr-FR","@id":"https:\/\/frifri.be\/fr\/produit\/accessoire-friteuse-couvercle-duofil\/#primaryimage","url":"https:\/\/frifri.be\/wp-content\/uploads\/2019\/07\/Couvercle-DuoFil_ferme.jpg","contentUrl":"https:\/\/frifri.be\/wp-content\/uploads\/2019\/07\/Couvercle-DuoFil_ferme.jpg","width":1600,"height":1079},{"@type":"BreadcrumbList","@id":"https:\/\/frifri.be\/fr\/produit\/accessoire-friteuse-couvercle-duofil\/#breadcrumb","itemListElement":[{"@type":"ListItem","position":1,"name":"Home","item":"https:\/\/frifri.be\/fr\/frifri\/"},{"@type":"ListItem","position":2,"name":"Nos produits","item":"https:\/\/frifri.be\/fr\/boutique\/"},{"@type":"ListItem","position":3,"name":"Les Pi\u00e8ces D\u00e9tach\u00e9es et Accessoires","item":"https:\/\/frifri.be\/fr\/categorie-produit\/les-pieces-detachees-electromenager\/"},{"@type":"ListItem","position":4,"name":"Les Friteuses","item":"https:\/\/frifri.be\/fr\/categorie-produit\/les-pieces-detachees-electromenager\/la-friteuse-2\/"},{"@type":"ListItem","position":5,"name":"Le Couvercle DUOFIL"}]},{"@type":"WebSite","@id":"https:\/\/frifri.be\/fr\/#website","url":"https:\/\/frifri.be\/fr\/","name":"Frifri Belgium","description":"frifri Shop Belgium","potentialAction":[{"@type":"SearchAction","target":{"@type":"EntryPoint","urlTemplate":"https:\/\/frifri.be\/fr\/?s={search_term_string}"},"query-input":{"@type":"PropertyValueSpecification","valueRequired":true,"valueName":"search_term_string"}}],"inLanguage":"fr-FR"}]}},"_links":{"self":[{"href":"https:\/\/frifri.be\/fr\/wp-json\/wp\/v2\/product\/1797","targetHints":{"allow":["GET"]}}],"collection":[{"href":"https:\/\/frifri.be\/fr\/wp-json\/wp\/v2\/product"}],"about":[{"href":"https:\/\/frifri.be\/fr\/wp-json\/wp\/v2\/types\/product"}],"replies":[{"embeddable":true,"href":"https:\/\/frifri.be\/fr\/wp-json\/wp\/v2\/comments?post=1797"}],"wp:featuredmedia":[{"embeddable":true,"href":"https:\/\/frifri.be\/fr\/wp-json\/wp\/v2\/media\/57285"}],"wp:attachment":[{"href":"https:\/\/frifri.be\/fr\/wp-json\/wp\/v2\/media?parent=1797"}],"wp:term":[{"taxonomy":"product_brand","embeddable":true,"href":"https:\/\/frifri.be\/fr\/wp-json\/wp\/v2\/product_brand?post=1797"},{"taxonomy":"product_cat","embeddable":true,"href":"https:\/\/frifri.be\/fr\/wp-json\/wp\/v2\/product_cat?post=1797"},{"taxonomy":"product_tag","embeddable":true,"href":"https:\/\/frifri.be\/fr\/wp-json\/wp\/v2\/product_tag?post=1797"}],"curies":[{"name":"wp","href":"https:\/\/api.w.org\/{rel}","templated":true}]}}