{"id":1816,"date":"2019-07-09T15:28:19","date_gmt":"2019-07-09T13:28:19","guid":{"rendered":"https:\/\/frifri.be\/?post_type=product&#038;p=1816"},"modified":"2025-12-02T14:25:02","modified_gmt":"2025-12-02T13:25:02","slug":"accessoire-gaufrier-fourchette-a-gaufre","status":"publish","type":"product","link":"https:\/\/frifri.be\/fr\/produit\/accessoire-gaufrier-fourchette-a-gaufre\/","title":{"rendered":"La Fourchette \u00e0 Gaufre"},"content":{"rendered":"<p>Accessoire tr\u00e8s utile, la <strong>fourchette \u00e0 gaufre<\/strong> est un ustensile magique.<\/p>\n<p>Pr\u00e9parez toutes les gaufres que vous aimez et utilisez cet accessoire pratique en <strong>inox<\/strong> pour les d\u00e9mouler <strong>sans ab\u00eemer les gaufres ou le gaufrier<\/strong> et sans vous br\u00fbler.<\/p>\n<p>Retournez, d\u00e9moulez, d\u00e9gustez&#8230; en toute <strong>s\u00e9curit\u00e9<\/strong> et <strong>simplicit\u00e9<\/strong>.<\/p>\n","protected":false},"excerpt":{"rendered":"<p>Accessoire tr\u00e8s utile, la fourchette \u00e0 gaufre est un ustensile magique. Pr\u00e9parez toutes les gaufres que&#8230; <span class=\"moreLink\"><a href=\"https:\/\/frifri.be\/fr\/produit\/accessoire-gaufrier-fourchette-a-gaufre\/\">+<\/a><\/span><\/p>\n","protected":false},"featured_media":4792,"comment_status":"closed","ping_status":"closed","template":"","meta":{"_acf_changed":false},"product_brand":[],"product_cat":[177,282],"product_tag":[],"class_list":{"0":"post-1816","1":"product","2":"type-product","3":"status-publish","4":"has-post-thumbnail","6":"product_cat-electro-menager-gaufrier-pour-gaufres-et-cornets-de-glace","7":"product_cat-accessoire-gaufrier-plaques-fourchette","9":"first","10":"instock","11":"taxable","12":"shipping-taxable","13":"purchasable","14":"product-type-simple"},"acf":[],"yoast_head":"<!-- This site is optimized with the Yoast SEO plugin v27.1.1 - https:\/\/yoast.com\/product\/yoast-seo-wordpress\/ -->\n<title>La Fourchette \u00e0 Gaufre - L\u2019indispensable pour d\u00e9mouler - Frifri Belgium<\/title>\n<meta name=\"description\" content=\"La Fourchette \u00e0 gaufre pour d\u00e9mouler sans ab\u00eemer les gaufres ou le gaufrier et sans vous br\u00fbler. Accessoire tr\u00e8s utile!\" \/>\n<meta name=\"robots\" content=\"index, follow, max-snippet:-1, max-image-preview:large, max-video-preview:-1\" \/>\n<link rel=\"canonical\" href=\"https:\/\/frifri.be\/fr\/produit\/accessoire-gaufrier-fourchette-a-gaufre\/\" \/>\n<meta property=\"og:locale\" content=\"fr_FR\" \/>\n<meta property=\"og:type\" content=\"article\" \/>\n<meta property=\"og:title\" content=\"La Fourchette \u00e0 Gaufre - L\u2019indispensable pour d\u00e9mouler - Frifri Belgium\" \/>\n<meta property=\"og:description\" content=\"La Fourchette \u00e0 gaufre pour d\u00e9mouler sans ab\u00eemer les gaufres ou le gaufrier et sans vous br\u00fbler. Accessoire tr\u00e8s utile!\" \/>\n<meta property=\"og:url\" content=\"https:\/\/frifri.be\/fr\/produit\/accessoire-gaufrier-fourchette-a-gaufre\/\" \/>\n<meta property=\"og:site_name\" content=\"Frifri Belgium\" \/>\n<meta property=\"article:modified_time\" content=\"2025-12-02T13:25:02+00:00\" \/>\n<meta property=\"og:image\" content=\"https:\/\/frifri.be\/wp-content\/uploads\/2019\/07\/Frifri_Gaufrier_Wafelijzer_Fourchette_F0200_Acce_thumb.jpg\" \/>\n\t<meta property=\"og:image:width\" content=\"1600\" \/>\n\t<meta property=\"og:image:height\" content=\"1600\" \/>\n\t<meta property=\"og:image:type\" content=\"image\/jpeg\" \/>\n<meta name=\"twitter:card\" content=\"summary_large_image\" \/>\n<meta name=\"twitter:label1\" content=\"Dur\u00e9e de lecture estim\u00e9e\" \/>\n\t<meta name=\"twitter:data1\" content=\"1 minute\" \/>\n<script type=\"application\/ld+json\" class=\"yoast-schema-graph\">{\"@context\":\"https:\/\/schema.org\",\"@graph\":[{\"@type\":\"WebPage\",\"@id\":\"https:\/\/frifri.be\/fr\/produit\/accessoire-gaufrier-fourchette-a-gaufre\/\",\"url\":\"https:\/\/frifri.be\/fr\/produit\/accessoire-gaufrier-fourchette-a-gaufre\/\",\"name\":\"La Fourchette \u00e0 Gaufre - L\u2019indispensable pour d\u00e9mouler - Frifri Belgium\",\"isPartOf\":{\"@id\":\"https:\/\/frifri.be\/fr\/#website\"},\"primaryImageOfPage\":{\"@id\":\"https:\/\/frifri.be\/fr\/produit\/accessoire-gaufrier-fourchette-a-gaufre\/#primaryimage\"},\"image\":{\"@id\":\"https:\/\/frifri.be\/fr\/produit\/accessoire-gaufrier-fourchette-a-gaufre\/#primaryimage\"},\"thumbnailUrl\":\"https:\/\/frifri.be\/wp-content\/uploads\/2019\/07\/Frifri_Gaufrier_Wafelijzer_Fourchette_F0200_Acce_thumb.jpg\",\"datePublished\":\"2019-07-09T13:28:19+00:00\",\"dateModified\":\"2025-12-02T13:25:02+00:00\",\"description\":\"La Fourchette \u00e0 gaufre pour d\u00e9mouler sans ab\u00eemer les gaufres ou le gaufrier et sans vous br\u00fbler. Accessoire tr\u00e8s utile!\",\"breadcrumb\":{\"@id\":\"https:\/\/frifri.be\/fr\/produit\/accessoire-gaufrier-fourchette-a-gaufre\/#breadcrumb\"},\"inLanguage\":\"fr-FR\",\"potentialAction\":[{\"@type\":\"ReadAction\",\"target\":[\"https:\/\/frifri.be\/fr\/produit\/accessoire-gaufrier-fourchette-a-gaufre\/\"]}]},{\"@type\":\"ImageObject\",\"inLanguage\":\"fr-FR\",\"@id\":\"https:\/\/frifri.be\/fr\/produit\/accessoire-gaufrier-fourchette-a-gaufre\/#primaryimage\",\"url\":\"https:\/\/frifri.be\/wp-content\/uploads\/2019\/07\/Frifri_Gaufrier_Wafelijzer_Fourchette_F0200_Acce_thumb.jpg\",\"contentUrl\":\"https:\/\/frifri.be\/wp-content\/uploads\/2019\/07\/Frifri_Gaufrier_Wafelijzer_Fourchette_F0200_Acce_thumb.jpg\",\"width\":1600,\"height\":1600},{\"@type\":\"BreadcrumbList\",\"@id\":\"https:\/\/frifri.be\/fr\/produit\/accessoire-gaufrier-fourchette-a-gaufre\/#breadcrumb\",\"itemListElement\":[{\"@type\":\"ListItem\",\"position\":1,\"name\":\"Home\",\"item\":\"https:\/\/frifri.be\/fr\/frifri\/\"},{\"@type\":\"ListItem\",\"position\":2,\"name\":\"Nos produits\",\"item\":\"https:\/\/frifri.be\/fr\/boutique\/\"},{\"@type\":\"ListItem\",\"position\":3,\"name\":\"Les Pi\u00e8ces D\u00e9tach\u00e9es et Accessoires\",\"item\":\"https:\/\/frifri.be\/fr\/categorie-produit\/les-pieces-detachees-electromenager\/\"},{\"@type\":\"ListItem\",\"position\":4,\"name\":\"Les Gaufriers\",\"item\":\"https:\/\/frifri.be\/fr\/categorie-produit\/les-pieces-detachees-electromenager\/accessoire-gaufrier-plaques-fourchette\/\"},{\"@type\":\"ListItem\",\"position\":5,\"name\":\"La Fourchette \u00e0 Gaufre\"}]},{\"@type\":\"WebSite\",\"@id\":\"https:\/\/frifri.be\/fr\/#website\",\"url\":\"https:\/\/frifri.be\/fr\/\",\"name\":\"Frifri Belgium\",\"description\":\"frifri Shop Belgium\",\"potentialAction\":[{\"@type\":\"SearchAction\",\"target\":{\"@type\":\"EntryPoint\",\"urlTemplate\":\"https:\/\/frifri.be\/fr\/?s={search_term_string}\"},\"query-input\":{\"@type\":\"PropertyValueSpecification\",\"valueRequired\":true,\"valueName\":\"search_term_string\"}}],\"inLanguage\":\"fr-FR\"}]}<\/script>\n<!-- \/ Yoast SEO plugin. -->","yoast_head_json":{"title":"La Fourchette \u00e0 Gaufre - L\u2019indispensable pour d\u00e9mouler - Frifri Belgium","description":"La Fourchette \u00e0 gaufre pour d\u00e9mouler sans ab\u00eemer les gaufres ou le gaufrier et sans vous br\u00fbler. Accessoire tr\u00e8s utile!","robots":{"index":"index","follow":"follow","max-snippet":"max-snippet:-1","max-image-preview":"max-image-preview:large","max-video-preview":"max-video-preview:-1"},"canonical":"https:\/\/frifri.be\/fr\/produit\/accessoire-gaufrier-fourchette-a-gaufre\/","og_locale":"fr_FR","og_type":"article","og_title":"La Fourchette \u00e0 Gaufre - L\u2019indispensable pour d\u00e9mouler - Frifri Belgium","og_description":"La Fourchette \u00e0 gaufre pour d\u00e9mouler sans ab\u00eemer les gaufres ou le gaufrier et sans vous br\u00fbler. Accessoire tr\u00e8s utile!","og_url":"https:\/\/frifri.be\/fr\/produit\/accessoire-gaufrier-fourchette-a-gaufre\/","og_site_name":"Frifri Belgium","article_modified_time":"2025-12-02T13:25:02+00:00","og_image":[{"width":1600,"height":1600,"url":"https:\/\/frifri.be\/wp-content\/uploads\/2019\/07\/Frifri_Gaufrier_Wafelijzer_Fourchette_F0200_Acce_thumb.jpg","type":"image\/jpeg"}],"twitter_card":"summary_large_image","twitter_misc":{"Dur\u00e9e de lecture estim\u00e9e":"1 minute"},"schema":{"@context":"https:\/\/schema.org","@graph":[{"@type":"WebPage","@id":"https:\/\/frifri.be\/fr\/produit\/accessoire-gaufrier-fourchette-a-gaufre\/","url":"https:\/\/frifri.be\/fr\/produit\/accessoire-gaufrier-fourchette-a-gaufre\/","name":"La Fourchette \u00e0 Gaufre - L\u2019indispensable pour d\u00e9mouler - Frifri Belgium","isPartOf":{"@id":"https:\/\/frifri.be\/fr\/#website"},"primaryImageOfPage":{"@id":"https:\/\/frifri.be\/fr\/produit\/accessoire-gaufrier-fourchette-a-gaufre\/#primaryimage"},"image":{"@id":"https:\/\/frifri.be\/fr\/produit\/accessoire-gaufrier-fourchette-a-gaufre\/#primaryimage"},"thumbnailUrl":"https:\/\/frifri.be\/wp-content\/uploads\/2019\/07\/Frifri_Gaufrier_Wafelijzer_Fourchette_F0200_Acce_thumb.jpg","datePublished":"2019-07-09T13:28:19+00:00","dateModified":"2025-12-02T13:25:02+00:00","description":"La Fourchette \u00e0 gaufre pour d\u00e9mouler sans ab\u00eemer les gaufres ou le gaufrier et sans vous br\u00fbler. Accessoire tr\u00e8s utile!","breadcrumb":{"@id":"https:\/\/frifri.be\/fr\/produit\/accessoire-gaufrier-fourchette-a-gaufre\/#breadcrumb"},"inLanguage":"fr-FR","potentialAction":[{"@type":"ReadAction","target":["https:\/\/frifri.be\/fr\/produit\/accessoire-gaufrier-fourchette-a-gaufre\/"]}]},{"@type":"ImageObject","inLanguage":"fr-FR","@id":"https:\/\/frifri.be\/fr\/produit\/accessoire-gaufrier-fourchette-a-gaufre\/#primaryimage","url":"https:\/\/frifri.be\/wp-content\/uploads\/2019\/07\/Frifri_Gaufrier_Wafelijzer_Fourchette_F0200_Acce_thumb.jpg","contentUrl":"https:\/\/frifri.be\/wp-content\/uploads\/2019\/07\/Frifri_Gaufrier_Wafelijzer_Fourchette_F0200_Acce_thumb.jpg","width":1600,"height":1600},{"@type":"BreadcrumbList","@id":"https:\/\/frifri.be\/fr\/produit\/accessoire-gaufrier-fourchette-a-gaufre\/#breadcrumb","itemListElement":[{"@type":"ListItem","position":1,"name":"Home","item":"https:\/\/frifri.be\/fr\/frifri\/"},{"@type":"ListItem","position":2,"name":"Nos produits","item":"https:\/\/frifri.be\/fr\/boutique\/"},{"@type":"ListItem","position":3,"name":"Les Pi\u00e8ces D\u00e9tach\u00e9es et Accessoires","item":"https:\/\/frifri.be\/fr\/categorie-produit\/les-pieces-detachees-electromenager\/"},{"@type":"ListItem","position":4,"name":"Les Gaufriers","item":"https:\/\/frifri.be\/fr\/categorie-produit\/les-pieces-detachees-electromenager\/accessoire-gaufrier-plaques-fourchette\/"},{"@type":"ListItem","position":5,"name":"La Fourchette \u00e0 Gaufre"}]},{"@type":"WebSite","@id":"https:\/\/frifri.be\/fr\/#website","url":"https:\/\/frifri.be\/fr\/","name":"Frifri Belgium","description":"frifri Shop Belgium","potentialAction":[{"@type":"SearchAction","target":{"@type":"EntryPoint","urlTemplate":"https:\/\/frifri.be\/fr\/?s={search_term_string}"},"query-input":{"@type":"PropertyValueSpecification","valueRequired":true,"valueName":"search_term_string"}}],"inLanguage":"fr-FR"}]}},"_links":{"self":[{"href":"https:\/\/frifri.be\/fr\/wp-json\/wp\/v2\/product\/1816","targetHints":{"allow":["GET"]}}],"collection":[{"href":"https:\/\/frifri.be\/fr\/wp-json\/wp\/v2\/product"}],"about":[{"href":"https:\/\/frifri.be\/fr\/wp-json\/wp\/v2\/types\/product"}],"replies":[{"embeddable":true,"href":"https:\/\/frifri.be\/fr\/wp-json\/wp\/v2\/comments?post=1816"}],"wp:featuredmedia":[{"embeddable":true,"href":"https:\/\/frifri.be\/fr\/wp-json\/wp\/v2\/media\/4792"}],"wp:attachment":[{"href":"https:\/\/frifri.be\/fr\/wp-json\/wp\/v2\/media?parent=1816"}],"wp:term":[{"taxonomy":"product_brand","embeddable":true,"href":"https:\/\/frifri.be\/fr\/wp-json\/wp\/v2\/product_brand?post=1816"},{"taxonomy":"product_cat","embeddable":true,"href":"https:\/\/frifri.be\/fr\/wp-json\/wp\/v2\/product_cat?post=1816"},{"taxonomy":"product_tag","embeddable":true,"href":"https:\/\/frifri.be\/fr\/wp-json\/wp\/v2\/product_tag?post=1816"}],"curies":[{"name":"wp","href":"https:\/\/api.w.org\/{rel}","templated":true}]}}