{"id":1819,"date":"2019-07-09T15:40:31","date_gmt":"2019-07-09T13:40:31","guid":{"rendered":"https:\/\/frifri.be\/?post_type=product&#038;p=1819"},"modified":"2025-12-02T14:25:02","modified_gmt":"2025-12-02T13:25:02","slug":"accessoire-raclette-poelon","status":"publish","type":"product","link":"https:\/\/frifri.be\/fr\/produit\/accessoire-raclette-poelon\/","title":{"rendered":"Les Po\u00ealons"},"content":{"rendered":"<p>Continuez \u00e0 profiter de vos soir\u00e9es raclette en famille ou entre amis avec ces coupelles pratiques.<\/p>\n<p>Un lot de <strong>2 po\u00ealons<\/strong> pour combler tous les convives.<\/p>\n<ul>\n<li>Po\u00ealons avec rev\u00eatement <strong>antiadh\u00e9sif <\/strong><\/li>\n<li>Poign\u00e9e<strong> extra longue<\/strong><\/li>\n<\/ul>\n","protected":false},"excerpt":{"rendered":"<p>Continuez \u00e0 profiter de vos soir\u00e9es raclette en famille ou entre amis avec ces coupelles pratiques&#8230;. <span class=\"moreLink\"><a href=\"https:\/\/frifri.be\/fr\/produit\/accessoire-raclette-poelon\/\">+<\/a><\/span><\/p>\n","protected":false},"featured_media":4824,"comment_status":"closed","ping_status":"closed","template":"","meta":{"_acf_changed":false},"product_brand":[],"product_cat":[175,292],"product_tag":[],"class_list":{"0":"post-1819","1":"product","2":"type-product","3":"status-publish","4":"has-post-thumbnail","6":"product_cat-la-raclette","7":"product_cat-la-raclette-2","9":"first","10":"outofstock","11":"taxable","12":"shipping-taxable","13":"purchasable","14":"product-type-simple"},"acf":[],"yoast_head":"<!-- This site is optimized with the Yoast SEO plugin v27.3 - https:\/\/yoast.com\/product\/yoast-seo-wordpress\/ -->\n<title>Les Po\u00ealons - Les po\u00ealons \u00e0 raclette avec un manche extra long - Frifri Belgium<\/title>\n<meta name=\"description\" content=\"Continuez \u00e0 profiter de vos soir\u00e9es raclette en famille ou entre amis avec ces coupelles pratiques. Lot de 2 po\u00ealons.\" \/>\n<meta name=\"robots\" content=\"index, follow, max-snippet:-1, max-image-preview:large, max-video-preview:-1\" \/>\n<link rel=\"canonical\" href=\"https:\/\/frifri.be\/fr\/produit\/accessoire-raclette-poelon\/\" \/>\n<meta property=\"og:locale\" content=\"fr_FR\" \/>\n<meta property=\"og:type\" content=\"article\" \/>\n<meta property=\"og:title\" content=\"Les Po\u00ealons - Les po\u00ealons \u00e0 raclette avec un manche extra long - Frifri Belgium\" \/>\n<meta property=\"og:description\" content=\"Continuez \u00e0 profiter de vos soir\u00e9es raclette en famille ou entre amis avec ces coupelles pratiques. Lot de 2 po\u00ealons.\" \/>\n<meta property=\"og:url\" content=\"https:\/\/frifri.be\/fr\/produit\/accessoire-raclette-poelon\/\" \/>\n<meta property=\"og:site_name\" content=\"Frifri Belgium\" \/>\n<meta property=\"article:modified_time\" content=\"2025-12-02T13:25:02+00:00\" \/>\n<meta property=\"og:image\" content=\"https:\/\/frifri.be\/wp-content\/uploads\/2019\/07\/Frifri_Raclette_Prod_8_thumb.jpg\" \/>\n\t<meta property=\"og:image:width\" content=\"1600\" \/>\n\t<meta property=\"og:image:height\" content=\"1600\" \/>\n\t<meta property=\"og:image:type\" content=\"image\/jpeg\" \/>\n<meta name=\"twitter:card\" content=\"summary_large_image\" \/>\n<script type=\"application\/ld+json\" class=\"yoast-schema-graph\">{\"@context\":\"https:\\\/\\\/schema.org\",\"@graph\":[{\"@type\":\"WebPage\",\"@id\":\"https:\\\/\\\/frifri.be\\\/fr\\\/produit\\\/accessoire-raclette-poelon\\\/\",\"url\":\"https:\\\/\\\/frifri.be\\\/fr\\\/produit\\\/accessoire-raclette-poelon\\\/\",\"name\":\"Les Po\u00ealons - Les po\u00ealons \u00e0 raclette avec un manche extra long - Frifri Belgium\",\"isPartOf\":{\"@id\":\"https:\\\/\\\/frifri.be\\\/fr\\\/#website\"},\"primaryImageOfPage\":{\"@id\":\"https:\\\/\\\/frifri.be\\\/fr\\\/produit\\\/accessoire-raclette-poelon\\\/#primaryimage\"},\"image\":{\"@id\":\"https:\\\/\\\/frifri.be\\\/fr\\\/produit\\\/accessoire-raclette-poelon\\\/#primaryimage\"},\"thumbnailUrl\":\"https:\\\/\\\/frifri.be\\\/wp-content\\\/uploads\\\/2019\\\/07\\\/Frifri_Raclette_Prod_8_thumb.jpg\",\"datePublished\":\"2019-07-09T13:40:31+00:00\",\"dateModified\":\"2025-12-02T13:25:02+00:00\",\"description\":\"Continuez \u00e0 profiter de vos soir\u00e9es raclette en famille ou entre amis avec ces coupelles pratiques. Lot de 2 po\u00ealons.\",\"breadcrumb\":{\"@id\":\"https:\\\/\\\/frifri.be\\\/fr\\\/produit\\\/accessoire-raclette-poelon\\\/#breadcrumb\"},\"inLanguage\":\"fr-FR\",\"potentialAction\":[{\"@type\":\"ReadAction\",\"target\":[\"https:\\\/\\\/frifri.be\\\/fr\\\/produit\\\/accessoire-raclette-poelon\\\/\"]}]},{\"@type\":\"ImageObject\",\"inLanguage\":\"fr-FR\",\"@id\":\"https:\\\/\\\/frifri.be\\\/fr\\\/produit\\\/accessoire-raclette-poelon\\\/#primaryimage\",\"url\":\"https:\\\/\\\/frifri.be\\\/wp-content\\\/uploads\\\/2019\\\/07\\\/Frifri_Raclette_Prod_8_thumb.jpg\",\"contentUrl\":\"https:\\\/\\\/frifri.be\\\/wp-content\\\/uploads\\\/2019\\\/07\\\/Frifri_Raclette_Prod_8_thumb.jpg\",\"width\":1600,\"height\":1600},{\"@type\":\"BreadcrumbList\",\"@id\":\"https:\\\/\\\/frifri.be\\\/fr\\\/produit\\\/accessoire-raclette-poelon\\\/#breadcrumb\",\"itemListElement\":[{\"@type\":\"ListItem\",\"position\":1,\"name\":\"Home\",\"item\":\"https:\\\/\\\/frifri.be\\\/fr\\\/frifri\\\/\"},{\"@type\":\"ListItem\",\"position\":2,\"name\":\"Nos produits\",\"item\":\"https:\\\/\\\/frifri.be\\\/fr\\\/boutique\\\/\"},{\"@type\":\"ListItem\",\"position\":3,\"name\":\"Les Pi\u00e8ces D\u00e9tach\u00e9es et Accessoires\",\"item\":\"https:\\\/\\\/frifri.be\\\/fr\\\/categorie-produit\\\/les-pieces-detachees-electromenager\\\/\"},{\"@type\":\"ListItem\",\"position\":4,\"name\":\"La Raclette\",\"item\":\"https:\\\/\\\/frifri.be\\\/fr\\\/categorie-produit\\\/les-pieces-detachees-electromenager\\\/la-raclette-2\\\/\"},{\"@type\":\"ListItem\",\"position\":5,\"name\":\"Les Po\u00ealons\"}]},{\"@type\":\"WebSite\",\"@id\":\"https:\\\/\\\/frifri.be\\\/fr\\\/#website\",\"url\":\"https:\\\/\\\/frifri.be\\\/fr\\\/\",\"name\":\"Frifri Belgium\",\"description\":\"frifri Shop Belgium\",\"potentialAction\":[{\"@type\":\"SearchAction\",\"target\":{\"@type\":\"EntryPoint\",\"urlTemplate\":\"https:\\\/\\\/frifri.be\\\/fr\\\/?s={search_term_string}\"},\"query-input\":{\"@type\":\"PropertyValueSpecification\",\"valueRequired\":true,\"valueName\":\"search_term_string\"}}],\"inLanguage\":\"fr-FR\"}]}<\/script>\n<!-- \/ Yoast SEO plugin. -->","yoast_head_json":{"title":"Les Po\u00ealons - Les po\u00ealons \u00e0 raclette avec un manche extra long - Frifri Belgium","description":"Continuez \u00e0 profiter de vos soir\u00e9es raclette en famille ou entre amis avec ces coupelles pratiques. Lot de 2 po\u00ealons.","robots":{"index":"index","follow":"follow","max-snippet":"max-snippet:-1","max-image-preview":"max-image-preview:large","max-video-preview":"max-video-preview:-1"},"canonical":"https:\/\/frifri.be\/fr\/produit\/accessoire-raclette-poelon\/","og_locale":"fr_FR","og_type":"article","og_title":"Les Po\u00ealons - Les po\u00ealons \u00e0 raclette avec un manche extra long - Frifri Belgium","og_description":"Continuez \u00e0 profiter de vos soir\u00e9es raclette en famille ou entre amis avec ces coupelles pratiques. Lot de 2 po\u00ealons.","og_url":"https:\/\/frifri.be\/fr\/produit\/accessoire-raclette-poelon\/","og_site_name":"Frifri Belgium","article_modified_time":"2025-12-02T13:25:02+00:00","og_image":[{"width":1600,"height":1600,"url":"https:\/\/frifri.be\/wp-content\/uploads\/2019\/07\/Frifri_Raclette_Prod_8_thumb.jpg","type":"image\/jpeg"}],"twitter_card":"summary_large_image","schema":{"@context":"https:\/\/schema.org","@graph":[{"@type":"WebPage","@id":"https:\/\/frifri.be\/fr\/produit\/accessoire-raclette-poelon\/","url":"https:\/\/frifri.be\/fr\/produit\/accessoire-raclette-poelon\/","name":"Les Po\u00ealons - Les po\u00ealons \u00e0 raclette avec un manche extra long - Frifri Belgium","isPartOf":{"@id":"https:\/\/frifri.be\/fr\/#website"},"primaryImageOfPage":{"@id":"https:\/\/frifri.be\/fr\/produit\/accessoire-raclette-poelon\/#primaryimage"},"image":{"@id":"https:\/\/frifri.be\/fr\/produit\/accessoire-raclette-poelon\/#primaryimage"},"thumbnailUrl":"https:\/\/frifri.be\/wp-content\/uploads\/2019\/07\/Frifri_Raclette_Prod_8_thumb.jpg","datePublished":"2019-07-09T13:40:31+00:00","dateModified":"2025-12-02T13:25:02+00:00","description":"Continuez \u00e0 profiter de vos soir\u00e9es raclette en famille ou entre amis avec ces coupelles pratiques. Lot de 2 po\u00ealons.","breadcrumb":{"@id":"https:\/\/frifri.be\/fr\/produit\/accessoire-raclette-poelon\/#breadcrumb"},"inLanguage":"fr-FR","potentialAction":[{"@type":"ReadAction","target":["https:\/\/frifri.be\/fr\/produit\/accessoire-raclette-poelon\/"]}]},{"@type":"ImageObject","inLanguage":"fr-FR","@id":"https:\/\/frifri.be\/fr\/produit\/accessoire-raclette-poelon\/#primaryimage","url":"https:\/\/frifri.be\/wp-content\/uploads\/2019\/07\/Frifri_Raclette_Prod_8_thumb.jpg","contentUrl":"https:\/\/frifri.be\/wp-content\/uploads\/2019\/07\/Frifri_Raclette_Prod_8_thumb.jpg","width":1600,"height":1600},{"@type":"BreadcrumbList","@id":"https:\/\/frifri.be\/fr\/produit\/accessoire-raclette-poelon\/#breadcrumb","itemListElement":[{"@type":"ListItem","position":1,"name":"Home","item":"https:\/\/frifri.be\/fr\/frifri\/"},{"@type":"ListItem","position":2,"name":"Nos produits","item":"https:\/\/frifri.be\/fr\/boutique\/"},{"@type":"ListItem","position":3,"name":"Les Pi\u00e8ces D\u00e9tach\u00e9es et Accessoires","item":"https:\/\/frifri.be\/fr\/categorie-produit\/les-pieces-detachees-electromenager\/"},{"@type":"ListItem","position":4,"name":"La Raclette","item":"https:\/\/frifri.be\/fr\/categorie-produit\/les-pieces-detachees-electromenager\/la-raclette-2\/"},{"@type":"ListItem","position":5,"name":"Les Po\u00ealons"}]},{"@type":"WebSite","@id":"https:\/\/frifri.be\/fr\/#website","url":"https:\/\/frifri.be\/fr\/","name":"Frifri Belgium","description":"frifri Shop Belgium","potentialAction":[{"@type":"SearchAction","target":{"@type":"EntryPoint","urlTemplate":"https:\/\/frifri.be\/fr\/?s={search_term_string}"},"query-input":{"@type":"PropertyValueSpecification","valueRequired":true,"valueName":"search_term_string"}}],"inLanguage":"fr-FR"}]}},"_links":{"self":[{"href":"https:\/\/frifri.be\/fr\/wp-json\/wp\/v2\/product\/1819","targetHints":{"allow":["GET"]}}],"collection":[{"href":"https:\/\/frifri.be\/fr\/wp-json\/wp\/v2\/product"}],"about":[{"href":"https:\/\/frifri.be\/fr\/wp-json\/wp\/v2\/types\/product"}],"replies":[{"embeddable":true,"href":"https:\/\/frifri.be\/fr\/wp-json\/wp\/v2\/comments?post=1819"}],"wp:featuredmedia":[{"embeddable":true,"href":"https:\/\/frifri.be\/fr\/wp-json\/wp\/v2\/media\/4824"}],"wp:attachment":[{"href":"https:\/\/frifri.be\/fr\/wp-json\/wp\/v2\/media?parent=1819"}],"wp:term":[{"taxonomy":"product_brand","embeddable":true,"href":"https:\/\/frifri.be\/fr\/wp-json\/wp\/v2\/product_brand?post=1819"},{"taxonomy":"product_cat","embeddable":true,"href":"https:\/\/frifri.be\/fr\/wp-json\/wp\/v2\/product_cat?post=1819"},{"taxonomy":"product_tag","embeddable":true,"href":"https:\/\/frifri.be\/fr\/wp-json\/wp\/v2\/product_tag?post=1819"}],"curies":[{"name":"wp","href":"https:\/\/api.w.org\/{rel}","templated":true}]}}