{"id":1865,"date":"2019-07-09T16:43:36","date_gmt":"2019-07-09T14:43:36","guid":{"rendered":"https:\/\/frifri.be\/?post_type=product&#038;p=1865"},"modified":"2025-12-02T14:25:14","modified_gmt":"2025-12-02T13:25:14","slug":"le-couvercle-standard-de-rangement","status":"publish","type":"product","link":"https:\/\/frifri.be\/fr\/produit\/le-couvercle-standard-de-rangement\/","title":{"rendered":"Le Couvercle de rangement"},"content":{"rendered":"<p>Prolongez la dur\u00e9e de vie de votre huile gr\u00e2ce au couvercle de rangement. Vous \u00e9viterez ainsi les d\u00e9p\u00f4ts de poussi\u00e8res ou autre pendant la p\u00e9riode de stockage de votre friteuse entre deux utilisations.<\/p>\n<p>Attention, il ne s\u2019utilise pas pendant la cuisson, contrairement au couvercle <a href=\"https:\/\/frifri.be\/fr\/produit\/accessoire-friteuse-couvercle-duofil\/\">DUOFIL<\/a>.<\/p>\n<p>Votre couvercle est cass\u00e9 ou perdu?<br \/>\nAucun probl\u00e8me, vous trouverez facilement le couvercle adapt\u00e9 \u00e0 votre mod\u00e8le de friteuse.<\/p>\n<p><a href=\"https:\/\/frifri.be\/fr\/faq\/comment-trouver-le-numero-de-modele-de-ma-friteuse\/\">D\u00e9couvrez-ici<\/a> comment trouver le num\u00e9ro de mod\u00e8le de votre friteuse.<\/p>\n<p>&nbsp;<\/p>\n","protected":false},"excerpt":{"rendered":"<p>Prolongez la dur\u00e9e de vie de votre huile gr\u00e2ce au couvercle de rangement. Vous \u00e9viterez ainsi&#8230; <span class=\"moreLink\"><a href=\"https:\/\/frifri.be\/fr\/produit\/le-couvercle-standard-de-rangement\/\">+<\/a><\/span><\/p>\n","protected":false},"featured_media":5171,"comment_status":"closed","ping_status":"closed","template":"","meta":{"_acf_changed":false},"product_brand":[],"product_cat":[277,22],"product_tag":[],"class_list":{"0":"post-1865","1":"product","2":"type-product","3":"status-publish","4":"has-post-thumbnail","6":"product_cat-la-friteuse-2","7":"product_cat-electro-menager-friteuse-avec-zone-froide","9":"first","10":"instock","11":"taxable","12":"shipping-taxable","13":"purchasable","14":"product-type-variable"},"acf":[],"yoast_head":"<!-- This site is optimized with the Yoast SEO plugin v27.3 - https:\/\/yoast.com\/product\/yoast-seo-wordpress\/ -->\n<title>Le Couvercle de rangement - Parfait pour stocker votre friteuse - Frifri Belgium<\/title>\n<meta name=\"description\" content=\"Prolongez la dur\u00e9e de vie de votre huile gr\u00e2ce au couvercle de rangement. Vous \u00e9viterez ainsi les d\u00e9p\u00f4ts de poussi\u00e8res entre 2 utilisations.\" \/>\n<meta name=\"robots\" content=\"index, follow, max-snippet:-1, max-image-preview:large, max-video-preview:-1\" \/>\n<link rel=\"canonical\" href=\"https:\/\/frifri.be\/fr\/produit\/le-couvercle-standard-de-rangement\/\" \/>\n<meta property=\"og:locale\" content=\"fr_FR\" \/>\n<meta property=\"og:type\" content=\"article\" \/>\n<meta property=\"og:title\" content=\"Le Couvercle de rangement - Parfait pour stocker votre friteuse - Frifri Belgium\" \/>\n<meta property=\"og:description\" content=\"Prolongez la dur\u00e9e de vie de votre huile gr\u00e2ce au couvercle de rangement. Vous \u00e9viterez ainsi les d\u00e9p\u00f4ts de poussi\u00e8res entre 2 utilisations.\" \/>\n<meta property=\"og:url\" content=\"https:\/\/frifri.be\/fr\/produit\/le-couvercle-standard-de-rangement\/\" \/>\n<meta property=\"og:site_name\" content=\"Frifri Belgium\" \/>\n<meta property=\"article:modified_time\" content=\"2025-12-02T13:25:14+00:00\" \/>\n<meta property=\"og:image\" content=\"https:\/\/frifri.be\/wp-content\/uploads\/2019\/07\/Frifri_Friteuse_Couvercle_ZCOU918RR_1_1600_thumb.jpg\" \/>\n\t<meta property=\"og:image:width\" content=\"1600\" \/>\n\t<meta property=\"og:image:height\" content=\"1600\" \/>\n\t<meta property=\"og:image:type\" content=\"image\/jpeg\" \/>\n<meta name=\"twitter:card\" content=\"summary_large_image\" \/>\n<script type=\"application\/ld+json\" class=\"yoast-schema-graph\">{\"@context\":\"https:\\\/\\\/schema.org\",\"@graph\":[{\"@type\":\"WebPage\",\"@id\":\"https:\\\/\\\/frifri.be\\\/fr\\\/produit\\\/le-couvercle-standard-de-rangement\\\/\",\"url\":\"https:\\\/\\\/frifri.be\\\/fr\\\/produit\\\/le-couvercle-standard-de-rangement\\\/\",\"name\":\"Le Couvercle de rangement - Parfait pour stocker votre friteuse - Frifri Belgium\",\"isPartOf\":{\"@id\":\"https:\\\/\\\/frifri.be\\\/fr\\\/#website\"},\"primaryImageOfPage\":{\"@id\":\"https:\\\/\\\/frifri.be\\\/fr\\\/produit\\\/le-couvercle-standard-de-rangement\\\/#primaryimage\"},\"image\":{\"@id\":\"https:\\\/\\\/frifri.be\\\/fr\\\/produit\\\/le-couvercle-standard-de-rangement\\\/#primaryimage\"},\"thumbnailUrl\":\"https:\\\/\\\/frifri.be\\\/wp-content\\\/uploads\\\/2019\\\/07\\\/Frifri_Friteuse_Couvercle_ZCOU918RR_1_1600_thumb.jpg\",\"datePublished\":\"2019-07-09T14:43:36+00:00\",\"dateModified\":\"2025-12-02T13:25:14+00:00\",\"description\":\"Prolongez la dur\u00e9e de vie de votre huile gr\u00e2ce au couvercle de rangement. Vous \u00e9viterez ainsi les d\u00e9p\u00f4ts de poussi\u00e8res entre 2 utilisations.\",\"breadcrumb\":{\"@id\":\"https:\\\/\\\/frifri.be\\\/fr\\\/produit\\\/le-couvercle-standard-de-rangement\\\/#breadcrumb\"},\"inLanguage\":\"fr-FR\",\"potentialAction\":[{\"@type\":\"ReadAction\",\"target\":[\"https:\\\/\\\/frifri.be\\\/fr\\\/produit\\\/le-couvercle-standard-de-rangement\\\/\"]}]},{\"@type\":\"ImageObject\",\"inLanguage\":\"fr-FR\",\"@id\":\"https:\\\/\\\/frifri.be\\\/fr\\\/produit\\\/le-couvercle-standard-de-rangement\\\/#primaryimage\",\"url\":\"https:\\\/\\\/frifri.be\\\/wp-content\\\/uploads\\\/2019\\\/07\\\/Frifri_Friteuse_Couvercle_ZCOU918RR_1_1600_thumb.jpg\",\"contentUrl\":\"https:\\\/\\\/frifri.be\\\/wp-content\\\/uploads\\\/2019\\\/07\\\/Frifri_Friteuse_Couvercle_ZCOU918RR_1_1600_thumb.jpg\",\"width\":1600,\"height\":1600},{\"@type\":\"BreadcrumbList\",\"@id\":\"https:\\\/\\\/frifri.be\\\/fr\\\/produit\\\/le-couvercle-standard-de-rangement\\\/#breadcrumb\",\"itemListElement\":[{\"@type\":\"ListItem\",\"position\":1,\"name\":\"Home\",\"item\":\"https:\\\/\\\/frifri.be\\\/fr\\\/frifri\\\/\"},{\"@type\":\"ListItem\",\"position\":2,\"name\":\"Nos produits\",\"item\":\"https:\\\/\\\/frifri.be\\\/fr\\\/boutique\\\/\"},{\"@type\":\"ListItem\",\"position\":3,\"name\":\"Les Pi\u00e8ces D\u00e9tach\u00e9es et Accessoires\",\"item\":\"https:\\\/\\\/frifri.be\\\/fr\\\/categorie-produit\\\/les-pieces-detachees-electromenager\\\/\"},{\"@type\":\"ListItem\",\"position\":4,\"name\":\"Les Friteuses\",\"item\":\"https:\\\/\\\/frifri.be\\\/fr\\\/categorie-produit\\\/les-pieces-detachees-electromenager\\\/la-friteuse-2\\\/\"},{\"@type\":\"ListItem\",\"position\":5,\"name\":\"Le Couvercle de rangement\"}]},{\"@type\":\"WebSite\",\"@id\":\"https:\\\/\\\/frifri.be\\\/fr\\\/#website\",\"url\":\"https:\\\/\\\/frifri.be\\\/fr\\\/\",\"name\":\"Frifri Belgium\",\"description\":\"frifri Shop Belgium\",\"potentialAction\":[{\"@type\":\"SearchAction\",\"target\":{\"@type\":\"EntryPoint\",\"urlTemplate\":\"https:\\\/\\\/frifri.be\\\/fr\\\/?s={search_term_string}\"},\"query-input\":{\"@type\":\"PropertyValueSpecification\",\"valueRequired\":true,\"valueName\":\"search_term_string\"}}],\"inLanguage\":\"fr-FR\"}]}<\/script>\n<!-- \/ Yoast SEO plugin. -->","yoast_head_json":{"title":"Le Couvercle de rangement - Parfait pour stocker votre friteuse - Frifri Belgium","description":"Prolongez la dur\u00e9e de vie de votre huile gr\u00e2ce au couvercle de rangement. Vous \u00e9viterez ainsi les d\u00e9p\u00f4ts de poussi\u00e8res entre 2 utilisations.","robots":{"index":"index","follow":"follow","max-snippet":"max-snippet:-1","max-image-preview":"max-image-preview:large","max-video-preview":"max-video-preview:-1"},"canonical":"https:\/\/frifri.be\/fr\/produit\/le-couvercle-standard-de-rangement\/","og_locale":"fr_FR","og_type":"article","og_title":"Le Couvercle de rangement - Parfait pour stocker votre friteuse - Frifri Belgium","og_description":"Prolongez la dur\u00e9e de vie de votre huile gr\u00e2ce au couvercle de rangement. Vous \u00e9viterez ainsi les d\u00e9p\u00f4ts de poussi\u00e8res entre 2 utilisations.","og_url":"https:\/\/frifri.be\/fr\/produit\/le-couvercle-standard-de-rangement\/","og_site_name":"Frifri Belgium","article_modified_time":"2025-12-02T13:25:14+00:00","og_image":[{"width":1600,"height":1600,"url":"https:\/\/frifri.be\/wp-content\/uploads\/2019\/07\/Frifri_Friteuse_Couvercle_ZCOU918RR_1_1600_thumb.jpg","type":"image\/jpeg"}],"twitter_card":"summary_large_image","schema":{"@context":"https:\/\/schema.org","@graph":[{"@type":"WebPage","@id":"https:\/\/frifri.be\/fr\/produit\/le-couvercle-standard-de-rangement\/","url":"https:\/\/frifri.be\/fr\/produit\/le-couvercle-standard-de-rangement\/","name":"Le Couvercle de rangement - Parfait pour stocker votre friteuse - Frifri Belgium","isPartOf":{"@id":"https:\/\/frifri.be\/fr\/#website"},"primaryImageOfPage":{"@id":"https:\/\/frifri.be\/fr\/produit\/le-couvercle-standard-de-rangement\/#primaryimage"},"image":{"@id":"https:\/\/frifri.be\/fr\/produit\/le-couvercle-standard-de-rangement\/#primaryimage"},"thumbnailUrl":"https:\/\/frifri.be\/wp-content\/uploads\/2019\/07\/Frifri_Friteuse_Couvercle_ZCOU918RR_1_1600_thumb.jpg","datePublished":"2019-07-09T14:43:36+00:00","dateModified":"2025-12-02T13:25:14+00:00","description":"Prolongez la dur\u00e9e de vie de votre huile gr\u00e2ce au couvercle de rangement. Vous \u00e9viterez ainsi les d\u00e9p\u00f4ts de poussi\u00e8res entre 2 utilisations.","breadcrumb":{"@id":"https:\/\/frifri.be\/fr\/produit\/le-couvercle-standard-de-rangement\/#breadcrumb"},"inLanguage":"fr-FR","potentialAction":[{"@type":"ReadAction","target":["https:\/\/frifri.be\/fr\/produit\/le-couvercle-standard-de-rangement\/"]}]},{"@type":"ImageObject","inLanguage":"fr-FR","@id":"https:\/\/frifri.be\/fr\/produit\/le-couvercle-standard-de-rangement\/#primaryimage","url":"https:\/\/frifri.be\/wp-content\/uploads\/2019\/07\/Frifri_Friteuse_Couvercle_ZCOU918RR_1_1600_thumb.jpg","contentUrl":"https:\/\/frifri.be\/wp-content\/uploads\/2019\/07\/Frifri_Friteuse_Couvercle_ZCOU918RR_1_1600_thumb.jpg","width":1600,"height":1600},{"@type":"BreadcrumbList","@id":"https:\/\/frifri.be\/fr\/produit\/le-couvercle-standard-de-rangement\/#breadcrumb","itemListElement":[{"@type":"ListItem","position":1,"name":"Home","item":"https:\/\/frifri.be\/fr\/frifri\/"},{"@type":"ListItem","position":2,"name":"Nos produits","item":"https:\/\/frifri.be\/fr\/boutique\/"},{"@type":"ListItem","position":3,"name":"Les Pi\u00e8ces D\u00e9tach\u00e9es et Accessoires","item":"https:\/\/frifri.be\/fr\/categorie-produit\/les-pieces-detachees-electromenager\/"},{"@type":"ListItem","position":4,"name":"Les Friteuses","item":"https:\/\/frifri.be\/fr\/categorie-produit\/les-pieces-detachees-electromenager\/la-friteuse-2\/"},{"@type":"ListItem","position":5,"name":"Le Couvercle de rangement"}]},{"@type":"WebSite","@id":"https:\/\/frifri.be\/fr\/#website","url":"https:\/\/frifri.be\/fr\/","name":"Frifri Belgium","description":"frifri Shop Belgium","potentialAction":[{"@type":"SearchAction","target":{"@type":"EntryPoint","urlTemplate":"https:\/\/frifri.be\/fr\/?s={search_term_string}"},"query-input":{"@type":"PropertyValueSpecification","valueRequired":true,"valueName":"search_term_string"}}],"inLanguage":"fr-FR"}]}},"_links":{"self":[{"href":"https:\/\/frifri.be\/fr\/wp-json\/wp\/v2\/product\/1865","targetHints":{"allow":["GET"]}}],"collection":[{"href":"https:\/\/frifri.be\/fr\/wp-json\/wp\/v2\/product"}],"about":[{"href":"https:\/\/frifri.be\/fr\/wp-json\/wp\/v2\/types\/product"}],"replies":[{"embeddable":true,"href":"https:\/\/frifri.be\/fr\/wp-json\/wp\/v2\/comments?post=1865"}],"wp:featuredmedia":[{"embeddable":true,"href":"https:\/\/frifri.be\/fr\/wp-json\/wp\/v2\/media\/5171"}],"wp:attachment":[{"href":"https:\/\/frifri.be\/fr\/wp-json\/wp\/v2\/media?parent=1865"}],"wp:term":[{"taxonomy":"product_brand","embeddable":true,"href":"https:\/\/frifri.be\/fr\/wp-json\/wp\/v2\/product_brand?post=1865"},{"taxonomy":"product_cat","embeddable":true,"href":"https:\/\/frifri.be\/fr\/wp-json\/wp\/v2\/product_cat?post=1865"},{"taxonomy":"product_tag","embeddable":true,"href":"https:\/\/frifri.be\/fr\/wp-json\/wp\/v2\/product_tag?post=1865"}],"curies":[{"name":"wp","href":"https:\/\/api.w.org\/{rel}","templated":true}]}}