{"id":1920,"date":"2019-07-09T16:46:29","date_gmt":"2019-07-09T14:46:29","guid":{"rendered":"https:\/\/frifri.be\/?post_type=product&#038;p=1920"},"modified":"2025-12-02T14:25:20","modified_gmt":"2025-12-02T13:25:20","slug":"la-cuve-friteuse","status":"publish","type":"product","link":"https:\/\/frifri.be\/fr\/produit\/la-cuve-friteuse\/","title":{"rendered":"La Cuve de La Friteuse"},"content":{"rendered":"<p>Vous avez besoin de remplacer la cuve de votre friteuse Frifri ? Aucun probl\u00e8me, nos cuves en acier inoxydable de qualit\u00e9 professionnelle (304) sont disponibles selon votre mod\u00e8le de friteuse. Vous n\u2019avez plus qu\u2019\u00e0 la s\u00e9lectionner.<\/p>\n<p><a href=\"https:\/\/frifri.be\/fr\/faq\/comment-trouver-le-numero-de-modele-de-ma-friteuse\/\">D\u00e9couvrez-ici<\/a> comment trouver le num\u00e9ro de mod\u00e8le de votre friteuse.<\/p>\n","protected":false},"excerpt":{"rendered":"<p>Vous avez besoin de remplacer la cuve de votre friteuse Frifri ? Aucun probl\u00e8me, nos cuves&#8230; <span class=\"moreLink\"><a href=\"https:\/\/frifri.be\/fr\/produit\/la-cuve-friteuse\/\">+<\/a><\/span><\/p>\n","protected":false},"featured_media":1968,"comment_status":"closed","ping_status":"closed","template":"","meta":{"_acf_changed":false},"product_brand":[],"product_cat":[220],"product_tag":[],"class_list":{"0":"post-1920","1":"product","2":"type-product","3":"status-publish","4":"has-post-thumbnail","6":"product_cat-les-pieces-detachees-electromenager","8":"first","9":"instock","10":"taxable","11":"shipping-taxable","12":"purchasable","13":"product-type-variable"},"acf":[],"yoast_head":"<!-- This site is optimized with the Yoast SEO plugin v27.1.1 - https:\/\/yoast.com\/product\/yoast-seo-wordpress\/ -->\n<title>La Cuve de La Friteuse - De qualit\u00e9 professionnelle - Frifri Belgium<\/title>\n<meta name=\"description\" content=\"Besoin de remplacer la cuve de votre friteuse? Nos cuves en acier inoxydable de qualit\u00e9 professionnelle (304) sont disponibles.\" \/>\n<meta name=\"robots\" content=\"index, follow, max-snippet:-1, max-image-preview:large, max-video-preview:-1\" \/>\n<link rel=\"canonical\" href=\"https:\/\/frifri.be\/fr\/produit\/la-cuve-friteuse\/\" \/>\n<meta property=\"og:locale\" content=\"fr_FR\" \/>\n<meta property=\"og:type\" content=\"article\" \/>\n<meta property=\"og:title\" content=\"La Cuve de La Friteuse - De qualit\u00e9 professionnelle - Frifri Belgium\" \/>\n<meta property=\"og:description\" content=\"Besoin de remplacer la cuve de votre friteuse? Nos cuves en acier inoxydable de qualit\u00e9 professionnelle (304) sont disponibles.\" \/>\n<meta property=\"og:url\" content=\"https:\/\/frifri.be\/fr\/produit\/la-cuve-friteuse\/\" \/>\n<meta property=\"og:site_name\" content=\"Frifri Belgium\" \/>\n<meta property=\"article:modified_time\" content=\"2025-12-02T13:25:20+00:00\" \/>\n<meta property=\"og:image\" content=\"https:\/\/frifri.be\/wp-content\/uploads\/2019\/07\/Frifri_Friteuse_Cuve_ZCUV80_1_1600.jpg\" \/>\n\t<meta property=\"og:image:width\" content=\"1600\" \/>\n\t<meta property=\"og:image:height\" content=\"1600\" \/>\n\t<meta property=\"og:image:type\" content=\"image\/jpeg\" \/>\n<meta name=\"twitter:card\" content=\"summary_large_image\" \/>\n<script type=\"application\/ld+json\" class=\"yoast-schema-graph\">{\"@context\":\"https:\/\/schema.org\",\"@graph\":[{\"@type\":\"WebPage\",\"@id\":\"https:\/\/frifri.be\/fr\/produit\/la-cuve-friteuse\/\",\"url\":\"https:\/\/frifri.be\/fr\/produit\/la-cuve-friteuse\/\",\"name\":\"La Cuve de La Friteuse - De qualit\u00e9 professionnelle - Frifri Belgium\",\"isPartOf\":{\"@id\":\"https:\/\/frifri.be\/fr\/#website\"},\"primaryImageOfPage\":{\"@id\":\"https:\/\/frifri.be\/fr\/produit\/la-cuve-friteuse\/#primaryimage\"},\"image\":{\"@id\":\"https:\/\/frifri.be\/fr\/produit\/la-cuve-friteuse\/#primaryimage\"},\"thumbnailUrl\":\"https:\/\/frifri.be\/wp-content\/uploads\/2019\/07\/Frifri_Friteuse_Cuve_ZCUV80_1_1600.jpg\",\"datePublished\":\"2019-07-09T14:46:29+00:00\",\"dateModified\":\"2025-12-02T13:25:20+00:00\",\"description\":\"Besoin de remplacer la cuve de votre friteuse? Nos cuves en acier inoxydable de qualit\u00e9 professionnelle (304) sont disponibles.\",\"breadcrumb\":{\"@id\":\"https:\/\/frifri.be\/fr\/produit\/la-cuve-friteuse\/#breadcrumb\"},\"inLanguage\":\"fr-FR\",\"potentialAction\":[{\"@type\":\"ReadAction\",\"target\":[\"https:\/\/frifri.be\/fr\/produit\/la-cuve-friteuse\/\"]}]},{\"@type\":\"ImageObject\",\"inLanguage\":\"fr-FR\",\"@id\":\"https:\/\/frifri.be\/fr\/produit\/la-cuve-friteuse\/#primaryimage\",\"url\":\"https:\/\/frifri.be\/wp-content\/uploads\/2019\/07\/Frifri_Friteuse_Cuve_ZCUV80_1_1600.jpg\",\"contentUrl\":\"https:\/\/frifri.be\/wp-content\/uploads\/2019\/07\/Frifri_Friteuse_Cuve_ZCUV80_1_1600.jpg\",\"width\":1600,\"height\":1600},{\"@type\":\"BreadcrumbList\",\"@id\":\"https:\/\/frifri.be\/fr\/produit\/la-cuve-friteuse\/#breadcrumb\",\"itemListElement\":[{\"@type\":\"ListItem\",\"position\":1,\"name\":\"Home\",\"item\":\"https:\/\/frifri.be\/fr\/frifri\/\"},{\"@type\":\"ListItem\",\"position\":2,\"name\":\"Nos produits\",\"item\":\"https:\/\/frifri.be\/fr\/boutique\/\"},{\"@type\":\"ListItem\",\"position\":3,\"name\":\"Les Pi\u00e8ces D\u00e9tach\u00e9es et Accessoires\",\"item\":\"https:\/\/frifri.be\/fr\/categorie-produit\/les-pieces-detachees-electromenager\/\"},{\"@type\":\"ListItem\",\"position\":4,\"name\":\"La Cuve de La Friteuse\"}]},{\"@type\":\"WebSite\",\"@id\":\"https:\/\/frifri.be\/fr\/#website\",\"url\":\"https:\/\/frifri.be\/fr\/\",\"name\":\"Frifri Belgium\",\"description\":\"frifri Shop Belgium\",\"potentialAction\":[{\"@type\":\"SearchAction\",\"target\":{\"@type\":\"EntryPoint\",\"urlTemplate\":\"https:\/\/frifri.be\/fr\/?s={search_term_string}\"},\"query-input\":{\"@type\":\"PropertyValueSpecification\",\"valueRequired\":true,\"valueName\":\"search_term_string\"}}],\"inLanguage\":\"fr-FR\"}]}<\/script>\n<!-- \/ Yoast SEO plugin. -->","yoast_head_json":{"title":"La Cuve de La Friteuse - De qualit\u00e9 professionnelle - Frifri Belgium","description":"Besoin de remplacer la cuve de votre friteuse? Nos cuves en acier inoxydable de qualit\u00e9 professionnelle (304) sont disponibles.","robots":{"index":"index","follow":"follow","max-snippet":"max-snippet:-1","max-image-preview":"max-image-preview:large","max-video-preview":"max-video-preview:-1"},"canonical":"https:\/\/frifri.be\/fr\/produit\/la-cuve-friteuse\/","og_locale":"fr_FR","og_type":"article","og_title":"La Cuve de La Friteuse - De qualit\u00e9 professionnelle - Frifri Belgium","og_description":"Besoin de remplacer la cuve de votre friteuse? Nos cuves en acier inoxydable de qualit\u00e9 professionnelle (304) sont disponibles.","og_url":"https:\/\/frifri.be\/fr\/produit\/la-cuve-friteuse\/","og_site_name":"Frifri Belgium","article_modified_time":"2025-12-02T13:25:20+00:00","og_image":[{"width":1600,"height":1600,"url":"https:\/\/frifri.be\/wp-content\/uploads\/2019\/07\/Frifri_Friteuse_Cuve_ZCUV80_1_1600.jpg","type":"image\/jpeg"}],"twitter_card":"summary_large_image","schema":{"@context":"https:\/\/schema.org","@graph":[{"@type":"WebPage","@id":"https:\/\/frifri.be\/fr\/produit\/la-cuve-friteuse\/","url":"https:\/\/frifri.be\/fr\/produit\/la-cuve-friteuse\/","name":"La Cuve de La Friteuse - De qualit\u00e9 professionnelle - Frifri Belgium","isPartOf":{"@id":"https:\/\/frifri.be\/fr\/#website"},"primaryImageOfPage":{"@id":"https:\/\/frifri.be\/fr\/produit\/la-cuve-friteuse\/#primaryimage"},"image":{"@id":"https:\/\/frifri.be\/fr\/produit\/la-cuve-friteuse\/#primaryimage"},"thumbnailUrl":"https:\/\/frifri.be\/wp-content\/uploads\/2019\/07\/Frifri_Friteuse_Cuve_ZCUV80_1_1600.jpg","datePublished":"2019-07-09T14:46:29+00:00","dateModified":"2025-12-02T13:25:20+00:00","description":"Besoin de remplacer la cuve de votre friteuse? Nos cuves en acier inoxydable de qualit\u00e9 professionnelle (304) sont disponibles.","breadcrumb":{"@id":"https:\/\/frifri.be\/fr\/produit\/la-cuve-friteuse\/#breadcrumb"},"inLanguage":"fr-FR","potentialAction":[{"@type":"ReadAction","target":["https:\/\/frifri.be\/fr\/produit\/la-cuve-friteuse\/"]}]},{"@type":"ImageObject","inLanguage":"fr-FR","@id":"https:\/\/frifri.be\/fr\/produit\/la-cuve-friteuse\/#primaryimage","url":"https:\/\/frifri.be\/wp-content\/uploads\/2019\/07\/Frifri_Friteuse_Cuve_ZCUV80_1_1600.jpg","contentUrl":"https:\/\/frifri.be\/wp-content\/uploads\/2019\/07\/Frifri_Friteuse_Cuve_ZCUV80_1_1600.jpg","width":1600,"height":1600},{"@type":"BreadcrumbList","@id":"https:\/\/frifri.be\/fr\/produit\/la-cuve-friteuse\/#breadcrumb","itemListElement":[{"@type":"ListItem","position":1,"name":"Home","item":"https:\/\/frifri.be\/fr\/frifri\/"},{"@type":"ListItem","position":2,"name":"Nos produits","item":"https:\/\/frifri.be\/fr\/boutique\/"},{"@type":"ListItem","position":3,"name":"Les Pi\u00e8ces D\u00e9tach\u00e9es et Accessoires","item":"https:\/\/frifri.be\/fr\/categorie-produit\/les-pieces-detachees-electromenager\/"},{"@type":"ListItem","position":4,"name":"La Cuve de La Friteuse"}]},{"@type":"WebSite","@id":"https:\/\/frifri.be\/fr\/#website","url":"https:\/\/frifri.be\/fr\/","name":"Frifri Belgium","description":"frifri Shop Belgium","potentialAction":[{"@type":"SearchAction","target":{"@type":"EntryPoint","urlTemplate":"https:\/\/frifri.be\/fr\/?s={search_term_string}"},"query-input":{"@type":"PropertyValueSpecification","valueRequired":true,"valueName":"search_term_string"}}],"inLanguage":"fr-FR"}]}},"_links":{"self":[{"href":"https:\/\/frifri.be\/fr\/wp-json\/wp\/v2\/product\/1920","targetHints":{"allow":["GET"]}}],"collection":[{"href":"https:\/\/frifri.be\/fr\/wp-json\/wp\/v2\/product"}],"about":[{"href":"https:\/\/frifri.be\/fr\/wp-json\/wp\/v2\/types\/product"}],"replies":[{"embeddable":true,"href":"https:\/\/frifri.be\/fr\/wp-json\/wp\/v2\/comments?post=1920"}],"wp:featuredmedia":[{"embeddable":true,"href":"https:\/\/frifri.be\/fr\/wp-json\/wp\/v2\/media\/1968"}],"wp:attachment":[{"href":"https:\/\/frifri.be\/fr\/wp-json\/wp\/v2\/media?parent=1920"}],"wp:term":[{"taxonomy":"product_brand","embeddable":true,"href":"https:\/\/frifri.be\/fr\/wp-json\/wp\/v2\/product_brand?post=1920"},{"taxonomy":"product_cat","embeddable":true,"href":"https:\/\/frifri.be\/fr\/wp-json\/wp\/v2\/product_cat?post=1920"},{"taxonomy":"product_tag","embeddable":true,"href":"https:\/\/frifri.be\/fr\/wp-json\/wp\/v2\/product_tag?post=1920"}],"curies":[{"name":"wp","href":"https:\/\/api.w.org\/{rel}","templated":true}]}}