{"id":2054,"date":"2019-07-10T13:58:17","date_gmt":"2019-07-10T11:58:17","guid":{"rendered":"https:\/\/frifri.be\/?post_type=product&#038;p=2054"},"modified":"2025-12-02T14:25:03","modified_gmt":"2025-12-02T13:25:03","slug":"electro-menager-mixeur-et-conservation-sous-vide","status":"publish","type":"product","link":"https:\/\/frifri.be\/fr\/produit\/electro-menager-mixeur-et-conservation-sous-vide\/","title":{"rendered":"Le Mixeur MIX&rsquo;SAVER"},"content":{"rendered":"<h2>Le 2 en 1 qui regroupe les fonctions du mixeur et de la machine sous vide<\/h2>\n<p>Un appareil 2 en 1 qui regroupe tous les avantages d\u2019un mixeur de grande qualit\u00e9 et d\u2019une machine sous vide. L\u2019accessoire de mise sous vide ultra compact tient dans la main et prend tr\u00e8s peu de place dans vos placards !<\/p>\n<ul>\n<li>Un <strong>seul pied amovible<\/strong> sur lequel vous montez les diff\u00e9rentes lames.<\/li>\n<li>Gr\u00e2ce \u00e0 ses <strong>3 types de lames<\/strong> et son <strong>fouet<\/strong>, utilisez votre mixeur pour mixer, hacher, \u00e9mulsionner et fouetter.<\/li>\n<li>Pratique, le <strong>bol gradu\u00e9 de 900 ml<\/strong> permet une mesure pr\u00e9cise.<\/li>\n<li>Facile \u00e0 nettoyer et \u00e0 ranger. Retirez les lames pour \u00e9viter les risques de coupure ou les recoins inatteignables et rangez-les dans <strong>la bo\u00eete de rangement<\/strong> qui sert aussi de support au mixeur.<\/li>\n<li><strong>5 vitesses<\/strong> et une puissance de <strong>600 watts<\/strong> pour un r\u00e9sultat professionnel.<\/li>\n<li>Transformer votre mixeur en <strong>machine sous vide<\/strong> en moins de 5 secondes.<\/li>\n<li><strong>3 sachets \u00e0 zip sous vide r\u00e9utilisables<\/strong> inclus pour profiter pleinement de votre machine sous vide.<\/li>\n<\/ul>\n","protected":false},"excerpt":{"rendered":"<p>Le 2 en 1 qui regroupe les fonctions du mixeur et de la machine sous vide&#8230; <span class=\"moreLink\"><a href=\"https:\/\/frifri.be\/fr\/produit\/electro-menager-mixeur-et-conservation-sous-vide\/\">+<\/a><\/span><\/p>\n","protected":false},"featured_media":4822,"comment_status":"closed","ping_status":"closed","template":"","meta":{"_acf_changed":false},"product_brand":[],"product_cat":[770,785],"product_tag":[],"class_list":{"0":"post-2054","1":"product","2":"type-product","3":"status-publish","4":"has-post-thumbnail","6":"product_cat-le-mixeur-les-pieces-detachees-electromenager","7":"product_cat-anciens-produits","9":"first","10":"instock","11":"taxable","12":"shipping-taxable","13":"purchasable","14":"product-type-simple"},"acf":[],"yoast_head":"<!-- This site is optimized with the Yoast SEO plugin v27.3 - https:\/\/yoast.com\/product\/yoast-seo-wordpress\/ -->\n<title>Le Mixeur MIX&#039;SAVER - Un mixeur &amp; un appareil sous vide - Frifri Belgium<\/title>\n<meta name=\"description\" content=\"Le 2 en 1 qui regroupe les fonctions du mixeur et de la machine sous vide. Le MIX&#039;SAVER, un mixeur de qualit\u00e9 et une machine sous vide.\" \/>\n<meta name=\"robots\" content=\"index, follow, max-snippet:-1, max-image-preview:large, max-video-preview:-1\" \/>\n<link rel=\"canonical\" href=\"https:\/\/frifri.be\/fr\/produit\/electro-menager-mixeur-et-conservation-sous-vide\/\" \/>\n<meta property=\"og:locale\" content=\"fr_FR\" \/>\n<meta property=\"og:type\" content=\"article\" \/>\n<meta property=\"og:title\" content=\"Le Mixeur MIX&#039;SAVER - Un mixeur &amp; un appareil sous vide - Frifri Belgium\" \/>\n<meta property=\"og:description\" content=\"Le 2 en 1 qui regroupe les fonctions du mixeur et de la machine sous vide. Le MIX&#039;SAVER, un mixeur de qualit\u00e9 et une machine sous vide.\" \/>\n<meta property=\"og:url\" content=\"https:\/\/frifri.be\/fr\/produit\/electro-menager-mixeur-et-conservation-sous-vide\/\" \/>\n<meta property=\"og:site_name\" content=\"Frifri Belgium\" \/>\n<meta property=\"article:modified_time\" content=\"2025-12-02T13:25:03+00:00\" \/>\n<meta property=\"og:image\" content=\"https:\/\/frifri.be\/wp-content\/uploads\/2019\/07\/Frifri_Mixer_MixSaver_Prod_24_thumb.jpg\" \/>\n\t<meta property=\"og:image:width\" content=\"1600\" \/>\n\t<meta property=\"og:image:height\" content=\"1600\" \/>\n\t<meta property=\"og:image:type\" content=\"image\/jpeg\" \/>\n<meta name=\"twitter:card\" content=\"summary_large_image\" \/>\n<meta name=\"twitter:label1\" content=\"Dur\u00e9e de lecture estim\u00e9e\" \/>\n\t<meta name=\"twitter:data1\" content=\"2 minutes\" \/>\n<script type=\"application\/ld+json\" class=\"yoast-schema-graph\">{\"@context\":\"https:\\\/\\\/schema.org\",\"@graph\":[{\"@type\":\"WebPage\",\"@id\":\"https:\\\/\\\/frifri.be\\\/fr\\\/produit\\\/electro-menager-mixeur-et-conservation-sous-vide\\\/\",\"url\":\"https:\\\/\\\/frifri.be\\\/fr\\\/produit\\\/electro-menager-mixeur-et-conservation-sous-vide\\\/\",\"name\":\"Le Mixeur MIX'SAVER - Un mixeur & un appareil sous vide - Frifri Belgium\",\"isPartOf\":{\"@id\":\"https:\\\/\\\/frifri.be\\\/fr\\\/#website\"},\"primaryImageOfPage\":{\"@id\":\"https:\\\/\\\/frifri.be\\\/fr\\\/produit\\\/electro-menager-mixeur-et-conservation-sous-vide\\\/#primaryimage\"},\"image\":{\"@id\":\"https:\\\/\\\/frifri.be\\\/fr\\\/produit\\\/electro-menager-mixeur-et-conservation-sous-vide\\\/#primaryimage\"},\"thumbnailUrl\":\"https:\\\/\\\/frifri.be\\\/wp-content\\\/uploads\\\/2019\\\/07\\\/Frifri_Mixer_MixSaver_Prod_24_thumb.jpg\",\"datePublished\":\"2019-07-10T11:58:17+00:00\",\"dateModified\":\"2025-12-02T13:25:03+00:00\",\"description\":\"Le 2 en 1 qui regroupe les fonctions du mixeur et de la machine sous vide. Le MIX'SAVER, un mixeur de qualit\u00e9 et une machine sous vide.\",\"breadcrumb\":{\"@id\":\"https:\\\/\\\/frifri.be\\\/fr\\\/produit\\\/electro-menager-mixeur-et-conservation-sous-vide\\\/#breadcrumb\"},\"inLanguage\":\"fr-FR\",\"potentialAction\":[{\"@type\":\"ReadAction\",\"target\":[\"https:\\\/\\\/frifri.be\\\/fr\\\/produit\\\/electro-menager-mixeur-et-conservation-sous-vide\\\/\"]}]},{\"@type\":\"ImageObject\",\"inLanguage\":\"fr-FR\",\"@id\":\"https:\\\/\\\/frifri.be\\\/fr\\\/produit\\\/electro-menager-mixeur-et-conservation-sous-vide\\\/#primaryimage\",\"url\":\"https:\\\/\\\/frifri.be\\\/wp-content\\\/uploads\\\/2019\\\/07\\\/Frifri_Mixer_MixSaver_Prod_24_thumb.jpg\",\"contentUrl\":\"https:\\\/\\\/frifri.be\\\/wp-content\\\/uploads\\\/2019\\\/07\\\/Frifri_Mixer_MixSaver_Prod_24_thumb.jpg\",\"width\":1600,\"height\":1600},{\"@type\":\"BreadcrumbList\",\"@id\":\"https:\\\/\\\/frifri.be\\\/fr\\\/produit\\\/electro-menager-mixeur-et-conservation-sous-vide\\\/#breadcrumb\",\"itemListElement\":[{\"@type\":\"ListItem\",\"position\":1,\"name\":\"Home\",\"item\":\"https:\\\/\\\/frifri.be\\\/fr\\\/frifri\\\/\"},{\"@type\":\"ListItem\",\"position\":2,\"name\":\"Nos produits\",\"item\":\"https:\\\/\\\/frifri.be\\\/fr\\\/boutique\\\/\"},{\"@type\":\"ListItem\",\"position\":3,\"name\":\"Les Pi\u00e8ces D\u00e9tach\u00e9es et Accessoires\",\"item\":\"https:\\\/\\\/frifri.be\\\/fr\\\/categorie-produit\\\/les-pieces-detachees-electromenager\\\/\"},{\"@type\":\"ListItem\",\"position\":4,\"name\":\"Le Mixeur\",\"item\":\"https:\\\/\\\/frifri.be\\\/fr\\\/categorie-produit\\\/les-pieces-detachees-electromenager\\\/le-mixeur-les-pieces-detachees-electromenager\\\/\"},{\"@type\":\"ListItem\",\"position\":5,\"name\":\"Le Mixeur MIX&rsquo;SAVER\"}]},{\"@type\":\"WebSite\",\"@id\":\"https:\\\/\\\/frifri.be\\\/fr\\\/#website\",\"url\":\"https:\\\/\\\/frifri.be\\\/fr\\\/\",\"name\":\"Frifri Belgium\",\"description\":\"frifri Shop Belgium\",\"potentialAction\":[{\"@type\":\"SearchAction\",\"target\":{\"@type\":\"EntryPoint\",\"urlTemplate\":\"https:\\\/\\\/frifri.be\\\/fr\\\/?s={search_term_string}\"},\"query-input\":{\"@type\":\"PropertyValueSpecification\",\"valueRequired\":true,\"valueName\":\"search_term_string\"}}],\"inLanguage\":\"fr-FR\"}]}<\/script>\n<!-- \/ Yoast SEO plugin. -->","yoast_head_json":{"title":"Le Mixeur MIX'SAVER - Un mixeur & un appareil sous vide - Frifri Belgium","description":"Le 2 en 1 qui regroupe les fonctions du mixeur et de la machine sous vide. Le MIX'SAVER, un mixeur de qualit\u00e9 et une machine sous vide.","robots":{"index":"index","follow":"follow","max-snippet":"max-snippet:-1","max-image-preview":"max-image-preview:large","max-video-preview":"max-video-preview:-1"},"canonical":"https:\/\/frifri.be\/fr\/produit\/electro-menager-mixeur-et-conservation-sous-vide\/","og_locale":"fr_FR","og_type":"article","og_title":"Le Mixeur MIX'SAVER - Un mixeur & un appareil sous vide - Frifri Belgium","og_description":"Le 2 en 1 qui regroupe les fonctions du mixeur et de la machine sous vide. Le MIX'SAVER, un mixeur de qualit\u00e9 et une machine sous vide.","og_url":"https:\/\/frifri.be\/fr\/produit\/electro-menager-mixeur-et-conservation-sous-vide\/","og_site_name":"Frifri Belgium","article_modified_time":"2025-12-02T13:25:03+00:00","og_image":[{"width":1600,"height":1600,"url":"https:\/\/frifri.be\/wp-content\/uploads\/2019\/07\/Frifri_Mixer_MixSaver_Prod_24_thumb.jpg","type":"image\/jpeg"}],"twitter_card":"summary_large_image","twitter_misc":{"Dur\u00e9e de lecture estim\u00e9e":"2 minutes"},"schema":{"@context":"https:\/\/schema.org","@graph":[{"@type":"WebPage","@id":"https:\/\/frifri.be\/fr\/produit\/electro-menager-mixeur-et-conservation-sous-vide\/","url":"https:\/\/frifri.be\/fr\/produit\/electro-menager-mixeur-et-conservation-sous-vide\/","name":"Le Mixeur MIX'SAVER - Un mixeur & un appareil sous vide - Frifri Belgium","isPartOf":{"@id":"https:\/\/frifri.be\/fr\/#website"},"primaryImageOfPage":{"@id":"https:\/\/frifri.be\/fr\/produit\/electro-menager-mixeur-et-conservation-sous-vide\/#primaryimage"},"image":{"@id":"https:\/\/frifri.be\/fr\/produit\/electro-menager-mixeur-et-conservation-sous-vide\/#primaryimage"},"thumbnailUrl":"https:\/\/frifri.be\/wp-content\/uploads\/2019\/07\/Frifri_Mixer_MixSaver_Prod_24_thumb.jpg","datePublished":"2019-07-10T11:58:17+00:00","dateModified":"2025-12-02T13:25:03+00:00","description":"Le 2 en 1 qui regroupe les fonctions du mixeur et de la machine sous vide. Le MIX'SAVER, un mixeur de qualit\u00e9 et une machine sous vide.","breadcrumb":{"@id":"https:\/\/frifri.be\/fr\/produit\/electro-menager-mixeur-et-conservation-sous-vide\/#breadcrumb"},"inLanguage":"fr-FR","potentialAction":[{"@type":"ReadAction","target":["https:\/\/frifri.be\/fr\/produit\/electro-menager-mixeur-et-conservation-sous-vide\/"]}]},{"@type":"ImageObject","inLanguage":"fr-FR","@id":"https:\/\/frifri.be\/fr\/produit\/electro-menager-mixeur-et-conservation-sous-vide\/#primaryimage","url":"https:\/\/frifri.be\/wp-content\/uploads\/2019\/07\/Frifri_Mixer_MixSaver_Prod_24_thumb.jpg","contentUrl":"https:\/\/frifri.be\/wp-content\/uploads\/2019\/07\/Frifri_Mixer_MixSaver_Prod_24_thumb.jpg","width":1600,"height":1600},{"@type":"BreadcrumbList","@id":"https:\/\/frifri.be\/fr\/produit\/electro-menager-mixeur-et-conservation-sous-vide\/#breadcrumb","itemListElement":[{"@type":"ListItem","position":1,"name":"Home","item":"https:\/\/frifri.be\/fr\/frifri\/"},{"@type":"ListItem","position":2,"name":"Nos produits","item":"https:\/\/frifri.be\/fr\/boutique\/"},{"@type":"ListItem","position":3,"name":"Les Pi\u00e8ces D\u00e9tach\u00e9es et Accessoires","item":"https:\/\/frifri.be\/fr\/categorie-produit\/les-pieces-detachees-electromenager\/"},{"@type":"ListItem","position":4,"name":"Le Mixeur","item":"https:\/\/frifri.be\/fr\/categorie-produit\/les-pieces-detachees-electromenager\/le-mixeur-les-pieces-detachees-electromenager\/"},{"@type":"ListItem","position":5,"name":"Le Mixeur MIX&rsquo;SAVER"}]},{"@type":"WebSite","@id":"https:\/\/frifri.be\/fr\/#website","url":"https:\/\/frifri.be\/fr\/","name":"Frifri Belgium","description":"frifri Shop Belgium","potentialAction":[{"@type":"SearchAction","target":{"@type":"EntryPoint","urlTemplate":"https:\/\/frifri.be\/fr\/?s={search_term_string}"},"query-input":{"@type":"PropertyValueSpecification","valueRequired":true,"valueName":"search_term_string"}}],"inLanguage":"fr-FR"}]}},"_links":{"self":[{"href":"https:\/\/frifri.be\/fr\/wp-json\/wp\/v2\/product\/2054","targetHints":{"allow":["GET"]}}],"collection":[{"href":"https:\/\/frifri.be\/fr\/wp-json\/wp\/v2\/product"}],"about":[{"href":"https:\/\/frifri.be\/fr\/wp-json\/wp\/v2\/types\/product"}],"replies":[{"embeddable":true,"href":"https:\/\/frifri.be\/fr\/wp-json\/wp\/v2\/comments?post=2054"}],"wp:featuredmedia":[{"embeddable":true,"href":"https:\/\/frifri.be\/fr\/wp-json\/wp\/v2\/media\/4822"}],"wp:attachment":[{"href":"https:\/\/frifri.be\/fr\/wp-json\/wp\/v2\/media?parent=2054"}],"wp:term":[{"taxonomy":"product_brand","embeddable":true,"href":"https:\/\/frifri.be\/fr\/wp-json\/wp\/v2\/product_brand?post=2054"},{"taxonomy":"product_cat","embeddable":true,"href":"https:\/\/frifri.be\/fr\/wp-json\/wp\/v2\/product_cat?post=2054"},{"taxonomy":"product_tag","embeddable":true,"href":"https:\/\/frifri.be\/fr\/wp-json\/wp\/v2\/product_tag?post=2054"}],"curies":[{"name":"wp","href":"https:\/\/api.w.org\/{rel}","templated":true}]}}