{"id":25603,"date":"2021-03-12T14:44:18","date_gmt":"2021-03-12T13:44:18","guid":{"rendered":"https:\/\/frifri.be\/?post_type=product&#038;p=25603"},"modified":"2026-04-17T07:35:30","modified_gmt":"2026-04-17T05:35:30","slug":"la-chocolatiere-kit-de-paques","status":"publish","type":"product","link":"https:\/\/frifri.be\/fr\/produit\/la-chocolatiere-kit-de-paques\/","title":{"rendered":"La Chocolati\u00e8re de P\u00e2ques"},"content":{"rendered":"<h2>Un kit pour travailler le chocolat en toute simplicit\u00e9.<\/h2>\n<p>Con\u00e7ue et fabriqu\u00e9e en Belgique, elle vous assure la temp\u00e9rature parfaite pour confectionner vos figurines en chocolat, vos pralines et vos gla\u00e7ages.<br \/>\nUn outil indispensable pour temp\u00e9rer avec pr\u00e9cision et simplicit\u00e9.<\/p>\n<p style=\"text-align: center;\">______________________________<\/p>\n<p><strong>Le kit La Chocolati\u00e8re + kit de P\u00e2ques comprend tout ce qu\u2019il faut pour cr\u00e9er des figurines de P\u00e2ques maison comme un pro :<\/strong><\/p>\n<ul>\n<li>La Chocolati\u00e8re<\/li>\n<li>Quatre moules de P\u00e2ques (sera ajout\u00e9 directement dans le panier)<\/li>\n<li>Un moule \u00e0 praline<\/li>\n<li>Le thermom\u00e8tre digital<\/li>\n<li>Une spatule en inox<\/li>\n<li>Des poches \u00e0 douille<\/li>\n<li>Un livre de recettes de Laurent Gerbaud<\/li>\n<\/ul>\n<p><strong>Obtenez en un tour de main du chocolat fin, craquant, brillant et facilement d\u00e9moulable gr\u00e2ce \u00e0 cette \u00e9dition sp\u00e9ciale, qui comprend tout ce qu\u2019il vous faut pour inviter la magie et la gourmandise de P\u00e2ques dans votre maison.\u00a0<\/strong><\/p>\n<div id=\"ConnectiveDocSignExtentionInstalled\" data-extension-version=\"1.0.4\"><\/div>\n","protected":false},"excerpt":{"rendered":"<p>&nbsp;<\/p>\n<div id=\"ConnectiveDocSignExtentionInstalled\" data-extension-version=\"1.0.4\"><\/div>\n","protected":false},"featured_media":78177,"comment_status":"closed","ping_status":"closed","template":"","meta":{"_acf_changed":false},"product_brand":[],"product_cat":[185],"product_tag":[],"class_list":{"0":"post-25603","1":"product","2":"type-product","3":"status-publish","4":"has-post-thumbnail","6":"product_cat-la-chocolatiere","8":"first","9":"instock","10":"taxable","11":"shipping-taxable","12":"purchasable","13":"product-type-simple"},"acf":[],"yoast_head":"<!-- This site is optimized with the Yoast SEO plugin v27.3 - https:\/\/yoast.com\/product\/yoast-seo-wordpress\/ -->\n<title>La Chocolati\u00e8re de P\u00e2ques - Frifri Belgium<\/title>\n<meta name=\"description\" content=\"Le kit pour travailler le chocolat en toute simplicit\u00e9 \u00e0 l&#039;approche de P\u00e2ques. Impressionnez vos amis ou organisez un atelier cuisine pour amuser vos petits gourmands.\" \/>\n<meta name=\"robots\" content=\"index, follow, max-snippet:-1, max-image-preview:large, max-video-preview:-1\" \/>\n<link rel=\"canonical\" href=\"https:\/\/frifri.be\/fr\/produit\/la-chocolatiere-kit-de-paques\/\" \/>\n<meta property=\"og:locale\" content=\"fr_FR\" \/>\n<meta property=\"og:type\" content=\"article\" \/>\n<meta property=\"og:title\" content=\"La Chocolati\u00e8re de P\u00e2ques - Frifri Belgium\" \/>\n<meta property=\"og:description\" content=\"Le kit pour travailler le chocolat en toute simplicit\u00e9 \u00e0 l&#039;approche de P\u00e2ques. Impressionnez vos amis ou organisez un atelier cuisine pour amuser vos petits gourmands.\" \/>\n<meta property=\"og:url\" content=\"https:\/\/frifri.be\/fr\/produit\/la-chocolatiere-kit-de-paques\/\" \/>\n<meta property=\"og:site_name\" content=\"Frifri Belgium\" \/>\n<meta property=\"article:modified_time\" content=\"2026-04-17T05:35:30+00:00\" \/>\n<meta property=\"og:image\" content=\"https:\/\/frifri.be\/wp-content\/uploads\/2021\/03\/Cover_Paques2026_04.jpg\" \/>\n\t<meta property=\"og:image:width\" content=\"1600\" \/>\n\t<meta property=\"og:image:height\" content=\"893\" \/>\n\t<meta property=\"og:image:type\" content=\"image\/jpeg\" \/>\n<meta name=\"twitter:card\" content=\"summary_large_image\" \/>\n<meta name=\"twitter:label1\" content=\"Dur\u00e9e de lecture estim\u00e9e\" \/>\n\t<meta name=\"twitter:data1\" content=\"2 minutes\" \/>\n<script type=\"application\/ld+json\" class=\"yoast-schema-graph\">{\"@context\":\"https:\\\/\\\/schema.org\",\"@graph\":[{\"@type\":\"WebPage\",\"@id\":\"https:\\\/\\\/frifri.be\\\/fr\\\/produit\\\/la-chocolatiere-kit-de-paques\\\/\",\"url\":\"https:\\\/\\\/frifri.be\\\/fr\\\/produit\\\/la-chocolatiere-kit-de-paques\\\/\",\"name\":\"La Chocolati\u00e8re de P\u00e2ques - Frifri Belgium\",\"isPartOf\":{\"@id\":\"https:\\\/\\\/frifri.be\\\/fr\\\/#website\"},\"primaryImageOfPage\":{\"@id\":\"https:\\\/\\\/frifri.be\\\/fr\\\/produit\\\/la-chocolatiere-kit-de-paques\\\/#primaryimage\"},\"image\":{\"@id\":\"https:\\\/\\\/frifri.be\\\/fr\\\/produit\\\/la-chocolatiere-kit-de-paques\\\/#primaryimage\"},\"thumbnailUrl\":\"https:\\\/\\\/frifri.be\\\/wp-content\\\/uploads\\\/2021\\\/03\\\/Cover_Paques2026_04.jpg\",\"datePublished\":\"2021-03-12T13:44:18+00:00\",\"dateModified\":\"2026-04-17T05:35:30+00:00\",\"description\":\"Le kit pour travailler le chocolat en toute simplicit\u00e9 \u00e0 l'approche de P\u00e2ques. Impressionnez vos amis ou organisez un atelier cuisine pour amuser vos petits gourmands.\",\"breadcrumb\":{\"@id\":\"https:\\\/\\\/frifri.be\\\/fr\\\/produit\\\/la-chocolatiere-kit-de-paques\\\/#breadcrumb\"},\"inLanguage\":\"fr-FR\",\"potentialAction\":[{\"@type\":\"ReadAction\",\"target\":[\"https:\\\/\\\/frifri.be\\\/fr\\\/produit\\\/la-chocolatiere-kit-de-paques\\\/\"]}]},{\"@type\":\"ImageObject\",\"inLanguage\":\"fr-FR\",\"@id\":\"https:\\\/\\\/frifri.be\\\/fr\\\/produit\\\/la-chocolatiere-kit-de-paques\\\/#primaryimage\",\"url\":\"https:\\\/\\\/frifri.be\\\/wp-content\\\/uploads\\\/2021\\\/03\\\/Cover_Paques2026_04.jpg\",\"contentUrl\":\"https:\\\/\\\/frifri.be\\\/wp-content\\\/uploads\\\/2021\\\/03\\\/Cover_Paques2026_04.jpg\",\"width\":1600,\"height\":893},{\"@type\":\"BreadcrumbList\",\"@id\":\"https:\\\/\\\/frifri.be\\\/fr\\\/produit\\\/la-chocolatiere-kit-de-paques\\\/#breadcrumb\",\"itemListElement\":[{\"@type\":\"ListItem\",\"position\":1,\"name\":\"Home\",\"item\":\"https:\\\/\\\/frifri.be\\\/fr\\\/frifri\\\/\"},{\"@type\":\"ListItem\",\"position\":2,\"name\":\"Nos produits\",\"item\":\"https:\\\/\\\/frifri.be\\\/fr\\\/boutique\\\/\"},{\"@type\":\"ListItem\",\"position\":3,\"name\":\"La Chocolati\u00e8re\",\"item\":\"https:\\\/\\\/frifri.be\\\/fr\\\/categorie-produit\\\/la-chocolatiere\\\/\"},{\"@type\":\"ListItem\",\"position\":4,\"name\":\"La Chocolati\u00e8re de P\u00e2ques\"}]},{\"@type\":\"WebSite\",\"@id\":\"https:\\\/\\\/frifri.be\\\/fr\\\/#website\",\"url\":\"https:\\\/\\\/frifri.be\\\/fr\\\/\",\"name\":\"Frifri Belgium\",\"description\":\"frifri Shop Belgium\",\"potentialAction\":[{\"@type\":\"SearchAction\",\"target\":{\"@type\":\"EntryPoint\",\"urlTemplate\":\"https:\\\/\\\/frifri.be\\\/fr\\\/?s={search_term_string}\"},\"query-input\":{\"@type\":\"PropertyValueSpecification\",\"valueRequired\":true,\"valueName\":\"search_term_string\"}}],\"inLanguage\":\"fr-FR\"}]}<\/script>\n<!-- \/ Yoast SEO plugin. -->","yoast_head_json":{"title":"La Chocolati\u00e8re de P\u00e2ques - Frifri Belgium","description":"Le kit pour travailler le chocolat en toute simplicit\u00e9 \u00e0 l'approche de P\u00e2ques. Impressionnez vos amis ou organisez un atelier cuisine pour amuser vos petits gourmands.","robots":{"index":"index","follow":"follow","max-snippet":"max-snippet:-1","max-image-preview":"max-image-preview:large","max-video-preview":"max-video-preview:-1"},"canonical":"https:\/\/frifri.be\/fr\/produit\/la-chocolatiere-kit-de-paques\/","og_locale":"fr_FR","og_type":"article","og_title":"La Chocolati\u00e8re de P\u00e2ques - Frifri Belgium","og_description":"Le kit pour travailler le chocolat en toute simplicit\u00e9 \u00e0 l'approche de P\u00e2ques. Impressionnez vos amis ou organisez un atelier cuisine pour amuser vos petits gourmands.","og_url":"https:\/\/frifri.be\/fr\/produit\/la-chocolatiere-kit-de-paques\/","og_site_name":"Frifri Belgium","article_modified_time":"2026-04-17T05:35:30+00:00","og_image":[{"width":1600,"height":893,"url":"https:\/\/frifri.be\/wp-content\/uploads\/2021\/03\/Cover_Paques2026_04.jpg","type":"image\/jpeg"}],"twitter_card":"summary_large_image","twitter_misc":{"Dur\u00e9e de lecture estim\u00e9e":"2 minutes"},"schema":{"@context":"https:\/\/schema.org","@graph":[{"@type":"WebPage","@id":"https:\/\/frifri.be\/fr\/produit\/la-chocolatiere-kit-de-paques\/","url":"https:\/\/frifri.be\/fr\/produit\/la-chocolatiere-kit-de-paques\/","name":"La Chocolati\u00e8re de P\u00e2ques - Frifri Belgium","isPartOf":{"@id":"https:\/\/frifri.be\/fr\/#website"},"primaryImageOfPage":{"@id":"https:\/\/frifri.be\/fr\/produit\/la-chocolatiere-kit-de-paques\/#primaryimage"},"image":{"@id":"https:\/\/frifri.be\/fr\/produit\/la-chocolatiere-kit-de-paques\/#primaryimage"},"thumbnailUrl":"https:\/\/frifri.be\/wp-content\/uploads\/2021\/03\/Cover_Paques2026_04.jpg","datePublished":"2021-03-12T13:44:18+00:00","dateModified":"2026-04-17T05:35:30+00:00","description":"Le kit pour travailler le chocolat en toute simplicit\u00e9 \u00e0 l'approche de P\u00e2ques. Impressionnez vos amis ou organisez un atelier cuisine pour amuser vos petits gourmands.","breadcrumb":{"@id":"https:\/\/frifri.be\/fr\/produit\/la-chocolatiere-kit-de-paques\/#breadcrumb"},"inLanguage":"fr-FR","potentialAction":[{"@type":"ReadAction","target":["https:\/\/frifri.be\/fr\/produit\/la-chocolatiere-kit-de-paques\/"]}]},{"@type":"ImageObject","inLanguage":"fr-FR","@id":"https:\/\/frifri.be\/fr\/produit\/la-chocolatiere-kit-de-paques\/#primaryimage","url":"https:\/\/frifri.be\/wp-content\/uploads\/2021\/03\/Cover_Paques2026_04.jpg","contentUrl":"https:\/\/frifri.be\/wp-content\/uploads\/2021\/03\/Cover_Paques2026_04.jpg","width":1600,"height":893},{"@type":"BreadcrumbList","@id":"https:\/\/frifri.be\/fr\/produit\/la-chocolatiere-kit-de-paques\/#breadcrumb","itemListElement":[{"@type":"ListItem","position":1,"name":"Home","item":"https:\/\/frifri.be\/fr\/frifri\/"},{"@type":"ListItem","position":2,"name":"Nos produits","item":"https:\/\/frifri.be\/fr\/boutique\/"},{"@type":"ListItem","position":3,"name":"La Chocolati\u00e8re","item":"https:\/\/frifri.be\/fr\/categorie-produit\/la-chocolatiere\/"},{"@type":"ListItem","position":4,"name":"La Chocolati\u00e8re de P\u00e2ques"}]},{"@type":"WebSite","@id":"https:\/\/frifri.be\/fr\/#website","url":"https:\/\/frifri.be\/fr\/","name":"Frifri Belgium","description":"frifri Shop Belgium","potentialAction":[{"@type":"SearchAction","target":{"@type":"EntryPoint","urlTemplate":"https:\/\/frifri.be\/fr\/?s={search_term_string}"},"query-input":{"@type":"PropertyValueSpecification","valueRequired":true,"valueName":"search_term_string"}}],"inLanguage":"fr-FR"}]}},"_links":{"self":[{"href":"https:\/\/frifri.be\/fr\/wp-json\/wp\/v2\/product\/25603","targetHints":{"allow":["GET"]}}],"collection":[{"href":"https:\/\/frifri.be\/fr\/wp-json\/wp\/v2\/product"}],"about":[{"href":"https:\/\/frifri.be\/fr\/wp-json\/wp\/v2\/types\/product"}],"replies":[{"embeddable":true,"href":"https:\/\/frifri.be\/fr\/wp-json\/wp\/v2\/comments?post=25603"}],"wp:featuredmedia":[{"embeddable":true,"href":"https:\/\/frifri.be\/fr\/wp-json\/wp\/v2\/media\/78177"}],"wp:attachment":[{"href":"https:\/\/frifri.be\/fr\/wp-json\/wp\/v2\/media?parent=25603"}],"wp:term":[{"taxonomy":"product_brand","embeddable":true,"href":"https:\/\/frifri.be\/fr\/wp-json\/wp\/v2\/product_brand?post=25603"},{"taxonomy":"product_cat","embeddable":true,"href":"https:\/\/frifri.be\/fr\/wp-json\/wp\/v2\/product_cat?post=25603"},{"taxonomy":"product_tag","embeddable":true,"href":"https:\/\/frifri.be\/fr\/wp-json\/wp\/v2\/product_tag?post=25603"}],"curies":[{"name":"wp","href":"https:\/\/api.w.org\/{rel}","templated":true}]}}