{"id":26401,"date":"2021-03-23T11:08:40","date_gmt":"2021-03-23T10:08:40","guid":{"rendered":"https:\/\/frifri.be\/?post_type=product&#038;p=26401"},"modified":"2025-12-02T14:25:24","modified_gmt":"2025-12-02T13:25:24","slug":"les-sachets-sous-vide-zip-saver","status":"publish","type":"product","link":"https:\/\/frifri.be\/fr\/produit\/les-sachets-sous-vide-zip-saver\/","title":{"rendered":"Les Sachets sous-vide ZIP SAVER"},"content":{"rendered":"<p><strong>Adepte de la conservation sous-vide ? Ces 12 sachets sous vides \u00e0 zip lavables et r\u00e9utilisables vont vous ravir.<\/strong><\/p>\n<ul>\n<li>Compatibles avec Le Mixeur MIX\u2019SAVER Frifri mais aussi avec tout autre appareil muni d\u2019un tuyau de raccordement.<\/li>\n<li>Parfaits pour une conservation au quotidien de vos bons petits-plats ou de vos l\u00e9gumes du potager : r\u00e9frig\u00e9rateur, cong\u00e9lateur et micro-ondes (pour la d\u00e9cong\u00e9lation uniquement)<\/li>\n<li>3 tailles diff\u00e9rentes : S (20x22cm), M (23x28cm) et L (28cmx28cm)<\/li>\n<li>Fermeture \u00e0 zip renforc\u00e9e avec une glissi\u00e8re double<\/li>\n<li>Sans BPA<\/li>\n<\/ul>\n","protected":false},"excerpt":{"rendered":"<p>Adepte de la conservation sous-vide ? Ces 12 sachets sous vides \u00e0 zip lavables et r\u00e9utilisables&#8230; <span class=\"moreLink\"><a href=\"https:\/\/frifri.be\/fr\/produit\/les-sachets-sous-vide-zip-saver\/\">+<\/a><\/span><\/p>\n","protected":false},"featured_media":26406,"comment_status":"closed","ping_status":"closed","template":"","meta":{"_acf_changed":false},"product_brand":[],"product_cat":[770],"product_tag":[],"class_list":{"0":"post-26401","1":"product","2":"type-product","3":"status-publish","4":"has-post-thumbnail","6":"product_cat-le-mixeur-les-pieces-detachees-electromenager","8":"first","9":"instock","10":"taxable","11":"shipping-taxable","12":"purchasable","13":"product-type-simple"},"acf":[],"yoast_head":"<!-- This site is optimized with the Yoast SEO plugin v27.3 - https:\/\/yoast.com\/product\/yoast-seo-wordpress\/ -->\n<title>Les Sachets sous-vide ZIP SAVER - Frifri Belgium<\/title>\n<meta name=\"description\" content=\"Les sachets parfaits pour vous aider \u00e0 conserver sous-vide.\" \/>\n<meta name=\"robots\" content=\"index, follow, max-snippet:-1, max-image-preview:large, max-video-preview:-1\" \/>\n<link rel=\"canonical\" href=\"https:\/\/frifri.be\/fr\/produit\/les-sachets-sous-vide-zip-saver\/\" \/>\n<meta property=\"og:locale\" content=\"fr_FR\" \/>\n<meta property=\"og:type\" content=\"article\" \/>\n<meta property=\"og:title\" content=\"Les Sachets sous-vide ZIP SAVER - Frifri Belgium\" \/>\n<meta property=\"og:description\" content=\"Les sachets parfaits pour vous aider \u00e0 conserver sous-vide.\" \/>\n<meta property=\"og:url\" content=\"https:\/\/frifri.be\/fr\/produit\/les-sachets-sous-vide-zip-saver\/\" \/>\n<meta property=\"og:site_name\" content=\"Frifri Belgium\" \/>\n<meta property=\"article:modified_time\" content=\"2025-12-02T13:25:24+00:00\" \/>\n<meta property=\"og:image\" content=\"https:\/\/frifri.be\/wp-content\/uploads\/2021\/03\/ZIPSAVER.jpg\" \/>\n\t<meta property=\"og:image:width\" content=\"499\" \/>\n\t<meta property=\"og:image:height\" content=\"650\" \/>\n\t<meta property=\"og:image:type\" content=\"image\/jpeg\" \/>\n<meta name=\"twitter:card\" content=\"summary_large_image\" \/>\n<meta name=\"twitter:label1\" content=\"Dur\u00e9e de lecture estim\u00e9e\" \/>\n\t<meta name=\"twitter:data1\" content=\"2 minutes\" \/>\n<script type=\"application\/ld+json\" class=\"yoast-schema-graph\">{\"@context\":\"https:\\\/\\\/schema.org\",\"@graph\":[{\"@type\":\"WebPage\",\"@id\":\"https:\\\/\\\/frifri.be\\\/fr\\\/produit\\\/les-sachets-sous-vide-zip-saver\\\/\",\"url\":\"https:\\\/\\\/frifri.be\\\/fr\\\/produit\\\/les-sachets-sous-vide-zip-saver\\\/\",\"name\":\"Les Sachets sous-vide ZIP SAVER - Frifri Belgium\",\"isPartOf\":{\"@id\":\"https:\\\/\\\/frifri.be\\\/fr\\\/#website\"},\"primaryImageOfPage\":{\"@id\":\"https:\\\/\\\/frifri.be\\\/fr\\\/produit\\\/les-sachets-sous-vide-zip-saver\\\/#primaryimage\"},\"image\":{\"@id\":\"https:\\\/\\\/frifri.be\\\/fr\\\/produit\\\/les-sachets-sous-vide-zip-saver\\\/#primaryimage\"},\"thumbnailUrl\":\"https:\\\/\\\/frifri.be\\\/wp-content\\\/uploads\\\/2021\\\/03\\\/ZIPSAVER.jpg\",\"datePublished\":\"2021-03-23T10:08:40+00:00\",\"dateModified\":\"2025-12-02T13:25:24+00:00\",\"description\":\"Les sachets parfaits pour vous aider \u00e0 conserver sous-vide.\",\"breadcrumb\":{\"@id\":\"https:\\\/\\\/frifri.be\\\/fr\\\/produit\\\/les-sachets-sous-vide-zip-saver\\\/#breadcrumb\"},\"inLanguage\":\"fr-FR\",\"potentialAction\":[{\"@type\":\"ReadAction\",\"target\":[\"https:\\\/\\\/frifri.be\\\/fr\\\/produit\\\/les-sachets-sous-vide-zip-saver\\\/\"]}]},{\"@type\":\"ImageObject\",\"inLanguage\":\"fr-FR\",\"@id\":\"https:\\\/\\\/frifri.be\\\/fr\\\/produit\\\/les-sachets-sous-vide-zip-saver\\\/#primaryimage\",\"url\":\"https:\\\/\\\/frifri.be\\\/wp-content\\\/uploads\\\/2021\\\/03\\\/ZIPSAVER.jpg\",\"contentUrl\":\"https:\\\/\\\/frifri.be\\\/wp-content\\\/uploads\\\/2021\\\/03\\\/ZIPSAVER.jpg\",\"width\":499,\"height\":650},{\"@type\":\"BreadcrumbList\",\"@id\":\"https:\\\/\\\/frifri.be\\\/fr\\\/produit\\\/les-sachets-sous-vide-zip-saver\\\/#breadcrumb\",\"itemListElement\":[{\"@type\":\"ListItem\",\"position\":1,\"name\":\"Home\",\"item\":\"https:\\\/\\\/frifri.be\\\/fr\\\/frifri\\\/\"},{\"@type\":\"ListItem\",\"position\":2,\"name\":\"Nos produits\",\"item\":\"https:\\\/\\\/frifri.be\\\/fr\\\/boutique\\\/\"},{\"@type\":\"ListItem\",\"position\":3,\"name\":\"Les Pi\u00e8ces D\u00e9tach\u00e9es et Accessoires\",\"item\":\"https:\\\/\\\/frifri.be\\\/fr\\\/categorie-produit\\\/les-pieces-detachees-electromenager\\\/\"},{\"@type\":\"ListItem\",\"position\":4,\"name\":\"Le Mixeur\",\"item\":\"https:\\\/\\\/frifri.be\\\/fr\\\/categorie-produit\\\/les-pieces-detachees-electromenager\\\/le-mixeur-les-pieces-detachees-electromenager\\\/\"},{\"@type\":\"ListItem\",\"position\":5,\"name\":\"Les Sachets sous-vide ZIP SAVER\"}]},{\"@type\":\"WebSite\",\"@id\":\"https:\\\/\\\/frifri.be\\\/fr\\\/#website\",\"url\":\"https:\\\/\\\/frifri.be\\\/fr\\\/\",\"name\":\"Frifri Belgium\",\"description\":\"frifri Shop Belgium\",\"potentialAction\":[{\"@type\":\"SearchAction\",\"target\":{\"@type\":\"EntryPoint\",\"urlTemplate\":\"https:\\\/\\\/frifri.be\\\/fr\\\/?s={search_term_string}\"},\"query-input\":{\"@type\":\"PropertyValueSpecification\",\"valueRequired\":true,\"valueName\":\"search_term_string\"}}],\"inLanguage\":\"fr-FR\"}]}<\/script>\n<!-- \/ Yoast SEO plugin. -->","yoast_head_json":{"title":"Les Sachets sous-vide ZIP SAVER - Frifri Belgium","description":"Les sachets parfaits pour vous aider \u00e0 conserver sous-vide.","robots":{"index":"index","follow":"follow","max-snippet":"max-snippet:-1","max-image-preview":"max-image-preview:large","max-video-preview":"max-video-preview:-1"},"canonical":"https:\/\/frifri.be\/fr\/produit\/les-sachets-sous-vide-zip-saver\/","og_locale":"fr_FR","og_type":"article","og_title":"Les Sachets sous-vide ZIP SAVER - Frifri Belgium","og_description":"Les sachets parfaits pour vous aider \u00e0 conserver sous-vide.","og_url":"https:\/\/frifri.be\/fr\/produit\/les-sachets-sous-vide-zip-saver\/","og_site_name":"Frifri Belgium","article_modified_time":"2025-12-02T13:25:24+00:00","og_image":[{"width":499,"height":650,"url":"https:\/\/frifri.be\/wp-content\/uploads\/2021\/03\/ZIPSAVER.jpg","type":"image\/jpeg"}],"twitter_card":"summary_large_image","twitter_misc":{"Dur\u00e9e de lecture estim\u00e9e":"2 minutes"},"schema":{"@context":"https:\/\/schema.org","@graph":[{"@type":"WebPage","@id":"https:\/\/frifri.be\/fr\/produit\/les-sachets-sous-vide-zip-saver\/","url":"https:\/\/frifri.be\/fr\/produit\/les-sachets-sous-vide-zip-saver\/","name":"Les Sachets sous-vide ZIP SAVER - Frifri Belgium","isPartOf":{"@id":"https:\/\/frifri.be\/fr\/#website"},"primaryImageOfPage":{"@id":"https:\/\/frifri.be\/fr\/produit\/les-sachets-sous-vide-zip-saver\/#primaryimage"},"image":{"@id":"https:\/\/frifri.be\/fr\/produit\/les-sachets-sous-vide-zip-saver\/#primaryimage"},"thumbnailUrl":"https:\/\/frifri.be\/wp-content\/uploads\/2021\/03\/ZIPSAVER.jpg","datePublished":"2021-03-23T10:08:40+00:00","dateModified":"2025-12-02T13:25:24+00:00","description":"Les sachets parfaits pour vous aider \u00e0 conserver sous-vide.","breadcrumb":{"@id":"https:\/\/frifri.be\/fr\/produit\/les-sachets-sous-vide-zip-saver\/#breadcrumb"},"inLanguage":"fr-FR","potentialAction":[{"@type":"ReadAction","target":["https:\/\/frifri.be\/fr\/produit\/les-sachets-sous-vide-zip-saver\/"]}]},{"@type":"ImageObject","inLanguage":"fr-FR","@id":"https:\/\/frifri.be\/fr\/produit\/les-sachets-sous-vide-zip-saver\/#primaryimage","url":"https:\/\/frifri.be\/wp-content\/uploads\/2021\/03\/ZIPSAVER.jpg","contentUrl":"https:\/\/frifri.be\/wp-content\/uploads\/2021\/03\/ZIPSAVER.jpg","width":499,"height":650},{"@type":"BreadcrumbList","@id":"https:\/\/frifri.be\/fr\/produit\/les-sachets-sous-vide-zip-saver\/#breadcrumb","itemListElement":[{"@type":"ListItem","position":1,"name":"Home","item":"https:\/\/frifri.be\/fr\/frifri\/"},{"@type":"ListItem","position":2,"name":"Nos produits","item":"https:\/\/frifri.be\/fr\/boutique\/"},{"@type":"ListItem","position":3,"name":"Les Pi\u00e8ces D\u00e9tach\u00e9es et Accessoires","item":"https:\/\/frifri.be\/fr\/categorie-produit\/les-pieces-detachees-electromenager\/"},{"@type":"ListItem","position":4,"name":"Le Mixeur","item":"https:\/\/frifri.be\/fr\/categorie-produit\/les-pieces-detachees-electromenager\/le-mixeur-les-pieces-detachees-electromenager\/"},{"@type":"ListItem","position":5,"name":"Les Sachets sous-vide ZIP SAVER"}]},{"@type":"WebSite","@id":"https:\/\/frifri.be\/fr\/#website","url":"https:\/\/frifri.be\/fr\/","name":"Frifri Belgium","description":"frifri Shop Belgium","potentialAction":[{"@type":"SearchAction","target":{"@type":"EntryPoint","urlTemplate":"https:\/\/frifri.be\/fr\/?s={search_term_string}"},"query-input":{"@type":"PropertyValueSpecification","valueRequired":true,"valueName":"search_term_string"}}],"inLanguage":"fr-FR"}]}},"_links":{"self":[{"href":"https:\/\/frifri.be\/fr\/wp-json\/wp\/v2\/product\/26401","targetHints":{"allow":["GET"]}}],"collection":[{"href":"https:\/\/frifri.be\/fr\/wp-json\/wp\/v2\/product"}],"about":[{"href":"https:\/\/frifri.be\/fr\/wp-json\/wp\/v2\/types\/product"}],"replies":[{"embeddable":true,"href":"https:\/\/frifri.be\/fr\/wp-json\/wp\/v2\/comments?post=26401"}],"wp:featuredmedia":[{"embeddable":true,"href":"https:\/\/frifri.be\/fr\/wp-json\/wp\/v2\/media\/26406"}],"wp:attachment":[{"href":"https:\/\/frifri.be\/fr\/wp-json\/wp\/v2\/media?parent=26401"}],"wp:term":[{"taxonomy":"product_brand","embeddable":true,"href":"https:\/\/frifri.be\/fr\/wp-json\/wp\/v2\/product_brand?post=26401"},{"taxonomy":"product_cat","embeddable":true,"href":"https:\/\/frifri.be\/fr\/wp-json\/wp\/v2\/product_cat?post=26401"},{"taxonomy":"product_tag","embeddable":true,"href":"https:\/\/frifri.be\/fr\/wp-json\/wp\/v2\/product_tag?post=26401"}],"curies":[{"name":"wp","href":"https:\/\/api.w.org\/{rel}","templated":true}]}}