{"id":29754,"date":"2021-06-03T15:49:53","date_gmt":"2021-06-03T13:49:53","guid":{"rendered":"https:\/\/frifri.be\/?post_type=product&#038;p=29754"},"modified":"2026-03-18T11:03:49","modified_gmt":"2026-03-18T10:03:49","slug":"zzyshvin-starter-pack","status":"publish","type":"product","link":"https:\/\/frifri.be\/fr\/produit\/zzyshvin-starter-pack\/","title":{"rendered":"ZZYSH\u00aeVIN &#8211; Starter Pack"},"content":{"rendered":"<p><strong>Ce starter pack contient :<\/strong><br \/>\n1 pompe, 1 bouchon noir, 1 cartouche de gaz argon<\/p>\n<p><strong>Application facile :<\/strong><br \/>\nIl suffit de 3 \u00e0 5 secondes pour reboucher et pr\u00e9server votre vin parfaitement, qu\u2019il soit blanc, ros\u00e9 ou rouge, et de mani\u00e8re professionnelle, pendant des semaines.<\/p>\n<p><strong>La technologie :<\/strong><br \/>\nCette technologie suisse unique remplace l\u2019air pr\u00e9sent dans la bouteille par du gaz argon pur, \u00e0 usage alimentaire, qui prot\u00e8ge le vin de l\u2019oxydation et de la perte de saveur. L\u2019argon est plus lourd que l\u2019air et il ne r\u00e9agit pas avec le vin. Il vient juste cr\u00e9er un film protecteur \u00e0 la surface du vin. Ainsi, votre vin reste frais pendant plusieurs semaines. C\u2019est la fa\u00e7on la plus efficace de conserver le vin frais, apr\u00e8s son ouverture.<\/p>\n<p><strong>G\u00e2tez encore plus votre papa avec ce Starter Pack Zzysh Vin offert \u00e0 l\u2019achat de 100\u20ac de produits Frifri.<\/strong><\/p>\n","protected":false},"excerpt":{"rendered":"<p>Ce starter pack contient : 1 pompe, 1 bouchon noir, 1 cartouche de gaz argon Application&#8230; <span class=\"moreLink\"><a href=\"https:\/\/frifri.be\/fr\/produit\/zzyshvin-starter-pack\/\">+<\/a><\/span><\/p>\n","protected":false},"featured_media":29755,"comment_status":"closed","ping_status":"closed","template":"","meta":{"_acf_changed":false},"product_brand":[],"product_cat":[220],"product_tag":[],"class_list":{"0":"post-29754","1":"product","2":"type-product","3":"status-publish","4":"has-post-thumbnail","6":"product_cat-les-pieces-detachees-electromenager","8":"first","9":"instock","10":"taxable","11":"shipping-taxable","12":"purchasable","13":"product-type-simple"},"acf":[],"yoast_head":"<!-- This site is optimized with the Yoast SEO plugin v27.1.1 - https:\/\/yoast.com\/product\/yoast-seo-wordpress\/ -->\n<title>ZZYSH\u00aeVIN - Starter Pack - Frifri Belgium<\/title>\n<meta name=\"description\" content=\"Le num\u00e9ro 1 des syst\u00e8mes de conservation pour le vin offert \u00e0 l\u2019achat de 100\u20ac de produits Frifri. L\u2019innovation, l\u2019\u00e9l\u00e9gance du design, l\u2019application facile font de cet accessoire pour le vin, un cadeau parfait pour les amateurs de vin.\" \/>\n<meta name=\"robots\" content=\"index, follow, max-snippet:-1, max-image-preview:large, max-video-preview:-1\" \/>\n<link rel=\"canonical\" href=\"https:\/\/frifri.be\/fr\/produit\/zzyshvin-starter-pack\/\" \/>\n<meta property=\"og:locale\" content=\"fr_FR\" \/>\n<meta property=\"og:type\" content=\"article\" \/>\n<meta property=\"og:title\" content=\"ZZYSH\u00aeVIN - Starter Pack - Frifri Belgium\" \/>\n<meta property=\"og:description\" content=\"Le num\u00e9ro 1 des syst\u00e8mes de conservation pour le vin offert \u00e0 l\u2019achat de 100\u20ac de produits Frifri. L\u2019innovation, l\u2019\u00e9l\u00e9gance du design, l\u2019application facile font de cet accessoire pour le vin, un cadeau parfait pour les amateurs de vin.\" \/>\n<meta property=\"og:url\" content=\"https:\/\/frifri.be\/fr\/produit\/zzyshvin-starter-pack\/\" \/>\n<meta property=\"og:site_name\" content=\"Frifri Belgium\" \/>\n<meta property=\"article:modified_time\" content=\"2026-03-18T10:03:49+00:00\" \/>\n<meta property=\"og:image\" content=\"https:\/\/frifri.be\/wp-content\/uploads\/2021\/06\/wein-starterset-neu.jpg\" \/>\n\t<meta property=\"og:image:width\" content=\"1600\" \/>\n\t<meta property=\"og:image:height\" content=\"1600\" \/>\n\t<meta property=\"og:image:type\" content=\"image\/jpeg\" \/>\n<meta name=\"twitter:card\" content=\"summary_large_image\" \/>\n<meta name=\"twitter:label1\" content=\"Dur\u00e9e de lecture estim\u00e9e\" \/>\n\t<meta name=\"twitter:data1\" content=\"2 minutes\" \/>\n<script type=\"application\/ld+json\" class=\"yoast-schema-graph\">{\"@context\":\"https:\/\/schema.org\",\"@graph\":[{\"@type\":\"WebPage\",\"@id\":\"https:\/\/frifri.be\/fr\/produit\/zzyshvin-starter-pack\/\",\"url\":\"https:\/\/frifri.be\/fr\/produit\/zzyshvin-starter-pack\/\",\"name\":\"ZZYSH\u00aeVIN - Starter Pack - Frifri Belgium\",\"isPartOf\":{\"@id\":\"https:\/\/frifri.be\/fr\/#website\"},\"primaryImageOfPage\":{\"@id\":\"https:\/\/frifri.be\/fr\/produit\/zzyshvin-starter-pack\/#primaryimage\"},\"image\":{\"@id\":\"https:\/\/frifri.be\/fr\/produit\/zzyshvin-starter-pack\/#primaryimage\"},\"thumbnailUrl\":\"https:\/\/frifri.be\/wp-content\/uploads\/2021\/06\/wein-starterset-neu.jpg\",\"datePublished\":\"2021-06-03T13:49:53+00:00\",\"dateModified\":\"2026-03-18T10:03:49+00:00\",\"description\":\"Le num\u00e9ro 1 des syst\u00e8mes de conservation pour le vin offert \u00e0 l\u2019achat de 100\u20ac de produits Frifri. L\u2019innovation, l\u2019\u00e9l\u00e9gance du design, l\u2019application facile font de cet accessoire pour le vin, un cadeau parfait pour les amateurs de vin.\",\"breadcrumb\":{\"@id\":\"https:\/\/frifri.be\/fr\/produit\/zzyshvin-starter-pack\/#breadcrumb\"},\"inLanguage\":\"fr-FR\",\"potentialAction\":[{\"@type\":\"ReadAction\",\"target\":[\"https:\/\/frifri.be\/fr\/produit\/zzyshvin-starter-pack\/\"]}]},{\"@type\":\"ImageObject\",\"inLanguage\":\"fr-FR\",\"@id\":\"https:\/\/frifri.be\/fr\/produit\/zzyshvin-starter-pack\/#primaryimage\",\"url\":\"https:\/\/frifri.be\/wp-content\/uploads\/2021\/06\/wein-starterset-neu.jpg\",\"contentUrl\":\"https:\/\/frifri.be\/wp-content\/uploads\/2021\/06\/wein-starterset-neu.jpg\",\"width\":1600,\"height\":1600},{\"@type\":\"BreadcrumbList\",\"@id\":\"https:\/\/frifri.be\/fr\/produit\/zzyshvin-starter-pack\/#breadcrumb\",\"itemListElement\":[{\"@type\":\"ListItem\",\"position\":1,\"name\":\"Home\",\"item\":\"https:\/\/frifri.be\/fr\/frifri\/\"},{\"@type\":\"ListItem\",\"position\":2,\"name\":\"Nos produits\",\"item\":\"https:\/\/frifri.be\/fr\/boutique\/\"},{\"@type\":\"ListItem\",\"position\":3,\"name\":\"Les Pi\u00e8ces D\u00e9tach\u00e9es et Accessoires\",\"item\":\"https:\/\/frifri.be\/fr\/categorie-produit\/les-pieces-detachees-electromenager\/\"},{\"@type\":\"ListItem\",\"position\":4,\"name\":\"ZZYSH\u00aeVIN &#8211; Starter Pack\"}]},{\"@type\":\"WebSite\",\"@id\":\"https:\/\/frifri.be\/fr\/#website\",\"url\":\"https:\/\/frifri.be\/fr\/\",\"name\":\"Frifri Belgium\",\"description\":\"frifri Shop Belgium\",\"potentialAction\":[{\"@type\":\"SearchAction\",\"target\":{\"@type\":\"EntryPoint\",\"urlTemplate\":\"https:\/\/frifri.be\/fr\/?s={search_term_string}\"},\"query-input\":{\"@type\":\"PropertyValueSpecification\",\"valueRequired\":true,\"valueName\":\"search_term_string\"}}],\"inLanguage\":\"fr-FR\"}]}<\/script>\n<!-- \/ Yoast SEO plugin. -->","yoast_head_json":{"title":"ZZYSH\u00aeVIN - Starter Pack - Frifri Belgium","description":"Le num\u00e9ro 1 des syst\u00e8mes de conservation pour le vin offert \u00e0 l\u2019achat de 100\u20ac de produits Frifri. L\u2019innovation, l\u2019\u00e9l\u00e9gance du design, l\u2019application facile font de cet accessoire pour le vin, un cadeau parfait pour les amateurs de vin.","robots":{"index":"index","follow":"follow","max-snippet":"max-snippet:-1","max-image-preview":"max-image-preview:large","max-video-preview":"max-video-preview:-1"},"canonical":"https:\/\/frifri.be\/fr\/produit\/zzyshvin-starter-pack\/","og_locale":"fr_FR","og_type":"article","og_title":"ZZYSH\u00aeVIN - Starter Pack - Frifri Belgium","og_description":"Le num\u00e9ro 1 des syst\u00e8mes de conservation pour le vin offert \u00e0 l\u2019achat de 100\u20ac de produits Frifri. L\u2019innovation, l\u2019\u00e9l\u00e9gance du design, l\u2019application facile font de cet accessoire pour le vin, un cadeau parfait pour les amateurs de vin.","og_url":"https:\/\/frifri.be\/fr\/produit\/zzyshvin-starter-pack\/","og_site_name":"Frifri Belgium","article_modified_time":"2026-03-18T10:03:49+00:00","og_image":[{"width":1600,"height":1600,"url":"https:\/\/frifri.be\/wp-content\/uploads\/2021\/06\/wein-starterset-neu.jpg","type":"image\/jpeg"}],"twitter_card":"summary_large_image","twitter_misc":{"Dur\u00e9e de lecture estim\u00e9e":"2 minutes"},"schema":{"@context":"https:\/\/schema.org","@graph":[{"@type":"WebPage","@id":"https:\/\/frifri.be\/fr\/produit\/zzyshvin-starter-pack\/","url":"https:\/\/frifri.be\/fr\/produit\/zzyshvin-starter-pack\/","name":"ZZYSH\u00aeVIN - Starter Pack - Frifri Belgium","isPartOf":{"@id":"https:\/\/frifri.be\/fr\/#website"},"primaryImageOfPage":{"@id":"https:\/\/frifri.be\/fr\/produit\/zzyshvin-starter-pack\/#primaryimage"},"image":{"@id":"https:\/\/frifri.be\/fr\/produit\/zzyshvin-starter-pack\/#primaryimage"},"thumbnailUrl":"https:\/\/frifri.be\/wp-content\/uploads\/2021\/06\/wein-starterset-neu.jpg","datePublished":"2021-06-03T13:49:53+00:00","dateModified":"2026-03-18T10:03:49+00:00","description":"Le num\u00e9ro 1 des syst\u00e8mes de conservation pour le vin offert \u00e0 l\u2019achat de 100\u20ac de produits Frifri. L\u2019innovation, l\u2019\u00e9l\u00e9gance du design, l\u2019application facile font de cet accessoire pour le vin, un cadeau parfait pour les amateurs de vin.","breadcrumb":{"@id":"https:\/\/frifri.be\/fr\/produit\/zzyshvin-starter-pack\/#breadcrumb"},"inLanguage":"fr-FR","potentialAction":[{"@type":"ReadAction","target":["https:\/\/frifri.be\/fr\/produit\/zzyshvin-starter-pack\/"]}]},{"@type":"ImageObject","inLanguage":"fr-FR","@id":"https:\/\/frifri.be\/fr\/produit\/zzyshvin-starter-pack\/#primaryimage","url":"https:\/\/frifri.be\/wp-content\/uploads\/2021\/06\/wein-starterset-neu.jpg","contentUrl":"https:\/\/frifri.be\/wp-content\/uploads\/2021\/06\/wein-starterset-neu.jpg","width":1600,"height":1600},{"@type":"BreadcrumbList","@id":"https:\/\/frifri.be\/fr\/produit\/zzyshvin-starter-pack\/#breadcrumb","itemListElement":[{"@type":"ListItem","position":1,"name":"Home","item":"https:\/\/frifri.be\/fr\/frifri\/"},{"@type":"ListItem","position":2,"name":"Nos produits","item":"https:\/\/frifri.be\/fr\/boutique\/"},{"@type":"ListItem","position":3,"name":"Les Pi\u00e8ces D\u00e9tach\u00e9es et Accessoires","item":"https:\/\/frifri.be\/fr\/categorie-produit\/les-pieces-detachees-electromenager\/"},{"@type":"ListItem","position":4,"name":"ZZYSH\u00aeVIN &#8211; Starter Pack"}]},{"@type":"WebSite","@id":"https:\/\/frifri.be\/fr\/#website","url":"https:\/\/frifri.be\/fr\/","name":"Frifri Belgium","description":"frifri Shop Belgium","potentialAction":[{"@type":"SearchAction","target":{"@type":"EntryPoint","urlTemplate":"https:\/\/frifri.be\/fr\/?s={search_term_string}"},"query-input":{"@type":"PropertyValueSpecification","valueRequired":true,"valueName":"search_term_string"}}],"inLanguage":"fr-FR"}]}},"_links":{"self":[{"href":"https:\/\/frifri.be\/fr\/wp-json\/wp\/v2\/product\/29754","targetHints":{"allow":["GET"]}}],"collection":[{"href":"https:\/\/frifri.be\/fr\/wp-json\/wp\/v2\/product"}],"about":[{"href":"https:\/\/frifri.be\/fr\/wp-json\/wp\/v2\/types\/product"}],"replies":[{"embeddable":true,"href":"https:\/\/frifri.be\/fr\/wp-json\/wp\/v2\/comments?post=29754"}],"wp:featuredmedia":[{"embeddable":true,"href":"https:\/\/frifri.be\/fr\/wp-json\/wp\/v2\/media\/29755"}],"wp:attachment":[{"href":"https:\/\/frifri.be\/fr\/wp-json\/wp\/v2\/media?parent=29754"}],"wp:term":[{"taxonomy":"product_brand","embeddable":true,"href":"https:\/\/frifri.be\/fr\/wp-json\/wp\/v2\/product_brand?post=29754"},{"taxonomy":"product_cat","embeddable":true,"href":"https:\/\/frifri.be\/fr\/wp-json\/wp\/v2\/product_cat?post=29754"},{"taxonomy":"product_tag","embeddable":true,"href":"https:\/\/frifri.be\/fr\/wp-json\/wp\/v2\/product_tag?post=29754"}],"curies":[{"name":"wp","href":"https:\/\/api.w.org\/{rel}","templated":true}]}}