{"id":29791,"date":"2021-06-04T14:21:57","date_gmt":"2021-06-04T12:21:57","guid":{"rendered":"https:\/\/frifri.be\/?post_type=product&#038;p=29791"},"modified":"2025-12-02T23:45:05","modified_gmt":"2025-12-02T22:45:05","slug":"la-sorbetiere-xl","status":"publish","type":"product","link":"https:\/\/frifri.be\/fr\/produit\/la-sorbetiere-xl\/","title":{"rendered":"La Sorbeti\u00e8re XL"},"content":{"rendered":"<p><strong>La Sorbeti\u00e8re<\/strong> <strong>XL<\/strong> rouge pour 1,5 L de glaces, sorbets et slushies 100% maison !<\/p>\n<ul>\n<li>Elle offre une <strong>capacit\u00e9 XL de 1,5 L<\/strong> tout en \u00e9tant ultra compacte :<br \/>\nla cuve se d\u00e9tache de son socle afin de se faire discr\u00e8te dans votre<br \/>\ncong\u00e9lateur<\/li>\n<li><strong>Programmez<\/strong> le temps de pr\u00e9paration souhait\u00e9, <strong>entre 5 et 45 minutes<\/strong> et<br \/>\nLa Sorbeti\u00e8re<strong> s\u2019arr\u00eate automatiquement<\/strong> quand la pr\u00e9paration est pr\u00eate<\/li>\n<li>Pour encore <strong>plus de plaisi<\/strong>r, ajoutez du croquant par l\u2019ouverture du couvercle pendant la pr\u00e9paration (morceaux de fruits congel\u00e9s, de noisettes, &#8230;)<\/li>\n<li>Suivez la prise de la glace tout au long de la pr\u00e9paration gr\u00e2ce \u00e0 un <strong>couvercle transparent<\/strong><\/li>\n<li>Le<strong> couvercle en transparence<\/strong> permet de suivre la prise de la glace<br \/>\ntout au long de la pr\u00e9paration<\/li>\n<li><strong>L\u2019\u00e9cran \u00e9lectronique est r\u00e9tro\u00e9clair\u00e9<\/strong> et affiche le temps de<br \/>\npr\u00e9paration restant pour faire patienter les gourmands<\/li>\n<li>Facile \u00e0 d\u00e9monter pour un <strong>nettoyage rapide et efficace<\/strong><\/li>\n<\/ul>\n","protected":false},"excerpt":{"rendered":"<p>La Sorbeti\u00e8re XL rouge pour 1,5 L de glaces, sorbets et slushies 100% maison ! Elle&#8230; <span class=\"moreLink\"><a href=\"https:\/\/frifri.be\/fr\/produit\/la-sorbetiere-xl\/\">+<\/a><\/span><\/p>\n","protected":false},"featured_media":1648,"comment_status":"open","ping_status":"closed","template":"","meta":{"_acf_changed":false},"product_brand":[],"product_cat":[179],"product_tag":[],"class_list":{"0":"post-29791","1":"product","2":"type-product","3":"status-publish","4":"has-post-thumbnail","6":"product_cat-electro-menager-sorbetiere-grande-capacite","8":"first","9":"instock","10":"taxable","11":"shipping-taxable","12":"purchasable","13":"product-type-simple"},"acf":[],"yoast_head":"<!-- This site is optimized with the Yoast SEO plugin v27.5 - https:\/\/yoast.com\/product\/yoast-seo-wordpress\/ -->\n<title>La Sorbeti\u00e8re XL - Une sorbeti\u00e8re grande capacit\u00e9 - Frifri Belgium<\/title>\n<meta name=\"description\" content=\"La sorbeti\u00e8re rouLa Sorbeti\u00e8re XL pour 1,5 L de glaces, sorbets et slushies 100% maison ! Programmation, ouverture pratique et couvercle transparent.\" \/>\n<meta name=\"robots\" content=\"index, follow, max-snippet:-1, max-image-preview:large, max-video-preview:-1\" \/>\n<link rel=\"canonical\" href=\"https:\/\/frifri.be\/fr\/produit\/la-sorbetiere-xl\/\" \/>\n<meta property=\"og:locale\" content=\"fr_FR\" \/>\n<meta property=\"og:type\" content=\"article\" \/>\n<meta property=\"og:title\" content=\"La Sorbeti\u00e8re XL - Une sorbeti\u00e8re grande capacit\u00e9 - Frifri Belgium\" \/>\n<meta property=\"og:description\" content=\"La sorbeti\u00e8re rouLa Sorbeti\u00e8re XL pour 1,5 L de glaces, sorbets et slushies 100% maison ! Programmation, ouverture pratique et couvercle transparent.\" \/>\n<meta property=\"og:url\" content=\"https:\/\/frifri.be\/fr\/produit\/la-sorbetiere-xl\/\" \/>\n<meta property=\"og:site_name\" content=\"Frifri Belgium\" \/>\n<meta property=\"article:modified_time\" content=\"2025-12-02T22:45:05+00:00\" \/>\n<meta property=\"og:image\" content=\"https:\/\/frifri.be\/wp-content\/uploads\/2019\/07\/Frifri_Sorbetiere_Ijsmachine_Cherry_Prod_75dpi_1.jpg\" \/>\n\t<meta property=\"og:image:width\" content=\"1585\" \/>\n\t<meta property=\"og:image:height\" content=\"1600\" \/>\n\t<meta property=\"og:image:type\" content=\"image\/jpeg\" \/>\n<meta name=\"twitter:card\" content=\"summary_large_image\" \/>\n<meta name=\"twitter:label1\" content=\"Dur\u00e9e de lecture estim\u00e9e\" \/>\n\t<meta name=\"twitter:data1\" content=\"2 minutes\" \/>\n<script type=\"application\/ld+json\" class=\"yoast-schema-graph\">{\"@context\":\"https:\\\/\\\/schema.org\",\"@graph\":[{\"@type\":\"WebPage\",\"@id\":\"https:\\\/\\\/frifri.be\\\/fr\\\/produit\\\/la-sorbetiere-xl\\\/\",\"url\":\"https:\\\/\\\/frifri.be\\\/fr\\\/produit\\\/la-sorbetiere-xl\\\/\",\"name\":\"La Sorbeti\u00e8re XL - Une sorbeti\u00e8re grande capacit\u00e9 - Frifri Belgium\",\"isPartOf\":{\"@id\":\"https:\\\/\\\/frifri.be\\\/fr\\\/#website\"},\"primaryImageOfPage\":{\"@id\":\"https:\\\/\\\/frifri.be\\\/fr\\\/produit\\\/la-sorbetiere-xl\\\/#primaryimage\"},\"image\":{\"@id\":\"https:\\\/\\\/frifri.be\\\/fr\\\/produit\\\/la-sorbetiere-xl\\\/#primaryimage\"},\"thumbnailUrl\":\"https:\\\/\\\/frifri.be\\\/wp-content\\\/uploads\\\/2019\\\/07\\\/Frifri_Sorbetiere_Ijsmachine_Cherry_Prod_75dpi_1.jpg\",\"datePublished\":\"2021-06-04T12:21:57+00:00\",\"dateModified\":\"2025-12-02T22:45:05+00:00\",\"description\":\"La sorbeti\u00e8re rouLa Sorbeti\u00e8re XL pour 1,5 L de glaces, sorbets et slushies 100% maison ! Programmation, ouverture pratique et couvercle transparent.\",\"breadcrumb\":{\"@id\":\"https:\\\/\\\/frifri.be\\\/fr\\\/produit\\\/la-sorbetiere-xl\\\/#breadcrumb\"},\"inLanguage\":\"fr-FR\",\"potentialAction\":[{\"@type\":\"ReadAction\",\"target\":[\"https:\\\/\\\/frifri.be\\\/fr\\\/produit\\\/la-sorbetiere-xl\\\/\"]}]},{\"@type\":\"ImageObject\",\"inLanguage\":\"fr-FR\",\"@id\":\"https:\\\/\\\/frifri.be\\\/fr\\\/produit\\\/la-sorbetiere-xl\\\/#primaryimage\",\"url\":\"https:\\\/\\\/frifri.be\\\/wp-content\\\/uploads\\\/2019\\\/07\\\/Frifri_Sorbetiere_Ijsmachine_Cherry_Prod_75dpi_1.jpg\",\"contentUrl\":\"https:\\\/\\\/frifri.be\\\/wp-content\\\/uploads\\\/2019\\\/07\\\/Frifri_Sorbetiere_Ijsmachine_Cherry_Prod_75dpi_1.jpg\",\"width\":1585,\"height\":1600},{\"@type\":\"BreadcrumbList\",\"@id\":\"https:\\\/\\\/frifri.be\\\/fr\\\/produit\\\/la-sorbetiere-xl\\\/#breadcrumb\",\"itemListElement\":[{\"@type\":\"ListItem\",\"position\":1,\"name\":\"Home\",\"item\":\"https:\\\/\\\/frifri.be\\\/fr\\\/frifri\\\/\"},{\"@type\":\"ListItem\",\"position\":2,\"name\":\"Nos produits\",\"item\":\"https:\\\/\\\/frifri.be\\\/fr\\\/boutique\\\/\"},{\"@type\":\"ListItem\",\"position\":3,\"name\":\"Les Sorbeti\u00e8res\",\"item\":\"https:\\\/\\\/frifri.be\\\/fr\\\/categorie-produit\\\/electro-menager-sorbetiere-grande-capacite\\\/\"},{\"@type\":\"ListItem\",\"position\":4,\"name\":\"La Sorbeti\u00e8re XL\"}]},{\"@type\":\"WebSite\",\"@id\":\"https:\\\/\\\/frifri.be\\\/fr\\\/#website\",\"url\":\"https:\\\/\\\/frifri.be\\\/fr\\\/\",\"name\":\"Frifri Belgium\",\"description\":\"frifri Shop Belgium\",\"potentialAction\":[{\"@type\":\"SearchAction\",\"target\":{\"@type\":\"EntryPoint\",\"urlTemplate\":\"https:\\\/\\\/frifri.be\\\/fr\\\/?s={search_term_string}\"},\"query-input\":{\"@type\":\"PropertyValueSpecification\",\"valueRequired\":true,\"valueName\":\"search_term_string\"}}],\"inLanguage\":\"fr-FR\"}]}<\/script>\n<!-- \/ Yoast SEO plugin. -->","yoast_head_json":{"title":"La Sorbeti\u00e8re XL - Une sorbeti\u00e8re grande capacit\u00e9 - Frifri Belgium","description":"La sorbeti\u00e8re rouLa Sorbeti\u00e8re XL pour 1,5 L de glaces, sorbets et slushies 100% maison ! Programmation, ouverture pratique et couvercle transparent.","robots":{"index":"index","follow":"follow","max-snippet":"max-snippet:-1","max-image-preview":"max-image-preview:large","max-video-preview":"max-video-preview:-1"},"canonical":"https:\/\/frifri.be\/fr\/produit\/la-sorbetiere-xl\/","og_locale":"fr_FR","og_type":"article","og_title":"La Sorbeti\u00e8re XL - Une sorbeti\u00e8re grande capacit\u00e9 - Frifri Belgium","og_description":"La sorbeti\u00e8re rouLa Sorbeti\u00e8re XL pour 1,5 L de glaces, sorbets et slushies 100% maison ! Programmation, ouverture pratique et couvercle transparent.","og_url":"https:\/\/frifri.be\/fr\/produit\/la-sorbetiere-xl\/","og_site_name":"Frifri Belgium","article_modified_time":"2025-12-02T22:45:05+00:00","og_image":[{"width":1585,"height":1600,"url":"https:\/\/frifri.be\/wp-content\/uploads\/2019\/07\/Frifri_Sorbetiere_Ijsmachine_Cherry_Prod_75dpi_1.jpg","type":"image\/jpeg"}],"twitter_card":"summary_large_image","twitter_misc":{"Dur\u00e9e de lecture estim\u00e9e":"2 minutes"},"schema":{"@context":"https:\/\/schema.org","@graph":[{"@type":"WebPage","@id":"https:\/\/frifri.be\/fr\/produit\/la-sorbetiere-xl\/","url":"https:\/\/frifri.be\/fr\/produit\/la-sorbetiere-xl\/","name":"La Sorbeti\u00e8re XL - Une sorbeti\u00e8re grande capacit\u00e9 - Frifri Belgium","isPartOf":{"@id":"https:\/\/frifri.be\/fr\/#website"},"primaryImageOfPage":{"@id":"https:\/\/frifri.be\/fr\/produit\/la-sorbetiere-xl\/#primaryimage"},"image":{"@id":"https:\/\/frifri.be\/fr\/produit\/la-sorbetiere-xl\/#primaryimage"},"thumbnailUrl":"https:\/\/frifri.be\/wp-content\/uploads\/2019\/07\/Frifri_Sorbetiere_Ijsmachine_Cherry_Prod_75dpi_1.jpg","datePublished":"2021-06-04T12:21:57+00:00","dateModified":"2025-12-02T22:45:05+00:00","description":"La sorbeti\u00e8re rouLa Sorbeti\u00e8re XL pour 1,5 L de glaces, sorbets et slushies 100% maison ! Programmation, ouverture pratique et couvercle transparent.","breadcrumb":{"@id":"https:\/\/frifri.be\/fr\/produit\/la-sorbetiere-xl\/#breadcrumb"},"inLanguage":"fr-FR","potentialAction":[{"@type":"ReadAction","target":["https:\/\/frifri.be\/fr\/produit\/la-sorbetiere-xl\/"]}]},{"@type":"ImageObject","inLanguage":"fr-FR","@id":"https:\/\/frifri.be\/fr\/produit\/la-sorbetiere-xl\/#primaryimage","url":"https:\/\/frifri.be\/wp-content\/uploads\/2019\/07\/Frifri_Sorbetiere_Ijsmachine_Cherry_Prod_75dpi_1.jpg","contentUrl":"https:\/\/frifri.be\/wp-content\/uploads\/2019\/07\/Frifri_Sorbetiere_Ijsmachine_Cherry_Prod_75dpi_1.jpg","width":1585,"height":1600},{"@type":"BreadcrumbList","@id":"https:\/\/frifri.be\/fr\/produit\/la-sorbetiere-xl\/#breadcrumb","itemListElement":[{"@type":"ListItem","position":1,"name":"Home","item":"https:\/\/frifri.be\/fr\/frifri\/"},{"@type":"ListItem","position":2,"name":"Nos produits","item":"https:\/\/frifri.be\/fr\/boutique\/"},{"@type":"ListItem","position":3,"name":"Les Sorbeti\u00e8res","item":"https:\/\/frifri.be\/fr\/categorie-produit\/electro-menager-sorbetiere-grande-capacite\/"},{"@type":"ListItem","position":4,"name":"La Sorbeti\u00e8re XL"}]},{"@type":"WebSite","@id":"https:\/\/frifri.be\/fr\/#website","url":"https:\/\/frifri.be\/fr\/","name":"Frifri Belgium","description":"frifri Shop Belgium","potentialAction":[{"@type":"SearchAction","target":{"@type":"EntryPoint","urlTemplate":"https:\/\/frifri.be\/fr\/?s={search_term_string}"},"query-input":{"@type":"PropertyValueSpecification","valueRequired":true,"valueName":"search_term_string"}}],"inLanguage":"fr-FR"}]}},"_links":{"self":[{"href":"https:\/\/frifri.be\/fr\/wp-json\/wp\/v2\/product\/29791","targetHints":{"allow":["GET"]}}],"collection":[{"href":"https:\/\/frifri.be\/fr\/wp-json\/wp\/v2\/product"}],"about":[{"href":"https:\/\/frifri.be\/fr\/wp-json\/wp\/v2\/types\/product"}],"replies":[{"embeddable":true,"href":"https:\/\/frifri.be\/fr\/wp-json\/wp\/v2\/comments?post=29791"}],"wp:featuredmedia":[{"embeddable":true,"href":"https:\/\/frifri.be\/fr\/wp-json\/wp\/v2\/media\/1648"}],"wp:attachment":[{"href":"https:\/\/frifri.be\/fr\/wp-json\/wp\/v2\/media?parent=29791"}],"wp:term":[{"taxonomy":"product_brand","embeddable":true,"href":"https:\/\/frifri.be\/fr\/wp-json\/wp\/v2\/product_brand?post=29791"},{"taxonomy":"product_cat","embeddable":true,"href":"https:\/\/frifri.be\/fr\/wp-json\/wp\/v2\/product_cat?post=29791"},{"taxonomy":"product_tag","embeddable":true,"href":"https:\/\/frifri.be\/fr\/wp-json\/wp\/v2\/product_tag?post=29791"}],"curies":[{"name":"wp","href":"https:\/\/api.w.org\/{rel}","templated":true}]}}