{"id":38042,"date":"2022-01-13T10:44:53","date_gmt":"2022-01-13T09:44:53","guid":{"rendered":"https:\/\/frifri.be\/?post_type=product&#038;p=38042"},"modified":"2025-12-02T14:25:24","modified_gmt":"2025-12-02T13:25:24","slug":"le-couvercle-de-la-chocolatiere","status":"publish","type":"product","link":"https:\/\/frifri.be\/fr\/produit\/le-couvercle-de-la-chocolatiere\/","title":{"rendered":"Le couvercle de La Chocolati\u00e8re"},"content":{"rendered":"<p>Compl\u00e9tez votre gamme d\u2019accessoires pour La Chocolati\u00e8re avec un couvercle en inox suppl\u00e9mentaire.<\/p>\n","protected":false},"excerpt":{"rendered":"<p>Compl\u00e9tez votre gamme d\u2019accessoires pour La Chocolati\u00e8re avec un couvercle en inox suppl\u00e9mentaire.<\/p>\n","protected":false},"featured_media":38043,"comment_status":"closed","ping_status":"closed","template":"","meta":{"_acf_changed":false},"product_brand":[],"product_cat":[270,220],"product_tag":[],"class_list":{"0":"post-38042","1":"product","2":"type-product","3":"status-publish","4":"has-post-thumbnail","6":"product_cat-accessoire-tempereuse-moules-a-chocolat","7":"product_cat-les-pieces-detachees-electromenager","9":"first","10":"instock","11":"taxable","12":"shipping-taxable","13":"purchasable","14":"product-type-simple"},"acf":[],"yoast_head":"<!-- This site is optimized with the Yoast SEO plugin v27.3 - https:\/\/yoast.com\/product\/yoast-seo-wordpress\/ -->\n<title>Le couvercle de La Chocolati\u00e8re - Frifri Belgium<\/title>\n<meta name=\"robots\" content=\"index, follow, max-snippet:-1, max-image-preview:large, max-video-preview:-1\" \/>\n<link rel=\"canonical\" href=\"https:\/\/frifri.be\/fr\/produit\/le-couvercle-de-la-chocolatiere\/\" \/>\n<meta property=\"og:locale\" content=\"fr_FR\" \/>\n<meta property=\"og:type\" content=\"article\" \/>\n<meta property=\"og:title\" content=\"Le couvercle de La Chocolati\u00e8re - Frifri Belgium\" \/>\n<meta property=\"og:description\" content=\"Compl\u00e9tez votre gamme d\u2019accessoires pour La Chocolati\u00e8re avec un couvercle en inox suppl\u00e9mentaire.\" \/>\n<meta property=\"og:url\" content=\"https:\/\/frifri.be\/fr\/produit\/le-couvercle-de-la-chocolatiere\/\" \/>\n<meta property=\"og:site_name\" content=\"Frifri Belgium\" \/>\n<meta property=\"article:modified_time\" content=\"2025-12-02T13:25:24+00:00\" \/>\n<meta property=\"og:image\" content=\"https:\/\/frifri.be\/wp-content\/uploads\/2022\/01\/CHOCOLATIERE_COUV.jpg\" \/>\n\t<meta property=\"og:image:width\" content=\"1535\" \/>\n\t<meta property=\"og:image:height\" content=\"1600\" \/>\n\t<meta property=\"og:image:type\" content=\"image\/jpeg\" \/>\n<meta name=\"twitter:card\" content=\"summary_large_image\" \/>\n<script type=\"application\/ld+json\" class=\"yoast-schema-graph\">{\"@context\":\"https:\\\/\\\/schema.org\",\"@graph\":[{\"@type\":\"WebPage\",\"@id\":\"https:\\\/\\\/frifri.be\\\/fr\\\/produit\\\/le-couvercle-de-la-chocolatiere\\\/\",\"url\":\"https:\\\/\\\/frifri.be\\\/fr\\\/produit\\\/le-couvercle-de-la-chocolatiere\\\/\",\"name\":\"Le couvercle de La Chocolati\u00e8re - Frifri Belgium\",\"isPartOf\":{\"@id\":\"https:\\\/\\\/frifri.be\\\/fr\\\/#website\"},\"primaryImageOfPage\":{\"@id\":\"https:\\\/\\\/frifri.be\\\/fr\\\/produit\\\/le-couvercle-de-la-chocolatiere\\\/#primaryimage\"},\"image\":{\"@id\":\"https:\\\/\\\/frifri.be\\\/fr\\\/produit\\\/le-couvercle-de-la-chocolatiere\\\/#primaryimage\"},\"thumbnailUrl\":\"https:\\\/\\\/frifri.be\\\/wp-content\\\/uploads\\\/2022\\\/01\\\/CHOCOLATIERE_COUV.jpg\",\"datePublished\":\"2022-01-13T09:44:53+00:00\",\"dateModified\":\"2025-12-02T13:25:24+00:00\",\"breadcrumb\":{\"@id\":\"https:\\\/\\\/frifri.be\\\/fr\\\/produit\\\/le-couvercle-de-la-chocolatiere\\\/#breadcrumb\"},\"inLanguage\":\"fr-FR\",\"potentialAction\":[{\"@type\":\"ReadAction\",\"target\":[\"https:\\\/\\\/frifri.be\\\/fr\\\/produit\\\/le-couvercle-de-la-chocolatiere\\\/\"]}]},{\"@type\":\"ImageObject\",\"inLanguage\":\"fr-FR\",\"@id\":\"https:\\\/\\\/frifri.be\\\/fr\\\/produit\\\/le-couvercle-de-la-chocolatiere\\\/#primaryimage\",\"url\":\"https:\\\/\\\/frifri.be\\\/wp-content\\\/uploads\\\/2022\\\/01\\\/CHOCOLATIERE_COUV.jpg\",\"contentUrl\":\"https:\\\/\\\/frifri.be\\\/wp-content\\\/uploads\\\/2022\\\/01\\\/CHOCOLATIERE_COUV.jpg\",\"width\":1535,\"height\":1600},{\"@type\":\"BreadcrumbList\",\"@id\":\"https:\\\/\\\/frifri.be\\\/fr\\\/produit\\\/le-couvercle-de-la-chocolatiere\\\/#breadcrumb\",\"itemListElement\":[{\"@type\":\"ListItem\",\"position\":1,\"name\":\"Home\",\"item\":\"https:\\\/\\\/frifri.be\\\/fr\\\/frifri\\\/\"},{\"@type\":\"ListItem\",\"position\":2,\"name\":\"Nos produits\",\"item\":\"https:\\\/\\\/frifri.be\\\/fr\\\/boutique\\\/\"},{\"@type\":\"ListItem\",\"position\":3,\"name\":\"Les Pi\u00e8ces D\u00e9tach\u00e9es et Accessoires\",\"item\":\"https:\\\/\\\/frifri.be\\\/fr\\\/categorie-produit\\\/les-pieces-detachees-electromenager\\\/\"},{\"@type\":\"ListItem\",\"position\":4,\"name\":\"La Chocolati\u00e8re\",\"item\":\"https:\\\/\\\/frifri.be\\\/fr\\\/categorie-produit\\\/les-pieces-detachees-electromenager\\\/accessoire-tempereuse-moules-a-chocolat\\\/\"},{\"@type\":\"ListItem\",\"position\":5,\"name\":\"Le couvercle de La Chocolati\u00e8re\"}]},{\"@type\":\"WebSite\",\"@id\":\"https:\\\/\\\/frifri.be\\\/fr\\\/#website\",\"url\":\"https:\\\/\\\/frifri.be\\\/fr\\\/\",\"name\":\"Frifri Belgium\",\"description\":\"frifri Shop Belgium\",\"potentialAction\":[{\"@type\":\"SearchAction\",\"target\":{\"@type\":\"EntryPoint\",\"urlTemplate\":\"https:\\\/\\\/frifri.be\\\/fr\\\/?s={search_term_string}\"},\"query-input\":{\"@type\":\"PropertyValueSpecification\",\"valueRequired\":true,\"valueName\":\"search_term_string\"}}],\"inLanguage\":\"fr-FR\"}]}<\/script>\n<!-- \/ Yoast SEO plugin. -->","yoast_head_json":{"title":"Le couvercle de La Chocolati\u00e8re - Frifri Belgium","robots":{"index":"index","follow":"follow","max-snippet":"max-snippet:-1","max-image-preview":"max-image-preview:large","max-video-preview":"max-video-preview:-1"},"canonical":"https:\/\/frifri.be\/fr\/produit\/le-couvercle-de-la-chocolatiere\/","og_locale":"fr_FR","og_type":"article","og_title":"Le couvercle de La Chocolati\u00e8re - Frifri Belgium","og_description":"Compl\u00e9tez votre gamme d\u2019accessoires pour La Chocolati\u00e8re avec un couvercle en inox suppl\u00e9mentaire.","og_url":"https:\/\/frifri.be\/fr\/produit\/le-couvercle-de-la-chocolatiere\/","og_site_name":"Frifri Belgium","article_modified_time":"2025-12-02T13:25:24+00:00","og_image":[{"width":1535,"height":1600,"url":"https:\/\/frifri.be\/wp-content\/uploads\/2022\/01\/CHOCOLATIERE_COUV.jpg","type":"image\/jpeg"}],"twitter_card":"summary_large_image","schema":{"@context":"https:\/\/schema.org","@graph":[{"@type":"WebPage","@id":"https:\/\/frifri.be\/fr\/produit\/le-couvercle-de-la-chocolatiere\/","url":"https:\/\/frifri.be\/fr\/produit\/le-couvercle-de-la-chocolatiere\/","name":"Le couvercle de La Chocolati\u00e8re - Frifri Belgium","isPartOf":{"@id":"https:\/\/frifri.be\/fr\/#website"},"primaryImageOfPage":{"@id":"https:\/\/frifri.be\/fr\/produit\/le-couvercle-de-la-chocolatiere\/#primaryimage"},"image":{"@id":"https:\/\/frifri.be\/fr\/produit\/le-couvercle-de-la-chocolatiere\/#primaryimage"},"thumbnailUrl":"https:\/\/frifri.be\/wp-content\/uploads\/2022\/01\/CHOCOLATIERE_COUV.jpg","datePublished":"2022-01-13T09:44:53+00:00","dateModified":"2025-12-02T13:25:24+00:00","breadcrumb":{"@id":"https:\/\/frifri.be\/fr\/produit\/le-couvercle-de-la-chocolatiere\/#breadcrumb"},"inLanguage":"fr-FR","potentialAction":[{"@type":"ReadAction","target":["https:\/\/frifri.be\/fr\/produit\/le-couvercle-de-la-chocolatiere\/"]}]},{"@type":"ImageObject","inLanguage":"fr-FR","@id":"https:\/\/frifri.be\/fr\/produit\/le-couvercle-de-la-chocolatiere\/#primaryimage","url":"https:\/\/frifri.be\/wp-content\/uploads\/2022\/01\/CHOCOLATIERE_COUV.jpg","contentUrl":"https:\/\/frifri.be\/wp-content\/uploads\/2022\/01\/CHOCOLATIERE_COUV.jpg","width":1535,"height":1600},{"@type":"BreadcrumbList","@id":"https:\/\/frifri.be\/fr\/produit\/le-couvercle-de-la-chocolatiere\/#breadcrumb","itemListElement":[{"@type":"ListItem","position":1,"name":"Home","item":"https:\/\/frifri.be\/fr\/frifri\/"},{"@type":"ListItem","position":2,"name":"Nos produits","item":"https:\/\/frifri.be\/fr\/boutique\/"},{"@type":"ListItem","position":3,"name":"Les Pi\u00e8ces D\u00e9tach\u00e9es et Accessoires","item":"https:\/\/frifri.be\/fr\/categorie-produit\/les-pieces-detachees-electromenager\/"},{"@type":"ListItem","position":4,"name":"La Chocolati\u00e8re","item":"https:\/\/frifri.be\/fr\/categorie-produit\/les-pieces-detachees-electromenager\/accessoire-tempereuse-moules-a-chocolat\/"},{"@type":"ListItem","position":5,"name":"Le couvercle de La Chocolati\u00e8re"}]},{"@type":"WebSite","@id":"https:\/\/frifri.be\/fr\/#website","url":"https:\/\/frifri.be\/fr\/","name":"Frifri Belgium","description":"frifri Shop Belgium","potentialAction":[{"@type":"SearchAction","target":{"@type":"EntryPoint","urlTemplate":"https:\/\/frifri.be\/fr\/?s={search_term_string}"},"query-input":{"@type":"PropertyValueSpecification","valueRequired":true,"valueName":"search_term_string"}}],"inLanguage":"fr-FR"}]}},"_links":{"self":[{"href":"https:\/\/frifri.be\/fr\/wp-json\/wp\/v2\/product\/38042","targetHints":{"allow":["GET"]}}],"collection":[{"href":"https:\/\/frifri.be\/fr\/wp-json\/wp\/v2\/product"}],"about":[{"href":"https:\/\/frifri.be\/fr\/wp-json\/wp\/v2\/types\/product"}],"replies":[{"embeddable":true,"href":"https:\/\/frifri.be\/fr\/wp-json\/wp\/v2\/comments?post=38042"}],"wp:featuredmedia":[{"embeddable":true,"href":"https:\/\/frifri.be\/fr\/wp-json\/wp\/v2\/media\/38043"}],"wp:attachment":[{"href":"https:\/\/frifri.be\/fr\/wp-json\/wp\/v2\/media?parent=38042"}],"wp:term":[{"taxonomy":"product_brand","embeddable":true,"href":"https:\/\/frifri.be\/fr\/wp-json\/wp\/v2\/product_brand?post=38042"},{"taxonomy":"product_cat","embeddable":true,"href":"https:\/\/frifri.be\/fr\/wp-json\/wp\/v2\/product_cat?post=38042"},{"taxonomy":"product_tag","embeddable":true,"href":"https:\/\/frifri.be\/fr\/wp-json\/wp\/v2\/product_tag?post=38042"}],"curies":[{"name":"wp","href":"https:\/\/api.w.org\/{rel}","templated":true}]}}