{"id":43446,"date":"2022-06-16T11:39:33","date_gmt":"2022-06-16T09:39:33","guid":{"rendered":"https:\/\/frifri.be\/?post_type=product&#038;p=43446"},"modified":"2025-12-02T23:45:05","modified_gmt":"2025-12-02T22:45:05","slug":"le-gaufrier-heritage-galettes-cool-touch","status":"publish","type":"product","link":"https:\/\/frifri.be\/fr\/produit\/le-gaufrier-heritage-galettes-cool-touch\/","title":{"rendered":"Le Gaufrier H\u00e9ritage Galettes Cool Touch"},"content":{"rendered":"<p>Des galettes fondantes au beurre, une recette familiale, des souvenirs qui se transmettent au fil des g\u00e9n\u00e9rations ?<\/p>\n<p>Pour r\u00e9aliser les meilleures galettes, d\u00e9couvrez les gaufriers de la gamme <strong>H\u00e9ritage Galettes <\/strong>dans sa version am\u00e9lior\u00e9e<strong> Cool Touch.<\/strong><\/p>\n<ul>\n<li>Plaques en <strong>fonte d&rsquo;aluminium<\/strong> et <strong>antiadh\u00e9sives<\/strong> pour une cuisson uniforme et un usage \u00e0 l\u2019infini.<\/li>\n<li>Encore plus performant \u00e0 la cuisson, avec <strong>1.200 Watts<\/strong>, cuisez rapidement vos galettes sans attendre, les unes apr\u00e8s les autres.<\/li>\n<li>Pratique avec son <strong>thermostat<\/strong> et sa <strong>fonction rotative<\/strong> pour une cuisson parfaite de la p\u00e2te.<\/li>\n<li>Les nouvelles <strong>coques de protection thermique Cool Touch<\/strong>\u00a0assurent une manipulation sereine de l\u2019appareil lors de la cuisson, et ce m\u00eame avec des enfants !<\/li>\n<li>Facile \u00e0 nettoyer, les plaques interchangeables <strong>amovibles<\/strong> passent au lave-vaisselle.<\/li>\n<\/ul>\n<p>Dans un souci constant d&rsquo;am\u00e9lioration, nous avons r\u00e9cemment perfectionn\u00e9 les mat\u00e9riaux utilis\u00e9s dans les plaques de nos gaufriers.<br \/>\nGr\u00e2ce \u00e0 cette nouvelle g\u00e9n\u00e9ration de plaques, la r\u00e9partition de la chaleur est encore plus uniforme et les r\u00e9sultats de cuisson sont toujours plus gourmands !<\/p>\n","protected":false},"excerpt":{"rendered":"<p>Des galettes fondantes au beurre, une recette familiale, des souvenirs qui se transmettent au fil des&#8230; <span class=\"moreLink\"><a href=\"https:\/\/frifri.be\/fr\/produit\/le-gaufrier-heritage-galettes-cool-touch\/\">+<\/a><\/span><\/p>\n","protected":false},"featured_media":43482,"comment_status":"open","ping_status":"closed","template":"","meta":{"_acf_changed":false},"product_brand":[],"product_cat":[177],"product_tag":[],"class_list":{"0":"post-43446","1":"product","2":"type-product","3":"status-publish","4":"has-post-thumbnail","6":"product_cat-electro-menager-gaufrier-pour-gaufres-et-cornets-de-glace","8":"first","9":"instock","10":"taxable","11":"shipping-taxable","12":"purchasable","13":"product-type-simple"},"acf":[],"yoast_head":"<!-- This site is optimized with the Yoast SEO plugin v27.3 - https:\/\/yoast.com\/product\/yoast-seo-wordpress\/ -->\n<title>Le Gaufrier H\u00e9ritage Galettes Cool Touch - Le go\u00fbt au fil des g\u00e9n\u00e9rations - Frifri Belgium<\/title>\n<meta name=\"description\" content=\"La gamme H\u00e9ritage Galettes Cool Touch, pour r\u00e9aliser les meilleures galettes. Ce sont des souvenirs qui se transmettent au fil des g\u00e9n\u00e9rations.\" \/>\n<meta name=\"robots\" content=\"index, follow, max-snippet:-1, max-image-preview:large, max-video-preview:-1\" \/>\n<link rel=\"canonical\" href=\"https:\/\/frifri.be\/fr\/produit\/le-gaufrier-heritage-galettes-cool-touch\/\" \/>\n<meta property=\"og:locale\" content=\"fr_FR\" \/>\n<meta property=\"og:type\" content=\"article\" \/>\n<meta property=\"og:title\" content=\"Le Gaufrier H\u00e9ritage Galettes Cool Touch - Le go\u00fbt au fil des g\u00e9n\u00e9rations - Frifri Belgium\" \/>\n<meta property=\"og:description\" content=\"La gamme H\u00e9ritage Galettes Cool Touch, pour r\u00e9aliser les meilleures galettes. Ce sont des souvenirs qui se transmettent au fil des g\u00e9n\u00e9rations.\" \/>\n<meta property=\"og:url\" content=\"https:\/\/frifri.be\/fr\/produit\/le-gaufrier-heritage-galettes-cool-touch\/\" \/>\n<meta property=\"og:site_name\" content=\"Frifri Belgium\" \/>\n<meta property=\"article:modified_time\" content=\"2025-12-02T22:45:05+00:00\" \/>\n<meta property=\"og:image\" content=\"https:\/\/frifri.be\/wp-content\/uploads\/2022\/06\/Heritage-Galettes-Gris-CoolTouch.jpg\" \/>\n\t<meta property=\"og:image:width\" content=\"1042\" \/>\n\t<meta property=\"og:image:height\" content=\"1042\" \/>\n\t<meta property=\"og:image:type\" content=\"image\/jpeg\" \/>\n<meta name=\"twitter:card\" content=\"summary_large_image\" \/>\n<meta name=\"twitter:label1\" content=\"Dur\u00e9e de lecture estim\u00e9e\" \/>\n\t<meta name=\"twitter:data1\" content=\"2 minutes\" \/>\n<script type=\"application\/ld+json\" class=\"yoast-schema-graph\">{\"@context\":\"https:\\\/\\\/schema.org\",\"@graph\":[{\"@type\":\"WebPage\",\"@id\":\"https:\\\/\\\/frifri.be\\\/fr\\\/produit\\\/le-gaufrier-heritage-galettes-cool-touch\\\/\",\"url\":\"https:\\\/\\\/frifri.be\\\/fr\\\/produit\\\/le-gaufrier-heritage-galettes-cool-touch\\\/\",\"name\":\"Le Gaufrier H\u00e9ritage Galettes Cool Touch - Le go\u00fbt au fil des g\u00e9n\u00e9rations - Frifri Belgium\",\"isPartOf\":{\"@id\":\"https:\\\/\\\/frifri.be\\\/fr\\\/#website\"},\"primaryImageOfPage\":{\"@id\":\"https:\\\/\\\/frifri.be\\\/fr\\\/produit\\\/le-gaufrier-heritage-galettes-cool-touch\\\/#primaryimage\"},\"image\":{\"@id\":\"https:\\\/\\\/frifri.be\\\/fr\\\/produit\\\/le-gaufrier-heritage-galettes-cool-touch\\\/#primaryimage\"},\"thumbnailUrl\":\"https:\\\/\\\/frifri.be\\\/wp-content\\\/uploads\\\/2022\\\/06\\\/Heritage-Galettes-Gris-CoolTouch.jpg\",\"datePublished\":\"2022-06-16T09:39:33+00:00\",\"dateModified\":\"2025-12-02T22:45:05+00:00\",\"description\":\"La gamme H\u00e9ritage Galettes Cool Touch, pour r\u00e9aliser les meilleures galettes. Ce sont des souvenirs qui se transmettent au fil des g\u00e9n\u00e9rations.\",\"breadcrumb\":{\"@id\":\"https:\\\/\\\/frifri.be\\\/fr\\\/produit\\\/le-gaufrier-heritage-galettes-cool-touch\\\/#breadcrumb\"},\"inLanguage\":\"fr-FR\",\"potentialAction\":[{\"@type\":\"ReadAction\",\"target\":[\"https:\\\/\\\/frifri.be\\\/fr\\\/produit\\\/le-gaufrier-heritage-galettes-cool-touch\\\/\"]}]},{\"@type\":\"ImageObject\",\"inLanguage\":\"fr-FR\",\"@id\":\"https:\\\/\\\/frifri.be\\\/fr\\\/produit\\\/le-gaufrier-heritage-galettes-cool-touch\\\/#primaryimage\",\"url\":\"https:\\\/\\\/frifri.be\\\/wp-content\\\/uploads\\\/2022\\\/06\\\/Heritage-Galettes-Gris-CoolTouch.jpg\",\"contentUrl\":\"https:\\\/\\\/frifri.be\\\/wp-content\\\/uploads\\\/2022\\\/06\\\/Heritage-Galettes-Gris-CoolTouch.jpg\",\"width\":1042,\"height\":1042},{\"@type\":\"BreadcrumbList\",\"@id\":\"https:\\\/\\\/frifri.be\\\/fr\\\/produit\\\/le-gaufrier-heritage-galettes-cool-touch\\\/#breadcrumb\",\"itemListElement\":[{\"@type\":\"ListItem\",\"position\":1,\"name\":\"Home\",\"item\":\"https:\\\/\\\/frifri.be\\\/fr\\\/frifri\\\/\"},{\"@type\":\"ListItem\",\"position\":2,\"name\":\"Nos produits\",\"item\":\"https:\\\/\\\/frifri.be\\\/fr\\\/boutique\\\/\"},{\"@type\":\"ListItem\",\"position\":3,\"name\":\"Les Gaufriers\",\"item\":\"https:\\\/\\\/frifri.be\\\/fr\\\/categorie-produit\\\/electro-menager-gaufrier-pour-gaufres-et-cornets-de-glace\\\/\"},{\"@type\":\"ListItem\",\"position\":4,\"name\":\"Le Gaufrier H\u00e9ritage Galettes Cool Touch\"}]},{\"@type\":\"WebSite\",\"@id\":\"https:\\\/\\\/frifri.be\\\/fr\\\/#website\",\"url\":\"https:\\\/\\\/frifri.be\\\/fr\\\/\",\"name\":\"Frifri Belgium\",\"description\":\"frifri Shop Belgium\",\"potentialAction\":[{\"@type\":\"SearchAction\",\"target\":{\"@type\":\"EntryPoint\",\"urlTemplate\":\"https:\\\/\\\/frifri.be\\\/fr\\\/?s={search_term_string}\"},\"query-input\":{\"@type\":\"PropertyValueSpecification\",\"valueRequired\":true,\"valueName\":\"search_term_string\"}}],\"inLanguage\":\"fr-FR\"}]}<\/script>\n<!-- \/ Yoast SEO plugin. -->","yoast_head_json":{"title":"Le Gaufrier H\u00e9ritage Galettes Cool Touch - Le go\u00fbt au fil des g\u00e9n\u00e9rations - Frifri Belgium","description":"La gamme H\u00e9ritage Galettes Cool Touch, pour r\u00e9aliser les meilleures galettes. Ce sont des souvenirs qui se transmettent au fil des g\u00e9n\u00e9rations.","robots":{"index":"index","follow":"follow","max-snippet":"max-snippet:-1","max-image-preview":"max-image-preview:large","max-video-preview":"max-video-preview:-1"},"canonical":"https:\/\/frifri.be\/fr\/produit\/le-gaufrier-heritage-galettes-cool-touch\/","og_locale":"fr_FR","og_type":"article","og_title":"Le Gaufrier H\u00e9ritage Galettes Cool Touch - Le go\u00fbt au fil des g\u00e9n\u00e9rations - Frifri Belgium","og_description":"La gamme H\u00e9ritage Galettes Cool Touch, pour r\u00e9aliser les meilleures galettes. Ce sont des souvenirs qui se transmettent au fil des g\u00e9n\u00e9rations.","og_url":"https:\/\/frifri.be\/fr\/produit\/le-gaufrier-heritage-galettes-cool-touch\/","og_site_name":"Frifri Belgium","article_modified_time":"2025-12-02T22:45:05+00:00","og_image":[{"width":1042,"height":1042,"url":"https:\/\/frifri.be\/wp-content\/uploads\/2022\/06\/Heritage-Galettes-Gris-CoolTouch.jpg","type":"image\/jpeg"}],"twitter_card":"summary_large_image","twitter_misc":{"Dur\u00e9e de lecture estim\u00e9e":"2 minutes"},"schema":{"@context":"https:\/\/schema.org","@graph":[{"@type":"WebPage","@id":"https:\/\/frifri.be\/fr\/produit\/le-gaufrier-heritage-galettes-cool-touch\/","url":"https:\/\/frifri.be\/fr\/produit\/le-gaufrier-heritage-galettes-cool-touch\/","name":"Le Gaufrier H\u00e9ritage Galettes Cool Touch - Le go\u00fbt au fil des g\u00e9n\u00e9rations - Frifri Belgium","isPartOf":{"@id":"https:\/\/frifri.be\/fr\/#website"},"primaryImageOfPage":{"@id":"https:\/\/frifri.be\/fr\/produit\/le-gaufrier-heritage-galettes-cool-touch\/#primaryimage"},"image":{"@id":"https:\/\/frifri.be\/fr\/produit\/le-gaufrier-heritage-galettes-cool-touch\/#primaryimage"},"thumbnailUrl":"https:\/\/frifri.be\/wp-content\/uploads\/2022\/06\/Heritage-Galettes-Gris-CoolTouch.jpg","datePublished":"2022-06-16T09:39:33+00:00","dateModified":"2025-12-02T22:45:05+00:00","description":"La gamme H\u00e9ritage Galettes Cool Touch, pour r\u00e9aliser les meilleures galettes. Ce sont des souvenirs qui se transmettent au fil des g\u00e9n\u00e9rations.","breadcrumb":{"@id":"https:\/\/frifri.be\/fr\/produit\/le-gaufrier-heritage-galettes-cool-touch\/#breadcrumb"},"inLanguage":"fr-FR","potentialAction":[{"@type":"ReadAction","target":["https:\/\/frifri.be\/fr\/produit\/le-gaufrier-heritage-galettes-cool-touch\/"]}]},{"@type":"ImageObject","inLanguage":"fr-FR","@id":"https:\/\/frifri.be\/fr\/produit\/le-gaufrier-heritage-galettes-cool-touch\/#primaryimage","url":"https:\/\/frifri.be\/wp-content\/uploads\/2022\/06\/Heritage-Galettes-Gris-CoolTouch.jpg","contentUrl":"https:\/\/frifri.be\/wp-content\/uploads\/2022\/06\/Heritage-Galettes-Gris-CoolTouch.jpg","width":1042,"height":1042},{"@type":"BreadcrumbList","@id":"https:\/\/frifri.be\/fr\/produit\/le-gaufrier-heritage-galettes-cool-touch\/#breadcrumb","itemListElement":[{"@type":"ListItem","position":1,"name":"Home","item":"https:\/\/frifri.be\/fr\/frifri\/"},{"@type":"ListItem","position":2,"name":"Nos produits","item":"https:\/\/frifri.be\/fr\/boutique\/"},{"@type":"ListItem","position":3,"name":"Les Gaufriers","item":"https:\/\/frifri.be\/fr\/categorie-produit\/electro-menager-gaufrier-pour-gaufres-et-cornets-de-glace\/"},{"@type":"ListItem","position":4,"name":"Le Gaufrier H\u00e9ritage Galettes Cool Touch"}]},{"@type":"WebSite","@id":"https:\/\/frifri.be\/fr\/#website","url":"https:\/\/frifri.be\/fr\/","name":"Frifri Belgium","description":"frifri Shop Belgium","potentialAction":[{"@type":"SearchAction","target":{"@type":"EntryPoint","urlTemplate":"https:\/\/frifri.be\/fr\/?s={search_term_string}"},"query-input":{"@type":"PropertyValueSpecification","valueRequired":true,"valueName":"search_term_string"}}],"inLanguage":"fr-FR"}]}},"_links":{"self":[{"href":"https:\/\/frifri.be\/fr\/wp-json\/wp\/v2\/product\/43446","targetHints":{"allow":["GET"]}}],"collection":[{"href":"https:\/\/frifri.be\/fr\/wp-json\/wp\/v2\/product"}],"about":[{"href":"https:\/\/frifri.be\/fr\/wp-json\/wp\/v2\/types\/product"}],"replies":[{"embeddable":true,"href":"https:\/\/frifri.be\/fr\/wp-json\/wp\/v2\/comments?post=43446"}],"wp:featuredmedia":[{"embeddable":true,"href":"https:\/\/frifri.be\/fr\/wp-json\/wp\/v2\/media\/43482"}],"wp:attachment":[{"href":"https:\/\/frifri.be\/fr\/wp-json\/wp\/v2\/media?parent=43446"}],"wp:term":[{"taxonomy":"product_brand","embeddable":true,"href":"https:\/\/frifri.be\/fr\/wp-json\/wp\/v2\/product_brand?post=43446"},{"taxonomy":"product_cat","embeddable":true,"href":"https:\/\/frifri.be\/fr\/wp-json\/wp\/v2\/product_cat?post=43446"},{"taxonomy":"product_tag","embeddable":true,"href":"https:\/\/frifri.be\/fr\/wp-json\/wp\/v2\/product_tag?post=43446"}],"curies":[{"name":"wp","href":"https:\/\/api.w.org\/{rel}","templated":true}]}}