{"id":43484,"date":"2022-06-16T14:35:47","date_gmt":"2022-06-16T12:35:47","guid":{"rendered":"https:\/\/frifri.be\/?post_type=product&#038;p=43484"},"modified":"2025-12-02T14:25:25","modified_gmt":"2025-12-02T13:25:25","slug":"la-friteuse-sans-huile-stone","status":"publish","type":"product","link":"https:\/\/frifri.be\/fr\/produit\/la-friteuse-sans-huile-stone\/","title":{"rendered":"La Friteuse Sans Huile STONE"},"content":{"rendered":"<p>Optez pour une friteuse sans huile <b>STONE <\/b>et offrez-vous un nouvel objet de d\u00e9co pour votre cuisine.<\/p>\n<p>Avec La Friteuse Sans Huile STONE cuisez jusqu\u2019\u00e0 1 kg de frites et profitez d\u2019un large \u00e9ventail de temp\u00e9ratures pour varier les menus.<\/p>\n<ul>\n<li><strong>Cuire sans huile<\/strong> vos frites mais pas seulement, faites-vous plaisir au quotidien, de l\u2019entr\u00e9e au dessert.<\/li>\n<li><strong>Facile \u00e0 manipuler<\/strong>\u00a0avec ses 2 boutons rotatifs pour le thermostat et la s\u00e9lection du temps de cuisson (jusqu\u2019\u00e0 30 minutes).<\/li>\n<li><strong>Temp\u00e9rature de 110\u00b0C \u00e0 200\u00b0C<\/strong>\u00a0\u00e0 s\u00e9lectionner en fonction des aliments.<\/li>\n<li><strong>Arr\u00eat automatique<\/strong> \u00e0 la fin de la minuterie avec signal sonore pour vous signaler qu\u2019il est temps de passer \u00e0 table.<\/li>\n<li><strong>1.500 Watts<\/strong> de puissance pour cuire toutes vos pr\u00e9parations rapidement et uniform\u00e9ment.<\/li>\n<li><strong>Circulation de l\u2019air optimale<\/strong> gr\u00e2ce \u00e0 un panier de cuisson avec de fines a\u00e9rations et un fond sur\u00e9lev\u00e9.<\/li>\n<li>Pour un repas encore plus sain, le <strong>surplus de graisse<\/strong> est r\u00e9colt\u00e9 au fond de la cuve.<\/li>\n<\/ul>\n","protected":false},"excerpt":{"rendered":"<p>Optez pour une friteuse sans huile STONE et offrez-vous un nouvel objet de d\u00e9co pour votre&#8230; <span class=\"moreLink\"><a href=\"https:\/\/frifri.be\/fr\/produit\/la-friteuse-sans-huile-stone\/\">+<\/a><\/span><\/p>\n","protected":false},"featured_media":45140,"comment_status":"closed","ping_status":"closed","template":"","meta":{"_acf_changed":false},"product_brand":[],"product_cat":[785],"product_tag":[],"class_list":{"0":"post-43484","1":"product","2":"type-product","3":"status-publish","4":"has-post-thumbnail","6":"product_cat-anciens-produits","8":"first","9":"only_carrefour","10":"taxable","11":"shipping-taxable","12":"product-type-simple"},"acf":[],"yoast_head":"<!-- This site is optimized with the Yoast SEO plugin v27.3 - https:\/\/yoast.com\/product\/yoast-seo-wordpress\/ -->\n<title>La Friteuse Sans Huile STONE - Un look vintage - Frifri Belgium<\/title>\n<meta name=\"description\" content=\"Avec La Friteuse Sans Huile STONE cuisez jusqu\u2019\u00e0 1 kg de frites et profitez d\u2019un large \u00e9ventail de temp\u00e9ratures pour varier les menus.\" \/>\n<meta name=\"robots\" content=\"index, follow, max-snippet:-1, max-image-preview:large, max-video-preview:-1\" \/>\n<link rel=\"canonical\" href=\"https:\/\/frifri.be\/fr\/produit\/la-friteuse-sans-huile-stone\/\" \/>\n<meta property=\"og:locale\" content=\"fr_FR\" \/>\n<meta property=\"og:type\" content=\"article\" \/>\n<meta property=\"og:title\" content=\"La Friteuse Sans Huile STONE - Un look vintage - Frifri Belgium\" \/>\n<meta property=\"og:description\" content=\"Avec La Friteuse Sans Huile STONE cuisez jusqu\u2019\u00e0 1 kg de frites et profitez d\u2019un large \u00e9ventail de temp\u00e9ratures pour varier les menus.\" \/>\n<meta property=\"og:url\" content=\"https:\/\/frifri.be\/fr\/produit\/la-friteuse-sans-huile-stone\/\" \/>\n<meta property=\"og:site_name\" content=\"Frifri Belgium\" \/>\n<meta property=\"article:modified_time\" content=\"2025-12-02T13:25:25+00:00\" \/>\n<meta property=\"og:image\" content=\"https:\/\/frifri.be\/wp-content\/uploads\/2022\/06\/Friteuse-FriFri_04-copie-2.jpg\" \/>\n\t<meta property=\"og:image:width\" content=\"1083\" \/>\n\t<meta property=\"og:image:height\" content=\"1136\" \/>\n\t<meta property=\"og:image:type\" content=\"image\/jpeg\" \/>\n<meta name=\"twitter:card\" content=\"summary_large_image\" \/>\n<meta name=\"twitter:label1\" content=\"Dur\u00e9e de lecture estim\u00e9e\" \/>\n\t<meta name=\"twitter:data1\" content=\"2 minutes\" \/>\n<script type=\"application\/ld+json\" class=\"yoast-schema-graph\">{\"@context\":\"https:\\\/\\\/schema.org\",\"@graph\":[{\"@type\":\"WebPage\",\"@id\":\"https:\\\/\\\/frifri.be\\\/fr\\\/produit\\\/la-friteuse-sans-huile-stone\\\/\",\"url\":\"https:\\\/\\\/frifri.be\\\/fr\\\/produit\\\/la-friteuse-sans-huile-stone\\\/\",\"name\":\"La Friteuse Sans Huile STONE - Un look vintage - Frifri Belgium\",\"isPartOf\":{\"@id\":\"https:\\\/\\\/frifri.be\\\/fr\\\/#website\"},\"primaryImageOfPage\":{\"@id\":\"https:\\\/\\\/frifri.be\\\/fr\\\/produit\\\/la-friteuse-sans-huile-stone\\\/#primaryimage\"},\"image\":{\"@id\":\"https:\\\/\\\/frifri.be\\\/fr\\\/produit\\\/la-friteuse-sans-huile-stone\\\/#primaryimage\"},\"thumbnailUrl\":\"https:\\\/\\\/frifri.be\\\/wp-content\\\/uploads\\\/2022\\\/06\\\/Friteuse-FriFri_04-copie-2.jpg\",\"datePublished\":\"2022-06-16T12:35:47+00:00\",\"dateModified\":\"2025-12-02T13:25:25+00:00\",\"description\":\"Avec La Friteuse Sans Huile STONE cuisez jusqu\u2019\u00e0 1 kg de frites et profitez d\u2019un large \u00e9ventail de temp\u00e9ratures pour varier les menus.\",\"breadcrumb\":{\"@id\":\"https:\\\/\\\/frifri.be\\\/fr\\\/produit\\\/la-friteuse-sans-huile-stone\\\/#breadcrumb\"},\"inLanguage\":\"fr-FR\",\"potentialAction\":[{\"@type\":\"ReadAction\",\"target\":[\"https:\\\/\\\/frifri.be\\\/fr\\\/produit\\\/la-friteuse-sans-huile-stone\\\/\"]}]},{\"@type\":\"ImageObject\",\"inLanguage\":\"fr-FR\",\"@id\":\"https:\\\/\\\/frifri.be\\\/fr\\\/produit\\\/la-friteuse-sans-huile-stone\\\/#primaryimage\",\"url\":\"https:\\\/\\\/frifri.be\\\/wp-content\\\/uploads\\\/2022\\\/06\\\/Friteuse-FriFri_04-copie-2.jpg\",\"contentUrl\":\"https:\\\/\\\/frifri.be\\\/wp-content\\\/uploads\\\/2022\\\/06\\\/Friteuse-FriFri_04-copie-2.jpg\",\"width\":1083,\"height\":1136},{\"@type\":\"BreadcrumbList\",\"@id\":\"https:\\\/\\\/frifri.be\\\/fr\\\/produit\\\/la-friteuse-sans-huile-stone\\\/#breadcrumb\",\"itemListElement\":[{\"@type\":\"ListItem\",\"position\":1,\"name\":\"Home\",\"item\":\"https:\\\/\\\/frifri.be\\\/fr\\\/frifri\\\/\"},{\"@type\":\"ListItem\",\"position\":2,\"name\":\"Nos produits\",\"item\":\"https:\\\/\\\/frifri.be\\\/fr\\\/boutique\\\/\"},{\"@type\":\"ListItem\",\"position\":3,\"name\":\"Les Anciens produits\",\"item\":\"https:\\\/\\\/frifri.be\\\/fr\\\/categorie-produit\\\/anciens-produits\\\/\"},{\"@type\":\"ListItem\",\"position\":4,\"name\":\"La Friteuse Sans Huile STONE\"}]},{\"@type\":\"WebSite\",\"@id\":\"https:\\\/\\\/frifri.be\\\/fr\\\/#website\",\"url\":\"https:\\\/\\\/frifri.be\\\/fr\\\/\",\"name\":\"Frifri Belgium\",\"description\":\"frifri Shop Belgium\",\"potentialAction\":[{\"@type\":\"SearchAction\",\"target\":{\"@type\":\"EntryPoint\",\"urlTemplate\":\"https:\\\/\\\/frifri.be\\\/fr\\\/?s={search_term_string}\"},\"query-input\":{\"@type\":\"PropertyValueSpecification\",\"valueRequired\":true,\"valueName\":\"search_term_string\"}}],\"inLanguage\":\"fr-FR\"}]}<\/script>\n<!-- \/ Yoast SEO plugin. -->","yoast_head_json":{"title":"La Friteuse Sans Huile STONE - Un look vintage - Frifri Belgium","description":"Avec La Friteuse Sans Huile STONE cuisez jusqu\u2019\u00e0 1 kg de frites et profitez d\u2019un large \u00e9ventail de temp\u00e9ratures pour varier les menus.","robots":{"index":"index","follow":"follow","max-snippet":"max-snippet:-1","max-image-preview":"max-image-preview:large","max-video-preview":"max-video-preview:-1"},"canonical":"https:\/\/frifri.be\/fr\/produit\/la-friteuse-sans-huile-stone\/","og_locale":"fr_FR","og_type":"article","og_title":"La Friteuse Sans Huile STONE - Un look vintage - Frifri Belgium","og_description":"Avec La Friteuse Sans Huile STONE cuisez jusqu\u2019\u00e0 1 kg de frites et profitez d\u2019un large \u00e9ventail de temp\u00e9ratures pour varier les menus.","og_url":"https:\/\/frifri.be\/fr\/produit\/la-friteuse-sans-huile-stone\/","og_site_name":"Frifri Belgium","article_modified_time":"2025-12-02T13:25:25+00:00","og_image":[{"width":1083,"height":1136,"url":"https:\/\/frifri.be\/wp-content\/uploads\/2022\/06\/Friteuse-FriFri_04-copie-2.jpg","type":"image\/jpeg"}],"twitter_card":"summary_large_image","twitter_misc":{"Dur\u00e9e de lecture estim\u00e9e":"2 minutes"},"schema":{"@context":"https:\/\/schema.org","@graph":[{"@type":"WebPage","@id":"https:\/\/frifri.be\/fr\/produit\/la-friteuse-sans-huile-stone\/","url":"https:\/\/frifri.be\/fr\/produit\/la-friteuse-sans-huile-stone\/","name":"La Friteuse Sans Huile STONE - Un look vintage - Frifri Belgium","isPartOf":{"@id":"https:\/\/frifri.be\/fr\/#website"},"primaryImageOfPage":{"@id":"https:\/\/frifri.be\/fr\/produit\/la-friteuse-sans-huile-stone\/#primaryimage"},"image":{"@id":"https:\/\/frifri.be\/fr\/produit\/la-friteuse-sans-huile-stone\/#primaryimage"},"thumbnailUrl":"https:\/\/frifri.be\/wp-content\/uploads\/2022\/06\/Friteuse-FriFri_04-copie-2.jpg","datePublished":"2022-06-16T12:35:47+00:00","dateModified":"2025-12-02T13:25:25+00:00","description":"Avec La Friteuse Sans Huile STONE cuisez jusqu\u2019\u00e0 1 kg de frites et profitez d\u2019un large \u00e9ventail de temp\u00e9ratures pour varier les menus.","breadcrumb":{"@id":"https:\/\/frifri.be\/fr\/produit\/la-friteuse-sans-huile-stone\/#breadcrumb"},"inLanguage":"fr-FR","potentialAction":[{"@type":"ReadAction","target":["https:\/\/frifri.be\/fr\/produit\/la-friteuse-sans-huile-stone\/"]}]},{"@type":"ImageObject","inLanguage":"fr-FR","@id":"https:\/\/frifri.be\/fr\/produit\/la-friteuse-sans-huile-stone\/#primaryimage","url":"https:\/\/frifri.be\/wp-content\/uploads\/2022\/06\/Friteuse-FriFri_04-copie-2.jpg","contentUrl":"https:\/\/frifri.be\/wp-content\/uploads\/2022\/06\/Friteuse-FriFri_04-copie-2.jpg","width":1083,"height":1136},{"@type":"BreadcrumbList","@id":"https:\/\/frifri.be\/fr\/produit\/la-friteuse-sans-huile-stone\/#breadcrumb","itemListElement":[{"@type":"ListItem","position":1,"name":"Home","item":"https:\/\/frifri.be\/fr\/frifri\/"},{"@type":"ListItem","position":2,"name":"Nos produits","item":"https:\/\/frifri.be\/fr\/boutique\/"},{"@type":"ListItem","position":3,"name":"Les Anciens produits","item":"https:\/\/frifri.be\/fr\/categorie-produit\/anciens-produits\/"},{"@type":"ListItem","position":4,"name":"La Friteuse Sans Huile STONE"}]},{"@type":"WebSite","@id":"https:\/\/frifri.be\/fr\/#website","url":"https:\/\/frifri.be\/fr\/","name":"Frifri Belgium","description":"frifri Shop Belgium","potentialAction":[{"@type":"SearchAction","target":{"@type":"EntryPoint","urlTemplate":"https:\/\/frifri.be\/fr\/?s={search_term_string}"},"query-input":{"@type":"PropertyValueSpecification","valueRequired":true,"valueName":"search_term_string"}}],"inLanguage":"fr-FR"}]}},"_links":{"self":[{"href":"https:\/\/frifri.be\/fr\/wp-json\/wp\/v2\/product\/43484","targetHints":{"allow":["GET"]}}],"collection":[{"href":"https:\/\/frifri.be\/fr\/wp-json\/wp\/v2\/product"}],"about":[{"href":"https:\/\/frifri.be\/fr\/wp-json\/wp\/v2\/types\/product"}],"replies":[{"embeddable":true,"href":"https:\/\/frifri.be\/fr\/wp-json\/wp\/v2\/comments?post=43484"}],"wp:featuredmedia":[{"embeddable":true,"href":"https:\/\/frifri.be\/fr\/wp-json\/wp\/v2\/media\/45140"}],"wp:attachment":[{"href":"https:\/\/frifri.be\/fr\/wp-json\/wp\/v2\/media?parent=43484"}],"wp:term":[{"taxonomy":"product_brand","embeddable":true,"href":"https:\/\/frifri.be\/fr\/wp-json\/wp\/v2\/product_brand?post=43484"},{"taxonomy":"product_cat","embeddable":true,"href":"https:\/\/frifri.be\/fr\/wp-json\/wp\/v2\/product_cat?post=43484"},{"taxonomy":"product_tag","embeddable":true,"href":"https:\/\/frifri.be\/fr\/wp-json\/wp\/v2\/product_tag?post=43484"}],"curies":[{"name":"wp","href":"https:\/\/api.w.org\/{rel}","templated":true}]}}