{"id":52974,"date":"2023-05-03T15:25:28","date_gmt":"2023-05-03T13:25:28","guid":{"rendered":"https:\/\/frifri.be\/?post_type=product&#038;p=52974"},"modified":"2026-01-21T10:16:18","modified_gmt":"2026-01-21T09:16:18","slug":"le-gaufrier-edition-webonly","status":"publish","type":"product","link":"https:\/\/frifri.be\/fr\/produit\/le-gaufrier-edition-webonly\/","title":{"rendered":"Le Gaufrier &#8211; Pack All in One &#8211; Edition web only"},"content":{"rendered":"<p>9 jeux de plaques pour varier les plaisirs et se faire plaisir \u00e0 l&rsquo;infini !<\/p>\n<p>D\u00e9couvrez Le Gaufrier dans un <strong>pack All in One &#8211; \u00e9dition web only <\/strong>et r\u00e9alisez tout type de gaufres gr\u00e2ce aux 9 jeux de plaques !<\/p>\n<ul>\n<li><strong>9 jeux de plaques interchangeables<\/strong> pour cuisiner : des gaufres de Bruxelles &amp; de Li\u00e8ge, des gaufres traditionnelles, des gaufrettes, des galettes, des croque-monsieur, des cornets de glace, des gaufres en coeur, des gaufres fourr\u00e9es et des Bubble Waffle.<\/li>\n<li>Plaques en <strong>fonte d&rsquo;aluminium<\/strong> et <strong>antiadh\u00e9sives<\/strong> pour une cuisson uniforme et un usage \u00e0 l\u2019infini.<\/li>\n<li>Cuisson encore plus performante, toujours aussi puissant avec ses <strong>1.200 Watts<\/strong>, cuisez rapidement vos gaufres et sandwiches.<\/li>\n<li>Pratique avec son <strong>thermostat<\/strong> et sa <strong>fonction<\/strong> <strong>rotative<\/strong> pour une cuisson parfaite de la p\u00e2te.<\/li>\n<li>Les nouvelles <strong>coques de protection thermique Cool Touch<\/strong> assurent une manipulation sereine de l\u2019appareil lors de la cuisson, et ce m\u00eame avec des enfants !<\/li>\n<li>Facile \u00e0 nettoyer, les plaques interchangeables <strong>amovibles<\/strong> passent au lave-vaisselle.<\/li>\n<\/ul>\n<p>Dans un souci constant d&rsquo;am\u00e9lioration, nous avons r\u00e9cemment perfectionn\u00e9 les mat\u00e9riaux utilis\u00e9s dans les plaques de nos gaufriers.<br \/>\nGr\u00e2ce \u00e0 cette nouvelle g\u00e9n\u00e9ration de plaques, la r\u00e9partition de la chaleur est encore plus uniforme et les r\u00e9sultats de cuisson sont toujours plus gourmands !<\/p>\n","protected":false},"excerpt":{"rendered":"<p>9 jeux de plaques pour varier les plaisirs et se faire plaisir \u00e0 l&rsquo;infini ! D\u00e9couvrez&#8230; <span class=\"moreLink\"><a href=\"https:\/\/frifri.be\/fr\/produit\/le-gaufrier-edition-webonly\/\">+<\/a><\/span><\/p>\n","protected":false},"featured_media":45779,"comment_status":"open","ping_status":"closed","template":"","meta":{"_acf_changed":false},"product_brand":[],"product_cat":[177],"product_tag":[],"class_list":{"0":"post-52974","1":"product","2":"type-product","3":"status-publish","4":"has-post-thumbnail","6":"product_cat-electro-menager-gaufrier-pour-gaufres-et-cornets-de-glace","8":"first","9":"outofstock","10":"taxable","11":"shipping-taxable","12":"purchasable","13":"product-type-variable"},"acf":[],"yoast_head":"<!-- This site is optimized with the Yoast SEO plugin v27.1.1 - https:\/\/yoast.com\/product\/yoast-seo-wordpress\/ -->\n<title>Le Gaufrier - Pack All in One - Edition web only - Frifri Belgium<\/title>\n<meta name=\"description\" content=\"D\u00e9couvrez Le Gaufrier dans un pack web only incluant LE leader incontest\u00e9 des GAUFRIERS et ses 9 jeux de plaques pour encore plus de plaisir !\" \/>\n<meta name=\"robots\" content=\"index, follow, max-snippet:-1, max-image-preview:large, max-video-preview:-1\" \/>\n<link rel=\"canonical\" href=\"https:\/\/frifri.be\/fr\/produit\/le-gaufrier-edition-webonly\/\" \/>\n<meta property=\"og:locale\" content=\"fr_FR\" \/>\n<meta property=\"og:type\" content=\"article\" \/>\n<meta property=\"og:title\" content=\"Le Gaufrier - Pack All in One - Edition web only - Frifri Belgium\" \/>\n<meta property=\"og:description\" content=\"D\u00e9couvrez Le Gaufrier dans un pack web only incluant LE leader incontest\u00e9 des GAUFRIERS et ses 9 jeux de plaques pour encore plus de plaisir !\" \/>\n<meta property=\"og:url\" content=\"https:\/\/frifri.be\/fr\/produit\/le-gaufrier-edition-webonly\/\" \/>\n<meta property=\"og:site_name\" content=\"Frifri Belgium\" \/>\n<meta property=\"article:modified_time\" content=\"2026-01-21T09:16:18+00:00\" \/>\n<meta property=\"og:image\" content=\"https:\/\/frifri.be\/wp-content\/uploads\/2022\/09\/FF-VISU-WEB-GAUFRIER-gris-1.jpg\" \/>\n\t<meta property=\"og:image:width\" content=\"728\" \/>\n\t<meta property=\"og:image:height\" content=\"728\" \/>\n\t<meta property=\"og:image:type\" content=\"image\/jpeg\" \/>\n<meta name=\"twitter:card\" content=\"summary_large_image\" \/>\n<meta name=\"twitter:label1\" content=\"Dur\u00e9e de lecture estim\u00e9e\" \/>\n\t<meta name=\"twitter:data1\" content=\"2 minutes\" \/>\n<script type=\"application\/ld+json\" class=\"yoast-schema-graph\">{\"@context\":\"https:\/\/schema.org\",\"@graph\":[{\"@type\":\"WebPage\",\"@id\":\"https:\/\/frifri.be\/fr\/produit\/le-gaufrier-edition-webonly\/\",\"url\":\"https:\/\/frifri.be\/fr\/produit\/le-gaufrier-edition-webonly\/\",\"name\":\"Le Gaufrier - Pack All in One - Edition web only - Frifri Belgium\",\"isPartOf\":{\"@id\":\"https:\/\/frifri.be\/fr\/#website\"},\"primaryImageOfPage\":{\"@id\":\"https:\/\/frifri.be\/fr\/produit\/le-gaufrier-edition-webonly\/#primaryimage\"},\"image\":{\"@id\":\"https:\/\/frifri.be\/fr\/produit\/le-gaufrier-edition-webonly\/#primaryimage\"},\"thumbnailUrl\":\"https:\/\/frifri.be\/wp-content\/uploads\/2022\/09\/FF-VISU-WEB-GAUFRIER-gris-1.jpg\",\"datePublished\":\"2023-05-03T13:25:28+00:00\",\"dateModified\":\"2026-01-21T09:16:18+00:00\",\"description\":\"D\u00e9couvrez Le Gaufrier dans un pack web only incluant LE leader incontest\u00e9 des GAUFRIERS et ses 9 jeux de plaques pour encore plus de plaisir !\",\"breadcrumb\":{\"@id\":\"https:\/\/frifri.be\/fr\/produit\/le-gaufrier-edition-webonly\/#breadcrumb\"},\"inLanguage\":\"fr-FR\",\"potentialAction\":[{\"@type\":\"ReadAction\",\"target\":[\"https:\/\/frifri.be\/fr\/produit\/le-gaufrier-edition-webonly\/\"]}]},{\"@type\":\"ImageObject\",\"inLanguage\":\"fr-FR\",\"@id\":\"https:\/\/frifri.be\/fr\/produit\/le-gaufrier-edition-webonly\/#primaryimage\",\"url\":\"https:\/\/frifri.be\/wp-content\/uploads\/2022\/09\/FF-VISU-WEB-GAUFRIER-gris-1.jpg\",\"contentUrl\":\"https:\/\/frifri.be\/wp-content\/uploads\/2022\/09\/FF-VISU-WEB-GAUFRIER-gris-1.jpg\",\"width\":728,\"height\":728},{\"@type\":\"BreadcrumbList\",\"@id\":\"https:\/\/frifri.be\/fr\/produit\/le-gaufrier-edition-webonly\/#breadcrumb\",\"itemListElement\":[{\"@type\":\"ListItem\",\"position\":1,\"name\":\"Home\",\"item\":\"https:\/\/frifri.be\/fr\/frifri\/\"},{\"@type\":\"ListItem\",\"position\":2,\"name\":\"Nos produits\",\"item\":\"https:\/\/frifri.be\/fr\/boutique\/\"},{\"@type\":\"ListItem\",\"position\":3,\"name\":\"Les Gaufriers\",\"item\":\"https:\/\/frifri.be\/fr\/categorie-produit\/electro-menager-gaufrier-pour-gaufres-et-cornets-de-glace\/\"},{\"@type\":\"ListItem\",\"position\":4,\"name\":\"Le Gaufrier &#8211; Pack All in One &#8211; Edition web only\"}]},{\"@type\":\"WebSite\",\"@id\":\"https:\/\/frifri.be\/fr\/#website\",\"url\":\"https:\/\/frifri.be\/fr\/\",\"name\":\"Frifri Belgium\",\"description\":\"frifri Shop Belgium\",\"potentialAction\":[{\"@type\":\"SearchAction\",\"target\":{\"@type\":\"EntryPoint\",\"urlTemplate\":\"https:\/\/frifri.be\/fr\/?s={search_term_string}\"},\"query-input\":{\"@type\":\"PropertyValueSpecification\",\"valueRequired\":true,\"valueName\":\"search_term_string\"}}],\"inLanguage\":\"fr-FR\"}]}<\/script>\n<!-- \/ Yoast SEO plugin. -->","yoast_head_json":{"title":"Le Gaufrier - Pack All in One - Edition web only - Frifri Belgium","description":"D\u00e9couvrez Le Gaufrier dans un pack web only incluant LE leader incontest\u00e9 des GAUFRIERS et ses 9 jeux de plaques pour encore plus de plaisir !","robots":{"index":"index","follow":"follow","max-snippet":"max-snippet:-1","max-image-preview":"max-image-preview:large","max-video-preview":"max-video-preview:-1"},"canonical":"https:\/\/frifri.be\/fr\/produit\/le-gaufrier-edition-webonly\/","og_locale":"fr_FR","og_type":"article","og_title":"Le Gaufrier - Pack All in One - Edition web only - Frifri Belgium","og_description":"D\u00e9couvrez Le Gaufrier dans un pack web only incluant LE leader incontest\u00e9 des GAUFRIERS et ses 9 jeux de plaques pour encore plus de plaisir !","og_url":"https:\/\/frifri.be\/fr\/produit\/le-gaufrier-edition-webonly\/","og_site_name":"Frifri Belgium","article_modified_time":"2026-01-21T09:16:18+00:00","og_image":[{"width":728,"height":728,"url":"https:\/\/frifri.be\/wp-content\/uploads\/2022\/09\/FF-VISU-WEB-GAUFRIER-gris-1.jpg","type":"image\/jpeg"}],"twitter_card":"summary_large_image","twitter_misc":{"Dur\u00e9e de lecture estim\u00e9e":"2 minutes"},"schema":{"@context":"https:\/\/schema.org","@graph":[{"@type":"WebPage","@id":"https:\/\/frifri.be\/fr\/produit\/le-gaufrier-edition-webonly\/","url":"https:\/\/frifri.be\/fr\/produit\/le-gaufrier-edition-webonly\/","name":"Le Gaufrier - Pack All in One - Edition web only - Frifri Belgium","isPartOf":{"@id":"https:\/\/frifri.be\/fr\/#website"},"primaryImageOfPage":{"@id":"https:\/\/frifri.be\/fr\/produit\/le-gaufrier-edition-webonly\/#primaryimage"},"image":{"@id":"https:\/\/frifri.be\/fr\/produit\/le-gaufrier-edition-webonly\/#primaryimage"},"thumbnailUrl":"https:\/\/frifri.be\/wp-content\/uploads\/2022\/09\/FF-VISU-WEB-GAUFRIER-gris-1.jpg","datePublished":"2023-05-03T13:25:28+00:00","dateModified":"2026-01-21T09:16:18+00:00","description":"D\u00e9couvrez Le Gaufrier dans un pack web only incluant LE leader incontest\u00e9 des GAUFRIERS et ses 9 jeux de plaques pour encore plus de plaisir !","breadcrumb":{"@id":"https:\/\/frifri.be\/fr\/produit\/le-gaufrier-edition-webonly\/#breadcrumb"},"inLanguage":"fr-FR","potentialAction":[{"@type":"ReadAction","target":["https:\/\/frifri.be\/fr\/produit\/le-gaufrier-edition-webonly\/"]}]},{"@type":"ImageObject","inLanguage":"fr-FR","@id":"https:\/\/frifri.be\/fr\/produit\/le-gaufrier-edition-webonly\/#primaryimage","url":"https:\/\/frifri.be\/wp-content\/uploads\/2022\/09\/FF-VISU-WEB-GAUFRIER-gris-1.jpg","contentUrl":"https:\/\/frifri.be\/wp-content\/uploads\/2022\/09\/FF-VISU-WEB-GAUFRIER-gris-1.jpg","width":728,"height":728},{"@type":"BreadcrumbList","@id":"https:\/\/frifri.be\/fr\/produit\/le-gaufrier-edition-webonly\/#breadcrumb","itemListElement":[{"@type":"ListItem","position":1,"name":"Home","item":"https:\/\/frifri.be\/fr\/frifri\/"},{"@type":"ListItem","position":2,"name":"Nos produits","item":"https:\/\/frifri.be\/fr\/boutique\/"},{"@type":"ListItem","position":3,"name":"Les Gaufriers","item":"https:\/\/frifri.be\/fr\/categorie-produit\/electro-menager-gaufrier-pour-gaufres-et-cornets-de-glace\/"},{"@type":"ListItem","position":4,"name":"Le Gaufrier &#8211; Pack All in One &#8211; Edition web only"}]},{"@type":"WebSite","@id":"https:\/\/frifri.be\/fr\/#website","url":"https:\/\/frifri.be\/fr\/","name":"Frifri Belgium","description":"frifri Shop Belgium","potentialAction":[{"@type":"SearchAction","target":{"@type":"EntryPoint","urlTemplate":"https:\/\/frifri.be\/fr\/?s={search_term_string}"},"query-input":{"@type":"PropertyValueSpecification","valueRequired":true,"valueName":"search_term_string"}}],"inLanguage":"fr-FR"}]}},"_links":{"self":[{"href":"https:\/\/frifri.be\/fr\/wp-json\/wp\/v2\/product\/52974","targetHints":{"allow":["GET"]}}],"collection":[{"href":"https:\/\/frifri.be\/fr\/wp-json\/wp\/v2\/product"}],"about":[{"href":"https:\/\/frifri.be\/fr\/wp-json\/wp\/v2\/types\/product"}],"replies":[{"embeddable":true,"href":"https:\/\/frifri.be\/fr\/wp-json\/wp\/v2\/comments?post=52974"}],"wp:featuredmedia":[{"embeddable":true,"href":"https:\/\/frifri.be\/fr\/wp-json\/wp\/v2\/media\/45779"}],"wp:attachment":[{"href":"https:\/\/frifri.be\/fr\/wp-json\/wp\/v2\/media?parent=52974"}],"wp:term":[{"taxonomy":"product_brand","embeddable":true,"href":"https:\/\/frifri.be\/fr\/wp-json\/wp\/v2\/product_brand?post=52974"},{"taxonomy":"product_cat","embeddable":true,"href":"https:\/\/frifri.be\/fr\/wp-json\/wp\/v2\/product_cat?post=52974"},{"taxonomy":"product_tag","embeddable":true,"href":"https:\/\/frifri.be\/fr\/wp-json\/wp\/v2\/product_tag?post=52974"}],"curies":[{"name":"wp","href":"https:\/\/api.w.org\/{rel}","templated":true}]}}