{"id":53266,"date":"2023-05-16T14:20:19","date_gmt":"2023-05-16T12:20:19","guid":{"rendered":"https:\/\/frifri.be\/?post_type=product&#038;p=53266"},"modified":"2025-12-02T23:45:05","modified_gmt":"2025-12-02T22:45:05","slug":"les-coques-cool-touch-frifri","status":"publish","type":"product","link":"https:\/\/frifri.be\/fr\/produit\/les-coques-cool-touch-frifri\/","title":{"rendered":"Les coques Cool Touch Frifri"},"content":{"rendered":"<p>Les nouvelles coques de protection thermique Cool Touch assurent une manipulation sereine de l\u2019appareil lors de la cuisson, et ce m\u00eame avec des enfants !<\/p>\n","protected":false},"excerpt":{"rendered":"<p>Les nouvelles coques de protection thermique Cool Touch assurent une manipulation sereine de l\u2019appareil lors de&#8230; <span class=\"moreLink\"><a href=\"https:\/\/frifri.be\/fr\/produit\/les-coques-cool-touch-frifri\/\">+<\/a><\/span><\/p>\n","protected":false},"featured_media":53267,"comment_status":"closed","ping_status":"closed","template":"","meta":{"_acf_changed":false},"product_brand":[],"product_cat":[177,282],"product_tag":[],"class_list":{"0":"post-53266","1":"product","2":"type-product","3":"status-publish","4":"has-post-thumbnail","6":"product_cat-electro-menager-gaufrier-pour-gaufres-et-cornets-de-glace","7":"product_cat-accessoire-gaufrier-plaques-fourchette","9":"first","10":"instock","11":"taxable","12":"shipping-taxable","13":"purchasable","14":"product-type-simple"},"acf":[],"yoast_head":"<!-- This site is optimized with the Yoast SEO plugin v27.1.1 - https:\/\/yoast.com\/product\/yoast-seo-wordpress\/ -->\n<title>Les coques Cool Touch Frifri - Frifri Belgium<\/title>\n<meta name=\"robots\" content=\"index, follow, max-snippet:-1, max-image-preview:large, max-video-preview:-1\" \/>\n<link rel=\"canonical\" href=\"https:\/\/frifri.be\/fr\/produit\/les-coques-cool-touch-frifri\/\" \/>\n<meta property=\"og:locale\" content=\"fr_FR\" \/>\n<meta property=\"og:type\" content=\"article\" \/>\n<meta property=\"og:title\" content=\"Les coques Cool Touch Frifri - Frifri Belgium\" \/>\n<meta property=\"og:description\" content=\"Les nouvelles coques de protection thermique Cool Touch assurent une manipulation sereine de l\u2019appareil lors de... +\" \/>\n<meta property=\"og:url\" content=\"https:\/\/frifri.be\/fr\/produit\/les-coques-cool-touch-frifri\/\" \/>\n<meta property=\"og:site_name\" content=\"Frifri Belgium\" \/>\n<meta property=\"article:modified_time\" content=\"2025-12-02T22:45:05+00:00\" \/>\n<meta property=\"og:image\" content=\"https:\/\/frifri.be\/wp-content\/uploads\/2023\/05\/frifri-photo-gauffri-protec.jpg\" \/>\n\t<meta property=\"og:image:width\" content=\"1600\" \/>\n\t<meta property=\"og:image:height\" content=\"1067\" \/>\n\t<meta property=\"og:image:type\" content=\"image\/jpeg\" \/>\n<meta name=\"twitter:card\" content=\"summary_large_image\" \/>\n<meta name=\"twitter:label1\" content=\"Dur\u00e9e de lecture estim\u00e9e\" \/>\n\t<meta name=\"twitter:data1\" content=\"1 minute\" \/>\n<script type=\"application\/ld+json\" class=\"yoast-schema-graph\">{\"@context\":\"https:\/\/schema.org\",\"@graph\":[{\"@type\":\"WebPage\",\"@id\":\"https:\/\/frifri.be\/fr\/produit\/les-coques-cool-touch-frifri\/\",\"url\":\"https:\/\/frifri.be\/fr\/produit\/les-coques-cool-touch-frifri\/\",\"name\":\"Les coques Cool Touch Frifri - Frifri Belgium\",\"isPartOf\":{\"@id\":\"https:\/\/frifri.be\/fr\/#website\"},\"primaryImageOfPage\":{\"@id\":\"https:\/\/frifri.be\/fr\/produit\/les-coques-cool-touch-frifri\/#primaryimage\"},\"image\":{\"@id\":\"https:\/\/frifri.be\/fr\/produit\/les-coques-cool-touch-frifri\/#primaryimage\"},\"thumbnailUrl\":\"https:\/\/frifri.be\/wp-content\/uploads\/2023\/05\/frifri-photo-gauffri-protec.jpg\",\"datePublished\":\"2023-05-16T12:20:19+00:00\",\"dateModified\":\"2025-12-02T22:45:05+00:00\",\"breadcrumb\":{\"@id\":\"https:\/\/frifri.be\/fr\/produit\/les-coques-cool-touch-frifri\/#breadcrumb\"},\"inLanguage\":\"fr-FR\",\"potentialAction\":[{\"@type\":\"ReadAction\",\"target\":[\"https:\/\/frifri.be\/fr\/produit\/les-coques-cool-touch-frifri\/\"]}]},{\"@type\":\"ImageObject\",\"inLanguage\":\"fr-FR\",\"@id\":\"https:\/\/frifri.be\/fr\/produit\/les-coques-cool-touch-frifri\/#primaryimage\",\"url\":\"https:\/\/frifri.be\/wp-content\/uploads\/2023\/05\/frifri-photo-gauffri-protec.jpg\",\"contentUrl\":\"https:\/\/frifri.be\/wp-content\/uploads\/2023\/05\/frifri-photo-gauffri-protec.jpg\",\"width\":1600,\"height\":1067},{\"@type\":\"BreadcrumbList\",\"@id\":\"https:\/\/frifri.be\/fr\/produit\/les-coques-cool-touch-frifri\/#breadcrumb\",\"itemListElement\":[{\"@type\":\"ListItem\",\"position\":1,\"name\":\"Home\",\"item\":\"https:\/\/frifri.be\/fr\/frifri\/\"},{\"@type\":\"ListItem\",\"position\":2,\"name\":\"Nos produits\",\"item\":\"https:\/\/frifri.be\/fr\/boutique\/\"},{\"@type\":\"ListItem\",\"position\":3,\"name\":\"Les Pi\u00e8ces D\u00e9tach\u00e9es et Accessoires\",\"item\":\"https:\/\/frifri.be\/fr\/categorie-produit\/les-pieces-detachees-electromenager\/\"},{\"@type\":\"ListItem\",\"position\":4,\"name\":\"Les Gaufriers\",\"item\":\"https:\/\/frifri.be\/fr\/categorie-produit\/les-pieces-detachees-electromenager\/accessoire-gaufrier-plaques-fourchette\/\"},{\"@type\":\"ListItem\",\"position\":5,\"name\":\"Les coques Cool Touch Frifri\"}]},{\"@type\":\"WebSite\",\"@id\":\"https:\/\/frifri.be\/fr\/#website\",\"url\":\"https:\/\/frifri.be\/fr\/\",\"name\":\"Frifri Belgium\",\"description\":\"frifri Shop Belgium\",\"potentialAction\":[{\"@type\":\"SearchAction\",\"target\":{\"@type\":\"EntryPoint\",\"urlTemplate\":\"https:\/\/frifri.be\/fr\/?s={search_term_string}\"},\"query-input\":{\"@type\":\"PropertyValueSpecification\",\"valueRequired\":true,\"valueName\":\"search_term_string\"}}],\"inLanguage\":\"fr-FR\"}]}<\/script>\n<!-- \/ Yoast SEO plugin. -->","yoast_head_json":{"title":"Les coques Cool Touch Frifri - Frifri Belgium","robots":{"index":"index","follow":"follow","max-snippet":"max-snippet:-1","max-image-preview":"max-image-preview:large","max-video-preview":"max-video-preview:-1"},"canonical":"https:\/\/frifri.be\/fr\/produit\/les-coques-cool-touch-frifri\/","og_locale":"fr_FR","og_type":"article","og_title":"Les coques Cool Touch Frifri - Frifri Belgium","og_description":"Les nouvelles coques de protection thermique Cool Touch assurent une manipulation sereine de l\u2019appareil lors de... +","og_url":"https:\/\/frifri.be\/fr\/produit\/les-coques-cool-touch-frifri\/","og_site_name":"Frifri Belgium","article_modified_time":"2025-12-02T22:45:05+00:00","og_image":[{"width":1600,"height":1067,"url":"https:\/\/frifri.be\/wp-content\/uploads\/2023\/05\/frifri-photo-gauffri-protec.jpg","type":"image\/jpeg"}],"twitter_card":"summary_large_image","twitter_misc":{"Dur\u00e9e de lecture estim\u00e9e":"1 minute"},"schema":{"@context":"https:\/\/schema.org","@graph":[{"@type":"WebPage","@id":"https:\/\/frifri.be\/fr\/produit\/les-coques-cool-touch-frifri\/","url":"https:\/\/frifri.be\/fr\/produit\/les-coques-cool-touch-frifri\/","name":"Les coques Cool Touch Frifri - Frifri Belgium","isPartOf":{"@id":"https:\/\/frifri.be\/fr\/#website"},"primaryImageOfPage":{"@id":"https:\/\/frifri.be\/fr\/produit\/les-coques-cool-touch-frifri\/#primaryimage"},"image":{"@id":"https:\/\/frifri.be\/fr\/produit\/les-coques-cool-touch-frifri\/#primaryimage"},"thumbnailUrl":"https:\/\/frifri.be\/wp-content\/uploads\/2023\/05\/frifri-photo-gauffri-protec.jpg","datePublished":"2023-05-16T12:20:19+00:00","dateModified":"2025-12-02T22:45:05+00:00","breadcrumb":{"@id":"https:\/\/frifri.be\/fr\/produit\/les-coques-cool-touch-frifri\/#breadcrumb"},"inLanguage":"fr-FR","potentialAction":[{"@type":"ReadAction","target":["https:\/\/frifri.be\/fr\/produit\/les-coques-cool-touch-frifri\/"]}]},{"@type":"ImageObject","inLanguage":"fr-FR","@id":"https:\/\/frifri.be\/fr\/produit\/les-coques-cool-touch-frifri\/#primaryimage","url":"https:\/\/frifri.be\/wp-content\/uploads\/2023\/05\/frifri-photo-gauffri-protec.jpg","contentUrl":"https:\/\/frifri.be\/wp-content\/uploads\/2023\/05\/frifri-photo-gauffri-protec.jpg","width":1600,"height":1067},{"@type":"BreadcrumbList","@id":"https:\/\/frifri.be\/fr\/produit\/les-coques-cool-touch-frifri\/#breadcrumb","itemListElement":[{"@type":"ListItem","position":1,"name":"Home","item":"https:\/\/frifri.be\/fr\/frifri\/"},{"@type":"ListItem","position":2,"name":"Nos produits","item":"https:\/\/frifri.be\/fr\/boutique\/"},{"@type":"ListItem","position":3,"name":"Les Pi\u00e8ces D\u00e9tach\u00e9es et Accessoires","item":"https:\/\/frifri.be\/fr\/categorie-produit\/les-pieces-detachees-electromenager\/"},{"@type":"ListItem","position":4,"name":"Les Gaufriers","item":"https:\/\/frifri.be\/fr\/categorie-produit\/les-pieces-detachees-electromenager\/accessoire-gaufrier-plaques-fourchette\/"},{"@type":"ListItem","position":5,"name":"Les coques Cool Touch Frifri"}]},{"@type":"WebSite","@id":"https:\/\/frifri.be\/fr\/#website","url":"https:\/\/frifri.be\/fr\/","name":"Frifri Belgium","description":"frifri Shop Belgium","potentialAction":[{"@type":"SearchAction","target":{"@type":"EntryPoint","urlTemplate":"https:\/\/frifri.be\/fr\/?s={search_term_string}"},"query-input":{"@type":"PropertyValueSpecification","valueRequired":true,"valueName":"search_term_string"}}],"inLanguage":"fr-FR"}]}},"_links":{"self":[{"href":"https:\/\/frifri.be\/fr\/wp-json\/wp\/v2\/product\/53266","targetHints":{"allow":["GET"]}}],"collection":[{"href":"https:\/\/frifri.be\/fr\/wp-json\/wp\/v2\/product"}],"about":[{"href":"https:\/\/frifri.be\/fr\/wp-json\/wp\/v2\/types\/product"}],"replies":[{"embeddable":true,"href":"https:\/\/frifri.be\/fr\/wp-json\/wp\/v2\/comments?post=53266"}],"wp:featuredmedia":[{"embeddable":true,"href":"https:\/\/frifri.be\/fr\/wp-json\/wp\/v2\/media\/53267"}],"wp:attachment":[{"href":"https:\/\/frifri.be\/fr\/wp-json\/wp\/v2\/media?parent=53266"}],"wp:term":[{"taxonomy":"product_brand","embeddable":true,"href":"https:\/\/frifri.be\/fr\/wp-json\/wp\/v2\/product_brand?post=53266"},{"taxonomy":"product_cat","embeddable":true,"href":"https:\/\/frifri.be\/fr\/wp-json\/wp\/v2\/product_cat?post=53266"},{"taxonomy":"product_tag","embeddable":true,"href":"https:\/\/frifri.be\/fr\/wp-json\/wp\/v2\/product_tag?post=53266"}],"curies":[{"name":"wp","href":"https:\/\/api.w.org\/{rel}","templated":true}]}}