{"id":53834,"date":"2023-07-06T14:52:50","date_gmt":"2023-07-06T12:52:50","guid":{"rendered":"https:\/\/frifri.be\/?post_type=product&#038;p=53834"},"modified":"2026-01-21T10:18:56","modified_gmt":"2026-01-21T09:18:56","slug":"le-gaufrier-pack-excellence","status":"publish","type":"product","link":"https:\/\/frifri.be\/fr\/produit\/le-gaufrier-pack-excellence\/","title":{"rendered":"Le Gaufrier &#8211; Pack Excellence"},"content":{"rendered":"<p>D\u00e9couvrez les gaufriers de la gamme H\u00e9ritage Gaufres traditionnelles dans leur version am\u00e9lior\u00e9e Cool Touch pour faire des gaufres dans la plus pure des traditions.<\/p>\n<ul>\n<li>Plaques en fonte d\u2019aluminium et antiadh\u00e9sives pour une cuisson uniforme et un usage \u00e0 l\u2019infini.<\/li>\n<li>Encore plus performant \u00e0 la cuisson, toujours avec 1.200 Watts, cuisez rapidement toutes vos gaufres sans attendre, les unes apr\u00e8s les autres.<\/li>\n<li>Pratique avec son thermostat et sa fonction rotative pour une cuisson parfaite de la p\u00e2te.<\/li>\n<li>Les nouvelles coques de protection thermique Cool Touch assurent une manipulation sereine de l\u2019appareil lors de la cuisson, et ce m\u00eame avec des enfants !<\/li>\n<li>Facile \u00e0 nettoyer, les plaques interchangeables amovibles passent au lave-vaisselle.<\/li>\n<li>2 plaques incluses compl\u00e9mentaires: Gaufres traditionnelles et croque-monsieur<\/li>\n<li>La fourchette \u00e0 gaufre en inox: l\u2019outil indispensable pour les d\u00e9mouler sans ab\u00eemer les gaufres ou le gaufrier et sans vous br\u00fbler.<\/li>\n<\/ul>\n","protected":false},"excerpt":{"rendered":"<p>D\u00e9couvrez les gaufriers de la gamme H\u00e9ritage Gaufres traditionnelles dans leur version am\u00e9lior\u00e9e Cool Touch pour&#8230; <span class=\"moreLink\"><a href=\"https:\/\/frifri.be\/fr\/produit\/le-gaufrier-pack-excellence\/\">+<\/a><\/span><\/p>\n","protected":false},"featured_media":43478,"comment_status":"open","ping_status":"closed","template":"","meta":{"_acf_changed":false},"product_brand":[],"product_cat":[177],"product_tag":[],"class_list":{"0":"post-53834","1":"product","2":"type-product","3":"status-publish","4":"has-post-thumbnail","6":"product_cat-electro-menager-gaufrier-pour-gaufres-et-cornets-de-glace","8":"first","9":"only_vanden_borre","10":"taxable","11":"shipping-taxable","12":"product-type-simple"},"acf":[],"yoast_head":"<!-- This site is optimized with the Yoast SEO plugin v27.1.1 - https:\/\/yoast.com\/product\/yoast-seo-wordpress\/ -->\n<title>Le Gaufrier - Pack Excellence - Frifri Belgium<\/title>\n<meta name=\"description\" content=\"D\u00e9couvrez les gaufriers de la gamme H\u00e9ritage Gaufres traditionnelles dans leur version am\u00e9lior\u00e9e Cool Touch, dot\u00e9s d&#039;accessoires astucieux.\" \/>\n<meta name=\"robots\" content=\"index, follow, max-snippet:-1, max-image-preview:large, max-video-preview:-1\" \/>\n<link rel=\"canonical\" href=\"https:\/\/frifri.be\/fr\/produit\/le-gaufrier-pack-excellence\/\" \/>\n<meta property=\"og:locale\" content=\"fr_FR\" \/>\n<meta property=\"og:type\" content=\"article\" \/>\n<meta property=\"og:title\" content=\"Le Gaufrier - Pack Excellence - Frifri Belgium\" \/>\n<meta property=\"og:description\" content=\"D\u00e9couvrez les gaufriers de la gamme H\u00e9ritage Gaufres traditionnelles dans leur version am\u00e9lior\u00e9e Cool Touch, dot\u00e9s d&#039;accessoires astucieux.\" \/>\n<meta property=\"og:url\" content=\"https:\/\/frifri.be\/fr\/produit\/le-gaufrier-pack-excellence\/\" \/>\n<meta property=\"og:site_name\" content=\"Frifri Belgium\" \/>\n<meta property=\"article:modified_time\" content=\"2026-01-21T09:18:56+00:00\" \/>\n<meta property=\"og:image\" content=\"https:\/\/frifri.be\/wp-content\/uploads\/2022\/06\/Heritage-Gaufres-Noir-CoolTouch.jpg\" \/>\n\t<meta property=\"og:image:width\" content=\"1042\" \/>\n\t<meta property=\"og:image:height\" content=\"1042\" \/>\n\t<meta property=\"og:image:type\" content=\"image\/jpeg\" \/>\n<meta name=\"twitter:card\" content=\"summary_large_image\" \/>\n<meta name=\"twitter:label1\" content=\"Dur\u00e9e de lecture estim\u00e9e\" \/>\n\t<meta name=\"twitter:data1\" content=\"2 minutes\" \/>\n<script type=\"application\/ld+json\" class=\"yoast-schema-graph\">{\"@context\":\"https:\/\/schema.org\",\"@graph\":[{\"@type\":\"WebPage\",\"@id\":\"https:\/\/frifri.be\/fr\/produit\/le-gaufrier-pack-excellence\/\",\"url\":\"https:\/\/frifri.be\/fr\/produit\/le-gaufrier-pack-excellence\/\",\"name\":\"Le Gaufrier - Pack Excellence - Frifri Belgium\",\"isPartOf\":{\"@id\":\"https:\/\/frifri.be\/fr\/#website\"},\"primaryImageOfPage\":{\"@id\":\"https:\/\/frifri.be\/fr\/produit\/le-gaufrier-pack-excellence\/#primaryimage\"},\"image\":{\"@id\":\"https:\/\/frifri.be\/fr\/produit\/le-gaufrier-pack-excellence\/#primaryimage\"},\"thumbnailUrl\":\"https:\/\/frifri.be\/wp-content\/uploads\/2022\/06\/Heritage-Gaufres-Noir-CoolTouch.jpg\",\"datePublished\":\"2023-07-06T12:52:50+00:00\",\"dateModified\":\"2026-01-21T09:18:56+00:00\",\"description\":\"D\u00e9couvrez les gaufriers de la gamme H\u00e9ritage Gaufres traditionnelles dans leur version am\u00e9lior\u00e9e Cool Touch, dot\u00e9s d'accessoires astucieux.\",\"breadcrumb\":{\"@id\":\"https:\/\/frifri.be\/fr\/produit\/le-gaufrier-pack-excellence\/#breadcrumb\"},\"inLanguage\":\"fr-FR\",\"potentialAction\":[{\"@type\":\"ReadAction\",\"target\":[\"https:\/\/frifri.be\/fr\/produit\/le-gaufrier-pack-excellence\/\"]}]},{\"@type\":\"ImageObject\",\"inLanguage\":\"fr-FR\",\"@id\":\"https:\/\/frifri.be\/fr\/produit\/le-gaufrier-pack-excellence\/#primaryimage\",\"url\":\"https:\/\/frifri.be\/wp-content\/uploads\/2022\/06\/Heritage-Gaufres-Noir-CoolTouch.jpg\",\"contentUrl\":\"https:\/\/frifri.be\/wp-content\/uploads\/2022\/06\/Heritage-Gaufres-Noir-CoolTouch.jpg\",\"width\":1042,\"height\":1042},{\"@type\":\"BreadcrumbList\",\"@id\":\"https:\/\/frifri.be\/fr\/produit\/le-gaufrier-pack-excellence\/#breadcrumb\",\"itemListElement\":[{\"@type\":\"ListItem\",\"position\":1,\"name\":\"Home\",\"item\":\"https:\/\/frifri.be\/fr\/frifri\/\"},{\"@type\":\"ListItem\",\"position\":2,\"name\":\"Nos produits\",\"item\":\"https:\/\/frifri.be\/fr\/boutique\/\"},{\"@type\":\"ListItem\",\"position\":3,\"name\":\"Les Gaufriers\",\"item\":\"https:\/\/frifri.be\/fr\/categorie-produit\/electro-menager-gaufrier-pour-gaufres-et-cornets-de-glace\/\"},{\"@type\":\"ListItem\",\"position\":4,\"name\":\"Le Gaufrier &#8211; Pack Excellence\"}]},{\"@type\":\"WebSite\",\"@id\":\"https:\/\/frifri.be\/fr\/#website\",\"url\":\"https:\/\/frifri.be\/fr\/\",\"name\":\"Frifri Belgium\",\"description\":\"frifri Shop Belgium\",\"potentialAction\":[{\"@type\":\"SearchAction\",\"target\":{\"@type\":\"EntryPoint\",\"urlTemplate\":\"https:\/\/frifri.be\/fr\/?s={search_term_string}\"},\"query-input\":{\"@type\":\"PropertyValueSpecification\",\"valueRequired\":true,\"valueName\":\"search_term_string\"}}],\"inLanguage\":\"fr-FR\"}]}<\/script>\n<!-- \/ Yoast SEO plugin. -->","yoast_head_json":{"title":"Le Gaufrier - Pack Excellence - Frifri Belgium","description":"D\u00e9couvrez les gaufriers de la gamme H\u00e9ritage Gaufres traditionnelles dans leur version am\u00e9lior\u00e9e Cool Touch, dot\u00e9s d'accessoires astucieux.","robots":{"index":"index","follow":"follow","max-snippet":"max-snippet:-1","max-image-preview":"max-image-preview:large","max-video-preview":"max-video-preview:-1"},"canonical":"https:\/\/frifri.be\/fr\/produit\/le-gaufrier-pack-excellence\/","og_locale":"fr_FR","og_type":"article","og_title":"Le Gaufrier - Pack Excellence - Frifri Belgium","og_description":"D\u00e9couvrez les gaufriers de la gamme H\u00e9ritage Gaufres traditionnelles dans leur version am\u00e9lior\u00e9e Cool Touch, dot\u00e9s d'accessoires astucieux.","og_url":"https:\/\/frifri.be\/fr\/produit\/le-gaufrier-pack-excellence\/","og_site_name":"Frifri Belgium","article_modified_time":"2026-01-21T09:18:56+00:00","og_image":[{"width":1042,"height":1042,"url":"https:\/\/frifri.be\/wp-content\/uploads\/2022\/06\/Heritage-Gaufres-Noir-CoolTouch.jpg","type":"image\/jpeg"}],"twitter_card":"summary_large_image","twitter_misc":{"Dur\u00e9e de lecture estim\u00e9e":"2 minutes"},"schema":{"@context":"https:\/\/schema.org","@graph":[{"@type":"WebPage","@id":"https:\/\/frifri.be\/fr\/produit\/le-gaufrier-pack-excellence\/","url":"https:\/\/frifri.be\/fr\/produit\/le-gaufrier-pack-excellence\/","name":"Le Gaufrier - Pack Excellence - Frifri Belgium","isPartOf":{"@id":"https:\/\/frifri.be\/fr\/#website"},"primaryImageOfPage":{"@id":"https:\/\/frifri.be\/fr\/produit\/le-gaufrier-pack-excellence\/#primaryimage"},"image":{"@id":"https:\/\/frifri.be\/fr\/produit\/le-gaufrier-pack-excellence\/#primaryimage"},"thumbnailUrl":"https:\/\/frifri.be\/wp-content\/uploads\/2022\/06\/Heritage-Gaufres-Noir-CoolTouch.jpg","datePublished":"2023-07-06T12:52:50+00:00","dateModified":"2026-01-21T09:18:56+00:00","description":"D\u00e9couvrez les gaufriers de la gamme H\u00e9ritage Gaufres traditionnelles dans leur version am\u00e9lior\u00e9e Cool Touch, dot\u00e9s d'accessoires astucieux.","breadcrumb":{"@id":"https:\/\/frifri.be\/fr\/produit\/le-gaufrier-pack-excellence\/#breadcrumb"},"inLanguage":"fr-FR","potentialAction":[{"@type":"ReadAction","target":["https:\/\/frifri.be\/fr\/produit\/le-gaufrier-pack-excellence\/"]}]},{"@type":"ImageObject","inLanguage":"fr-FR","@id":"https:\/\/frifri.be\/fr\/produit\/le-gaufrier-pack-excellence\/#primaryimage","url":"https:\/\/frifri.be\/wp-content\/uploads\/2022\/06\/Heritage-Gaufres-Noir-CoolTouch.jpg","contentUrl":"https:\/\/frifri.be\/wp-content\/uploads\/2022\/06\/Heritage-Gaufres-Noir-CoolTouch.jpg","width":1042,"height":1042},{"@type":"BreadcrumbList","@id":"https:\/\/frifri.be\/fr\/produit\/le-gaufrier-pack-excellence\/#breadcrumb","itemListElement":[{"@type":"ListItem","position":1,"name":"Home","item":"https:\/\/frifri.be\/fr\/frifri\/"},{"@type":"ListItem","position":2,"name":"Nos produits","item":"https:\/\/frifri.be\/fr\/boutique\/"},{"@type":"ListItem","position":3,"name":"Les Gaufriers","item":"https:\/\/frifri.be\/fr\/categorie-produit\/electro-menager-gaufrier-pour-gaufres-et-cornets-de-glace\/"},{"@type":"ListItem","position":4,"name":"Le Gaufrier &#8211; Pack Excellence"}]},{"@type":"WebSite","@id":"https:\/\/frifri.be\/fr\/#website","url":"https:\/\/frifri.be\/fr\/","name":"Frifri Belgium","description":"frifri Shop Belgium","potentialAction":[{"@type":"SearchAction","target":{"@type":"EntryPoint","urlTemplate":"https:\/\/frifri.be\/fr\/?s={search_term_string}"},"query-input":{"@type":"PropertyValueSpecification","valueRequired":true,"valueName":"search_term_string"}}],"inLanguage":"fr-FR"}]}},"_links":{"self":[{"href":"https:\/\/frifri.be\/fr\/wp-json\/wp\/v2\/product\/53834","targetHints":{"allow":["GET"]}}],"collection":[{"href":"https:\/\/frifri.be\/fr\/wp-json\/wp\/v2\/product"}],"about":[{"href":"https:\/\/frifri.be\/fr\/wp-json\/wp\/v2\/types\/product"}],"replies":[{"embeddable":true,"href":"https:\/\/frifri.be\/fr\/wp-json\/wp\/v2\/comments?post=53834"}],"wp:featuredmedia":[{"embeddable":true,"href":"https:\/\/frifri.be\/fr\/wp-json\/wp\/v2\/media\/43478"}],"wp:attachment":[{"href":"https:\/\/frifri.be\/fr\/wp-json\/wp\/v2\/media?parent=53834"}],"wp:term":[{"taxonomy":"product_brand","embeddable":true,"href":"https:\/\/frifri.be\/fr\/wp-json\/wp\/v2\/product_brand?post=53834"},{"taxonomy":"product_cat","embeddable":true,"href":"https:\/\/frifri.be\/fr\/wp-json\/wp\/v2\/product_cat?post=53834"},{"taxonomy":"product_tag","embeddable":true,"href":"https:\/\/frifri.be\/fr\/wp-json\/wp\/v2\/product_tag?post=53834"}],"curies":[{"name":"wp","href":"https:\/\/api.w.org\/{rel}","templated":true}]}}