{"id":55379,"date":"2023-10-12T11:42:36","date_gmt":"2023-10-12T09:42:36","guid":{"rendered":"https:\/\/frifri.be\/?post_type=product&#038;p=55379"},"modified":"2025-12-02T14:25:26","modified_gmt":"2025-12-02T13:25:26","slug":"poignee-gaufrier","status":"publish","type":"product","link":"https:\/\/frifri.be\/fr\/produit\/poignee-gaufrier\/","title":{"rendered":"Poign\u00e9e gaufrier"},"content":{"rendered":"<p>Poign\u00e9e de gaufrier compatible avec les gaufriers de type WA10*<\/p>\n","protected":false},"excerpt":{"rendered":"<p>Poign\u00e9e de gaufrier compatible avec les gaufriers de type WA10*<\/p>\n","protected":false},"featured_media":55380,"comment_status":"closed","ping_status":"closed","template":"","meta":{"_acf_changed":false},"product_brand":[],"product_cat":[282,220],"product_tag":[],"class_list":{"0":"post-55379","1":"product","2":"type-product","3":"status-publish","4":"has-post-thumbnail","6":"product_cat-accessoire-gaufrier-plaques-fourchette","7":"product_cat-les-pieces-detachees-electromenager","9":"first","10":"instock","11":"taxable","12":"shipping-taxable","13":"purchasable","14":"product-type-simple"},"acf":[],"yoast_head":"<!-- This site is optimized with the Yoast SEO plugin v27.1.1 - https:\/\/yoast.com\/product\/yoast-seo-wordpress\/ -->\n<title>Poign\u00e9e gaufrier - Frifri Belgium<\/title>\n<meta name=\"robots\" content=\"index, follow, max-snippet:-1, max-image-preview:large, max-video-preview:-1\" \/>\n<link rel=\"canonical\" href=\"https:\/\/frifri.be\/fr\/produit\/poignee-gaufrier\/\" \/>\n<meta property=\"og:locale\" content=\"fr_FR\" \/>\n<meta property=\"og:type\" content=\"article\" \/>\n<meta property=\"og:title\" content=\"Poign\u00e9e gaufrier - Frifri Belgium\" \/>\n<meta property=\"og:description\" content=\"Poign\u00e9e de gaufrier compatible avec les gaufriers de type WA10*\" \/>\n<meta property=\"og:url\" content=\"https:\/\/frifri.be\/fr\/produit\/poignee-gaufrier\/\" \/>\n<meta property=\"og:site_name\" content=\"Frifri Belgium\" \/>\n<meta property=\"article:modified_time\" content=\"2025-12-02T13:25:26+00:00\" \/>\n<meta property=\"og:image\" content=\"https:\/\/frifri.be\/wp-content\/uploads\/2023\/10\/ZM1010.jpg\" \/>\n\t<meta property=\"og:image:width\" content=\"550\" \/>\n\t<meta property=\"og:image:height\" content=\"512\" \/>\n\t<meta property=\"og:image:type\" content=\"image\/jpeg\" \/>\n<meta name=\"twitter:card\" content=\"summary_large_image\" \/>\n<meta name=\"twitter:label1\" content=\"Dur\u00e9e de lecture estim\u00e9e\" \/>\n\t<meta name=\"twitter:data1\" content=\"1 minute\" \/>\n<script type=\"application\/ld+json\" class=\"yoast-schema-graph\">{\"@context\":\"https:\/\/schema.org\",\"@graph\":[{\"@type\":\"WebPage\",\"@id\":\"https:\/\/frifri.be\/fr\/produit\/poignee-gaufrier\/\",\"url\":\"https:\/\/frifri.be\/fr\/produit\/poignee-gaufrier\/\",\"name\":\"Poign\u00e9e gaufrier - Frifri Belgium\",\"isPartOf\":{\"@id\":\"https:\/\/frifri.be\/fr\/#website\"},\"primaryImageOfPage\":{\"@id\":\"https:\/\/frifri.be\/fr\/produit\/poignee-gaufrier\/#primaryimage\"},\"image\":{\"@id\":\"https:\/\/frifri.be\/fr\/produit\/poignee-gaufrier\/#primaryimage\"},\"thumbnailUrl\":\"https:\/\/frifri.be\/wp-content\/uploads\/2023\/10\/ZM1010.jpg\",\"datePublished\":\"2023-10-12T09:42:36+00:00\",\"dateModified\":\"2025-12-02T13:25:26+00:00\",\"breadcrumb\":{\"@id\":\"https:\/\/frifri.be\/fr\/produit\/poignee-gaufrier\/#breadcrumb\"},\"inLanguage\":\"fr-FR\",\"potentialAction\":[{\"@type\":\"ReadAction\",\"target\":[\"https:\/\/frifri.be\/fr\/produit\/poignee-gaufrier\/\"]}]},{\"@type\":\"ImageObject\",\"inLanguage\":\"fr-FR\",\"@id\":\"https:\/\/frifri.be\/fr\/produit\/poignee-gaufrier\/#primaryimage\",\"url\":\"https:\/\/frifri.be\/wp-content\/uploads\/2023\/10\/ZM1010.jpg\",\"contentUrl\":\"https:\/\/frifri.be\/wp-content\/uploads\/2023\/10\/ZM1010.jpg\",\"width\":550,\"height\":512},{\"@type\":\"BreadcrumbList\",\"@id\":\"https:\/\/frifri.be\/fr\/produit\/poignee-gaufrier\/#breadcrumb\",\"itemListElement\":[{\"@type\":\"ListItem\",\"position\":1,\"name\":\"Home\",\"item\":\"https:\/\/frifri.be\/fr\/frifri\/\"},{\"@type\":\"ListItem\",\"position\":2,\"name\":\"Nos produits\",\"item\":\"https:\/\/frifri.be\/fr\/boutique\/\"},{\"@type\":\"ListItem\",\"position\":3,\"name\":\"Les Pi\u00e8ces D\u00e9tach\u00e9es et Accessoires\",\"item\":\"https:\/\/frifri.be\/fr\/categorie-produit\/les-pieces-detachees-electromenager\/\"},{\"@type\":\"ListItem\",\"position\":4,\"name\":\"Poign\u00e9e gaufrier\"}]},{\"@type\":\"WebSite\",\"@id\":\"https:\/\/frifri.be\/fr\/#website\",\"url\":\"https:\/\/frifri.be\/fr\/\",\"name\":\"Frifri Belgium\",\"description\":\"frifri Shop Belgium\",\"potentialAction\":[{\"@type\":\"SearchAction\",\"target\":{\"@type\":\"EntryPoint\",\"urlTemplate\":\"https:\/\/frifri.be\/fr\/?s={search_term_string}\"},\"query-input\":{\"@type\":\"PropertyValueSpecification\",\"valueRequired\":true,\"valueName\":\"search_term_string\"}}],\"inLanguage\":\"fr-FR\"}]}<\/script>\n<!-- \/ Yoast SEO plugin. -->","yoast_head_json":{"title":"Poign\u00e9e gaufrier - Frifri Belgium","robots":{"index":"index","follow":"follow","max-snippet":"max-snippet:-1","max-image-preview":"max-image-preview:large","max-video-preview":"max-video-preview:-1"},"canonical":"https:\/\/frifri.be\/fr\/produit\/poignee-gaufrier\/","og_locale":"fr_FR","og_type":"article","og_title":"Poign\u00e9e gaufrier - Frifri Belgium","og_description":"Poign\u00e9e de gaufrier compatible avec les gaufriers de type WA10*","og_url":"https:\/\/frifri.be\/fr\/produit\/poignee-gaufrier\/","og_site_name":"Frifri Belgium","article_modified_time":"2025-12-02T13:25:26+00:00","og_image":[{"width":550,"height":512,"url":"https:\/\/frifri.be\/wp-content\/uploads\/2023\/10\/ZM1010.jpg","type":"image\/jpeg"}],"twitter_card":"summary_large_image","twitter_misc":{"Dur\u00e9e de lecture estim\u00e9e":"1 minute"},"schema":{"@context":"https:\/\/schema.org","@graph":[{"@type":"WebPage","@id":"https:\/\/frifri.be\/fr\/produit\/poignee-gaufrier\/","url":"https:\/\/frifri.be\/fr\/produit\/poignee-gaufrier\/","name":"Poign\u00e9e gaufrier - Frifri Belgium","isPartOf":{"@id":"https:\/\/frifri.be\/fr\/#website"},"primaryImageOfPage":{"@id":"https:\/\/frifri.be\/fr\/produit\/poignee-gaufrier\/#primaryimage"},"image":{"@id":"https:\/\/frifri.be\/fr\/produit\/poignee-gaufrier\/#primaryimage"},"thumbnailUrl":"https:\/\/frifri.be\/wp-content\/uploads\/2023\/10\/ZM1010.jpg","datePublished":"2023-10-12T09:42:36+00:00","dateModified":"2025-12-02T13:25:26+00:00","breadcrumb":{"@id":"https:\/\/frifri.be\/fr\/produit\/poignee-gaufrier\/#breadcrumb"},"inLanguage":"fr-FR","potentialAction":[{"@type":"ReadAction","target":["https:\/\/frifri.be\/fr\/produit\/poignee-gaufrier\/"]}]},{"@type":"ImageObject","inLanguage":"fr-FR","@id":"https:\/\/frifri.be\/fr\/produit\/poignee-gaufrier\/#primaryimage","url":"https:\/\/frifri.be\/wp-content\/uploads\/2023\/10\/ZM1010.jpg","contentUrl":"https:\/\/frifri.be\/wp-content\/uploads\/2023\/10\/ZM1010.jpg","width":550,"height":512},{"@type":"BreadcrumbList","@id":"https:\/\/frifri.be\/fr\/produit\/poignee-gaufrier\/#breadcrumb","itemListElement":[{"@type":"ListItem","position":1,"name":"Home","item":"https:\/\/frifri.be\/fr\/frifri\/"},{"@type":"ListItem","position":2,"name":"Nos produits","item":"https:\/\/frifri.be\/fr\/boutique\/"},{"@type":"ListItem","position":3,"name":"Les Pi\u00e8ces D\u00e9tach\u00e9es et Accessoires","item":"https:\/\/frifri.be\/fr\/categorie-produit\/les-pieces-detachees-electromenager\/"},{"@type":"ListItem","position":4,"name":"Poign\u00e9e gaufrier"}]},{"@type":"WebSite","@id":"https:\/\/frifri.be\/fr\/#website","url":"https:\/\/frifri.be\/fr\/","name":"Frifri Belgium","description":"frifri Shop Belgium","potentialAction":[{"@type":"SearchAction","target":{"@type":"EntryPoint","urlTemplate":"https:\/\/frifri.be\/fr\/?s={search_term_string}"},"query-input":{"@type":"PropertyValueSpecification","valueRequired":true,"valueName":"search_term_string"}}],"inLanguage":"fr-FR"}]}},"_links":{"self":[{"href":"https:\/\/frifri.be\/fr\/wp-json\/wp\/v2\/product\/55379","targetHints":{"allow":["GET"]}}],"collection":[{"href":"https:\/\/frifri.be\/fr\/wp-json\/wp\/v2\/product"}],"about":[{"href":"https:\/\/frifri.be\/fr\/wp-json\/wp\/v2\/types\/product"}],"replies":[{"embeddable":true,"href":"https:\/\/frifri.be\/fr\/wp-json\/wp\/v2\/comments?post=55379"}],"wp:featuredmedia":[{"embeddable":true,"href":"https:\/\/frifri.be\/fr\/wp-json\/wp\/v2\/media\/55380"}],"wp:attachment":[{"href":"https:\/\/frifri.be\/fr\/wp-json\/wp\/v2\/media?parent=55379"}],"wp:term":[{"taxonomy":"product_brand","embeddable":true,"href":"https:\/\/frifri.be\/fr\/wp-json\/wp\/v2\/product_brand?post=55379"},{"taxonomy":"product_cat","embeddable":true,"href":"https:\/\/frifri.be\/fr\/wp-json\/wp\/v2\/product_cat?post=55379"},{"taxonomy":"product_tag","embeddable":true,"href":"https:\/\/frifri.be\/fr\/wp-json\/wp\/v2\/product_tag?post=55379"}],"curies":[{"name":"wp","href":"https:\/\/api.w.org\/{rel}","templated":true}]}}