{"id":55388,"date":"2023-10-12T14:41:09","date_gmt":"2023-10-12T12:41:09","guid":{"rendered":"https:\/\/frifri.be\/?post_type=product&#038;p=55388"},"modified":"2026-01-05T08:52:29","modified_gmt":"2026-01-05T07:52:29","slug":"grill-duo-savor-plaque-inferieure-grill-striee","status":"publish","type":"product","link":"https:\/\/frifri.be\/fr\/produit\/grill-duo-savor-plaque-inferieure-grill-striee\/","title":{"rendered":"Grill Duo Savor &#8211; Plaque inf\u00e9rieure grill (stri\u00e9e)"},"content":{"rendered":"<p>Plaque inf\u00e9rieure grill pour le grill Duo Savor<\/p>\n","protected":false},"excerpt":{"rendered":"<p>Plaque inf\u00e9rieure grill pour le grill Duo Savor<\/p>\n","protected":false},"featured_media":55387,"comment_status":"closed","ping_status":"closed","template":"","meta":{"_acf_changed":false},"product_brand":[],"product_cat":[84],"product_tag":[],"class_list":{"0":"post-55388","1":"product","2":"type-product","3":"status-publish","4":"has-post-thumbnail","6":"product_cat-le-grill","8":"first","9":"outofstock","10":"taxable","11":"shipping-taxable","12":"purchasable","13":"product-type-simple"},"acf":[],"yoast_head":"<!-- This site is optimized with the Yoast SEO plugin v27.3 - https:\/\/yoast.com\/product\/yoast-seo-wordpress\/ -->\n<title>Grill Duo Savor - Plaque inf\u00e9rieure grill (stri\u00e9e) - Frifri Belgium<\/title>\n<meta name=\"robots\" content=\"index, follow, max-snippet:-1, max-image-preview:large, max-video-preview:-1\" \/>\n<link rel=\"canonical\" href=\"https:\/\/frifri.be\/fr\/produit\/grill-duo-savor-plaque-inferieure-grill-striee\/\" \/>\n<meta property=\"og:locale\" content=\"fr_FR\" \/>\n<meta property=\"og:type\" content=\"article\" \/>\n<meta property=\"og:title\" content=\"Grill Duo Savor - Plaque inf\u00e9rieure grill (stri\u00e9e) - Frifri Belgium\" \/>\n<meta property=\"og:description\" content=\"Plaque inf\u00e9rieure grill pour le grill Duo Savor\" \/>\n<meta property=\"og:url\" content=\"https:\/\/frifri.be\/fr\/produit\/grill-duo-savor-plaque-inferieure-grill-striee\/\" \/>\n<meta property=\"og:site_name\" content=\"Frifri Belgium\" \/>\n<meta property=\"article:modified_time\" content=\"2026-01-05T07:52:29+00:00\" \/>\n<meta property=\"og:image\" content=\"https:\/\/frifri.be\/wp-content\/uploads\/2023\/10\/ZFINFGRILLDUO.jpg\" \/>\n\t<meta property=\"og:image:width\" content=\"671\" \/>\n\t<meta property=\"og:image:height\" content=\"774\" \/>\n\t<meta property=\"og:image:type\" content=\"image\/jpeg\" \/>\n<meta name=\"twitter:card\" content=\"summary_large_image\" \/>\n<meta name=\"twitter:label1\" content=\"Dur\u00e9e de lecture estim\u00e9e\" \/>\n\t<meta name=\"twitter:data1\" content=\"1 minute\" \/>\n<script type=\"application\/ld+json\" class=\"yoast-schema-graph\">{\"@context\":\"https:\\\/\\\/schema.org\",\"@graph\":[{\"@type\":\"WebPage\",\"@id\":\"https:\\\/\\\/frifri.be\\\/fr\\\/produit\\\/grill-duo-savor-plaque-inferieure-grill-striee\\\/\",\"url\":\"https:\\\/\\\/frifri.be\\\/fr\\\/produit\\\/grill-duo-savor-plaque-inferieure-grill-striee\\\/\",\"name\":\"Grill Duo Savor - Plaque inf\u00e9rieure grill (stri\u00e9e) - Frifri Belgium\",\"isPartOf\":{\"@id\":\"https:\\\/\\\/frifri.be\\\/fr\\\/#website\"},\"primaryImageOfPage\":{\"@id\":\"https:\\\/\\\/frifri.be\\\/fr\\\/produit\\\/grill-duo-savor-plaque-inferieure-grill-striee\\\/#primaryimage\"},\"image\":{\"@id\":\"https:\\\/\\\/frifri.be\\\/fr\\\/produit\\\/grill-duo-savor-plaque-inferieure-grill-striee\\\/#primaryimage\"},\"thumbnailUrl\":\"https:\\\/\\\/frifri.be\\\/wp-content\\\/uploads\\\/2023\\\/10\\\/ZFINFGRILLDUO.jpg\",\"datePublished\":\"2023-10-12T12:41:09+00:00\",\"dateModified\":\"2026-01-05T07:52:29+00:00\",\"breadcrumb\":{\"@id\":\"https:\\\/\\\/frifri.be\\\/fr\\\/produit\\\/grill-duo-savor-plaque-inferieure-grill-striee\\\/#breadcrumb\"},\"inLanguage\":\"fr-FR\",\"potentialAction\":[{\"@type\":\"ReadAction\",\"target\":[\"https:\\\/\\\/frifri.be\\\/fr\\\/produit\\\/grill-duo-savor-plaque-inferieure-grill-striee\\\/\"]}]},{\"@type\":\"ImageObject\",\"inLanguage\":\"fr-FR\",\"@id\":\"https:\\\/\\\/frifri.be\\\/fr\\\/produit\\\/grill-duo-savor-plaque-inferieure-grill-striee\\\/#primaryimage\",\"url\":\"https:\\\/\\\/frifri.be\\\/wp-content\\\/uploads\\\/2023\\\/10\\\/ZFINFGRILLDUO.jpg\",\"contentUrl\":\"https:\\\/\\\/frifri.be\\\/wp-content\\\/uploads\\\/2023\\\/10\\\/ZFINFGRILLDUO.jpg\",\"width\":671,\"height\":774},{\"@type\":\"BreadcrumbList\",\"@id\":\"https:\\\/\\\/frifri.be\\\/fr\\\/produit\\\/grill-duo-savor-plaque-inferieure-grill-striee\\\/#breadcrumb\",\"itemListElement\":[{\"@type\":\"ListItem\",\"position\":1,\"name\":\"Home\",\"item\":\"https:\\\/\\\/frifri.be\\\/fr\\\/frifri\\\/\"},{\"@type\":\"ListItem\",\"position\":2,\"name\":\"Nos produits\",\"item\":\"https:\\\/\\\/frifri.be\\\/fr\\\/boutique\\\/\"},{\"@type\":\"ListItem\",\"position\":3,\"name\":\"Le Grill\",\"item\":\"https:\\\/\\\/frifri.be\\\/fr\\\/categorie-produit\\\/anciens-produits\\\/le-grill\\\/\"},{\"@type\":\"ListItem\",\"position\":4,\"name\":\"Grill Duo Savor &#8211; Plaque inf\u00e9rieure grill (stri\u00e9e)\"}]},{\"@type\":\"WebSite\",\"@id\":\"https:\\\/\\\/frifri.be\\\/fr\\\/#website\",\"url\":\"https:\\\/\\\/frifri.be\\\/fr\\\/\",\"name\":\"Frifri Belgium\",\"description\":\"frifri Shop Belgium\",\"potentialAction\":[{\"@type\":\"SearchAction\",\"target\":{\"@type\":\"EntryPoint\",\"urlTemplate\":\"https:\\\/\\\/frifri.be\\\/fr\\\/?s={search_term_string}\"},\"query-input\":{\"@type\":\"PropertyValueSpecification\",\"valueRequired\":true,\"valueName\":\"search_term_string\"}}],\"inLanguage\":\"fr-FR\"}]}<\/script>\n<!-- \/ Yoast SEO plugin. -->","yoast_head_json":{"title":"Grill Duo Savor - Plaque inf\u00e9rieure grill (stri\u00e9e) - Frifri Belgium","robots":{"index":"index","follow":"follow","max-snippet":"max-snippet:-1","max-image-preview":"max-image-preview:large","max-video-preview":"max-video-preview:-1"},"canonical":"https:\/\/frifri.be\/fr\/produit\/grill-duo-savor-plaque-inferieure-grill-striee\/","og_locale":"fr_FR","og_type":"article","og_title":"Grill Duo Savor - Plaque inf\u00e9rieure grill (stri\u00e9e) - Frifri Belgium","og_description":"Plaque inf\u00e9rieure grill pour le grill Duo Savor","og_url":"https:\/\/frifri.be\/fr\/produit\/grill-duo-savor-plaque-inferieure-grill-striee\/","og_site_name":"Frifri Belgium","article_modified_time":"2026-01-05T07:52:29+00:00","og_image":[{"width":671,"height":774,"url":"https:\/\/frifri.be\/wp-content\/uploads\/2023\/10\/ZFINFGRILLDUO.jpg","type":"image\/jpeg"}],"twitter_card":"summary_large_image","twitter_misc":{"Dur\u00e9e de lecture estim\u00e9e":"1 minute"},"schema":{"@context":"https:\/\/schema.org","@graph":[{"@type":"WebPage","@id":"https:\/\/frifri.be\/fr\/produit\/grill-duo-savor-plaque-inferieure-grill-striee\/","url":"https:\/\/frifri.be\/fr\/produit\/grill-duo-savor-plaque-inferieure-grill-striee\/","name":"Grill Duo Savor - Plaque inf\u00e9rieure grill (stri\u00e9e) - Frifri Belgium","isPartOf":{"@id":"https:\/\/frifri.be\/fr\/#website"},"primaryImageOfPage":{"@id":"https:\/\/frifri.be\/fr\/produit\/grill-duo-savor-plaque-inferieure-grill-striee\/#primaryimage"},"image":{"@id":"https:\/\/frifri.be\/fr\/produit\/grill-duo-savor-plaque-inferieure-grill-striee\/#primaryimage"},"thumbnailUrl":"https:\/\/frifri.be\/wp-content\/uploads\/2023\/10\/ZFINFGRILLDUO.jpg","datePublished":"2023-10-12T12:41:09+00:00","dateModified":"2026-01-05T07:52:29+00:00","breadcrumb":{"@id":"https:\/\/frifri.be\/fr\/produit\/grill-duo-savor-plaque-inferieure-grill-striee\/#breadcrumb"},"inLanguage":"fr-FR","potentialAction":[{"@type":"ReadAction","target":["https:\/\/frifri.be\/fr\/produit\/grill-duo-savor-plaque-inferieure-grill-striee\/"]}]},{"@type":"ImageObject","inLanguage":"fr-FR","@id":"https:\/\/frifri.be\/fr\/produit\/grill-duo-savor-plaque-inferieure-grill-striee\/#primaryimage","url":"https:\/\/frifri.be\/wp-content\/uploads\/2023\/10\/ZFINFGRILLDUO.jpg","contentUrl":"https:\/\/frifri.be\/wp-content\/uploads\/2023\/10\/ZFINFGRILLDUO.jpg","width":671,"height":774},{"@type":"BreadcrumbList","@id":"https:\/\/frifri.be\/fr\/produit\/grill-duo-savor-plaque-inferieure-grill-striee\/#breadcrumb","itemListElement":[{"@type":"ListItem","position":1,"name":"Home","item":"https:\/\/frifri.be\/fr\/frifri\/"},{"@type":"ListItem","position":2,"name":"Nos produits","item":"https:\/\/frifri.be\/fr\/boutique\/"},{"@type":"ListItem","position":3,"name":"Le Grill","item":"https:\/\/frifri.be\/fr\/categorie-produit\/anciens-produits\/le-grill\/"},{"@type":"ListItem","position":4,"name":"Grill Duo Savor &#8211; Plaque inf\u00e9rieure grill (stri\u00e9e)"}]},{"@type":"WebSite","@id":"https:\/\/frifri.be\/fr\/#website","url":"https:\/\/frifri.be\/fr\/","name":"Frifri Belgium","description":"frifri Shop Belgium","potentialAction":[{"@type":"SearchAction","target":{"@type":"EntryPoint","urlTemplate":"https:\/\/frifri.be\/fr\/?s={search_term_string}"},"query-input":{"@type":"PropertyValueSpecification","valueRequired":true,"valueName":"search_term_string"}}],"inLanguage":"fr-FR"}]}},"_links":{"self":[{"href":"https:\/\/frifri.be\/fr\/wp-json\/wp\/v2\/product\/55388","targetHints":{"allow":["GET"]}}],"collection":[{"href":"https:\/\/frifri.be\/fr\/wp-json\/wp\/v2\/product"}],"about":[{"href":"https:\/\/frifri.be\/fr\/wp-json\/wp\/v2\/types\/product"}],"replies":[{"embeddable":true,"href":"https:\/\/frifri.be\/fr\/wp-json\/wp\/v2\/comments?post=55388"}],"wp:featuredmedia":[{"embeddable":true,"href":"https:\/\/frifri.be\/fr\/wp-json\/wp\/v2\/media\/55387"}],"wp:attachment":[{"href":"https:\/\/frifri.be\/fr\/wp-json\/wp\/v2\/media?parent=55388"}],"wp:term":[{"taxonomy":"product_brand","embeddable":true,"href":"https:\/\/frifri.be\/fr\/wp-json\/wp\/v2\/product_brand?post=55388"},{"taxonomy":"product_cat","embeddable":true,"href":"https:\/\/frifri.be\/fr\/wp-json\/wp\/v2\/product_cat?post=55388"},{"taxonomy":"product_tag","embeddable":true,"href":"https:\/\/frifri.be\/fr\/wp-json\/wp\/v2\/product_tag?post=55388"}],"curies":[{"name":"wp","href":"https:\/\/api.w.org\/{rel}","templated":true}]}}