{"id":55407,"date":"2023-10-17T10:38:14","date_gmt":"2023-10-17T08:38:14","guid":{"rendered":"https:\/\/frifri.be\/?post_type=product&#038;p=55407"},"modified":"2025-12-02T14:25:26","modified_gmt":"2025-12-02T13:25:26","slug":"resistance-3200-w-pour-friteuse","status":"publish","type":"product","link":"https:\/\/frifri.be\/fr\/produit\/resistance-3200-w-pour-friteuse\/","title":{"rendered":"R\u00e9sistance 3200 W pour friteuse"},"content":{"rendered":"<p>Bloc de r\u00e9sistance de 3200 watts pour friteuse Frifri. Attention : v\u00e9rifier la compatibilit\u00e9 de la r\u00e9sistance avec le support du manteau de votre friteuse ! Si votre friteuse a d\u00e9j\u00e0 un certain \u00e2ge, il est possible que ce support de r\u00e9sistance ne soit pas compatible.<\/p>\n","protected":false},"excerpt":{"rendered":"<p>Bloc de r\u00e9sistance de 3200 watts pour friteuse Frifri. Attention : v\u00e9rifier la compatibilit\u00e9 de la&#8230; <span class=\"moreLink\"><a href=\"https:\/\/frifri.be\/fr\/produit\/resistance-3200-w-pour-friteuse\/\">+<\/a><\/span><\/p>\n","protected":false},"featured_media":55439,"comment_status":"closed","ping_status":"closed","template":"","meta":{"_acf_changed":false},"product_brand":[],"product_cat":[277,220],"product_tag":[],"class_list":{"0":"post-55407","1":"product","2":"type-product","3":"status-publish","4":"has-post-thumbnail","6":"product_cat-la-friteuse-2","7":"product_cat-les-pieces-detachees-electromenager","9":"first","10":"instock","11":"taxable","12":"shipping-taxable","13":"purchasable","14":"product-type-simple"},"acf":[],"yoast_head":"<!-- This site is optimized with the Yoast SEO plugin v27.1.1 - https:\/\/yoast.com\/product\/yoast-seo-wordpress\/ -->\n<title>R\u00e9sistance 3200 W pour friteuse - Frifri Belgium<\/title>\n<meta name=\"robots\" content=\"index, follow, max-snippet:-1, max-image-preview:large, max-video-preview:-1\" \/>\n<link rel=\"canonical\" href=\"https:\/\/frifri.be\/fr\/produit\/resistance-3200-w-pour-friteuse\/\" \/>\n<meta property=\"og:locale\" content=\"fr_FR\" \/>\n<meta property=\"og:type\" content=\"article\" \/>\n<meta property=\"og:title\" content=\"R\u00e9sistance 3200 W pour friteuse - Frifri Belgium\" \/>\n<meta property=\"og:description\" content=\"Bloc de r\u00e9sistance de 3200 watts pour friteuse Frifri. Attention : v\u00e9rifier la compatibilit\u00e9 de la... +\" \/>\n<meta property=\"og:url\" content=\"https:\/\/frifri.be\/fr\/produit\/resistance-3200-w-pour-friteuse\/\" \/>\n<meta property=\"og:site_name\" content=\"Frifri Belgium\" \/>\n<meta property=\"article:modified_time\" content=\"2025-12-02T13:25:26+00:00\" \/>\n<meta property=\"og:image\" content=\"https:\/\/frifri.be\/wp-content\/uploads\/2023\/10\/Resistance-friteuse-28003200-W-1.jpeg\" \/>\n\t<meta property=\"og:image:width\" content=\"1256\" \/>\n\t<meta property=\"og:image:height\" content=\"1600\" \/>\n\t<meta property=\"og:image:type\" content=\"image\/jpeg\" \/>\n<meta name=\"twitter:card\" content=\"summary_large_image\" \/>\n<meta name=\"twitter:label1\" content=\"Dur\u00e9e de lecture estim\u00e9e\" \/>\n\t<meta name=\"twitter:data1\" content=\"1 minute\" \/>\n<script type=\"application\/ld+json\" class=\"yoast-schema-graph\">{\"@context\":\"https:\/\/schema.org\",\"@graph\":[{\"@type\":\"WebPage\",\"@id\":\"https:\/\/frifri.be\/fr\/produit\/resistance-3200-w-pour-friteuse\/\",\"url\":\"https:\/\/frifri.be\/fr\/produit\/resistance-3200-w-pour-friteuse\/\",\"name\":\"R\u00e9sistance 3200 W pour friteuse - Frifri Belgium\",\"isPartOf\":{\"@id\":\"https:\/\/frifri.be\/fr\/#website\"},\"primaryImageOfPage\":{\"@id\":\"https:\/\/frifri.be\/fr\/produit\/resistance-3200-w-pour-friteuse\/#primaryimage\"},\"image\":{\"@id\":\"https:\/\/frifri.be\/fr\/produit\/resistance-3200-w-pour-friteuse\/#primaryimage\"},\"thumbnailUrl\":\"https:\/\/frifri.be\/wp-content\/uploads\/2023\/10\/Resistance-friteuse-28003200-W-1.jpeg\",\"datePublished\":\"2023-10-17T08:38:14+00:00\",\"dateModified\":\"2025-12-02T13:25:26+00:00\",\"breadcrumb\":{\"@id\":\"https:\/\/frifri.be\/fr\/produit\/resistance-3200-w-pour-friteuse\/#breadcrumb\"},\"inLanguage\":\"fr-FR\",\"potentialAction\":[{\"@type\":\"ReadAction\",\"target\":[\"https:\/\/frifri.be\/fr\/produit\/resistance-3200-w-pour-friteuse\/\"]}]},{\"@type\":\"ImageObject\",\"inLanguage\":\"fr-FR\",\"@id\":\"https:\/\/frifri.be\/fr\/produit\/resistance-3200-w-pour-friteuse\/#primaryimage\",\"url\":\"https:\/\/frifri.be\/wp-content\/uploads\/2023\/10\/Resistance-friteuse-28003200-W-1.jpeg\",\"contentUrl\":\"https:\/\/frifri.be\/wp-content\/uploads\/2023\/10\/Resistance-friteuse-28003200-W-1.jpeg\",\"width\":1256,\"height\":1600},{\"@type\":\"BreadcrumbList\",\"@id\":\"https:\/\/frifri.be\/fr\/produit\/resistance-3200-w-pour-friteuse\/#breadcrumb\",\"itemListElement\":[{\"@type\":\"ListItem\",\"position\":1,\"name\":\"Home\",\"item\":\"https:\/\/frifri.be\/fr\/frifri\/\"},{\"@type\":\"ListItem\",\"position\":2,\"name\":\"Nos produits\",\"item\":\"https:\/\/frifri.be\/fr\/boutique\/\"},{\"@type\":\"ListItem\",\"position\":3,\"name\":\"Les Pi\u00e8ces D\u00e9tach\u00e9es et Accessoires\",\"item\":\"https:\/\/frifri.be\/fr\/categorie-produit\/les-pieces-detachees-electromenager\/\"},{\"@type\":\"ListItem\",\"position\":4,\"name\":\"Les Friteuses\",\"item\":\"https:\/\/frifri.be\/fr\/categorie-produit\/les-pieces-detachees-electromenager\/la-friteuse-2\/\"},{\"@type\":\"ListItem\",\"position\":5,\"name\":\"R\u00e9sistance 3200 W pour friteuse\"}]},{\"@type\":\"WebSite\",\"@id\":\"https:\/\/frifri.be\/fr\/#website\",\"url\":\"https:\/\/frifri.be\/fr\/\",\"name\":\"Frifri Belgium\",\"description\":\"frifri Shop Belgium\",\"potentialAction\":[{\"@type\":\"SearchAction\",\"target\":{\"@type\":\"EntryPoint\",\"urlTemplate\":\"https:\/\/frifri.be\/fr\/?s={search_term_string}\"},\"query-input\":{\"@type\":\"PropertyValueSpecification\",\"valueRequired\":true,\"valueName\":\"search_term_string\"}}],\"inLanguage\":\"fr-FR\"}]}<\/script>\n<!-- \/ Yoast SEO plugin. -->","yoast_head_json":{"title":"R\u00e9sistance 3200 W pour friteuse - Frifri Belgium","robots":{"index":"index","follow":"follow","max-snippet":"max-snippet:-1","max-image-preview":"max-image-preview:large","max-video-preview":"max-video-preview:-1"},"canonical":"https:\/\/frifri.be\/fr\/produit\/resistance-3200-w-pour-friteuse\/","og_locale":"fr_FR","og_type":"article","og_title":"R\u00e9sistance 3200 W pour friteuse - Frifri Belgium","og_description":"Bloc de r\u00e9sistance de 3200 watts pour friteuse Frifri. Attention : v\u00e9rifier la compatibilit\u00e9 de la... +","og_url":"https:\/\/frifri.be\/fr\/produit\/resistance-3200-w-pour-friteuse\/","og_site_name":"Frifri Belgium","article_modified_time":"2025-12-02T13:25:26+00:00","og_image":[{"width":1256,"height":1600,"url":"https:\/\/frifri.be\/wp-content\/uploads\/2023\/10\/Resistance-friteuse-28003200-W-1.jpeg","type":"image\/jpeg"}],"twitter_card":"summary_large_image","twitter_misc":{"Dur\u00e9e de lecture estim\u00e9e":"1 minute"},"schema":{"@context":"https:\/\/schema.org","@graph":[{"@type":"WebPage","@id":"https:\/\/frifri.be\/fr\/produit\/resistance-3200-w-pour-friteuse\/","url":"https:\/\/frifri.be\/fr\/produit\/resistance-3200-w-pour-friteuse\/","name":"R\u00e9sistance 3200 W pour friteuse - Frifri Belgium","isPartOf":{"@id":"https:\/\/frifri.be\/fr\/#website"},"primaryImageOfPage":{"@id":"https:\/\/frifri.be\/fr\/produit\/resistance-3200-w-pour-friteuse\/#primaryimage"},"image":{"@id":"https:\/\/frifri.be\/fr\/produit\/resistance-3200-w-pour-friteuse\/#primaryimage"},"thumbnailUrl":"https:\/\/frifri.be\/wp-content\/uploads\/2023\/10\/Resistance-friteuse-28003200-W-1.jpeg","datePublished":"2023-10-17T08:38:14+00:00","dateModified":"2025-12-02T13:25:26+00:00","breadcrumb":{"@id":"https:\/\/frifri.be\/fr\/produit\/resistance-3200-w-pour-friteuse\/#breadcrumb"},"inLanguage":"fr-FR","potentialAction":[{"@type":"ReadAction","target":["https:\/\/frifri.be\/fr\/produit\/resistance-3200-w-pour-friteuse\/"]}]},{"@type":"ImageObject","inLanguage":"fr-FR","@id":"https:\/\/frifri.be\/fr\/produit\/resistance-3200-w-pour-friteuse\/#primaryimage","url":"https:\/\/frifri.be\/wp-content\/uploads\/2023\/10\/Resistance-friteuse-28003200-W-1.jpeg","contentUrl":"https:\/\/frifri.be\/wp-content\/uploads\/2023\/10\/Resistance-friteuse-28003200-W-1.jpeg","width":1256,"height":1600},{"@type":"BreadcrumbList","@id":"https:\/\/frifri.be\/fr\/produit\/resistance-3200-w-pour-friteuse\/#breadcrumb","itemListElement":[{"@type":"ListItem","position":1,"name":"Home","item":"https:\/\/frifri.be\/fr\/frifri\/"},{"@type":"ListItem","position":2,"name":"Nos produits","item":"https:\/\/frifri.be\/fr\/boutique\/"},{"@type":"ListItem","position":3,"name":"Les Pi\u00e8ces D\u00e9tach\u00e9es et Accessoires","item":"https:\/\/frifri.be\/fr\/categorie-produit\/les-pieces-detachees-electromenager\/"},{"@type":"ListItem","position":4,"name":"Les Friteuses","item":"https:\/\/frifri.be\/fr\/categorie-produit\/les-pieces-detachees-electromenager\/la-friteuse-2\/"},{"@type":"ListItem","position":5,"name":"R\u00e9sistance 3200 W pour friteuse"}]},{"@type":"WebSite","@id":"https:\/\/frifri.be\/fr\/#website","url":"https:\/\/frifri.be\/fr\/","name":"Frifri Belgium","description":"frifri Shop Belgium","potentialAction":[{"@type":"SearchAction","target":{"@type":"EntryPoint","urlTemplate":"https:\/\/frifri.be\/fr\/?s={search_term_string}"},"query-input":{"@type":"PropertyValueSpecification","valueRequired":true,"valueName":"search_term_string"}}],"inLanguage":"fr-FR"}]}},"_links":{"self":[{"href":"https:\/\/frifri.be\/fr\/wp-json\/wp\/v2\/product\/55407","targetHints":{"allow":["GET"]}}],"collection":[{"href":"https:\/\/frifri.be\/fr\/wp-json\/wp\/v2\/product"}],"about":[{"href":"https:\/\/frifri.be\/fr\/wp-json\/wp\/v2\/types\/product"}],"replies":[{"embeddable":true,"href":"https:\/\/frifri.be\/fr\/wp-json\/wp\/v2\/comments?post=55407"}],"wp:featuredmedia":[{"embeddable":true,"href":"https:\/\/frifri.be\/fr\/wp-json\/wp\/v2\/media\/55439"}],"wp:attachment":[{"href":"https:\/\/frifri.be\/fr\/wp-json\/wp\/v2\/media?parent=55407"}],"wp:term":[{"taxonomy":"product_brand","embeddable":true,"href":"https:\/\/frifri.be\/fr\/wp-json\/wp\/v2\/product_brand?post=55407"},{"taxonomy":"product_cat","embeddable":true,"href":"https:\/\/frifri.be\/fr\/wp-json\/wp\/v2\/product_cat?post=55407"},{"taxonomy":"product_tag","embeddable":true,"href":"https:\/\/frifri.be\/fr\/wp-json\/wp\/v2\/product_tag?post=55407"}],"curies":[{"name":"wp","href":"https:\/\/api.w.org\/{rel}","templated":true}]}}