{"id":55651,"date":"2023-10-30T15:40:02","date_gmt":"2023-10-30T14:40:02","guid":{"rendered":"https:\/\/frifri.be\/?post_type=product&#038;p=55651"},"modified":"2026-01-21T10:18:10","modified_gmt":"2026-01-21T09:18:10","slug":"plaques-galettes","status":"publish","type":"product","link":"https:\/\/frifri.be\/fr\/produit\/plaques-galettes\/","title":{"rendered":"Galettes &#8211; 6&#215;10"},"content":{"rendered":"<p>Les plaques indispensables pour r\u00e9aliser des <strong>galettes<\/strong> au beurre comme celles de vos grands-m\u00e8res. Madeleines de Proust ou nouvelles recettes prometteuses de jolis souvenirs, les galettes auront un go\u00fbt exquis.<\/p>\n<ul>\n<li>6 x 10 trous<\/li>\n<li>Plaques en <strong>fonte et antiadh\u00e9sives <\/strong><\/li>\n<li><strong>Facile \u00e0 nettoyer<\/strong> au lave-vaisselle<\/li>\n<\/ul>\n<p>Dans un souci constant d&rsquo;am\u00e9lioration, nous avons r\u00e9cemment perfectionn\u00e9 les mat\u00e9riaux utilis\u00e9s dans les plaques de nos gaufriers.<br \/>\nGr\u00e2ce \u00e0 cette nouvelle g\u00e9n\u00e9ration de plaques, la r\u00e9partition de la chaleur est encore plus uniforme et les r\u00e9sultats de cuisson sont toujours plus gourmands !<\/p>\n","protected":false},"excerpt":{"rendered":"<p>Les plaques indispensables pour r\u00e9aliser des galettes au beurre comme celles de vos grands-m\u00e8res. Madeleines de&#8230; <span class=\"moreLink\"><a href=\"https:\/\/frifri.be\/fr\/produit\/plaques-galettes\/\">+<\/a><\/span><\/p>\n","protected":false},"featured_media":1841,"comment_status":"closed","ping_status":"closed","template":"","meta":{"_acf_changed":false},"product_brand":[],"product_cat":[282,218],"product_tag":[],"class_list":{"0":"post-55651","1":"product","2":"type-product","3":"status-publish","4":"has-post-thumbnail","6":"product_cat-accessoire-gaufrier-plaques-fourchette","7":"product_cat-accessoire-gaufrier-plaques","9":"first","10":"instock","11":"taxable","12":"shipping-taxable","13":"purchasable","14":"product-type-simple"},"acf":[],"yoast_head":"<!-- This site is optimized with the Yoast SEO plugin v27.3 - https:\/\/yoast.com\/product\/yoast-seo-wordpress\/ -->\n<title>Plaques Galettes - 6x10 - En fonte et antiadh\u00e9sives - Frifri Belgium<\/title>\n<meta name=\"description\" content=\"Les plaques indispensables pour r\u00e9aliser des galettes au beurre comme vos grands-m\u00e8res ou tester de nouvelles recettes prometteuses de jolis souvenirs\" \/>\n<meta name=\"robots\" content=\"index, follow, max-snippet:-1, max-image-preview:large, max-video-preview:-1\" \/>\n<link rel=\"canonical\" href=\"https:\/\/frifri.be\/fr\/produit\/plaques-galettes\/\" \/>\n<meta property=\"og:locale\" content=\"fr_FR\" \/>\n<meta property=\"og:type\" content=\"article\" \/>\n<meta property=\"og:title\" content=\"Plaques Galettes - 6x10 - En fonte et antiadh\u00e9sives - Frifri Belgium\" \/>\n<meta property=\"og:description\" content=\"Les plaques indispensables pour r\u00e9aliser des galettes au beurre comme vos grands-m\u00e8res ou tester de nouvelles recettes prometteuses de jolis souvenirs\" \/>\n<meta property=\"og:url\" content=\"https:\/\/frifri.be\/fr\/produit\/plaques-galettes\/\" \/>\n<meta property=\"og:site_name\" content=\"Frifri Belgium\" \/>\n<meta property=\"article:modified_time\" content=\"2026-01-21T09:18:10+00:00\" \/>\n<meta property=\"og:image\" content=\"https:\/\/frifri.be\/wp-content\/uploads\/2019\/07\/Frifri_Moules_Bakplaten_M003_Galettes_Galetten_Prod_72dpi_1.jpg\" \/>\n\t<meta property=\"og:image:width\" content=\"1280\" \/>\n\t<meta property=\"og:image:height\" content=\"1280\" \/>\n\t<meta property=\"og:image:type\" content=\"image\/jpeg\" \/>\n<meta name=\"twitter:card\" content=\"summary_large_image\" \/>\n<meta name=\"twitter:label1\" content=\"Dur\u00e9e de lecture estim\u00e9e\" \/>\n\t<meta name=\"twitter:data1\" content=\"2 minutes\" \/>\n<script type=\"application\/ld+json\" class=\"yoast-schema-graph\">{\"@context\":\"https:\\\/\\\/schema.org\",\"@graph\":[{\"@type\":\"WebPage\",\"@id\":\"https:\\\/\\\/frifri.be\\\/fr\\\/produit\\\/plaques-galettes\\\/\",\"url\":\"https:\\\/\\\/frifri.be\\\/fr\\\/produit\\\/plaques-galettes\\\/\",\"name\":\"Plaques Galettes - 6x10 - En fonte et antiadh\u00e9sives - Frifri Belgium\",\"isPartOf\":{\"@id\":\"https:\\\/\\\/frifri.be\\\/fr\\\/#website\"},\"primaryImageOfPage\":{\"@id\":\"https:\\\/\\\/frifri.be\\\/fr\\\/produit\\\/plaques-galettes\\\/#primaryimage\"},\"image\":{\"@id\":\"https:\\\/\\\/frifri.be\\\/fr\\\/produit\\\/plaques-galettes\\\/#primaryimage\"},\"thumbnailUrl\":\"https:\\\/\\\/frifri.be\\\/wp-content\\\/uploads\\\/2019\\\/07\\\/Frifri_Moules_Bakplaten_M003_Galettes_Galetten_Prod_72dpi_1.jpg\",\"datePublished\":\"2023-10-30T14:40:02+00:00\",\"dateModified\":\"2026-01-21T09:18:10+00:00\",\"description\":\"Les plaques indispensables pour r\u00e9aliser des galettes au beurre comme vos grands-m\u00e8res ou tester de nouvelles recettes prometteuses de jolis souvenirs\",\"breadcrumb\":{\"@id\":\"https:\\\/\\\/frifri.be\\\/fr\\\/produit\\\/plaques-galettes\\\/#breadcrumb\"},\"inLanguage\":\"fr-FR\",\"potentialAction\":[{\"@type\":\"ReadAction\",\"target\":[\"https:\\\/\\\/frifri.be\\\/fr\\\/produit\\\/plaques-galettes\\\/\"]}]},{\"@type\":\"ImageObject\",\"inLanguage\":\"fr-FR\",\"@id\":\"https:\\\/\\\/frifri.be\\\/fr\\\/produit\\\/plaques-galettes\\\/#primaryimage\",\"url\":\"https:\\\/\\\/frifri.be\\\/wp-content\\\/uploads\\\/2019\\\/07\\\/Frifri_Moules_Bakplaten_M003_Galettes_Galetten_Prod_72dpi_1.jpg\",\"contentUrl\":\"https:\\\/\\\/frifri.be\\\/wp-content\\\/uploads\\\/2019\\\/07\\\/Frifri_Moules_Bakplaten_M003_Galettes_Galetten_Prod_72dpi_1.jpg\",\"width\":1280,\"height\":1280},{\"@type\":\"BreadcrumbList\",\"@id\":\"https:\\\/\\\/frifri.be\\\/fr\\\/produit\\\/plaques-galettes\\\/#breadcrumb\",\"itemListElement\":[{\"@type\":\"ListItem\",\"position\":1,\"name\":\"Home\",\"item\":\"https:\\\/\\\/frifri.be\\\/fr\\\/frifri\\\/\"},{\"@type\":\"ListItem\",\"position\":2,\"name\":\"Nos produits\",\"item\":\"https:\\\/\\\/frifri.be\\\/fr\\\/boutique\\\/\"},{\"@type\":\"ListItem\",\"position\":3,\"name\":\"Les Plaques\",\"item\":\"https:\\\/\\\/frifri.be\\\/fr\\\/categorie-produit\\\/accessoire-gaufrier-plaques\\\/\"},{\"@type\":\"ListItem\",\"position\":4,\"name\":\"Galettes &#8211; 6&#215;10\"}]},{\"@type\":\"WebSite\",\"@id\":\"https:\\\/\\\/frifri.be\\\/fr\\\/#website\",\"url\":\"https:\\\/\\\/frifri.be\\\/fr\\\/\",\"name\":\"Frifri Belgium\",\"description\":\"frifri Shop Belgium\",\"potentialAction\":[{\"@type\":\"SearchAction\",\"target\":{\"@type\":\"EntryPoint\",\"urlTemplate\":\"https:\\\/\\\/frifri.be\\\/fr\\\/?s={search_term_string}\"},\"query-input\":{\"@type\":\"PropertyValueSpecification\",\"valueRequired\":true,\"valueName\":\"search_term_string\"}}],\"inLanguage\":\"fr-FR\"}]}<\/script>\n<!-- \/ Yoast SEO plugin. -->","yoast_head_json":{"title":"Plaques Galettes - 6x10 - En fonte et antiadh\u00e9sives - Frifri Belgium","description":"Les plaques indispensables pour r\u00e9aliser des galettes au beurre comme vos grands-m\u00e8res ou tester de nouvelles recettes prometteuses de jolis souvenirs","robots":{"index":"index","follow":"follow","max-snippet":"max-snippet:-1","max-image-preview":"max-image-preview:large","max-video-preview":"max-video-preview:-1"},"canonical":"https:\/\/frifri.be\/fr\/produit\/plaques-galettes\/","og_locale":"fr_FR","og_type":"article","og_title":"Plaques Galettes - 6x10 - En fonte et antiadh\u00e9sives - Frifri Belgium","og_description":"Les plaques indispensables pour r\u00e9aliser des galettes au beurre comme vos grands-m\u00e8res ou tester de nouvelles recettes prometteuses de jolis souvenirs","og_url":"https:\/\/frifri.be\/fr\/produit\/plaques-galettes\/","og_site_name":"Frifri Belgium","article_modified_time":"2026-01-21T09:18:10+00:00","og_image":[{"width":1280,"height":1280,"url":"https:\/\/frifri.be\/wp-content\/uploads\/2019\/07\/Frifri_Moules_Bakplaten_M003_Galettes_Galetten_Prod_72dpi_1.jpg","type":"image\/jpeg"}],"twitter_card":"summary_large_image","twitter_misc":{"Dur\u00e9e de lecture estim\u00e9e":"2 minutes"},"schema":{"@context":"https:\/\/schema.org","@graph":[{"@type":"WebPage","@id":"https:\/\/frifri.be\/fr\/produit\/plaques-galettes\/","url":"https:\/\/frifri.be\/fr\/produit\/plaques-galettes\/","name":"Plaques Galettes - 6x10 - En fonte et antiadh\u00e9sives - Frifri Belgium","isPartOf":{"@id":"https:\/\/frifri.be\/fr\/#website"},"primaryImageOfPage":{"@id":"https:\/\/frifri.be\/fr\/produit\/plaques-galettes\/#primaryimage"},"image":{"@id":"https:\/\/frifri.be\/fr\/produit\/plaques-galettes\/#primaryimage"},"thumbnailUrl":"https:\/\/frifri.be\/wp-content\/uploads\/2019\/07\/Frifri_Moules_Bakplaten_M003_Galettes_Galetten_Prod_72dpi_1.jpg","datePublished":"2023-10-30T14:40:02+00:00","dateModified":"2026-01-21T09:18:10+00:00","description":"Les plaques indispensables pour r\u00e9aliser des galettes au beurre comme vos grands-m\u00e8res ou tester de nouvelles recettes prometteuses de jolis souvenirs","breadcrumb":{"@id":"https:\/\/frifri.be\/fr\/produit\/plaques-galettes\/#breadcrumb"},"inLanguage":"fr-FR","potentialAction":[{"@type":"ReadAction","target":["https:\/\/frifri.be\/fr\/produit\/plaques-galettes\/"]}]},{"@type":"ImageObject","inLanguage":"fr-FR","@id":"https:\/\/frifri.be\/fr\/produit\/plaques-galettes\/#primaryimage","url":"https:\/\/frifri.be\/wp-content\/uploads\/2019\/07\/Frifri_Moules_Bakplaten_M003_Galettes_Galetten_Prod_72dpi_1.jpg","contentUrl":"https:\/\/frifri.be\/wp-content\/uploads\/2019\/07\/Frifri_Moules_Bakplaten_M003_Galettes_Galetten_Prod_72dpi_1.jpg","width":1280,"height":1280},{"@type":"BreadcrumbList","@id":"https:\/\/frifri.be\/fr\/produit\/plaques-galettes\/#breadcrumb","itemListElement":[{"@type":"ListItem","position":1,"name":"Home","item":"https:\/\/frifri.be\/fr\/frifri\/"},{"@type":"ListItem","position":2,"name":"Nos produits","item":"https:\/\/frifri.be\/fr\/boutique\/"},{"@type":"ListItem","position":3,"name":"Les Plaques","item":"https:\/\/frifri.be\/fr\/categorie-produit\/accessoire-gaufrier-plaques\/"},{"@type":"ListItem","position":4,"name":"Galettes &#8211; 6&#215;10"}]},{"@type":"WebSite","@id":"https:\/\/frifri.be\/fr\/#website","url":"https:\/\/frifri.be\/fr\/","name":"Frifri Belgium","description":"frifri Shop Belgium","potentialAction":[{"@type":"SearchAction","target":{"@type":"EntryPoint","urlTemplate":"https:\/\/frifri.be\/fr\/?s={search_term_string}"},"query-input":{"@type":"PropertyValueSpecification","valueRequired":true,"valueName":"search_term_string"}}],"inLanguage":"fr-FR"}]}},"_links":{"self":[{"href":"https:\/\/frifri.be\/fr\/wp-json\/wp\/v2\/product\/55651","targetHints":{"allow":["GET"]}}],"collection":[{"href":"https:\/\/frifri.be\/fr\/wp-json\/wp\/v2\/product"}],"about":[{"href":"https:\/\/frifri.be\/fr\/wp-json\/wp\/v2\/types\/product"}],"replies":[{"embeddable":true,"href":"https:\/\/frifri.be\/fr\/wp-json\/wp\/v2\/comments?post=55651"}],"wp:featuredmedia":[{"embeddable":true,"href":"https:\/\/frifri.be\/fr\/wp-json\/wp\/v2\/media\/1841"}],"wp:attachment":[{"href":"https:\/\/frifri.be\/fr\/wp-json\/wp\/v2\/media?parent=55651"}],"wp:term":[{"taxonomy":"product_brand","embeddable":true,"href":"https:\/\/frifri.be\/fr\/wp-json\/wp\/v2\/product_brand?post=55651"},{"taxonomy":"product_cat","embeddable":true,"href":"https:\/\/frifri.be\/fr\/wp-json\/wp\/v2\/product_cat?post=55651"},{"taxonomy":"product_tag","embeddable":true,"href":"https:\/\/frifri.be\/fr\/wp-json\/wp\/v2\/product_tag?post=55651"}],"curies":[{"name":"wp","href":"https:\/\/api.w.org\/{rel}","templated":true}]}}