{"id":62667,"date":"2024-10-24T13:57:04","date_gmt":"2024-10-24T11:57:04","guid":{"rendered":"https:\/\/frifri.be\/?post_type=product&#038;p=62667"},"modified":"2026-04-13T16:07:02","modified_gmt":"2026-04-13T14:07:02","slug":"plaques-bubble-gaufre","status":"publish","type":"product","link":"https:\/\/frifri.be\/fr\/produit\/plaques-bubble-gaufre\/","title":{"rendered":"Bubble Gaufre"},"content":{"rendered":"<p>Un incontournable pour tous les amateurs de gaufres ludiques et d\u00e9licieuses : la Bubble Gaufre.<\/p>\n<ul>\n<li>Plaques en fonte massive avec rev\u00eatement antiadh\u00e9sif pour une cuisson uniforme<\/li>\n<li>Pr\u00e9parez des bubble gaufres croustillantes \u00e0 l&rsquo;ext\u00e9rieur et moelleuses \u00e0 l&rsquo;int\u00e9rieur<\/li>\n<li>Nettoyage facile : compatibles avec le lave-vaisselle<\/li>\n<li>Plaques interchangeables, compatibles avec tous les gaufriers Frifri<\/li>\n<li>Id\u00e9al pour varier les plaisirs gourmands<\/li>\n<li>Des moments gourmands et ludiques garantis<\/li>\n<\/ul>\n<p>Offrez-vous des moments gourmands inoubliables avec les Plaques Bubble Gaufre.<\/p>\n","protected":false},"excerpt":{"rendered":"<p>Un incontournable pour tous les amateurs de gaufres ludiques et d\u00e9licieuses : la Bubble Gaufre. Plaques&#8230; <span class=\"moreLink\"><a href=\"https:\/\/frifri.be\/fr\/produit\/plaques-bubble-gaufre\/\">+<\/a><\/span><\/p>\n","protected":false},"featured_media":62673,"comment_status":"closed","ping_status":"closed","template":"","meta":{"_acf_changed":false},"product_brand":[],"product_cat":[282,218],"product_tag":[],"class_list":{"0":"post-62667","1":"product","2":"type-product","3":"status-publish","4":"has-post-thumbnail","6":"product_cat-accessoire-gaufrier-plaques-fourchette","7":"product_cat-accessoire-gaufrier-plaques","9":"first","10":"instock","11":"taxable","12":"shipping-taxable","13":"purchasable","14":"product-type-simple"},"acf":[],"yoast_head":"<!-- This site is optimized with the Yoast SEO plugin v27.3 - https:\/\/yoast.com\/product\/yoast-seo-wordpress\/ -->\n<title>Plaques Bubble Gaufre - Antiadh\u00e9sives - Frifri Belgium<\/title>\n<meta name=\"description\" content=\"Les plaques en fonte et antiadh\u00e9sives, indispensables pour une exp\u00e9rience gourmande et originale avec les Plaques Bubble Gaufre\" \/>\n<meta name=\"robots\" content=\"index, follow, max-snippet:-1, max-image-preview:large, max-video-preview:-1\" \/>\n<link rel=\"canonical\" href=\"https:\/\/frifri.be\/fr\/produit\/plaques-bubble-gaufre\/\" \/>\n<meta property=\"og:locale\" content=\"fr_FR\" \/>\n<meta property=\"og:type\" content=\"article\" \/>\n<meta property=\"og:title\" content=\"Plaques Bubble Gaufre - Antiadh\u00e9sives - Frifri Belgium\" \/>\n<meta property=\"og:description\" content=\"Les plaques en fonte et antiadh\u00e9sives, indispensables pour une exp\u00e9rience gourmande et originale avec les Plaques Bubble Gaufre\" \/>\n<meta property=\"og:url\" content=\"https:\/\/frifri.be\/fr\/produit\/plaques-bubble-gaufre\/\" \/>\n<meta property=\"og:site_name\" content=\"Frifri Belgium\" \/>\n<meta property=\"article:modified_time\" content=\"2026-04-13T14:07:02+00:00\" \/>\n<meta property=\"og:image\" content=\"https:\/\/frifri.be\/wp-content\/uploads\/2024\/10\/FriFri_Urgent-10_SBOX_HD_EXT1.jpeg\" \/>\n\t<meta property=\"og:image:width\" content=\"1600\" \/>\n\t<meta property=\"og:image:height\" content=\"1347\" \/>\n\t<meta property=\"og:image:type\" content=\"image\/jpeg\" \/>\n<meta name=\"twitter:card\" content=\"summary_large_image\" \/>\n<meta name=\"twitter:label1\" content=\"Dur\u00e9e de lecture estim\u00e9e\" \/>\n\t<meta name=\"twitter:data1\" content=\"2 minutes\" \/>\n<script type=\"application\/ld+json\" class=\"yoast-schema-graph\">{\"@context\":\"https:\\\/\\\/schema.org\",\"@graph\":[{\"@type\":\"WebPage\",\"@id\":\"https:\\\/\\\/frifri.be\\\/fr\\\/produit\\\/plaques-bubble-gaufre\\\/\",\"url\":\"https:\\\/\\\/frifri.be\\\/fr\\\/produit\\\/plaques-bubble-gaufre\\\/\",\"name\":\"Plaques Bubble Gaufre - Antiadh\u00e9sives - Frifri Belgium\",\"isPartOf\":{\"@id\":\"https:\\\/\\\/frifri.be\\\/fr\\\/#website\"},\"primaryImageOfPage\":{\"@id\":\"https:\\\/\\\/frifri.be\\\/fr\\\/produit\\\/plaques-bubble-gaufre\\\/#primaryimage\"},\"image\":{\"@id\":\"https:\\\/\\\/frifri.be\\\/fr\\\/produit\\\/plaques-bubble-gaufre\\\/#primaryimage\"},\"thumbnailUrl\":\"https:\\\/\\\/frifri.be\\\/wp-content\\\/uploads\\\/2024\\\/10\\\/FriFri_Urgent-10_SBOX_HD_EXT1.jpeg\",\"datePublished\":\"2024-10-24T11:57:04+00:00\",\"dateModified\":\"2026-04-13T14:07:02+00:00\",\"description\":\"Les plaques en fonte et antiadh\u00e9sives, indispensables pour une exp\u00e9rience gourmande et originale avec les Plaques Bubble Gaufre\",\"breadcrumb\":{\"@id\":\"https:\\\/\\\/frifri.be\\\/fr\\\/produit\\\/plaques-bubble-gaufre\\\/#breadcrumb\"},\"inLanguage\":\"fr-FR\",\"potentialAction\":[{\"@type\":\"ReadAction\",\"target\":[\"https:\\\/\\\/frifri.be\\\/fr\\\/produit\\\/plaques-bubble-gaufre\\\/\"]}]},{\"@type\":\"ImageObject\",\"inLanguage\":\"fr-FR\",\"@id\":\"https:\\\/\\\/frifri.be\\\/fr\\\/produit\\\/plaques-bubble-gaufre\\\/#primaryimage\",\"url\":\"https:\\\/\\\/frifri.be\\\/wp-content\\\/uploads\\\/2024\\\/10\\\/FriFri_Urgent-10_SBOX_HD_EXT1.jpeg\",\"contentUrl\":\"https:\\\/\\\/frifri.be\\\/wp-content\\\/uploads\\\/2024\\\/10\\\/FriFri_Urgent-10_SBOX_HD_EXT1.jpeg\",\"width\":1600,\"height\":1347},{\"@type\":\"BreadcrumbList\",\"@id\":\"https:\\\/\\\/frifri.be\\\/fr\\\/produit\\\/plaques-bubble-gaufre\\\/#breadcrumb\",\"itemListElement\":[{\"@type\":\"ListItem\",\"position\":1,\"name\":\"Home\",\"item\":\"https:\\\/\\\/frifri.be\\\/fr\\\/frifri\\\/\"},{\"@type\":\"ListItem\",\"position\":2,\"name\":\"Nos produits\",\"item\":\"https:\\\/\\\/frifri.be\\\/fr\\\/boutique\\\/\"},{\"@type\":\"ListItem\",\"position\":3,\"name\":\"Les Plaques\",\"item\":\"https:\\\/\\\/frifri.be\\\/fr\\\/categorie-produit\\\/accessoire-gaufrier-plaques\\\/\"},{\"@type\":\"ListItem\",\"position\":4,\"name\":\"Bubble Gaufre\"}]},{\"@type\":\"WebSite\",\"@id\":\"https:\\\/\\\/frifri.be\\\/fr\\\/#website\",\"url\":\"https:\\\/\\\/frifri.be\\\/fr\\\/\",\"name\":\"Frifri Belgium\",\"description\":\"frifri Shop Belgium\",\"potentialAction\":[{\"@type\":\"SearchAction\",\"target\":{\"@type\":\"EntryPoint\",\"urlTemplate\":\"https:\\\/\\\/frifri.be\\\/fr\\\/?s={search_term_string}\"},\"query-input\":{\"@type\":\"PropertyValueSpecification\",\"valueRequired\":true,\"valueName\":\"search_term_string\"}}],\"inLanguage\":\"fr-FR\"}]}<\/script>\n<!-- \/ Yoast SEO plugin. -->","yoast_head_json":{"title":"Plaques Bubble Gaufre - Antiadh\u00e9sives - Frifri Belgium","description":"Les plaques en fonte et antiadh\u00e9sives, indispensables pour une exp\u00e9rience gourmande et originale avec les Plaques Bubble Gaufre","robots":{"index":"index","follow":"follow","max-snippet":"max-snippet:-1","max-image-preview":"max-image-preview:large","max-video-preview":"max-video-preview:-1"},"canonical":"https:\/\/frifri.be\/fr\/produit\/plaques-bubble-gaufre\/","og_locale":"fr_FR","og_type":"article","og_title":"Plaques Bubble Gaufre - Antiadh\u00e9sives - Frifri Belgium","og_description":"Les plaques en fonte et antiadh\u00e9sives, indispensables pour une exp\u00e9rience gourmande et originale avec les Plaques Bubble Gaufre","og_url":"https:\/\/frifri.be\/fr\/produit\/plaques-bubble-gaufre\/","og_site_name":"Frifri Belgium","article_modified_time":"2026-04-13T14:07:02+00:00","og_image":[{"width":1600,"height":1347,"url":"https:\/\/frifri.be\/wp-content\/uploads\/2024\/10\/FriFri_Urgent-10_SBOX_HD_EXT1.jpeg","type":"image\/jpeg"}],"twitter_card":"summary_large_image","twitter_misc":{"Dur\u00e9e de lecture estim\u00e9e":"2 minutes"},"schema":{"@context":"https:\/\/schema.org","@graph":[{"@type":"WebPage","@id":"https:\/\/frifri.be\/fr\/produit\/plaques-bubble-gaufre\/","url":"https:\/\/frifri.be\/fr\/produit\/plaques-bubble-gaufre\/","name":"Plaques Bubble Gaufre - Antiadh\u00e9sives - Frifri Belgium","isPartOf":{"@id":"https:\/\/frifri.be\/fr\/#website"},"primaryImageOfPage":{"@id":"https:\/\/frifri.be\/fr\/produit\/plaques-bubble-gaufre\/#primaryimage"},"image":{"@id":"https:\/\/frifri.be\/fr\/produit\/plaques-bubble-gaufre\/#primaryimage"},"thumbnailUrl":"https:\/\/frifri.be\/wp-content\/uploads\/2024\/10\/FriFri_Urgent-10_SBOX_HD_EXT1.jpeg","datePublished":"2024-10-24T11:57:04+00:00","dateModified":"2026-04-13T14:07:02+00:00","description":"Les plaques en fonte et antiadh\u00e9sives, indispensables pour une exp\u00e9rience gourmande et originale avec les Plaques Bubble Gaufre","breadcrumb":{"@id":"https:\/\/frifri.be\/fr\/produit\/plaques-bubble-gaufre\/#breadcrumb"},"inLanguage":"fr-FR","potentialAction":[{"@type":"ReadAction","target":["https:\/\/frifri.be\/fr\/produit\/plaques-bubble-gaufre\/"]}]},{"@type":"ImageObject","inLanguage":"fr-FR","@id":"https:\/\/frifri.be\/fr\/produit\/plaques-bubble-gaufre\/#primaryimage","url":"https:\/\/frifri.be\/wp-content\/uploads\/2024\/10\/FriFri_Urgent-10_SBOX_HD_EXT1.jpeg","contentUrl":"https:\/\/frifri.be\/wp-content\/uploads\/2024\/10\/FriFri_Urgent-10_SBOX_HD_EXT1.jpeg","width":1600,"height":1347},{"@type":"BreadcrumbList","@id":"https:\/\/frifri.be\/fr\/produit\/plaques-bubble-gaufre\/#breadcrumb","itemListElement":[{"@type":"ListItem","position":1,"name":"Home","item":"https:\/\/frifri.be\/fr\/frifri\/"},{"@type":"ListItem","position":2,"name":"Nos produits","item":"https:\/\/frifri.be\/fr\/boutique\/"},{"@type":"ListItem","position":3,"name":"Les Plaques","item":"https:\/\/frifri.be\/fr\/categorie-produit\/accessoire-gaufrier-plaques\/"},{"@type":"ListItem","position":4,"name":"Bubble Gaufre"}]},{"@type":"WebSite","@id":"https:\/\/frifri.be\/fr\/#website","url":"https:\/\/frifri.be\/fr\/","name":"Frifri Belgium","description":"frifri Shop Belgium","potentialAction":[{"@type":"SearchAction","target":{"@type":"EntryPoint","urlTemplate":"https:\/\/frifri.be\/fr\/?s={search_term_string}"},"query-input":{"@type":"PropertyValueSpecification","valueRequired":true,"valueName":"search_term_string"}}],"inLanguage":"fr-FR"}]}},"_links":{"self":[{"href":"https:\/\/frifri.be\/fr\/wp-json\/wp\/v2\/product\/62667","targetHints":{"allow":["GET"]}}],"collection":[{"href":"https:\/\/frifri.be\/fr\/wp-json\/wp\/v2\/product"}],"about":[{"href":"https:\/\/frifri.be\/fr\/wp-json\/wp\/v2\/types\/product"}],"replies":[{"embeddable":true,"href":"https:\/\/frifri.be\/fr\/wp-json\/wp\/v2\/comments?post=62667"}],"wp:featuredmedia":[{"embeddable":true,"href":"https:\/\/frifri.be\/fr\/wp-json\/wp\/v2\/media\/62673"}],"wp:attachment":[{"href":"https:\/\/frifri.be\/fr\/wp-json\/wp\/v2\/media?parent=62667"}],"wp:term":[{"taxonomy":"product_brand","embeddable":true,"href":"https:\/\/frifri.be\/fr\/wp-json\/wp\/v2\/product_brand?post=62667"},{"taxonomy":"product_cat","embeddable":true,"href":"https:\/\/frifri.be\/fr\/wp-json\/wp\/v2\/product_cat?post=62667"},{"taxonomy":"product_tag","embeddable":true,"href":"https:\/\/frifri.be\/fr\/wp-json\/wp\/v2\/product_tag?post=62667"}],"curies":[{"name":"wp","href":"https:\/\/api.w.org\/{rel}","templated":true}]}}