{"id":689,"date":"2019-06-27T12:58:45","date_gmt":"2019-06-27T10:58:45","guid":{"rendered":"https:\/\/frifri.be\/?post_type=product&#038;p=689"},"modified":"2025-12-02T14:24:58","modified_gmt":"2025-12-02T13:24:58","slug":"electro-menager-blender-ultra-puissant","status":"publish","type":"product","link":"https:\/\/frifri.be\/fr\/produit\/electro-menager-blender-ultra-puissant\/","title":{"rendered":"Le Blender DAILY MIX"},"content":{"rendered":"<h2>Le Blender DAILY MIX pour faire le plein de vitamines et de gourmandises<\/h2>\n<ul>\n<li><strong>Compact<\/strong>, Le Blender DAILY MIX s\u2019int\u00e8gre facilement dans votre cuisine.<\/li>\n<li>Super puissant avec ses <strong>1.200 Watts<\/strong>, il offre une multitude de possibilit\u00e9s pour varier les plaisirs au quotidien.<\/li>\n<li>Les <strong>2 vitesses de rotation<\/strong> et la <strong>fonction PULSE<\/strong> vous permettent d\u2019utiliser votre blender pour mixer fruits, l\u00e9gumes, noix et gla\u00e7ons.<\/li>\n<li>G\u00e9rez facilement toutes les fonctions de votre blender DAILY MIX gr\u00e2ce \u00e0 son <strong>panneau de contr\u00f4le tactile<\/strong>.<\/li>\n<li><strong>Facile \u00e0 nettoyer<\/strong> et fourni avec <strong>5 accessoires<\/strong> qui passent au lave-vaisselle.<\/li>\n<\/ul>\n<p>&nbsp;<\/p>\n<p><strong>Des accessoires pratiques:<\/strong><\/p>\n<ul>\n<li>2 gourdes en tritan (400 ml et 1 l) sans bisph\u00e9nol A (BPA)<\/li>\n<li>2 couvercles fraicheur<\/li>\n<li>1 couvercle \u00e0 boire<\/li>\n<\/ul>\n","protected":false},"excerpt":{"rendered":"<p>Le Blender DAILY MIX pour faire le plein de vitamines et de gourmandises Compact, Le Blender&#8230; <span class=\"moreLink\"><a href=\"https:\/\/frifri.be\/fr\/produit\/electro-menager-blender-ultra-puissant\/\">+<\/a><\/span><\/p>\n","protected":false},"featured_media":1436,"comment_status":"open","ping_status":"closed","template":"","meta":{"_acf_changed":false},"product_brand":[],"product_cat":[785],"product_tag":[],"class_list":{"0":"post-689","1":"product","2":"type-product","3":"status-publish","4":"has-post-thumbnail","6":"product_cat-anciens-produits","8":"first","9":"no_longer_available","10":"taxable","11":"shipping-taxable","12":"product-type-simple"},"acf":[],"yoast_head":"<!-- This site is optimized with the Yoast SEO plugin v27.3 - https:\/\/yoast.com\/product\/yoast-seo-wordpress\/ -->\n<title>Le Blender DAILY MIX - Hyper puissant avec 5 accessoires - Frifri Belgium<\/title>\n<meta name=\"description\" content=\"Le Blender DAILY MIX: faites le plein de vitamines et de gourmandises. Super puissant avec 1.200 Watts, il offre de multiples possibilit\u00e9s!\" \/>\n<meta name=\"robots\" content=\"index, follow, max-snippet:-1, max-image-preview:large, max-video-preview:-1\" \/>\n<link rel=\"canonical\" href=\"https:\/\/frifri.be\/fr\/produit\/electro-menager-blender-ultra-puissant\/\" \/>\n<meta property=\"og:locale\" content=\"fr_FR\" \/>\n<meta property=\"og:type\" content=\"article\" \/>\n<meta property=\"og:title\" content=\"Le Blender DAILY MIX - Hyper puissant avec 5 accessoires - Frifri Belgium\" \/>\n<meta property=\"og:description\" content=\"Le Blender DAILY MIX: faites le plein de vitamines et de gourmandises. Super puissant avec 1.200 Watts, il offre de multiples possibilit\u00e9s!\" \/>\n<meta property=\"og:url\" content=\"https:\/\/frifri.be\/fr\/produit\/electro-menager-blender-ultra-puissant\/\" \/>\n<meta property=\"og:site_name\" content=\"Frifri Belgium\" \/>\n<meta property=\"article:modified_time\" content=\"2025-12-02T13:24:58+00:00\" \/>\n<meta property=\"og:image\" content=\"https:\/\/frifri.be\/wp-content\/uploads\/2019\/06\/Frifri_Blender_DailyMix_Prod_72dpi_3.jpg\" \/>\n\t<meta property=\"og:image:width\" content=\"1280\" \/>\n\t<meta property=\"og:image:height\" content=\"853\" \/>\n\t<meta property=\"og:image:type\" content=\"image\/jpeg\" \/>\n<meta name=\"twitter:card\" content=\"summary_large_image\" \/>\n<meta name=\"twitter:label1\" content=\"Dur\u00e9e de lecture estim\u00e9e\" \/>\n\t<meta name=\"twitter:data1\" content=\"2 minutes\" \/>\n<script type=\"application\/ld+json\" class=\"yoast-schema-graph\">{\"@context\":\"https:\\\/\\\/schema.org\",\"@graph\":[{\"@type\":\"WebPage\",\"@id\":\"https:\\\/\\\/frifri.be\\\/fr\\\/produit\\\/electro-menager-blender-ultra-puissant\\\/\",\"url\":\"https:\\\/\\\/frifri.be\\\/fr\\\/produit\\\/electro-menager-blender-ultra-puissant\\\/\",\"name\":\"Le Blender DAILY MIX - Hyper puissant avec 5 accessoires - Frifri Belgium\",\"isPartOf\":{\"@id\":\"https:\\\/\\\/frifri.be\\\/fr\\\/#website\"},\"primaryImageOfPage\":{\"@id\":\"https:\\\/\\\/frifri.be\\\/fr\\\/produit\\\/electro-menager-blender-ultra-puissant\\\/#primaryimage\"},\"image\":{\"@id\":\"https:\\\/\\\/frifri.be\\\/fr\\\/produit\\\/electro-menager-blender-ultra-puissant\\\/#primaryimage\"},\"thumbnailUrl\":\"https:\\\/\\\/frifri.be\\\/wp-content\\\/uploads\\\/2019\\\/06\\\/Frifri_Blender_DailyMix_Prod_72dpi_3.jpg\",\"datePublished\":\"2019-06-27T10:58:45+00:00\",\"dateModified\":\"2025-12-02T13:24:58+00:00\",\"description\":\"Le Blender DAILY MIX: faites le plein de vitamines et de gourmandises. Super puissant avec 1.200 Watts, il offre de multiples possibilit\u00e9s!\",\"breadcrumb\":{\"@id\":\"https:\\\/\\\/frifri.be\\\/fr\\\/produit\\\/electro-menager-blender-ultra-puissant\\\/#breadcrumb\"},\"inLanguage\":\"fr-FR\",\"potentialAction\":[{\"@type\":\"ReadAction\",\"target\":[\"https:\\\/\\\/frifri.be\\\/fr\\\/produit\\\/electro-menager-blender-ultra-puissant\\\/\"]}]},{\"@type\":\"ImageObject\",\"inLanguage\":\"fr-FR\",\"@id\":\"https:\\\/\\\/frifri.be\\\/fr\\\/produit\\\/electro-menager-blender-ultra-puissant\\\/#primaryimage\",\"url\":\"https:\\\/\\\/frifri.be\\\/wp-content\\\/uploads\\\/2019\\\/06\\\/Frifri_Blender_DailyMix_Prod_72dpi_3.jpg\",\"contentUrl\":\"https:\\\/\\\/frifri.be\\\/wp-content\\\/uploads\\\/2019\\\/06\\\/Frifri_Blender_DailyMix_Prod_72dpi_3.jpg\",\"width\":1280,\"height\":853},{\"@type\":\"BreadcrumbList\",\"@id\":\"https:\\\/\\\/frifri.be\\\/fr\\\/produit\\\/electro-menager-blender-ultra-puissant\\\/#breadcrumb\",\"itemListElement\":[{\"@type\":\"ListItem\",\"position\":1,\"name\":\"Home\",\"item\":\"https:\\\/\\\/frifri.be\\\/fr\\\/frifri\\\/\"},{\"@type\":\"ListItem\",\"position\":2,\"name\":\"Nos produits\",\"item\":\"https:\\\/\\\/frifri.be\\\/fr\\\/boutique\\\/\"},{\"@type\":\"ListItem\",\"position\":3,\"name\":\"Les Anciens produits\",\"item\":\"https:\\\/\\\/frifri.be\\\/fr\\\/categorie-produit\\\/anciens-produits\\\/\"},{\"@type\":\"ListItem\",\"position\":4,\"name\":\"Le Blender DAILY MIX\"}]},{\"@type\":\"WebSite\",\"@id\":\"https:\\\/\\\/frifri.be\\\/fr\\\/#website\",\"url\":\"https:\\\/\\\/frifri.be\\\/fr\\\/\",\"name\":\"Frifri Belgium\",\"description\":\"frifri Shop Belgium\",\"potentialAction\":[{\"@type\":\"SearchAction\",\"target\":{\"@type\":\"EntryPoint\",\"urlTemplate\":\"https:\\\/\\\/frifri.be\\\/fr\\\/?s={search_term_string}\"},\"query-input\":{\"@type\":\"PropertyValueSpecification\",\"valueRequired\":true,\"valueName\":\"search_term_string\"}}],\"inLanguage\":\"fr-FR\"}]}<\/script>\n<!-- \/ Yoast SEO plugin. -->","yoast_head_json":{"title":"Le Blender DAILY MIX - Hyper puissant avec 5 accessoires - Frifri Belgium","description":"Le Blender DAILY MIX: faites le plein de vitamines et de gourmandises. Super puissant avec 1.200 Watts, il offre de multiples possibilit\u00e9s!","robots":{"index":"index","follow":"follow","max-snippet":"max-snippet:-1","max-image-preview":"max-image-preview:large","max-video-preview":"max-video-preview:-1"},"canonical":"https:\/\/frifri.be\/fr\/produit\/electro-menager-blender-ultra-puissant\/","og_locale":"fr_FR","og_type":"article","og_title":"Le Blender DAILY MIX - Hyper puissant avec 5 accessoires - Frifri Belgium","og_description":"Le Blender DAILY MIX: faites le plein de vitamines et de gourmandises. Super puissant avec 1.200 Watts, il offre de multiples possibilit\u00e9s!","og_url":"https:\/\/frifri.be\/fr\/produit\/electro-menager-blender-ultra-puissant\/","og_site_name":"Frifri Belgium","article_modified_time":"2025-12-02T13:24:58+00:00","og_image":[{"width":1280,"height":853,"url":"https:\/\/frifri.be\/wp-content\/uploads\/2019\/06\/Frifri_Blender_DailyMix_Prod_72dpi_3.jpg","type":"image\/jpeg"}],"twitter_card":"summary_large_image","twitter_misc":{"Dur\u00e9e de lecture estim\u00e9e":"2 minutes"},"schema":{"@context":"https:\/\/schema.org","@graph":[{"@type":"WebPage","@id":"https:\/\/frifri.be\/fr\/produit\/electro-menager-blender-ultra-puissant\/","url":"https:\/\/frifri.be\/fr\/produit\/electro-menager-blender-ultra-puissant\/","name":"Le Blender DAILY MIX - Hyper puissant avec 5 accessoires - Frifri Belgium","isPartOf":{"@id":"https:\/\/frifri.be\/fr\/#website"},"primaryImageOfPage":{"@id":"https:\/\/frifri.be\/fr\/produit\/electro-menager-blender-ultra-puissant\/#primaryimage"},"image":{"@id":"https:\/\/frifri.be\/fr\/produit\/electro-menager-blender-ultra-puissant\/#primaryimage"},"thumbnailUrl":"https:\/\/frifri.be\/wp-content\/uploads\/2019\/06\/Frifri_Blender_DailyMix_Prod_72dpi_3.jpg","datePublished":"2019-06-27T10:58:45+00:00","dateModified":"2025-12-02T13:24:58+00:00","description":"Le Blender DAILY MIX: faites le plein de vitamines et de gourmandises. Super puissant avec 1.200 Watts, il offre de multiples possibilit\u00e9s!","breadcrumb":{"@id":"https:\/\/frifri.be\/fr\/produit\/electro-menager-blender-ultra-puissant\/#breadcrumb"},"inLanguage":"fr-FR","potentialAction":[{"@type":"ReadAction","target":["https:\/\/frifri.be\/fr\/produit\/electro-menager-blender-ultra-puissant\/"]}]},{"@type":"ImageObject","inLanguage":"fr-FR","@id":"https:\/\/frifri.be\/fr\/produit\/electro-menager-blender-ultra-puissant\/#primaryimage","url":"https:\/\/frifri.be\/wp-content\/uploads\/2019\/06\/Frifri_Blender_DailyMix_Prod_72dpi_3.jpg","contentUrl":"https:\/\/frifri.be\/wp-content\/uploads\/2019\/06\/Frifri_Blender_DailyMix_Prod_72dpi_3.jpg","width":1280,"height":853},{"@type":"BreadcrumbList","@id":"https:\/\/frifri.be\/fr\/produit\/electro-menager-blender-ultra-puissant\/#breadcrumb","itemListElement":[{"@type":"ListItem","position":1,"name":"Home","item":"https:\/\/frifri.be\/fr\/frifri\/"},{"@type":"ListItem","position":2,"name":"Nos produits","item":"https:\/\/frifri.be\/fr\/boutique\/"},{"@type":"ListItem","position":3,"name":"Les Anciens produits","item":"https:\/\/frifri.be\/fr\/categorie-produit\/anciens-produits\/"},{"@type":"ListItem","position":4,"name":"Le Blender DAILY MIX"}]},{"@type":"WebSite","@id":"https:\/\/frifri.be\/fr\/#website","url":"https:\/\/frifri.be\/fr\/","name":"Frifri Belgium","description":"frifri Shop Belgium","potentialAction":[{"@type":"SearchAction","target":{"@type":"EntryPoint","urlTemplate":"https:\/\/frifri.be\/fr\/?s={search_term_string}"},"query-input":{"@type":"PropertyValueSpecification","valueRequired":true,"valueName":"search_term_string"}}],"inLanguage":"fr-FR"}]}},"_links":{"self":[{"href":"https:\/\/frifri.be\/fr\/wp-json\/wp\/v2\/product\/689","targetHints":{"allow":["GET"]}}],"collection":[{"href":"https:\/\/frifri.be\/fr\/wp-json\/wp\/v2\/product"}],"about":[{"href":"https:\/\/frifri.be\/fr\/wp-json\/wp\/v2\/types\/product"}],"replies":[{"embeddable":true,"href":"https:\/\/frifri.be\/fr\/wp-json\/wp\/v2\/comments?post=689"}],"wp:featuredmedia":[{"embeddable":true,"href":"https:\/\/frifri.be\/fr\/wp-json\/wp\/v2\/media\/1436"}],"wp:attachment":[{"href":"https:\/\/frifri.be\/fr\/wp-json\/wp\/v2\/media?parent=689"}],"wp:term":[{"taxonomy":"product_brand","embeddable":true,"href":"https:\/\/frifri.be\/fr\/wp-json\/wp\/v2\/product_brand?post=689"},{"taxonomy":"product_cat","embeddable":true,"href":"https:\/\/frifri.be\/fr\/wp-json\/wp\/v2\/product_cat?post=689"},{"taxonomy":"product_tag","embeddable":true,"href":"https:\/\/frifri.be\/fr\/wp-json\/wp\/v2\/product_tag?post=689"}],"curies":[{"name":"wp","href":"https:\/\/api.w.org\/{rel}","templated":true}]}}