{"id":73064,"date":"2025-11-18T15:29:54","date_gmt":"2025-11-18T14:29:54","guid":{"rendered":"https:\/\/frifri.be\/?post_type=product&#038;p=73064"},"modified":"2026-01-21T10:15:02","modified_gmt":"2026-01-21T09:15:02","slug":"la-friteuse-duo-gourmet","status":"publish","type":"product","link":"https:\/\/frifri.be\/fr\/produit\/la-friteuse-duo-gourmet\/","title":{"rendered":"La Friteuse Duo Gourmet"},"content":{"rendered":"<p>La friteuse Duo Gourmet, c\u2019est votre friteuse 2 en 1 pratique et \u00e9l\u00e9gante, qui permet de r\u00e9aliser aussi bien des frites croustillantes que de savoureuses fondues !<\/p>\n<ul>\n<li>D\u00e9gustez vos plats en fritures ou toutes les fondues de votre choix : Fondue au fromage, au chocolat, bourguignonne, ou chinoise.<\/li>\n<li>Une capacit\u00e9 de 1,5L id\u00e9ale pour les petites portions de frites ou pour une fondue conviviale allant jusqu\u2019\u00e0 6 personnes.<\/li>\n<li>Une puissance de 1400 W offrant une mont\u00e9e en temp\u00e9rature rapide et une cuisson homog\u00e8ne de vos pr\u00e9parations.<\/li>\n<li>Un thermostat r\u00e9glable selon vos pr\u00e9parations avec t\u00e9moin de chauffe pour un contr\u00f4le optimal.<\/li>\n<li>Une cuve en c\u00e9ramique rectangulaire sans PFOA pour une cuisson saine et un nettoyage facile.<\/li>\n<li>Livr\u00e9 avec, un panier pour frite, 6 fourchettes \u00e0 fondue et un couvercle de rangement<\/li>\n<\/ul>\n","protected":false},"excerpt":{"rendered":"<p>&nbsp;<\/p>\n<p>&nbsp;<\/p>\n","protected":false},"featured_media":73103,"comment_status":"open","ping_status":"closed","template":"","meta":{"_acf_changed":false},"product_brand":[],"product_cat":[22],"product_tag":[],"class_list":{"0":"post-73064","1":"product","2":"type-product","3":"status-publish","4":"has-post-thumbnail","6":"product_cat-electro-menager-friteuse-avec-zone-froide","8":"first","9":"instock","10":"taxable","11":"shipping-taxable","12":"purchasable","13":"product-type-simple"},"acf":[],"yoast_head":"<!-- This site is optimized with the Yoast SEO plugin v27.3 - https:\/\/yoast.com\/product\/yoast-seo-wordpress\/ -->\n<title>La Friteuse Duo Gourmet - Une friteuse Frifri pour chaque occasion- Frifri Belgium<\/title>\n<meta name=\"description\" content=\"La friteuse Duo Gourmet, c\u2019est une friteuse 2 en 1, qui permet de r\u00e9aliser aussi bien des frites croustillantes que de savoureuses fondues !\" \/>\n<meta name=\"robots\" content=\"index, follow, max-snippet:-1, max-image-preview:large, max-video-preview:-1\" \/>\n<link rel=\"canonical\" href=\"https:\/\/frifri.be\/fr\/produit\/la-friteuse-duo-gourmet\/\" \/>\n<meta property=\"og:locale\" content=\"fr_FR\" \/>\n<meta property=\"og:type\" content=\"article\" \/>\n<meta property=\"og:title\" content=\"La Friteuse Duo Gourmet - Une friteuse Frifri pour chaque occasion- Frifri Belgium\" \/>\n<meta property=\"og:description\" content=\"La friteuse Duo Gourmet, c\u2019est une friteuse 2 en 1, qui permet de r\u00e9aliser aussi bien des frites croustillantes que de savoureuses fondues !\" \/>\n<meta property=\"og:url\" content=\"https:\/\/frifri.be\/fr\/produit\/la-friteuse-duo-gourmet\/\" \/>\n<meta property=\"og:site_name\" content=\"Frifri Belgium\" \/>\n<meta property=\"article:modified_time\" content=\"2026-01-21T09:15:02+00:00\" \/>\n<meta property=\"og:image\" content=\"https:\/\/frifri.be\/wp-content\/uploads\/2025\/11\/Image-1.jpeg\" \/>\n\t<meta property=\"og:image:width\" content=\"960\" \/>\n\t<meta property=\"og:image:height\" content=\"676\" \/>\n\t<meta property=\"og:image:type\" content=\"image\/jpeg\" \/>\n<meta name=\"twitter:card\" content=\"summary_large_image\" \/>\n<meta name=\"twitter:label1\" content=\"Dur\u00e9e de lecture estim\u00e9e\" \/>\n\t<meta name=\"twitter:data1\" content=\"2 minutes\" \/>\n<script type=\"application\/ld+json\" class=\"yoast-schema-graph\">{\"@context\":\"https:\\\/\\\/schema.org\",\"@graph\":[{\"@type\":\"WebPage\",\"@id\":\"https:\\\/\\\/frifri.be\\\/fr\\\/produit\\\/la-friteuse-duo-gourmet\\\/\",\"url\":\"https:\\\/\\\/frifri.be\\\/fr\\\/produit\\\/la-friteuse-duo-gourmet\\\/\",\"name\":\"La Friteuse Duo Gourmet - Une friteuse Frifri pour chaque occasion- Frifri Belgium\",\"isPartOf\":{\"@id\":\"https:\\\/\\\/frifri.be\\\/fr\\\/#website\"},\"primaryImageOfPage\":{\"@id\":\"https:\\\/\\\/frifri.be\\\/fr\\\/produit\\\/la-friteuse-duo-gourmet\\\/#primaryimage\"},\"image\":{\"@id\":\"https:\\\/\\\/frifri.be\\\/fr\\\/produit\\\/la-friteuse-duo-gourmet\\\/#primaryimage\"},\"thumbnailUrl\":\"https:\\\/\\\/frifri.be\\\/wp-content\\\/uploads\\\/2025\\\/11\\\/Image-1.jpeg\",\"datePublished\":\"2025-11-18T14:29:54+00:00\",\"dateModified\":\"2026-01-21T09:15:02+00:00\",\"description\":\"La friteuse Duo Gourmet, c\u2019est une friteuse 2 en 1, qui permet de r\u00e9aliser aussi bien des frites croustillantes que de savoureuses fondues !\",\"breadcrumb\":{\"@id\":\"https:\\\/\\\/frifri.be\\\/fr\\\/produit\\\/la-friteuse-duo-gourmet\\\/#breadcrumb\"},\"inLanguage\":\"fr-FR\",\"potentialAction\":[{\"@type\":\"ReadAction\",\"target\":[\"https:\\\/\\\/frifri.be\\\/fr\\\/produit\\\/la-friteuse-duo-gourmet\\\/\"]}]},{\"@type\":\"ImageObject\",\"inLanguage\":\"fr-FR\",\"@id\":\"https:\\\/\\\/frifri.be\\\/fr\\\/produit\\\/la-friteuse-duo-gourmet\\\/#primaryimage\",\"url\":\"https:\\\/\\\/frifri.be\\\/wp-content\\\/uploads\\\/2025\\\/11\\\/Image-1.jpeg\",\"contentUrl\":\"https:\\\/\\\/frifri.be\\\/wp-content\\\/uploads\\\/2025\\\/11\\\/Image-1.jpeg\",\"width\":960,\"height\":676},{\"@type\":\"BreadcrumbList\",\"@id\":\"https:\\\/\\\/frifri.be\\\/fr\\\/produit\\\/la-friteuse-duo-gourmet\\\/#breadcrumb\",\"itemListElement\":[{\"@type\":\"ListItem\",\"position\":1,\"name\":\"Home\",\"item\":\"https:\\\/\\\/frifri.be\\\/fr\\\/frifri\\\/\"},{\"@type\":\"ListItem\",\"position\":2,\"name\":\"Nos produits\",\"item\":\"https:\\\/\\\/frifri.be\\\/fr\\\/boutique\\\/\"},{\"@type\":\"ListItem\",\"position\":3,\"name\":\"Les Friteuses\",\"item\":\"https:\\\/\\\/frifri.be\\\/fr\\\/categorie-produit\\\/electro-menager-friteuse-avec-zone-froide\\\/\"},{\"@type\":\"ListItem\",\"position\":4,\"name\":\"La Friteuse Duo Gourmet\"}]},{\"@type\":\"WebSite\",\"@id\":\"https:\\\/\\\/frifri.be\\\/fr\\\/#website\",\"url\":\"https:\\\/\\\/frifri.be\\\/fr\\\/\",\"name\":\"Frifri Belgium\",\"description\":\"frifri Shop Belgium\",\"potentialAction\":[{\"@type\":\"SearchAction\",\"target\":{\"@type\":\"EntryPoint\",\"urlTemplate\":\"https:\\\/\\\/frifri.be\\\/fr\\\/?s={search_term_string}\"},\"query-input\":{\"@type\":\"PropertyValueSpecification\",\"valueRequired\":true,\"valueName\":\"search_term_string\"}}],\"inLanguage\":\"fr-FR\"}]}<\/script>\n<!-- \/ Yoast SEO plugin. -->","yoast_head_json":{"title":"La Friteuse Duo Gourmet - Une friteuse Frifri pour chaque occasion- Frifri Belgium","description":"La friteuse Duo Gourmet, c\u2019est une friteuse 2 en 1, qui permet de r\u00e9aliser aussi bien des frites croustillantes que de savoureuses fondues !","robots":{"index":"index","follow":"follow","max-snippet":"max-snippet:-1","max-image-preview":"max-image-preview:large","max-video-preview":"max-video-preview:-1"},"canonical":"https:\/\/frifri.be\/fr\/produit\/la-friteuse-duo-gourmet\/","og_locale":"fr_FR","og_type":"article","og_title":"La Friteuse Duo Gourmet - Une friteuse Frifri pour chaque occasion- Frifri Belgium","og_description":"La friteuse Duo Gourmet, c\u2019est une friteuse 2 en 1, qui permet de r\u00e9aliser aussi bien des frites croustillantes que de savoureuses fondues !","og_url":"https:\/\/frifri.be\/fr\/produit\/la-friteuse-duo-gourmet\/","og_site_name":"Frifri Belgium","article_modified_time":"2026-01-21T09:15:02+00:00","og_image":[{"width":960,"height":676,"url":"https:\/\/frifri.be\/wp-content\/uploads\/2025\/11\/Image-1.jpeg","type":"image\/jpeg"}],"twitter_card":"summary_large_image","twitter_misc":{"Dur\u00e9e de lecture estim\u00e9e":"2 minutes"},"schema":{"@context":"https:\/\/schema.org","@graph":[{"@type":"WebPage","@id":"https:\/\/frifri.be\/fr\/produit\/la-friteuse-duo-gourmet\/","url":"https:\/\/frifri.be\/fr\/produit\/la-friteuse-duo-gourmet\/","name":"La Friteuse Duo Gourmet - Une friteuse Frifri pour chaque occasion- Frifri Belgium","isPartOf":{"@id":"https:\/\/frifri.be\/fr\/#website"},"primaryImageOfPage":{"@id":"https:\/\/frifri.be\/fr\/produit\/la-friteuse-duo-gourmet\/#primaryimage"},"image":{"@id":"https:\/\/frifri.be\/fr\/produit\/la-friteuse-duo-gourmet\/#primaryimage"},"thumbnailUrl":"https:\/\/frifri.be\/wp-content\/uploads\/2025\/11\/Image-1.jpeg","datePublished":"2025-11-18T14:29:54+00:00","dateModified":"2026-01-21T09:15:02+00:00","description":"La friteuse Duo Gourmet, c\u2019est une friteuse 2 en 1, qui permet de r\u00e9aliser aussi bien des frites croustillantes que de savoureuses fondues !","breadcrumb":{"@id":"https:\/\/frifri.be\/fr\/produit\/la-friteuse-duo-gourmet\/#breadcrumb"},"inLanguage":"fr-FR","potentialAction":[{"@type":"ReadAction","target":["https:\/\/frifri.be\/fr\/produit\/la-friteuse-duo-gourmet\/"]}]},{"@type":"ImageObject","inLanguage":"fr-FR","@id":"https:\/\/frifri.be\/fr\/produit\/la-friteuse-duo-gourmet\/#primaryimage","url":"https:\/\/frifri.be\/wp-content\/uploads\/2025\/11\/Image-1.jpeg","contentUrl":"https:\/\/frifri.be\/wp-content\/uploads\/2025\/11\/Image-1.jpeg","width":960,"height":676},{"@type":"BreadcrumbList","@id":"https:\/\/frifri.be\/fr\/produit\/la-friteuse-duo-gourmet\/#breadcrumb","itemListElement":[{"@type":"ListItem","position":1,"name":"Home","item":"https:\/\/frifri.be\/fr\/frifri\/"},{"@type":"ListItem","position":2,"name":"Nos produits","item":"https:\/\/frifri.be\/fr\/boutique\/"},{"@type":"ListItem","position":3,"name":"Les Friteuses","item":"https:\/\/frifri.be\/fr\/categorie-produit\/electro-menager-friteuse-avec-zone-froide\/"},{"@type":"ListItem","position":4,"name":"La Friteuse Duo Gourmet"}]},{"@type":"WebSite","@id":"https:\/\/frifri.be\/fr\/#website","url":"https:\/\/frifri.be\/fr\/","name":"Frifri Belgium","description":"frifri Shop Belgium","potentialAction":[{"@type":"SearchAction","target":{"@type":"EntryPoint","urlTemplate":"https:\/\/frifri.be\/fr\/?s={search_term_string}"},"query-input":{"@type":"PropertyValueSpecification","valueRequired":true,"valueName":"search_term_string"}}],"inLanguage":"fr-FR"}]}},"_links":{"self":[{"href":"https:\/\/frifri.be\/fr\/wp-json\/wp\/v2\/product\/73064","targetHints":{"allow":["GET"]}}],"collection":[{"href":"https:\/\/frifri.be\/fr\/wp-json\/wp\/v2\/product"}],"about":[{"href":"https:\/\/frifri.be\/fr\/wp-json\/wp\/v2\/types\/product"}],"replies":[{"embeddable":true,"href":"https:\/\/frifri.be\/fr\/wp-json\/wp\/v2\/comments?post=73064"}],"wp:featuredmedia":[{"embeddable":true,"href":"https:\/\/frifri.be\/fr\/wp-json\/wp\/v2\/media\/73103"}],"wp:attachment":[{"href":"https:\/\/frifri.be\/fr\/wp-json\/wp\/v2\/media?parent=73064"}],"wp:term":[{"taxonomy":"product_brand","embeddable":true,"href":"https:\/\/frifri.be\/fr\/wp-json\/wp\/v2\/product_brand?post=73064"},{"taxonomy":"product_cat","embeddable":true,"href":"https:\/\/frifri.be\/fr\/wp-json\/wp\/v2\/product_cat?post=73064"},{"taxonomy":"product_tag","embeddable":true,"href":"https:\/\/frifri.be\/fr\/wp-json\/wp\/v2\/product_tag?post=73064"}],"curies":[{"name":"wp","href":"https:\/\/api.w.org\/{rel}","templated":true}]}}