{"id":2201,"date":"2019-07-10T13:58:17","date_gmt":"2019-07-10T11:58:17","guid":{"rendered":"https:\/\/frifri.be\/produit\/de-mixer-mixsaver\/"},"modified":"2023-08-01T00:00:12","modified_gmt":"2023-07-31T22:00:12","slug":"huishoudelijk-elektro-en-vacuum-bewaren","status":"publish","type":"product","link":"https:\/\/frifri.be\/nl\/produit\/huishoudelijk-elektro-en-vacuum-bewaren\/","title":{"rendered":"De Mixer MIX&#8217;SAVER"},"content":{"rendered":"<h2>De 2 in 1 die de functies groepeert van de mixer en het vacu\u00fcm toestel<\/h2>\n<p>Een 2 in 1 toestel dat alle voordelen van een mixer met grote inhoud en een vacu\u00fcmtoestel combineert. Het ultra compact vacu\u00fcm accessoire past in een hand en neemt heel weinig plaats in uw kasten!<\/p>\n<ul>\n<li>Een <strong>enkele verwijderbare voet<\/strong> waarop u de verschillende messen monteert.<\/li>\n<li>Gebruik uw mixer om te mixen, hakken, opschuimen en opkloppen dankzij de <strong>3 types messen<\/strong> en de <strong>klopper<\/strong>,<\/li>\n<li>Handig, de <strong>900 ml maatbeker<\/strong> zorgt voor een precieze afmeting.<\/li>\n<li>Eenvoudig te reinigen en op te bergen. Verwijder de messen om risico op snijwonden of onbereikbare hoeken te vermijden en berg ze op in de <strong>opbergdoos<\/strong> dat ook als houder voor de mixer dient.<\/li>\n<li><strong>5 snelheden<\/strong> en een vermogen van <strong>600 watt<\/strong> voor een professioneel resultaat.<\/li>\n<li>Verander uw mixer in <strong>vacu\u00fcmtoestel<\/strong> in minder dan 5 seconden.<\/li>\n<li><strong>3 herbruikbare vacu\u00fcm gripzakjes<\/strong> inbegrepen om voluit te genieten van uw vacu\u00fcmtoestel.<\/li>\n<\/ul>\n","protected":false},"excerpt":{"rendered":"<p>De 2 in 1 die de functies groepeert van de mixer en het vacu\u00fcm toestel Een&#8230; <span class=\"moreLink\"><a href=\"https:\/\/frifri.be\/nl\/produit\/huishoudelijk-elektro-en-vacuum-bewaren\/\">+<\/a><\/span><\/p>\n","protected":false},"featured_media":4823,"comment_status":"closed","ping_status":"closed","template":"","meta":{"_acf_changed":false},"product_brand":[],"product_cat":[786,773],"product_tag":[],"class_list":{"0":"post-2201","1":"product","2":"type-product","3":"status-publish","4":"has-post-thumbnail","6":"product_cat-oudere-producten","7":"product_cat-le-mixeur-les-pieces-detachees-electromenager-nl","9":"first","10":"instock","11":"taxable","12":"shipping-taxable","13":"purchasable","14":"product-type-simple"},"acf":[],"yoast_head":"<!-- This site is optimized with the Yoast SEO plugin v27.3 - https:\/\/yoast.com\/product\/yoast-seo-wordpress\/ -->\n<title>De Mixer MIX&#039;SAVER - Een mixer &amp; een vacu\u00fcmtoestel - Frifri Belgium<\/title>\n<meta name=\"description\" content=\"De 2 in 1 die de functies groepeert van de mixer en het vacu\u00fcm toestel. De MIX&#039;SAVER, een mixer van hoge kwaliteit en een vacu\u00fcmtoestel.\" \/>\n<meta name=\"robots\" content=\"index, follow, max-snippet:-1, max-image-preview:large, max-video-preview:-1\" \/>\n<link rel=\"canonical\" href=\"https:\/\/frifri.be\/nl\/produit\/huishoudelijk-elektro-en-vacuum-bewaren\/\" \/>\n<meta property=\"og:locale\" content=\"nl_NL\" \/>\n<meta property=\"og:type\" content=\"article\" \/>\n<meta property=\"og:title\" content=\"De Mixer MIX&#039;SAVER - Een mixer &amp; een vacu\u00fcmtoestel - Frifri Belgium\" \/>\n<meta property=\"og:description\" content=\"De 2 in 1 die de functies groepeert van de mixer en het vacu\u00fcm toestel. De MIX&#039;SAVER, een mixer van hoge kwaliteit en een vacu\u00fcmtoestel.\" \/>\n<meta property=\"og:url\" content=\"https:\/\/frifri.be\/nl\/produit\/huishoudelijk-elektro-en-vacuum-bewaren\/\" \/>\n<meta property=\"og:site_name\" content=\"Frifri Belgium\" \/>\n<meta property=\"article:modified_time\" content=\"2023-07-31T22:00:12+00:00\" \/>\n<meta property=\"og:image\" content=\"https:\/\/frifri.be\/wp-content\/uploads\/2019\/07\/Frifri_Mixer_MixSaver_Prod_24_thumb.jpg\" \/>\n\t<meta property=\"og:image:width\" content=\"1600\" \/>\n\t<meta property=\"og:image:height\" content=\"1600\" \/>\n\t<meta property=\"og:image:type\" content=\"image\/jpeg\" \/>\n<meta name=\"twitter:card\" content=\"summary_large_image\" \/>\n<meta name=\"twitter:label1\" content=\"Geschatte leestijd\" \/>\n\t<meta name=\"twitter:data1\" content=\"1 minuut\" \/>\n<script type=\"application\/ld+json\" class=\"yoast-schema-graph\">{\"@context\":\"https:\\\/\\\/schema.org\",\"@graph\":[{\"@type\":\"WebPage\",\"@id\":\"https:\\\/\\\/frifri.be\\\/nl\\\/produit\\\/huishoudelijk-elektro-en-vacuum-bewaren\\\/\",\"url\":\"https:\\\/\\\/frifri.be\\\/nl\\\/produit\\\/huishoudelijk-elektro-en-vacuum-bewaren\\\/\",\"name\":\"De Mixer MIX'SAVER - Een mixer & een vacu\u00fcmtoestel - Frifri Belgium\",\"isPartOf\":{\"@id\":\"https:\\\/\\\/frifri.be\\\/nl\\\/#website\"},\"primaryImageOfPage\":{\"@id\":\"https:\\\/\\\/frifri.be\\\/nl\\\/produit\\\/huishoudelijk-elektro-en-vacuum-bewaren\\\/#primaryimage\"},\"image\":{\"@id\":\"https:\\\/\\\/frifri.be\\\/nl\\\/produit\\\/huishoudelijk-elektro-en-vacuum-bewaren\\\/#primaryimage\"},\"thumbnailUrl\":\"https:\\\/\\\/frifri.be\\\/wp-content\\\/uploads\\\/2019\\\/07\\\/Frifri_Mixer_MixSaver_Prod_24_thumb.jpg\",\"datePublished\":\"2019-07-10T11:58:17+00:00\",\"dateModified\":\"2023-07-31T22:00:12+00:00\",\"description\":\"De 2 in 1 die de functies groepeert van de mixer en het vacu\u00fcm toestel. De MIX'SAVER, een mixer van hoge kwaliteit en een vacu\u00fcmtoestel.\",\"breadcrumb\":{\"@id\":\"https:\\\/\\\/frifri.be\\\/nl\\\/produit\\\/huishoudelijk-elektro-en-vacuum-bewaren\\\/#breadcrumb\"},\"inLanguage\":\"nl-NL\",\"potentialAction\":[{\"@type\":\"ReadAction\",\"target\":[\"https:\\\/\\\/frifri.be\\\/nl\\\/produit\\\/huishoudelijk-elektro-en-vacuum-bewaren\\\/\"]}]},{\"@type\":\"ImageObject\",\"inLanguage\":\"nl-NL\",\"@id\":\"https:\\\/\\\/frifri.be\\\/nl\\\/produit\\\/huishoudelijk-elektro-en-vacuum-bewaren\\\/#primaryimage\",\"url\":\"https:\\\/\\\/frifri.be\\\/wp-content\\\/uploads\\\/2019\\\/07\\\/Frifri_Mixer_MixSaver_Prod_24_thumb.jpg\",\"contentUrl\":\"https:\\\/\\\/frifri.be\\\/wp-content\\\/uploads\\\/2019\\\/07\\\/Frifri_Mixer_MixSaver_Prod_24_thumb.jpg\",\"width\":1600,\"height\":1600},{\"@type\":\"BreadcrumbList\",\"@id\":\"https:\\\/\\\/frifri.be\\\/nl\\\/produit\\\/huishoudelijk-elektro-en-vacuum-bewaren\\\/#breadcrumb\",\"itemListElement\":[{\"@type\":\"ListItem\",\"position\":1,\"name\":\"Home\",\"item\":\"https:\\\/\\\/frifri.be\\\/nl\\\/\"},{\"@type\":\"ListItem\",\"position\":2,\"name\":\"Onze Producten\",\"item\":\"https:\\\/\\\/frifri.be\\\/nl\\\/onze-producten\\\/\"},{\"@type\":\"ListItem\",\"position\":3,\"name\":\"De Onderdelen en accessoires\",\"item\":\"https:\\\/\\\/frifri.be\\\/nl\\\/product-categorie\\\/de-onderdelen-huishoudelijk-elektro\\\/\"},{\"@type\":\"ListItem\",\"position\":4,\"name\":\"Le Mixeur\",\"item\":\"https:\\\/\\\/frifri.be\\\/nl\\\/product-categorie\\\/de-onderdelen-huishoudelijk-elektro\\\/le-mixeur-les-pieces-detachees-electromenager-nl\\\/\"},{\"@type\":\"ListItem\",\"position\":5,\"name\":\"De Mixer MIX&rsquo;SAVER\"}]},{\"@type\":\"WebSite\",\"@id\":\"https:\\\/\\\/frifri.be\\\/nl\\\/#website\",\"url\":\"https:\\\/\\\/frifri.be\\\/nl\\\/\",\"name\":\"Frifri Belgium\",\"description\":\"frifri Shop Belgium\",\"potentialAction\":[{\"@type\":\"SearchAction\",\"target\":{\"@type\":\"EntryPoint\",\"urlTemplate\":\"https:\\\/\\\/frifri.be\\\/nl\\\/?s={search_term_string}\"},\"query-input\":{\"@type\":\"PropertyValueSpecification\",\"valueRequired\":true,\"valueName\":\"search_term_string\"}}],\"inLanguage\":\"nl-NL\"}]}<\/script>\n<!-- \/ Yoast SEO plugin. -->","yoast_head_json":{"title":"De Mixer MIX'SAVER - Een mixer & een vacu\u00fcmtoestel - Frifri Belgium","description":"De 2 in 1 die de functies groepeert van de mixer en het vacu\u00fcm toestel. De MIX'SAVER, een mixer van hoge kwaliteit en een vacu\u00fcmtoestel.","robots":{"index":"index","follow":"follow","max-snippet":"max-snippet:-1","max-image-preview":"max-image-preview:large","max-video-preview":"max-video-preview:-1"},"canonical":"https:\/\/frifri.be\/nl\/produit\/huishoudelijk-elektro-en-vacuum-bewaren\/","og_locale":"nl_NL","og_type":"article","og_title":"De Mixer MIX'SAVER - Een mixer & een vacu\u00fcmtoestel - Frifri Belgium","og_description":"De 2 in 1 die de functies groepeert van de mixer en het vacu\u00fcm toestel. De MIX'SAVER, een mixer van hoge kwaliteit en een vacu\u00fcmtoestel.","og_url":"https:\/\/frifri.be\/nl\/produit\/huishoudelijk-elektro-en-vacuum-bewaren\/","og_site_name":"Frifri Belgium","article_modified_time":"2023-07-31T22:00:12+00:00","og_image":[{"width":1600,"height":1600,"url":"https:\/\/frifri.be\/wp-content\/uploads\/2019\/07\/Frifri_Mixer_MixSaver_Prod_24_thumb.jpg","type":"image\/jpeg"}],"twitter_card":"summary_large_image","twitter_misc":{"Geschatte leestijd":"1 minuut"},"schema":{"@context":"https:\/\/schema.org","@graph":[{"@type":"WebPage","@id":"https:\/\/frifri.be\/nl\/produit\/huishoudelijk-elektro-en-vacuum-bewaren\/","url":"https:\/\/frifri.be\/nl\/produit\/huishoudelijk-elektro-en-vacuum-bewaren\/","name":"De Mixer MIX'SAVER - Een mixer & een vacu\u00fcmtoestel - Frifri Belgium","isPartOf":{"@id":"https:\/\/frifri.be\/nl\/#website"},"primaryImageOfPage":{"@id":"https:\/\/frifri.be\/nl\/produit\/huishoudelijk-elektro-en-vacuum-bewaren\/#primaryimage"},"image":{"@id":"https:\/\/frifri.be\/nl\/produit\/huishoudelijk-elektro-en-vacuum-bewaren\/#primaryimage"},"thumbnailUrl":"https:\/\/frifri.be\/wp-content\/uploads\/2019\/07\/Frifri_Mixer_MixSaver_Prod_24_thumb.jpg","datePublished":"2019-07-10T11:58:17+00:00","dateModified":"2023-07-31T22:00:12+00:00","description":"De 2 in 1 die de functies groepeert van de mixer en het vacu\u00fcm toestel. De MIX'SAVER, een mixer van hoge kwaliteit en een vacu\u00fcmtoestel.","breadcrumb":{"@id":"https:\/\/frifri.be\/nl\/produit\/huishoudelijk-elektro-en-vacuum-bewaren\/#breadcrumb"},"inLanguage":"nl-NL","potentialAction":[{"@type":"ReadAction","target":["https:\/\/frifri.be\/nl\/produit\/huishoudelijk-elektro-en-vacuum-bewaren\/"]}]},{"@type":"ImageObject","inLanguage":"nl-NL","@id":"https:\/\/frifri.be\/nl\/produit\/huishoudelijk-elektro-en-vacuum-bewaren\/#primaryimage","url":"https:\/\/frifri.be\/wp-content\/uploads\/2019\/07\/Frifri_Mixer_MixSaver_Prod_24_thumb.jpg","contentUrl":"https:\/\/frifri.be\/wp-content\/uploads\/2019\/07\/Frifri_Mixer_MixSaver_Prod_24_thumb.jpg","width":1600,"height":1600},{"@type":"BreadcrumbList","@id":"https:\/\/frifri.be\/nl\/produit\/huishoudelijk-elektro-en-vacuum-bewaren\/#breadcrumb","itemListElement":[{"@type":"ListItem","position":1,"name":"Home","item":"https:\/\/frifri.be\/nl\/"},{"@type":"ListItem","position":2,"name":"Onze Producten","item":"https:\/\/frifri.be\/nl\/onze-producten\/"},{"@type":"ListItem","position":3,"name":"De Onderdelen en accessoires","item":"https:\/\/frifri.be\/nl\/product-categorie\/de-onderdelen-huishoudelijk-elektro\/"},{"@type":"ListItem","position":4,"name":"Le Mixeur","item":"https:\/\/frifri.be\/nl\/product-categorie\/de-onderdelen-huishoudelijk-elektro\/le-mixeur-les-pieces-detachees-electromenager-nl\/"},{"@type":"ListItem","position":5,"name":"De Mixer MIX&rsquo;SAVER"}]},{"@type":"WebSite","@id":"https:\/\/frifri.be\/nl\/#website","url":"https:\/\/frifri.be\/nl\/","name":"Frifri Belgium","description":"frifri Shop Belgium","potentialAction":[{"@type":"SearchAction","target":{"@type":"EntryPoint","urlTemplate":"https:\/\/frifri.be\/nl\/?s={search_term_string}"},"query-input":{"@type":"PropertyValueSpecification","valueRequired":true,"valueName":"search_term_string"}}],"inLanguage":"nl-NL"}]}},"_links":{"self":[{"href":"https:\/\/frifri.be\/nl\/wp-json\/wp\/v2\/product\/2201","targetHints":{"allow":["GET"]}}],"collection":[{"href":"https:\/\/frifri.be\/nl\/wp-json\/wp\/v2\/product"}],"about":[{"href":"https:\/\/frifri.be\/nl\/wp-json\/wp\/v2\/types\/product"}],"replies":[{"embeddable":true,"href":"https:\/\/frifri.be\/nl\/wp-json\/wp\/v2\/comments?post=2201"}],"wp:featuredmedia":[{"embeddable":true,"href":"https:\/\/frifri.be\/nl\/wp-json\/wp\/v2\/media\/4823"}],"wp:attachment":[{"href":"https:\/\/frifri.be\/nl\/wp-json\/wp\/v2\/media?parent=2201"}],"wp:term":[{"taxonomy":"product_brand","embeddable":true,"href":"https:\/\/frifri.be\/nl\/wp-json\/wp\/v2\/product_brand?post=2201"},{"taxonomy":"product_cat","embeddable":true,"href":"https:\/\/frifri.be\/nl\/wp-json\/wp\/v2\/product_cat?post=2201"},{"taxonomy":"product_tag","embeddable":true,"href":"https:\/\/frifri.be\/nl\/wp-json\/wp\/v2\/product_tag?post=2201"}],"curies":[{"name":"wp","href":"https:\/\/api.w.org\/{rel}","templated":true}]}}