{"id":29765,"date":"2021-06-03T15:49:53","date_gmt":"2021-06-03T13:49:53","guid":{"rendered":"https:\/\/frifri.be\/produit\/zzyshvin-starter-pack\/"},"modified":"2021-06-03T16:41:00","modified_gmt":"2021-06-03T14:41:00","slug":"zzyshvin-starter-pack","status":"publish","type":"product","link":"https:\/\/frifri.be\/nl\/produit\/zzyshvin-starter-pack\/","title":{"rendered":"ZZYSH\u00aeWIJN &#8211; Starter Pack"},"content":{"rendered":"<p><strong>Deze starter pack bevat:<\/strong><br \/>\n1 pomp, 1 zwarte stop, 1 argon gas cartridge<\/p>\n<p><strong>Eenvoudig in gebruik:<\/strong><br \/>\n3 tot 5 seconden zijn voldoende om uw wijnfles perfect af te sluiten en uw wijn te bewaren, op een professionele manier, gedurende weken, of het nu gaat om witte, ros\u00e9 of rode wijn.<\/p>\n<p><strong>De technologie :<br \/>\n<\/strong>Deze unieke Zwitserse technologie vervangt de ontstane zuurstof in de fles door puur food-proof argon gas, hetgeen de wijn tegen oxidatie beschermt met het behoud van zijn originele smaak. Argon is zwaarder dan lucht en reageert niet met de wijn. Het vormt gewoon een beschermfilm aan het oppervlak van de wijn. Hierdoor blijft uw wijn wekenlang vers. Dit is de effici\u00ebntste manier om wijn te bewaren na opening.<\/p>\n<p><strong>Verwen uw vader nog meer met deze Starter Pack Zzysh Wijn aangeboden bij aankoop van \u20ac 100 aan Frifri producten.<\/strong><\/p>\n","protected":false},"excerpt":{"rendered":"<p>Deze starter pack bevat: 1 pomp, 1 zwarte stop, 1 argon gas cartridge Eenvoudig in gebruik:&#8230; <span class=\"moreLink\"><a href=\"https:\/\/frifri.be\/nl\/produit\/zzyshvin-starter-pack\/\">+<\/a><\/span><\/p>\n","protected":false},"featured_media":29756,"comment_status":"closed","ping_status":"closed","template":"","meta":{"_acf_changed":false},"product_brand":[],"product_cat":[474],"product_tag":[],"class_list":{"0":"post-29765","1":"product","2":"type-product","3":"status-publish","4":"has-post-thumbnail","6":"product_cat-de-onderdelen-huishoudelijk-elektro","8":"first","9":"instock","10":"taxable","11":"shipping-taxable","12":"purchasable","13":"product-type-simple"},"acf":[],"yoast_head":"<!-- This site is optimized with the Yoast SEO plugin v27.3 - https:\/\/yoast.com\/product\/yoast-seo-wordpress\/ -->\n<title>ZZYSH\u00aeWIJN - Starter Pack - Frifri Belgium<\/title>\n<meta name=\"description\" content=\"Le num\u00e9ro 1 des syst\u00e8mes de conservation pour le vin offert \u00e0 l\u2019achat de 100\u20ac de produits Frifri. L\u2019innovation, l\u2019\u00e9l\u00e9gance du design, l\u2019application facile font de cet accessoire pour le vin, un cadeau parfait pour les amateurs de vin.\" \/>\n<meta name=\"robots\" content=\"index, follow, max-snippet:-1, max-image-preview:large, max-video-preview:-1\" \/>\n<link rel=\"canonical\" href=\"https:\/\/frifri.be\/nl\/produit\/zzyshvin-starter-pack\/\" \/>\n<meta property=\"og:locale\" content=\"nl_NL\" \/>\n<meta property=\"og:type\" content=\"article\" \/>\n<meta property=\"og:title\" content=\"ZZYSH\u00aeWIJN - Starter Pack - Frifri Belgium\" \/>\n<meta property=\"og:description\" content=\"Le num\u00e9ro 1 des syst\u00e8mes de conservation pour le vin offert \u00e0 l\u2019achat de 100\u20ac de produits Frifri. L\u2019innovation, l\u2019\u00e9l\u00e9gance du design, l\u2019application facile font de cet accessoire pour le vin, un cadeau parfait pour les amateurs de vin.\" \/>\n<meta property=\"og:url\" content=\"https:\/\/frifri.be\/nl\/produit\/zzyshvin-starter-pack\/\" \/>\n<meta property=\"og:site_name\" content=\"Frifri Belgium\" \/>\n<meta property=\"article:modified_time\" content=\"2021-06-03T14:41:00+00:00\" \/>\n<meta property=\"og:image\" content=\"https:\/\/frifri.be\/wp-content\/uploads\/2021\/06\/wein-starterset-neu.jpg\" \/>\n\t<meta property=\"og:image:width\" content=\"1600\" \/>\n\t<meta property=\"og:image:height\" content=\"1600\" \/>\n\t<meta property=\"og:image:type\" content=\"image\/jpeg\" \/>\n<meta name=\"twitter:card\" content=\"summary_large_image\" \/>\n<meta name=\"twitter:label1\" content=\"Geschatte leestijd\" \/>\n\t<meta name=\"twitter:data1\" content=\"1 minuut\" \/>\n<script type=\"application\/ld+json\" class=\"yoast-schema-graph\">{\"@context\":\"https:\\\/\\\/schema.org\",\"@graph\":[{\"@type\":\"WebPage\",\"@id\":\"https:\\\/\\\/frifri.be\\\/nl\\\/produit\\\/zzyshvin-starter-pack\\\/\",\"url\":\"https:\\\/\\\/frifri.be\\\/nl\\\/produit\\\/zzyshvin-starter-pack\\\/\",\"name\":\"ZZYSH\u00aeWIJN - Starter Pack - Frifri Belgium\",\"isPartOf\":{\"@id\":\"https:\\\/\\\/frifri.be\\\/nl\\\/#website\"},\"primaryImageOfPage\":{\"@id\":\"https:\\\/\\\/frifri.be\\\/nl\\\/produit\\\/zzyshvin-starter-pack\\\/#primaryimage\"},\"image\":{\"@id\":\"https:\\\/\\\/frifri.be\\\/nl\\\/produit\\\/zzyshvin-starter-pack\\\/#primaryimage\"},\"thumbnailUrl\":\"https:\\\/\\\/frifri.be\\\/wp-content\\\/uploads\\\/2021\\\/06\\\/wein-starterset-neu.jpg\",\"datePublished\":\"2021-06-03T13:49:53+00:00\",\"dateModified\":\"2021-06-03T14:41:00+00:00\",\"description\":\"Le num\u00e9ro 1 des syst\u00e8mes de conservation pour le vin offert \u00e0 l\u2019achat de 100\u20ac de produits Frifri. L\u2019innovation, l\u2019\u00e9l\u00e9gance du design, l\u2019application facile font de cet accessoire pour le vin, un cadeau parfait pour les amateurs de vin.\",\"breadcrumb\":{\"@id\":\"https:\\\/\\\/frifri.be\\\/nl\\\/produit\\\/zzyshvin-starter-pack\\\/#breadcrumb\"},\"inLanguage\":\"nl-NL\",\"potentialAction\":[{\"@type\":\"ReadAction\",\"target\":[\"https:\\\/\\\/frifri.be\\\/nl\\\/produit\\\/zzyshvin-starter-pack\\\/\"]}]},{\"@type\":\"ImageObject\",\"inLanguage\":\"nl-NL\",\"@id\":\"https:\\\/\\\/frifri.be\\\/nl\\\/produit\\\/zzyshvin-starter-pack\\\/#primaryimage\",\"url\":\"https:\\\/\\\/frifri.be\\\/wp-content\\\/uploads\\\/2021\\\/06\\\/wein-starterset-neu.jpg\",\"contentUrl\":\"https:\\\/\\\/frifri.be\\\/wp-content\\\/uploads\\\/2021\\\/06\\\/wein-starterset-neu.jpg\",\"width\":1600,\"height\":1600},{\"@type\":\"BreadcrumbList\",\"@id\":\"https:\\\/\\\/frifri.be\\\/nl\\\/produit\\\/zzyshvin-starter-pack\\\/#breadcrumb\",\"itemListElement\":[{\"@type\":\"ListItem\",\"position\":1,\"name\":\"Home\",\"item\":\"https:\\\/\\\/frifri.be\\\/nl\\\/\"},{\"@type\":\"ListItem\",\"position\":2,\"name\":\"Onze Producten\",\"item\":\"https:\\\/\\\/frifri.be\\\/nl\\\/onze-producten\\\/\"},{\"@type\":\"ListItem\",\"position\":3,\"name\":\"De Onderdelen en accessoires\",\"item\":\"https:\\\/\\\/frifri.be\\\/fr\\\/categorie-produit\\\/de-onderdelen-en-accessoires\\\/\"},{\"@type\":\"ListItem\",\"position\":4,\"name\":\"ZZYSH\u00aeWIJN &#8211; Starter Pack\"}]},{\"@type\":\"WebSite\",\"@id\":\"https:\\\/\\\/frifri.be\\\/nl\\\/#website\",\"url\":\"https:\\\/\\\/frifri.be\\\/nl\\\/\",\"name\":\"Frifri Belgium\",\"description\":\"frifri Shop Belgium\",\"potentialAction\":[{\"@type\":\"SearchAction\",\"target\":{\"@type\":\"EntryPoint\",\"urlTemplate\":\"https:\\\/\\\/frifri.be\\\/nl\\\/?s={search_term_string}\"},\"query-input\":{\"@type\":\"PropertyValueSpecification\",\"valueRequired\":true,\"valueName\":\"search_term_string\"}}],\"inLanguage\":\"nl-NL\"}]}<\/script>\n<!-- \/ Yoast SEO plugin. -->","yoast_head_json":{"title":"ZZYSH\u00aeWIJN - Starter Pack - Frifri Belgium","description":"Le num\u00e9ro 1 des syst\u00e8mes de conservation pour le vin offert \u00e0 l\u2019achat de 100\u20ac de produits Frifri. L\u2019innovation, l\u2019\u00e9l\u00e9gance du design, l\u2019application facile font de cet accessoire pour le vin, un cadeau parfait pour les amateurs de vin.","robots":{"index":"index","follow":"follow","max-snippet":"max-snippet:-1","max-image-preview":"max-image-preview:large","max-video-preview":"max-video-preview:-1"},"canonical":"https:\/\/frifri.be\/nl\/produit\/zzyshvin-starter-pack\/","og_locale":"nl_NL","og_type":"article","og_title":"ZZYSH\u00aeWIJN - Starter Pack - Frifri Belgium","og_description":"Le num\u00e9ro 1 des syst\u00e8mes de conservation pour le vin offert \u00e0 l\u2019achat de 100\u20ac de produits Frifri. L\u2019innovation, l\u2019\u00e9l\u00e9gance du design, l\u2019application facile font de cet accessoire pour le vin, un cadeau parfait pour les amateurs de vin.","og_url":"https:\/\/frifri.be\/nl\/produit\/zzyshvin-starter-pack\/","og_site_name":"Frifri Belgium","article_modified_time":"2021-06-03T14:41:00+00:00","og_image":[{"width":1600,"height":1600,"url":"https:\/\/frifri.be\/wp-content\/uploads\/2021\/06\/wein-starterset-neu.jpg","type":"image\/jpeg"}],"twitter_card":"summary_large_image","twitter_misc":{"Geschatte leestijd":"1 minuut"},"schema":{"@context":"https:\/\/schema.org","@graph":[{"@type":"WebPage","@id":"https:\/\/frifri.be\/nl\/produit\/zzyshvin-starter-pack\/","url":"https:\/\/frifri.be\/nl\/produit\/zzyshvin-starter-pack\/","name":"ZZYSH\u00aeWIJN - Starter Pack - Frifri Belgium","isPartOf":{"@id":"https:\/\/frifri.be\/nl\/#website"},"primaryImageOfPage":{"@id":"https:\/\/frifri.be\/nl\/produit\/zzyshvin-starter-pack\/#primaryimage"},"image":{"@id":"https:\/\/frifri.be\/nl\/produit\/zzyshvin-starter-pack\/#primaryimage"},"thumbnailUrl":"https:\/\/frifri.be\/wp-content\/uploads\/2021\/06\/wein-starterset-neu.jpg","datePublished":"2021-06-03T13:49:53+00:00","dateModified":"2021-06-03T14:41:00+00:00","description":"Le num\u00e9ro 1 des syst\u00e8mes de conservation pour le vin offert \u00e0 l\u2019achat de 100\u20ac de produits Frifri. L\u2019innovation, l\u2019\u00e9l\u00e9gance du design, l\u2019application facile font de cet accessoire pour le vin, un cadeau parfait pour les amateurs de vin.","breadcrumb":{"@id":"https:\/\/frifri.be\/nl\/produit\/zzyshvin-starter-pack\/#breadcrumb"},"inLanguage":"nl-NL","potentialAction":[{"@type":"ReadAction","target":["https:\/\/frifri.be\/nl\/produit\/zzyshvin-starter-pack\/"]}]},{"@type":"ImageObject","inLanguage":"nl-NL","@id":"https:\/\/frifri.be\/nl\/produit\/zzyshvin-starter-pack\/#primaryimage","url":"https:\/\/frifri.be\/wp-content\/uploads\/2021\/06\/wein-starterset-neu.jpg","contentUrl":"https:\/\/frifri.be\/wp-content\/uploads\/2021\/06\/wein-starterset-neu.jpg","width":1600,"height":1600},{"@type":"BreadcrumbList","@id":"https:\/\/frifri.be\/nl\/produit\/zzyshvin-starter-pack\/#breadcrumb","itemListElement":[{"@type":"ListItem","position":1,"name":"Home","item":"https:\/\/frifri.be\/nl\/"},{"@type":"ListItem","position":2,"name":"Onze Producten","item":"https:\/\/frifri.be\/nl\/onze-producten\/"},{"@type":"ListItem","position":3,"name":"De Onderdelen en accessoires","item":"https:\/\/frifri.be\/fr\/categorie-produit\/de-onderdelen-en-accessoires\/"},{"@type":"ListItem","position":4,"name":"ZZYSH\u00aeWIJN &#8211; Starter Pack"}]},{"@type":"WebSite","@id":"https:\/\/frifri.be\/nl\/#website","url":"https:\/\/frifri.be\/nl\/","name":"Frifri Belgium","description":"frifri Shop Belgium","potentialAction":[{"@type":"SearchAction","target":{"@type":"EntryPoint","urlTemplate":"https:\/\/frifri.be\/nl\/?s={search_term_string}"},"query-input":{"@type":"PropertyValueSpecification","valueRequired":true,"valueName":"search_term_string"}}],"inLanguage":"nl-NL"}]}},"_links":{"self":[{"href":"https:\/\/frifri.be\/nl\/wp-json\/wp\/v2\/product\/29765","targetHints":{"allow":["GET"]}}],"collection":[{"href":"https:\/\/frifri.be\/nl\/wp-json\/wp\/v2\/product"}],"about":[{"href":"https:\/\/frifri.be\/nl\/wp-json\/wp\/v2\/types\/product"}],"replies":[{"embeddable":true,"href":"https:\/\/frifri.be\/nl\/wp-json\/wp\/v2\/comments?post=29765"}],"wp:featuredmedia":[{"embeddable":true,"href":"https:\/\/frifri.be\/nl\/wp-json\/wp\/v2\/media\/29756"}],"wp:attachment":[{"href":"https:\/\/frifri.be\/nl\/wp-json\/wp\/v2\/media?parent=29765"}],"wp:term":[{"taxonomy":"product_brand","embeddable":true,"href":"https:\/\/frifri.be\/nl\/wp-json\/wp\/v2\/product_brand?post=29765"},{"taxonomy":"product_cat","embeddable":true,"href":"https:\/\/frifri.be\/nl\/wp-json\/wp\/v2\/product_cat?post=29765"},{"taxonomy":"product_tag","embeddable":true,"href":"https:\/\/frifri.be\/nl\/wp-json\/wp\/v2\/product_tag?post=29765"}],"curies":[{"name":"wp","href":"https:\/\/api.w.org\/{rel}","templated":true}]}}